{"id":10977,"date":"2021-01-30T21:48:57","date_gmt":"2021-01-30T20:48:57","guid":{"rendered":"https:\/\/www.alliesofhumanity.org\/the-briefings\/book-four\/higher-powers\/"},"modified":"2021-04-29T07:29:20","modified_gmt":"2021-04-29T06:29:20","slug":"higher-powers","status":"publish","type":"page","link":"https:\/\/www.alliesofhumanity.org\/de\/the-briefings\/book-four\/higher-powers\/","title":{"rendered":"Vierter Lagebericht: H\u00f6here M\u00e4chte"},"content":{"rendered":"\t\t<div data-elementor-type=\"wp-page\" data-elementor-id=\"10977\" class=\"elementor elementor-10977 elementor-2537\" data-elementor-post-type=\"page\">\t\t\t\t\t\t<section class=\"elementor-section elementor-top-section elementor-element elementor-element-cbb1285 elementor-section-boxed elementor-section-height-default elementor-section-height-default\" data-id=\"cbb1285\" data-element_type=\"section\">\t\t\t\t\t\t<div class=\"elementor-container elementor-column-gap-default\">\t\t\t\t\t<div class=\"elementor-column elementor-col-100 elementor-top-column elementor-element elementor-element-3380586a\" data-id=\"3380586a\" data-element_type=\"column\">\t\t\t<div class=\"elementor-widget-wrap elementor-element-populated\">\t\t\t\t\t\t<div class=\"elementor-element elementor-element-c32f833 elementor-widget elementor-widget-text-editor\" data-id=\"c32f833\" data-element_type=\"widget\" data-widget_type=\"text-editor.default\">\t\t\t\t<div class=\"elementor-widget-container\">\t\t\t\t\t\t\t\t\t<p>Es gibt zwei Realit\u00e4ten im Universum; die eine \u00fcberlappt die andere. Die erste und wichtigste in eurer Erfahrung ist die Realit\u00e4t der Trennung und des evolution\u00e4ren Wandels, des planetarischen Wandels\u2014vom primitiven Leben, von primitiven sozialen Organisationen, fr\u00fchen Nationen, gr\u00f6\u00dferen Nationen, Weltnationen und schlie\u00dflich dem Aufstreben in eine Gr\u00f6\u00dfere Gemeinschaft gr\u00f6\u00dferer Nationen.<\/p><p>\u00dcberlappend dazu ist das Werk des G\u00f6ttlichen im ganzen Universum, ausgef\u00fchrt von den H\u00f6heren M\u00e4chten, den Engelskr\u00e4ften, die \u00fcber alle Rassen wachen, sogar in den unfreien Nationen, und nach M\u00f6glichkeiten suche, um die Kenntnis in Individuen zu kultivieren, die frei genug und f\u00e4hig genug sind, darauf zu reagieren. So entsteht ein gro\u00dfes Netzwerk der Weisen, das dann das Aufstreben freier Nationen unterst\u00fctzen kann, die noch das Potential f\u00fcr diese gro\u00dfe Errungenschaft haben.<\/p><p>Im physischen Universum gibt es nur die Kr\u00e4fte, die zu Beginn der Zeit in Bewegung gesetzt wurden. Es gibt keinen G\u00f6ttlichen Plan, der alles organisiert, alles kontrolliert, denn das physische Universum ist weitgehend chaotisch und wird von himmlischen Kr\u00e4ften, geologischen Kr\u00e4ften und, innerhalb von Welten, in denen das Leben in der Lage war, sich zu entfalten, von biologischen Kr\u00e4ften bestimmt. Das alles wurde zu Beginn der Zeit vom G\u00f6ttlichen in Bewegung gesetzt und vollzieht sich jetzt von selbst.<\/p><p>Die G\u00f6ttliche Intervention erfolgt durch die H\u00f6heren M\u00e4chte, durch die Netzwerke der Weisen und durch Nationen, die in der Lage waren, das individuelle Bewusstsein und die Kenntnis am Leben zu erhalten, trotz all der Gefahren und Konflikte, die normalerweise in der Evolution und sozialen Entwicklung einer Welt bestehen.<\/p><p>Wie wir erw\u00e4hnt haben, gibt es keine erleuchteten Rassen im Universum, von denen wir wissen, aber es gibt freie Rassen, und innerhalb freier Rassen k\u00f6nnen die Weisen ihre Nationen leiten. Sie w\u00e4ren reicher, als sie es jemals in unfreien Nationen sein k\u00f6nnten.<\/p><p>Das G\u00f6ttliche hat Au\u00dfenposten an vielen, vielen Orten. Und es gibt Gruppen von Weisen, die an vielen, vielen Orten arbeiten, sogar unter gro\u00dfer Geheimhaltung. Freie Nationen erlauben es diesen Gruppen, sich zu entwickeln und in der Gesellschaft wirksam zu werden. Aber die wirklich Weisen sind Individuen, die in kleinen Gruppen vernetzt sind, innerhalb ihrer eigenen Nation vernetzt oder zwischen Nationen vernetzt, verbunden durch die H\u00f6heren M\u00e4chte.<\/p><p>Glaubt also nicht, dass es eine erleuchtete Rasse gibt, die kommen und die Menschheit erleuchten wird, oder dass die Menschheit selbst zu einer erleuchteten Rasse werden wird. Das geht weit \u00fcber ihre M\u00f6glichkeiten hinaus. Aber eine freie Rasse zu sein, in der Kenntnis offen gef\u00f6rdert und unterst\u00fctzt werden kann, das ist die gro\u00dfe Errungenschaft. Das ist die gro\u00dfe Herausforderung und Anforderung, die jetzt vor euch liegt.<\/p><p class=\"image-quote float-right\"><img decoding=\"async\" src=\"https:\/\/www.alliesofhumanity.org\/wp-content\/uploads\/2020\/12\/quote-book4-briefing4-1.png\" alt=\"\" \/><\/p><blockquote id=\"quote-2\" class=\"text-quote float-right bg-red\">Der G\u00f6ttliche Eingriff erfolgt durch die H\u00f6heren M\u00e4chte, durch die Netzwerke der Weisen und durch die Nationen, die in der Lage waren, das individuelle Bewusstsein und die Kenntnis am Leben zu erhalten...<\/blockquote><p>Es gibt zwei Arten von Freiheit. Es gibt die praktische Freiheit, sein Leben ohne \u00fcberm\u00e4\u00dfige Beschr\u00e4nkung oder Herrschaft zu leben, mit Stabilit\u00e4t und Sicherheit zu leben, ohne die st\u00e4ndige Bedrohung durch Krieg oder \u00fcberm\u00e4\u00dfige Korruption. Das ist die fundamentale Freiheit und sie ist so sehr wichtig. Es ist das erste, was eingerichtet werden muss.<\/p><p>Dann gibt es die gr\u00f6\u00dfere spirituelle Freiheit des Einzelnen, seine R\u00fcckkehr zum G\u00f6ttlichen zu beginnen und Zugang zu der tieferen Kenntnis zu erlangen, die Gott in allen Individuen, in allen Rassen des Universums, die in der physischen Realit\u00e4t in Trennung leben, erschaffen hat.<\/p><p>Diese gr\u00f6\u00dfere Freiheit ist die Berufung des Einzelnen und sie wird durch die Grundfreiheiten begrenzt, die sie in ihrer jeweiligen Welt und Kultur haben k\u00f6nnen. Aber die gr\u00f6\u00dfere Freiheit ist die ultimative Freiheit, denn die Macht des Himmels kann sich durch diese Individuen im Dienst an anderen bewegen und durch die gro\u00dfen Netzwerke der Weisen Freiheit und Kenntnis in der gesamten Gr\u00f6\u00dferen Gemeinschaft f\u00f6rdern.<\/p><p>Ihr m\u00fcsst verstehen, dass das Werk des G\u00f6ttlichen in eurer Welt mit dem Werk des G\u00f6ttlichen in allen Welten verbunden ist. Es gibt keinen besonderen Plan f\u00fcr eure Welt, die nur ein winziger Ort in einem gr\u00f6\u00dferen Universum ist. Gottes Plan ist ganzheitlich und gut begr\u00fcndet. Und die Kenntnis lebt in euch als Individuum, wodurch ihr euch mit der G\u00f6ttlichen Pr\u00e4senz und Macht verbindet und beginnt, eure innere Freiheit zu erlangen, auch jenseits der Beschr\u00e4nkungen eurer \u00e4u\u00dferen Umgebung.<\/p><p>Wo immer die fundamentale Freiheit aufgebaut und errichtet und erhalten werden kann, stellt sie eine gr\u00f6\u00dfere M\u00f6glichkeit f\u00fcr die F\u00f6rderung und Unterst\u00fctzung der h\u00f6heren Freiheit und der gr\u00f6\u00dferen Freiheit dar, die sie in ihrem Ausdruck in jener Welt, in jener Nation, in jener Kultur haben wird. Denn Freiheit im Universum ist nicht die Freiheit eure Trennung zu vertiefen. Es ist die Freiheit, zu eurer Quelle zur\u00fcckzukehren und in dieser physischen Realit\u00e4t zu dienen.<\/p><p>Wie ihr hier sehen k\u00f6nnt, m\u00fcssen selbst eure grundlegendsten Vorstellungen von Frieden, Freiheit und Verantwortung jetzt in einem gr\u00f6\u00dferen Zusammenhang neu definiert werden, oder ihr werdet weiterhin denken, dass euer Frieden und eure Freiheit und eure Verantwortung nur f\u00fcr euch selbst oder nur f\u00fcr eure Familie sind. Das ist nicht das, was diese Dinge in der Gr\u00f6\u00dferen Gemeinschaft bedeuten und sie werden in der Welt, in die ihr jetzt einzutreten beginnt, nicht wirksam oder sogar sinnvoll sein, wo Umweltzerst\u00f6rung, der Verlust der Nahrungsmittelproduktion und das sich ver\u00e4ndernde Klima eurer Welt das Leben viel schwieriger machen und eine gr\u00f6\u00dfere Beteiligung und Zusammenarbeit erfordern, wenn ihr erfolgreich sein wollt.<\/p><p>Selbst die Dinge, die euch von au\u00dfen bedrohen, wo sie euch hier in dieser Welt untergraben k\u00f6nnen, k\u00f6nnen eine gr\u00f6\u00dfere Freiheit im wahrsten Sinne des Wortes f\u00f6rdern, wenn diese M\u00f6glichkeit von gen\u00fcgend Menschen erkannt und wahrgenommen wird. Je gr\u00f6\u00dfer die Herausforderung, desto gr\u00f6\u00dfer die Chance.<\/p><p class=\"image-quote float-left\"><img decoding=\"async\" src=\"https:\/\/www.alliesofhumanity.org\/wp-content\/uploads\/2020\/12\/quote-book4-briefing4-2.png\" alt=\"\" \/><\/p><blockquote id=\"quote-4\" class=\"text-quote float-left bg-gray\">Ihr m\u00fcsst verstehen, dass das Werk des G\u00f6ttlichen in eurer Welt mit dem Werk des G\u00f6ttlichen in allen Welten verbunden ist.<\/blockquote><p>Denn im Moment ist die Menschheit viel zu schwach, viel zu gespalten, viel zu unorganisiert, um sich jemals als freie und souver\u00e4ne Rasse im Universum behaupten zu k\u00f6nnen. Was diese St\u00e4rke, diese Zusammenarbeit, diese Freiheit und diese Verantwortung ausmacht, sind die gro\u00dfen Herausforderungen, vor denen ihr jetzt steht: die Herausforderung der Zerst\u00f6rung und des Zusammenbruchs von innen heraus und die Herausforderung der Intervention und Unterwerfung von au\u00dfen. Erst diese gro\u00dfen und \u00fcberw\u00e4ltigenden Herausforderungen erzeugen die Notwendigkeit nach Freiheit, St\u00e4rke und Verantwortung, von denen wir hier sprechen.<\/p><p>Nicht jeder wird in der Lage sein, auf diese Herausforderung zu reagieren, aber selbst wenn dies eine kleine Minderheit von Menschen in eurer Welt tun kann, kann es zu einem besseren Ausgang f\u00fchren. Die Welt wird von einer kleinen Anzahl von Menschen regiert, im Guten wie im Schlechten. In diesem Fall k\u00f6nnte eine kleine Anzahl von Menschen die gesamte Menschheit vor dem Zusammenbruch und Zerfall bewahren.<\/p><p>Ja, es ist eine enorme Herausforderung. Ja, es scheint ungerecht f\u00fcr euer Verst\u00e4ndnis zu sein. Es scheint sogar grausam f\u00fcr euer Verst\u00e4ndnis zu sein. Aber das ist es, was es bedeutet, im Universum erwachsen zu werden: eine reife Rasse zu werden und nicht eine heranwachsende Rasse, die untereinander um Privilegien und Reichtum und Chancen ringt und k\u00e4mpft.<\/p><p>Wir mussten unter dem Schmerz und der Herausforderung der Intervention und der Verschlechterung unserer Welten erwachsen werden. Es ist Teil des Lebens, ein Erwachsener zu werden, Verantwortung zu \u00fcbernehmen, nicht nur f\u00fcr sich selbst, sondern auch f\u00fcr das Wohlergehen der eigenen Welt\u2014jetzt getrieben von der Notwendigkeit, jetzt getrieben von der Herausforderung, jetzt getrieben von der gro\u00dfen Bedrohung. All diese Dinge sind das Fundament f\u00fcr die St\u00e4rke, die Weisheit, die Zusammenarbeit, die ihr f\u00fcr die gro\u00dfe Ver\u00e4nderung, die f\u00fcr die Welt kommt, braucht.<\/p><p>Deshalb bringen wir keinen Frieden, wie ihr ihn euch vorstellt. Wir bringen Herausforderung. Wir bringen Verantwortung. Wir bringen Klarheit. Wir bringen Weisheit. Wir bringen St\u00e4rke. Wir bringen die Berufung f\u00fcr all diese Dinge.<\/p><p class=\"image-quote float-right\"><img decoding=\"async\" src=\"https:\/\/www.alliesofhumanity.org\/wp-content\/uploads\/2020\/12\/quote-book4-briefing4-3.png\" alt=\"\" \/><\/p><blockquote id=\"quote-6\" class=\"text-quote float-right bg-black\">Die Welt wird von einer kleinen Zahl von Menschen regiert, in guten wie in schlechten Zeiten. In diesem Fall k\u00f6nnte eine kleine Anzahl von Menschen die gesamte menschliche Rasse vor dem Zusammenbruch und dem Zerfall retten.<\/blockquote><p>Wenn ihr jedoch sehen k\u00f6nntet oder ein Gesp\u00fcr daf\u00fcr h\u00e4ttet, wohin sich euer Leben entwickelt und wie stark die Intervention in eurer Welt heute ist, wird sie euch entweder besiegen oder ihr werdet euch erheben, um ihr zu begegnen. Das ist die nicht gesehene Gelegenheit hier.<\/p><p>Gott wei\u00df, dass dies die gr\u00f6\u00dfte Schwelle f\u00fcr die menschliche Familie ist, die gr\u00f6\u00dfte Schwelle, vor der ihr je gestanden habt und vielleicht je stehen werdet\u2014der Niedergang der Welt und das Aufstreben in die Gr\u00f6\u00dfere Gemeinschaft, die gew\u00f6hnlich miteinander einhergehen. Gott hat eine Neue Botschaft in die Welt gesandt. Wir wissen davon. Das ist ein Grund daf\u00fcr, dass wir hierher aufgerufen wurden, um die menschliche Familie zu ermutigen. Wir werden als n\u00e4chstes dar\u00fcber sprechen, denn es ist grundlegend f\u00fcr euren Erfolg und f\u00fcr eure Freiheit.<\/p>\t\t\t\t\t\t\t\t<\/div>\t\t\t\t<\/div>\t\t\t\t\t<\/div>\t\t<\/div>\t\t\t\t\t<\/div>\t\t<\/section>\t\t\t\t<\/div><p>\t\t<\/p>","protected":false},"excerpt":{"rendered":"<p>Es gibt zwei Realit\u00e4ten im Universum; die eine \u00fcberlappt die andere. Die erste und wichtigste in eurer Erfahrung ist die Realit\u00e4t der Trennung und des evolution\u00e4ren Wandels, des planetarischen Wandels\u2014vom primitiven Leben, von primitiven sozialen Organisationen, fr\u00fchen Nationen, gr\u00f6\u00dferen Nationen, Weltnationen und schlie\u00dflich dem Aufstreben in eine Gr\u00f6\u00dfere Gemeinschaft gr\u00f6\u00dferer Nationen. \u00dcberlappend dazu ist das [&hellip;]<\/p>\n","protected":false},"author":2,"featured_media":0,"parent":10805,"menu_order":4,"comment_status":"closed","ping_status":"closed","template":"page.php","meta":{"_acf_changed":false,"footnotes":""},"class_list":["post-10977","page","type-page","status-publish","hentry"],"acf":[],"yoast_head":"<!-- This site is optimized with the Yoast SEO plugin v26.5 - https:\/\/yoast.com\/wordpress\/plugins\/seo\/ -->\n<title>H\u00f6here M\u00e4chte - G\u00f6ttliches Werk im gesamten Universum<\/title>\n<meta name=\"description\" content=\"Die G\u00f6ttliche Intervention erfolgt durch H\u00f6here M\u00e4chte, durch die Netzwerke der Weisen und durch Nationen, in denen die Spiritualit\u00e4t am Leben erhalten wurde.\" \/>\n<meta name=\"robots\" content=\"index, follow, max-snippet:-1, max-image-preview:large, max-video-preview:-1\" \/>\n<link rel=\"canonical\" href=\"https:\/\/www.alliesofhumanity.org\/de\/the-briefings\/book-four\/higher-powers\/\" \/>\n<meta property=\"og:locale\" content=\"de_DE\" \/>\n<meta property=\"og:type\" content=\"article\" \/>\n<meta property=\"og:title\" content=\"H\u00f6here M\u00e4chte - G\u00f6ttliches Werk im gesamten Universum\" \/>\n<meta property=\"og:description\" content=\"Die G\u00f6ttliche Intervention erfolgt durch H\u00f6here M\u00e4chte, durch die Netzwerke der Weisen und durch Nationen, in denen die Spiritualit\u00e4t am Leben erhalten wurde.\" \/>\n<meta property=\"og:url\" content=\"https:\/\/www.alliesofhumanity.org\/de\/the-briefings\/book-four\/higher-powers\/\" \/>\n<meta property=\"og:site_name\" content=\"The Allies of Humanity\" \/>\n<meta property=\"article:publisher\" content=\"https:\/\/www.facebook.com\/alliesofhumanity\/\" \/>\n<meta property=\"article:modified_time\" content=\"2021-04-29T06:29:20+00:00\" \/>\n<meta property=\"og:image\" content=\"https:\/\/www.alliesofhumanity.org\/wp-content\/uploads\/2021\/01\/og-socialmedia-aoh.jpg\" \/>\n\t<meta property=\"og:image:width\" content=\"1200\" \/>\n\t<meta property=\"og:image:height\" content=\"630\" \/>\n\t<meta property=\"og:image:type\" content=\"image\/jpeg\" \/>\n<meta name=\"twitter:card\" content=\"summary_large_image\" \/>\n<meta name=\"twitter:title\" content=\"H\u00f6here M\u00e4chte - G\u00f6ttliches Werk im gesamten Universum\" \/>\n<meta name=\"twitter:site\" content=\"@earthallies\" \/>\n<meta name=\"twitter:label1\" content=\"Gesch\u00e4tzte Lesezeit\" \/>\n\t<meta name=\"twitter:data1\" content=\"7\u00a0Minuten\" \/>\n<script type=\"application\/ld+json\" class=\"yoast-schema-graph\">{\"@context\":\"https:\/\/schema.org\",\"@graph\":[{\"@type\":\"WebPage\",\"@id\":\"https:\/\/www.alliesofhumanity.org\/de\/the-briefings\/book-four\/higher-powers\/\",\"url\":\"https:\/\/www.alliesofhumanity.org\/de\/the-briefings\/book-four\/higher-powers\/\",\"name\":\"H\u00f6here M\u00e4chte - G\u00f6ttliches Werk im gesamten Universum\",\"isPartOf\":{\"@id\":\"https:\/\/www.alliesofhumanity.org\/de\/#website\"},\"datePublished\":\"2021-01-30T20:48:57+00:00\",\"dateModified\":\"2021-04-29T06:29:20+00:00\",\"description\":\"Die G\u00f6ttliche Intervention erfolgt durch H\u00f6here M\u00e4chte, durch die Netzwerke der Weisen und durch Nationen, in denen die Spiritualit\u00e4t am Leben erhalten wurde.\",\"breadcrumb\":{\"@id\":\"https:\/\/www.alliesofhumanity.org\/de\/the-briefings\/book-four\/higher-powers\/#breadcrumb\"},\"inLanguage\":\"de\",\"potentialAction\":[{\"@type\":\"ReadAction\",\"target\":[\"https:\/\/www.alliesofhumanity.org\/de\/the-briefings\/book-four\/higher-powers\/\"]}]},{\"@type\":\"BreadcrumbList\",\"@id\":\"https:\/\/www.alliesofhumanity.org\/de\/the-briefings\/book-four\/higher-powers\/#breadcrumb\",\"itemListElement\":[{\"@type\":\"ListItem\",\"position\":1,\"name\":\"Die Lageberichte\",\"item\":\"https:\/\/www.alliesofhumanity.org\/de\/the-briefings\/\"},{\"@type\":\"ListItem\",\"position\":2,\"name\":\"Buch Vier\",\"item\":\"https:\/\/www.alliesofhumanity.org\/de\/the-briefings\/book-four\/\"},{\"@type\":\"ListItem\",\"position\":3,\"name\":\"Vierter Lagebericht: H\u00f6here M\u00e4chte\"}]},{\"@type\":\"WebSite\",\"@id\":\"https:\/\/www.alliesofhumanity.org\/de\/#website\",\"url\":\"https:\/\/www.alliesofhumanity.org\/de\/\",\"name\":\"The Allies of Humanity\",\"description\":\"\",\"potentialAction\":[{\"@type\":\"SearchAction\",\"target\":{\"@type\":\"EntryPoint\",\"urlTemplate\":\"https:\/\/www.alliesofhumanity.org\/de\/?s={search_term_string}\"},\"query-input\":{\"@type\":\"PropertyValueSpecification\",\"valueRequired\":true,\"valueName\":\"search_term_string\"}}],\"inLanguage\":\"de\"}]}<\/script>\n<!-- \/ Yoast SEO plugin. -->","yoast_head_json":{"title":"H\u00f6here M\u00e4chte - G\u00f6ttliches Werk im gesamten Universum","description":"Die G\u00f6ttliche Intervention erfolgt durch H\u00f6here M\u00e4chte, durch die Netzwerke der Weisen und durch Nationen, in denen die Spiritualit\u00e4t am Leben erhalten wurde.","robots":{"index":"index","follow":"follow","max-snippet":"max-snippet:-1","max-image-preview":"max-image-preview:large","max-video-preview":"max-video-preview:-1"},"canonical":"https:\/\/www.alliesofhumanity.org\/de\/the-briefings\/book-four\/higher-powers\/","og_locale":"de_DE","og_type":"article","og_title":"H\u00f6here M\u00e4chte - G\u00f6ttliches Werk im gesamten Universum","og_description":"Die G\u00f6ttliche Intervention erfolgt durch H\u00f6here M\u00e4chte, durch die Netzwerke der Weisen und durch Nationen, in denen die Spiritualit\u00e4t am Leben erhalten wurde.","og_url":"https:\/\/www.alliesofhumanity.org\/de\/the-briefings\/book-four\/higher-powers\/","og_site_name":"The Allies of Humanity","article_publisher":"https:\/\/www.facebook.com\/alliesofhumanity\/","article_modified_time":"2021-04-29T06:29:20+00:00","og_image":[{"width":1200,"height":630,"url":"https:\/\/www.alliesofhumanity.org\/wp-content\/uploads\/2021\/01\/og-socialmedia-aoh.jpg","type":"image\/jpeg"}],"twitter_card":"summary_large_image","twitter_title":"H\u00f6here M\u00e4chte - G\u00f6ttliches Werk im gesamten Universum","twitter_site":"@earthallies","twitter_misc":{"Gesch\u00e4tzte Lesezeit":"7\u00a0Minuten"},"schema":{"@context":"https:\/\/schema.org","@graph":[{"@type":"WebPage","@id":"https:\/\/www.alliesofhumanity.org\/de\/the-briefings\/book-four\/higher-powers\/","url":"https:\/\/www.alliesofhumanity.org\/de\/the-briefings\/book-four\/higher-powers\/","name":"H\u00f6here M\u00e4chte - G\u00f6ttliches Werk im gesamten Universum","isPartOf":{"@id":"https:\/\/www.alliesofhumanity.org\/de\/#website"},"datePublished":"2021-01-30T20:48:57+00:00","dateModified":"2021-04-29T06:29:20+00:00","description":"Die G\u00f6ttliche Intervention erfolgt durch H\u00f6here M\u00e4chte, durch die Netzwerke der Weisen und durch Nationen, in denen die Spiritualit\u00e4t am Leben erhalten wurde.","breadcrumb":{"@id":"https:\/\/www.alliesofhumanity.org\/de\/the-briefings\/book-four\/higher-powers\/#breadcrumb"},"inLanguage":"de","potentialAction":[{"@type":"ReadAction","target":["https:\/\/www.alliesofhumanity.org\/de\/the-briefings\/book-four\/higher-powers\/"]}]},{"@type":"BreadcrumbList","@id":"https:\/\/www.alliesofhumanity.org\/de\/the-briefings\/book-four\/higher-powers\/#breadcrumb","itemListElement":[{"@type":"ListItem","position":1,"name":"Die Lageberichte","item":"https:\/\/www.alliesofhumanity.org\/de\/the-briefings\/"},{"@type":"ListItem","position":2,"name":"Buch Vier","item":"https:\/\/www.alliesofhumanity.org\/de\/the-briefings\/book-four\/"},{"@type":"ListItem","position":3,"name":"Vierter Lagebericht: H\u00f6here M\u00e4chte"}]},{"@type":"WebSite","@id":"https:\/\/www.alliesofhumanity.org\/de\/#website","url":"https:\/\/www.alliesofhumanity.org\/de\/","name":"The Allies of Humanity","description":"","potentialAction":[{"@type":"SearchAction","target":{"@type":"EntryPoint","urlTemplate":"https:\/\/www.alliesofhumanity.org\/de\/?s={search_term_string}"},"query-input":{"@type":"PropertyValueSpecification","valueRequired":true,"valueName":"search_term_string"}}],"inLanguage":"de"}]}},"_links":{"self":[{"href":"https:\/\/www.alliesofhumanity.org\/de\/wp-json\/wp\/v2\/pages\/10977","targetHints":{"allow":["GET"]}}],"collection":[{"href":"https:\/\/www.alliesofhumanity.org\/de\/wp-json\/wp\/v2\/pages"}],"about":[{"href":"https:\/\/www.alliesofhumanity.org\/de\/wp-json\/wp\/v2\/types\/page"}],"author":[{"embeddable":true,"href":"https:\/\/www.alliesofhumanity.org\/de\/wp-json\/wp\/v2\/users\/2"}],"replies":[{"embeddable":true,"href":"https:\/\/www.alliesofhumanity.org\/de\/wp-json\/wp\/v2\/comments?post=10977"}],"version-history":[{"count":5,"href":"https:\/\/www.alliesofhumanity.org\/de\/wp-json\/wp\/v2\/pages\/10977\/revisions"}],"predecessor-version":[{"id":14792,"href":"https:\/\/www.alliesofhumanity.org\/de\/wp-json\/wp\/v2\/pages\/10977\/revisions\/14792"}],"up":[{"embeddable":true,"href":"https:\/\/www.alliesofhumanity.org\/de\/wp-json\/wp\/v2\/pages\/10805"}],"wp:attachment":[{"href":"https:\/\/www.alliesofhumanity.org\/de\/wp-json\/wp\/v2\/media?parent=10977"}],"curies":[{"name":"wp","href":"https:\/\/api.w.org\/{rel}","templated":true}]}}