{"id":10975,"date":"2021-01-30T21:46:51","date_gmt":"2021-01-30T20:46:51","guid":{"rendered":"https:\/\/www.alliesofhumanity.org\/the-briefings\/book-four\/free-nations-universe\/"},"modified":"2021-04-29T07:27:37","modified_gmt":"2021-04-29T06:27:37","slug":"free-nations-universe","status":"publish","type":"page","link":"https:\/\/www.alliesofhumanity.org\/de\/the-briefings\/book-four\/free-nations-universe\/","title":{"rendered":"Dritter Lagebericht: Freiheit im Universum"},"content":{"rendered":"\t\t<div data-elementor-type=\"wp-page\" data-elementor-id=\"10975\" class=\"elementor elementor-10975 elementor-2536\" data-elementor-post-type=\"page\">\t\t\t\t\t\t<section class=\"elementor-section elementor-top-section elementor-element elementor-element-3bf3954f elementor-section-boxed elementor-section-height-default elementor-section-height-default\" data-id=\"3bf3954f\" data-element_type=\"section\">\t\t\t\t\t\t<div class=\"elementor-container elementor-column-gap-default\">\t\t\t\t\t<div class=\"elementor-column elementor-col-100 elementor-top-column elementor-element elementor-element-5b3ac6af\" data-id=\"5b3ac6af\" data-element_type=\"column\">\t\t\t<div class=\"elementor-widget-wrap elementor-element-populated\">\t\t\t\t\t\t<div class=\"elementor-element elementor-element-2f29e16 elementor-widget elementor-widget-text-editor\" data-id=\"2f29e16\" data-element_type=\"widget\" data-widget_type=\"text-editor.default\">\t\t\t\t<div class=\"elementor-widget-container\">\t\t\t\t\t\t\t\t\t<p>Im Folgenden geben wir euch einen \u00dcberblick dar\u00fcber, wie Freiheit aussieht, wenn sie einmal etabliert ist. Um frei zu sein, muss eine Welt eine vereinte Regierung haben. Sie mag Vertreter aus verschiedenen Gruppen und Regionen einer Welt haben, aber sie muss eine vereinte Regierung sein. Sie darf kein Flickenteppich von kriegf\u00fchrenden St\u00e4mmen oder gar gro\u00dfen Nationen sein, denn das wird nur Intervention und Manipulation zur Folge haben.<\/p><p>Die Nationen, die frei sind, f\u00f6rdern die Kreativit\u00e4t des Einzelnen und den Wert der Kenntnis innerhalb des Einzelnen, aber diese Kenntnis muss dahin gelenkt werden, wo sie den gr\u00f6\u00dferen Interessen der Welt und nicht nur den Anliegen des Einzelnen dienen kann. Wahre Talente sind hier hoch anerkannt und gesch\u00e4tzt, aber sie m\u00fcssen gezielt eingesetzt werden. Sie ist nicht nur die Vorsehung des Einzelnen. Sie ist Teil des Reichtums der Nation.<\/p><p>Im Gegensatz zu unfreien Nationen, in denen das Leben der Leute einfach katalogisiert und gelenkt wird, in denen individuelle Talente selten genutzt werden, in denen die gesellschaftliche Stellung auf famili\u00e4ren Abstammungen oder regionalen Bed\u00fcrfnissen allein beruht, wird in den freien Nationen das Individuum gesch\u00e4tzt und ihre F\u00e4higkeiten und ihre Weisheit kultiviert, weil ihre Weisheit und ihre F\u00e4higkeit f\u00fcr die Stabilit\u00e4t und das Wohlergehen der Welt erforderlich sind. Sie werden zum Dienst eingesetzt wo sie den gr\u00f6\u00dften Nutzen bringen k\u00f6nnen. Aber sie basiert auf der Notwendigkeit des Ganzen, nicht nur auf den W\u00fcnschen des Einzelnen.<\/p><p>Eine Welt von fehlgeleiteten Individuen wird niemals in der Lage sein, Freiheit in der Gr\u00f6\u00dferen Gemeinschaft zu errichten. Hier muss die Individualit\u00e4t dienen, aber sie dient im Einklang mit dem Einzelnen und das ist eines der Dinge, die eine freie Nation, von einer nicht freien Nation unterscheiden.<\/p><p>In einer freien Nation wird Meinungsverschiedenheit toleriert, aber nur bis zu einem bestimmten Grad. Wenn es st\u00e4ndige Rebellion gibt, kann die Nation nie stabil sein; sie kann nie einen gr\u00f6\u00dferen Freiheitsgrad annehmen, um sogar die Freiheiten zu sch\u00fctzen, die sie ihren B\u00fcrgern bietet. Sie muss diese Stabilit\u00e4t und diese Sicherheit von au\u00dfen haben.<\/p><p>Ihr seid euch noch nicht bewusst, dass ihr in der Gr\u00f6\u00dferen Gemeinschaft lebt und ihren Einfl\u00fcssen unterworfen seid, deshalb erscheint euch das vielleicht ganz anders, als ihr euch in diesem Moment befindet. Aber es ist etwas, das ihr verstehen und erw\u00e4gen m\u00fcsst. Um eine geeinte Kraft zu sein, muss das Verst\u00e4ndnis f\u00fcr die gro\u00dfe Notwendigkeit vorhanden sein, die diese Freiheit und die Bereitschaft zur Teilnahme und sogar zur Opferung bestimmter pers\u00f6nlicher Freiheiten um ihrer selbst willen erfordert.<\/p><p>Die Freiheit, die ihr jetzt genie\u00dft, dient weitgehend nur den Launen oder W\u00fcnschen des Einzelnen, aber in der Gr\u00f6\u00dferen Gemeinschaft ist das nicht das, was Freiheit bedeutet.<\/p><p>Freie Gesellschaften m\u00fcssen ihre einheimischen Ressourcen so weit wie m\u00f6glich erhalten und betreiben nur Handel mit anderen freien Nationen im Hinblick auf wesentliche Dinge. Deshalb darf die Pl\u00fcnderung ihrer Welten nicht stattfinden, darf nicht zugelassen werden, wenn es in Zukunft Stabilit\u00e4t und Sicherheit geben soll.<\/p><p>Hier muss es eine gro\u00dfe Zur\u00fcckhaltung geben. Denn Weisheit erfordert immer gro\u00dfe Zur\u00fcckhaltung. Und Freiheit bedeutet immer, dass man sich der Dinge bewusst sein muss, die man wirklich nicht frei tun kann.<\/p><p>Es ist die Freiheit der Welt. Es ist die Freiheit der gesamten Nation der Welt, die die Rechte des Einzelnen in der Gr\u00f6\u00dferen Gemeinschaft sichert. Aber diese Rechte werden aus Gr\u00fcnden der Notwendigkeit eingeschr\u00e4nkt.<\/p><p>Damit freie Nationen frei bleiben k\u00f6nnen, m\u00fcssen sie in der Lage sein, alle Versuchungen zu vereiteln oder zu widerstehen, die ihnen auferlegt werden, besonders wenn ihre Welten als wertvoll f\u00fcr andere angesehen werden. Hier m\u00fcsst ihr verstehen, dass Freiheit als eine gro\u00dfe Bedrohung f\u00fcr die unfreien Nationen angesehen wird. Sie bef\u00fcrchten, dass die Freiheiten, die die freien Nationen haben, ihre eigene Bev\u00f6lkerung in irgendeiner Weise beeinflussen k\u00f6nnen, was zu Rebellion, Unzufriedenheit und Uneinigkeit f\u00fchrt.<\/p><p class=\"image-quote float-right\"><img decoding=\"async\" src=\"https:\/\/www.alliesofhumanity.org\/wp-content\/uploads\/2020\/12\/quote-book4-briefing3-1.png\" alt=\"\" \/><\/p><blockquote id=\"quote-2\" class=\"text-quote float-right bg-gray\">Freie Gesellschaften m\u00fcssen ihre einheimischen Ressourcen so weit wie m\u00f6glich erhalten und nur mit anderen freien Nationen Handel mit wesentlichen G\u00fctern treiben.<\/blockquote><p>Dinge wie Kunst und Musik und Tanz, die ihr heute genie\u00dft, w\u00fcrden als eine gro\u00dfe Bedrohung f\u00fcr die Kulturen angesehen, die nicht frei sind. Die individuellen Freiheiten, die die freie Nation ihren B\u00fcrgern geben kann, w\u00fcrden als Bedrohung f\u00fcr die Nationen angesehen, die nicht frei sind.<\/p><p>Infolgedessen \u00fcbertragen freie Nationen nicht in das Universum. Sie verraten nicht, wie das Leben in ihren Welten aussieht, wenn sie es vermeiden k\u00f6nnen. Sie betreiben keine gr\u00f6\u00dferen Handelsnetze, die immer sehr kontrollierend und manipulativ sind und die die eigene Welt anf\u00e4llig f\u00fcr die Macht der \u00dcberredungskunst in viel gr\u00f6\u00dferem Ausma\u00df machen.<\/p><p>Freie Nationen m\u00fcssen sich hier weitgehend selbst versorgen. Sie m\u00fcssen sehr vereint sein. Und sie m\u00fcssen sehr diskret sein. Das sind die drei gro\u00dfen Voraussetzungen der Freiheit im Universum. Und ihr k\u00f6nnt ihnen nicht entfliehen. Hier gibt es keine Ausnahmen.<\/p><p>Die freien Nationen, die diskret sind, reisen nicht durch das Universum, um ihre Flaggen zu hissen oder ihren Einfluss auszu\u00fcben oder sich in die Angelegenheiten anderer einzumischen. Sie m\u00f6gen Freiheit und Verantwortung f\u00f6rdern, wie wir es mit diesen Lageberichten tun, aber sie greifen nicht ein. Denn eingreifen bedeutet, \u00fcber die eigene Diskretion hinauszugehen. Eingreifen bedeutet, sich im gr\u00f6\u00dferen Universum bekannt zu machen und freie Nationen wollen das nicht tun. Ihre Abschottung ist ausschlaggebend f\u00fcr ihre einzigartigen Errungenschaften.<\/p><p>In den freien Nationen wird die Macht der Kenntnis im Einzelnen gesch\u00e4tzt und unterst\u00fctzt, auch innerhalb der Zw\u00e4nge ihrer Gesellschaften. In unfreien Nationen ist dies entweder unbekannt oder wird brutal unterdr\u00fcckt. Die Zusammenk\u00fcnfte der Weisen in unfreien Nationen m\u00fcssen unter gro\u00dfer Geheimhaltung stattfinden, um zu \u00fcberleben, was oft der Fall ist.<\/p><p>Die Menschen eurer Welt glauben, dass das Universum besser sein muss als die eigene Welt\u2014erhabener, freier, spiritueller, ethischer\u2014um gesucht zu werden, um ermutigt zu werden, um in diese Welt eingeladen zu werden. Das ist vielleicht die normale Erwartung, wenn Rassen in Isolation leben. So war es auch in unserer Welt, bis unser Eintritt in die Gr\u00f6\u00dfere Gemeinschaft begann und wir uns der Intervention stellen mussten.<\/p><p>Wir sagen euch diese Dinge, weil ihr verstehen m\u00fcsst, worum es auf dem Weg der Freiheit wirklich geht. Es geht nicht um individuelles Gl\u00fcck. Es geht um die Freiheit eurer Rasse. Es geht nicht um individuelle Bestrebungen oder Gen\u00fcsse. Es geht um die Stabilit\u00e4t und Sicherheit eurer Welt. Freiheit ist hier kein Recht im Universum. Es ist ein gro\u00dfes Privileg und eine gro\u00dfe Errungenschaft, die man sich ernsthaft und best\u00e4ndig verdienen und vor allen Herausforderungen sch\u00fctzen muss.<\/p><p class=\"image-quote float-left\"><img decoding=\"async\" src=\"https:\/\/www.alliesofhumanity.org\/wp-content\/uploads\/2020\/12\/quote-book4-briefing3-2.png\" alt=\"\" \/><\/p><blockquote id=\"quote-4\" class=\"text-quote float-left bg-red\">Freie Nationen m\u00fcssen hier weitgehend autark sein. Sie m\u00fcssen sehr vereint sein. Und sie m\u00fcssen sehr diskret sein. Das sind die drei gro\u00dfen Voraussetzungen f\u00fcr die Freiheit im Universum.<\/blockquote><p>Ihr k\u00f6nnt keine romantische Sicht auf das Leben im Universum haben, wenn ihr hofft, in ihm zu \u00fcberleben. Das ist die gro\u00dfe N\u00fcchternheit, die die Weisheit mit sich bringt. Habt keine phantasievollen Vorstellungen \u00fcber den Wert von Kontakt oder dar\u00fcber, was andere Rassen euch durch ihr Eingreifen in eure Welt \u00fcber Freiheit lehren k\u00f6nnen, denn das ist ein fataler und ein tragischer Fehler.<\/p><p>Wir wissen durch die Netzwerke der Weisen, wie viel dieser Welt gegeben wurde, um die noch immer vorhandenen Freiheiten und Weisheiten zu erhalten und zu unterst\u00fctzen. Zu diesem Zweck wurde viel in eure Welt investiert. Selbst wenn ihr in eurer technologischen Entwicklung eskaliert und voranschreitet, wird hier viel Wert auf das Potential eurer Welt gelegt, ihr Potential, eine freie Rasse im Universum zu sein, ein Potential, das ihr durch euren eigenen Willen und die Zusammenarbeit miteinander ergreifen und entwickeln m\u00fcsst.<\/p><p>Wir k\u00f6nnen euch diese Freiheit nicht geben, und es gibt keine andere Rasse im Universum, die euch diese Freiheit geben kann, noch hierher kommt und sie f\u00fcr euch etabliert. Jede Rasse, die dies verspricht, t\u00e4uscht euch wirklich und ist zu anderen Zwecken hier, ihren eigenen Zwecken.<\/p><p>Es ist jedoch zu unserem Vorteil, eine weitere freie Rasse in diesem Sektor des Weltraums zu haben. Wir w\u00fcrden das begr\u00fc\u00dfen, obwohl wir keine formalen Beziehungen anstreben. Ihr seid noch nicht bereit f\u00fcr formale Beziehungen. Und ihr seid vielleicht noch lange nicht bereit. Ihr seid nicht stark genug. Ihr seid nicht vereint genug. Ihr seid nicht reif genug und g\u00f6nnt euch immer noch Konflikte und Krieg und zerst\u00f6rerischen Wettbewerb.<\/p><p>Wenn wir die Entstehung der Kenntnis in Welten wie der euren unterst\u00fctzen k\u00f6nnen, werden wir das nach dem Gebot des G\u00f6ttlichen tun, durch die Netzwerke der Kenntnis, nicht durch die Netzwerke der Regierungen. Selbst unsere eigenen Regierungen wissen nicht, was wir hier tun. Obwohl sie es theoretisch unterst\u00fctzen w\u00fcrden, ist es nicht klug, dass sie dieses Wissen haben, denn dann m\u00fcssten sie f\u00fcr unser Handeln verantwortlich gemacht werden.<\/p><p>Denn in den meisten F\u00e4llen mussten freie Nationen Nicht-Interventionsvereinbarungen mit den gr\u00f6\u00dferen Nationen um sie herum schlie\u00dfen, um diese gr\u00f6\u00dferen Nationen von der Sph\u00e4re und den Aktivit\u00e4ten der freien Nationen fernzuhalten. Dagegen versto\u00dfen wir mit unserer kleinen Pr\u00e4senz im Dienst an eurer Welt. Denn wir werden von H\u00f6heren M\u00e4chten geleitet, von denen ihr wenig wisst, \u00fcber die ihr aber unterrichtet werden m\u00fcsst, und dar\u00fcber werden wir als n\u00e4chstes sprechen.<\/p>\t\t\t\t\t\t\t\t<\/div>\t\t\t\t<\/div><p class=\"image-quote float-right\"><img decoding=\"async\" src=\"https:\/\/www.alliesofhumanity.org\/wp-content\/uploads\/2020\/12\/quote-book4-briefing3-3.png\" alt=\"\" \/><\/p><blockquote id=\"quote-6\" class=\"text-quote float-right bg-black\">Die freien Nationen mussten Nicht-Interventions-Vereinbarungen mit den gr\u00f6\u00dferen Nationen um sie herum treffen, um diese gr\u00f6\u00dferen Nationen von der Sph\u00e4re und den Aktivit\u00e4ten der freien Nationen fernzuhalten.<\/blockquote>\t\t\t\t\t<\/div>\t\t<\/div>\t\t\t\t\t<\/div>\t\t<\/section>\t\t\t\t<\/div><p>\t\t<\/p>","protected":false},"excerpt":{"rendered":"<p>Im Folgenden geben wir euch einen \u00dcberblick dar\u00fcber, wie Freiheit aussieht, wenn sie einmal etabliert ist. Um frei zu sein, muss eine Welt eine vereinte Regierung haben. Sie mag Vertreter aus verschiedenen Gruppen und Regionen einer Welt haben, aber sie muss eine vereinte Regierung sein. Sie darf kein Flickenteppich von kriegf\u00fchrenden St\u00e4mmen oder gar gro\u00dfen [&hellip;]<\/p>\n","protected":false},"author":2,"featured_media":0,"parent":10805,"menu_order":3,"comment_status":"closed","ping_status":"closed","template":"page.php","meta":{"_acf_changed":false,"footnotes":""},"class_list":["post-10975","page","type-page","status-publish","hentry"],"acf":[],"yoast_head":"<!-- This site is optimized with the Yoast SEO plugin v26.5 - https:\/\/yoast.com\/wordpress\/plugins\/seo\/ -->\n<title>Freiheit im Universum - Wie freie Nationen frei bleiben<\/title>\n<meta name=\"description\" content=\"Damit freie Nationen frei bleiben, m\u00fcssen sie in der Lage sein, alle Versuchungen, die auf sie zukommen, zu vereiteln oder ihnen zu widerstehen. Lerne, warum ....\" \/>\n<meta name=\"robots\" content=\"index, follow, max-snippet:-1, max-image-preview:large, max-video-preview:-1\" \/>\n<link rel=\"canonical\" href=\"https:\/\/www.alliesofhumanity.org\/de\/the-briefings\/book-four\/free-nations-universe\/\" \/>\n<meta property=\"og:locale\" content=\"de_DE\" \/>\n<meta property=\"og:type\" content=\"article\" \/>\n<meta property=\"og:title\" content=\"Freiheit im Universum - Wie freie Nationen frei bleiben\" \/>\n<meta property=\"og:description\" content=\"Damit freie Nationen frei bleiben, m\u00fcssen sie in der Lage sein, alle Versuchungen, die auf sie zukommen, zu vereiteln oder ihnen zu widerstehen. Lerne, warum ....\" \/>\n<meta property=\"og:url\" content=\"https:\/\/www.alliesofhumanity.org\/de\/the-briefings\/book-four\/free-nations-universe\/\" \/>\n<meta property=\"og:site_name\" content=\"The Allies of Humanity\" \/>\n<meta property=\"article:publisher\" content=\"https:\/\/www.facebook.com\/alliesofhumanity\/\" \/>\n<meta property=\"article:modified_time\" content=\"2021-04-29T06:27:37+00:00\" \/>\n<meta property=\"og:image\" content=\"https:\/\/www.alliesofhumanity.org\/wp-content\/uploads\/2021\/01\/og-socialmedia-aoh.jpg\" \/>\n\t<meta property=\"og:image:width\" content=\"1200\" \/>\n\t<meta property=\"og:image:height\" content=\"630\" \/>\n\t<meta property=\"og:image:type\" content=\"image\/jpeg\" \/>\n<meta name=\"twitter:card\" content=\"summary_large_image\" \/>\n<meta name=\"twitter:title\" content=\"Freiheit im Universum - Wie freie Nationen frei bleiben\" \/>\n<meta name=\"twitter:site\" content=\"@earthallies\" \/>\n<meta name=\"twitter:label1\" content=\"Gesch\u00e4tzte Lesezeit\" \/>\n\t<meta name=\"twitter:data1\" content=\"8\u00a0Minuten\" \/>\n<script type=\"application\/ld+json\" class=\"yoast-schema-graph\">{\"@context\":\"https:\/\/schema.org\",\"@graph\":[{\"@type\":\"WebPage\",\"@id\":\"https:\/\/www.alliesofhumanity.org\/de\/the-briefings\/book-four\/free-nations-universe\/\",\"url\":\"https:\/\/www.alliesofhumanity.org\/de\/the-briefings\/book-four\/free-nations-universe\/\",\"name\":\"Freiheit im Universum - Wie freie Nationen frei bleiben\",\"isPartOf\":{\"@id\":\"https:\/\/www.alliesofhumanity.org\/de\/#website\"},\"datePublished\":\"2021-01-30T20:46:51+00:00\",\"dateModified\":\"2021-04-29T06:27:37+00:00\",\"description\":\"Damit freie Nationen frei bleiben, m\u00fcssen sie in der Lage sein, alle Versuchungen, die auf sie zukommen, zu vereiteln oder ihnen zu widerstehen. Lerne, warum ....\",\"breadcrumb\":{\"@id\":\"https:\/\/www.alliesofhumanity.org\/de\/the-briefings\/book-four\/free-nations-universe\/#breadcrumb\"},\"inLanguage\":\"de\",\"potentialAction\":[{\"@type\":\"ReadAction\",\"target\":[\"https:\/\/www.alliesofhumanity.org\/de\/the-briefings\/book-four\/free-nations-universe\/\"]}]},{\"@type\":\"BreadcrumbList\",\"@id\":\"https:\/\/www.alliesofhumanity.org\/de\/the-briefings\/book-four\/free-nations-universe\/#breadcrumb\",\"itemListElement\":[{\"@type\":\"ListItem\",\"position\":1,\"name\":\"Die Lageberichte\",\"item\":\"https:\/\/www.alliesofhumanity.org\/de\/the-briefings\/\"},{\"@type\":\"ListItem\",\"position\":2,\"name\":\"Buch Vier\",\"item\":\"https:\/\/www.alliesofhumanity.org\/de\/the-briefings\/book-four\/\"},{\"@type\":\"ListItem\",\"position\":3,\"name\":\"Dritter Lagebericht: Freiheit im Universum\"}]},{\"@type\":\"WebSite\",\"@id\":\"https:\/\/www.alliesofhumanity.org\/de\/#website\",\"url\":\"https:\/\/www.alliesofhumanity.org\/de\/\",\"name\":\"The Allies of Humanity\",\"description\":\"\",\"potentialAction\":[{\"@type\":\"SearchAction\",\"target\":{\"@type\":\"EntryPoint\",\"urlTemplate\":\"https:\/\/www.alliesofhumanity.org\/de\/?s={search_term_string}\"},\"query-input\":{\"@type\":\"PropertyValueSpecification\",\"valueRequired\":true,\"valueName\":\"search_term_string\"}}],\"inLanguage\":\"de\"}]}<\/script>\n<!-- \/ Yoast SEO plugin. -->","yoast_head_json":{"title":"Freiheit im Universum - Wie freie Nationen frei bleiben","description":"Damit freie Nationen frei bleiben, m\u00fcssen sie in der Lage sein, alle Versuchungen, die auf sie zukommen, zu vereiteln oder ihnen zu widerstehen. Lerne, warum ....","robots":{"index":"index","follow":"follow","max-snippet":"max-snippet:-1","max-image-preview":"max-image-preview:large","max-video-preview":"max-video-preview:-1"},"canonical":"https:\/\/www.alliesofhumanity.org\/de\/the-briefings\/book-four\/free-nations-universe\/","og_locale":"de_DE","og_type":"article","og_title":"Freiheit im Universum - Wie freie Nationen frei bleiben","og_description":"Damit freie Nationen frei bleiben, m\u00fcssen sie in der Lage sein, alle Versuchungen, die auf sie zukommen, zu vereiteln oder ihnen zu widerstehen. Lerne, warum ....","og_url":"https:\/\/www.alliesofhumanity.org\/de\/the-briefings\/book-four\/free-nations-universe\/","og_site_name":"The Allies of Humanity","article_publisher":"https:\/\/www.facebook.com\/alliesofhumanity\/","article_modified_time":"2021-04-29T06:27:37+00:00","og_image":[{"width":1200,"height":630,"url":"https:\/\/www.alliesofhumanity.org\/wp-content\/uploads\/2021\/01\/og-socialmedia-aoh.jpg","type":"image\/jpeg"}],"twitter_card":"summary_large_image","twitter_title":"Freiheit im Universum - Wie freie Nationen frei bleiben","twitter_site":"@earthallies","twitter_misc":{"Gesch\u00e4tzte Lesezeit":"8\u00a0Minuten"},"schema":{"@context":"https:\/\/schema.org","@graph":[{"@type":"WebPage","@id":"https:\/\/www.alliesofhumanity.org\/de\/the-briefings\/book-four\/free-nations-universe\/","url":"https:\/\/www.alliesofhumanity.org\/de\/the-briefings\/book-four\/free-nations-universe\/","name":"Freiheit im Universum - Wie freie Nationen frei bleiben","isPartOf":{"@id":"https:\/\/www.alliesofhumanity.org\/de\/#website"},"datePublished":"2021-01-30T20:46:51+00:00","dateModified":"2021-04-29T06:27:37+00:00","description":"Damit freie Nationen frei bleiben, m\u00fcssen sie in der Lage sein, alle Versuchungen, die auf sie zukommen, zu vereiteln oder ihnen zu widerstehen. Lerne, warum ....","breadcrumb":{"@id":"https:\/\/www.alliesofhumanity.org\/de\/the-briefings\/book-four\/free-nations-universe\/#breadcrumb"},"inLanguage":"de","potentialAction":[{"@type":"ReadAction","target":["https:\/\/www.alliesofhumanity.org\/de\/the-briefings\/book-four\/free-nations-universe\/"]}]},{"@type":"BreadcrumbList","@id":"https:\/\/www.alliesofhumanity.org\/de\/the-briefings\/book-four\/free-nations-universe\/#breadcrumb","itemListElement":[{"@type":"ListItem","position":1,"name":"Die Lageberichte","item":"https:\/\/www.alliesofhumanity.org\/de\/the-briefings\/"},{"@type":"ListItem","position":2,"name":"Buch Vier","item":"https:\/\/www.alliesofhumanity.org\/de\/the-briefings\/book-four\/"},{"@type":"ListItem","position":3,"name":"Dritter Lagebericht: Freiheit im Universum"}]},{"@type":"WebSite","@id":"https:\/\/www.alliesofhumanity.org\/de\/#website","url":"https:\/\/www.alliesofhumanity.org\/de\/","name":"The Allies of Humanity","description":"","potentialAction":[{"@type":"SearchAction","target":{"@type":"EntryPoint","urlTemplate":"https:\/\/www.alliesofhumanity.org\/de\/?s={search_term_string}"},"query-input":{"@type":"PropertyValueSpecification","valueRequired":true,"valueName":"search_term_string"}}],"inLanguage":"de"}]}},"_links":{"self":[{"href":"https:\/\/www.alliesofhumanity.org\/de\/wp-json\/wp\/v2\/pages\/10975","targetHints":{"allow":["GET"]}}],"collection":[{"href":"https:\/\/www.alliesofhumanity.org\/de\/wp-json\/wp\/v2\/pages"}],"about":[{"href":"https:\/\/www.alliesofhumanity.org\/de\/wp-json\/wp\/v2\/types\/page"}],"author":[{"embeddable":true,"href":"https:\/\/www.alliesofhumanity.org\/de\/wp-json\/wp\/v2\/users\/2"}],"replies":[{"embeddable":true,"href":"https:\/\/www.alliesofhumanity.org\/de\/wp-json\/wp\/v2\/comments?post=10975"}],"version-history":[{"count":7,"href":"https:\/\/www.alliesofhumanity.org\/de\/wp-json\/wp\/v2\/pages\/10975\/revisions"}],"predecessor-version":[{"id":14788,"href":"https:\/\/www.alliesofhumanity.org\/de\/wp-json\/wp\/v2\/pages\/10975\/revisions\/14788"}],"up":[{"embeddable":true,"href":"https:\/\/www.alliesofhumanity.org\/de\/wp-json\/wp\/v2\/pages\/10805"}],"wp:attachment":[{"href":"https:\/\/www.alliesofhumanity.org\/de\/wp-json\/wp\/v2\/media?parent=10975"}],"curies":[{"name":"wp","href":"https:\/\/api.w.org\/{rel}","templated":true}]}}