{"id":10973,"date":"2021-01-30T21:44:46","date_gmt":"2021-01-30T20:44:46","guid":{"rendered":"https:\/\/www.alliesofhumanity.org\/the-briefings\/book-four\/exercise-restraint\/"},"modified":"2021-04-29T07:26:14","modified_gmt":"2021-04-29T06:26:14","slug":"exercise-restraint","status":"publish","type":"page","link":"https:\/\/www.alliesofhumanity.org\/de\/the-briefings\/book-four\/exercise-restraint\/","title":{"rendered":"Zweiter Lagebericht: Die Bedeutung von Zur\u00fcckhaltung"},"content":{"rendered":"\t\t<div data-elementor-type=\"wp-page\" data-elementor-id=\"10973\" class=\"elementor elementor-10973 elementor-2534\" data-elementor-post-type=\"page\">\t\t\t\t\t\t<section class=\"elementor-section elementor-top-section elementor-element elementor-element-414c4fd5 elementor-section-boxed elementor-section-height-default elementor-section-height-default\" data-id=\"414c4fd5\" data-element_type=\"section\">\t\t\t\t\t\t<div class=\"elementor-container elementor-column-gap-default\">\t\t\t\t\t<div class=\"elementor-column elementor-col-100 elementor-top-column elementor-element elementor-element-674426c7\" data-id=\"674426c7\" data-element_type=\"column\">\t\t\t<div class=\"elementor-widget-wrap elementor-element-populated\">\t\t\t\t\t\t<div class=\"elementor-element elementor-element-598920f elementor-widget elementor-widget-text-editor\" data-id=\"598920f\" data-element_type=\"widget\" data-widget_type=\"text-editor.default\">\t\t\t\t<div class=\"elementor-widget-container\">\t\t\t\t\t\t\t\t\t<p>Ihr m\u00fcsst im Universum gro\u00dfe Zur\u00fcckhaltung aus\u00fcben m\u00fcssen. Glaubt nicht, dass ihr hinausgehen und euch mit jedem treffen k\u00f6nnt, den ihr f\u00fcr interessant haltet, oder in die Welten anderer Rassen reisen k\u00f6nnt, oder dass ihr gro\u00dfartige Begegnungsst\u00e4tten findet, wo viele Rassen zur Erholung oder zu sozialen Zwecken zusammenkommen, denn das ist sicherlich nicht der Fall.<\/p><p>Wir haben eure Filme sehen k\u00f6nnen, die das Leben im Universum zeigen. Leider sind sie \u00e4u\u00dferst falsch und gef\u00e4hrlich irref\u00fchrend. Die Realit\u00e4t ist ganz anders und sehr ern\u00fcchternd.<\/p><p>Ihr werdet gro\u00dfe Zur\u00fcckhaltung aus\u00fcben m\u00fcssen. Wenn ihr unbedingt fortschrittliche Technologie von anderen Rassen haben wollt, werden sie mit der Zeit die Kontrolle \u00fcber euch und eure Welt erlangen. Dies muss mit Zur\u00fcckhaltung gehandhabt werden.<\/p><p>Wenn ihr versucht, an anderen Orten jenseits dieses Sonnensystems zu reisen oder Territorium einzunehmen, werdet ihr auf gro\u00dfe Widerst\u00e4nde und Konflikte sto\u00dfen. Ihr m\u00fcsst euch zur\u00fcckhalten, diese Dinge anzustreben.<\/p><p>Ihr werdet nicht in der Lage sein, \u00fcber dieses Sonnensystem hinauszugehen, um eine andere Welt wie eure eigene zu suchen, wenn ihr sie zu sehr pl\u00fcndert, denn solche Welten sind selten und sind von anderen eingenommen und bewacht, die viel m\u00e4chtiger sind als ihr. Ihr m\u00fcsst euch zur\u00fcckhalten, diese Dinge zu wollen oder zu erwarten.<\/p><p>Wenn ihr glaubt, dass es andere Welten gibt, die auf eure Erforschung warten, solltet ihr diese Welt durch Krieg oder Zerst\u00f6rung vernichten, werdet ihr feststellen, dass ihr weder die Macht oder den Einfluss in der Gr\u00f6\u00dferen Gemeinschaft habt, Zugang zu ihnen zu erhalten, noch die Mittel, um zu ihnen zu gelangen, angesichts eures derzeitigen Standes der technologischen Entwicklung. Ihr m\u00fcsst euch selbst davon zur\u00fcckhalten, diese Dinge zu denken\u2014zu denken, dass eine andere Welt zum Einnehmen da sein wird, denn das wird nicht der Fall sein.<\/p><p>Ihr denkt vielleicht, dass ihr eure Welt zerst\u00f6ren k\u00f6nnt und dass euch die Technologie vor den Folgen bewahren wird, aber eure Welt wird die menschliche Zivilisation untergraben, wenn ihr dies tut und euch so weit schw\u00e4chen, dass ihr nicht in der Lage sein werdet, der au\u00dferirdischen Intervention oder den Versprechen von Frieden, Macht und Technologie zu widerstehen, die heute schon den F\u00fchrern eurer Nationen und bestimmten F\u00fchrern eurer religi\u00f6sen Institutionen vorgestellt werden.<\/p><p class=\"image-quote float-right\"><img decoding=\"async\" src=\"https:\/\/www.alliesofhumanity.org\/wp-content\/uploads\/2020\/12\/quote-book4-briefing2-1.png\" alt=\"\" \/><\/p><blockquote id=\"quote-2\" class=\"text-quote float-right bg-black\">Ihr werdet gro\u00dfe Zur\u00fcckhaltung aus\u00fcben m\u00fcssen. Wenn ihr unbedingt fortschrittliche Technologie von anderen Rassen haben wollt, werden sie mit der Zeit die Kontrolle \u00fcber euch und eure Welt erlangen. Dies muss mit Zur\u00fcckhaltung gehandhabt werden.<\/blockquote><p>Ihr m\u00fcsst euch zur\u00fcckhalten zu denken, dass ihr diese Welt pl\u00fcndern k\u00f6nnt und irgendeine Hoffnung auf Freiheit und Souver\u00e4nit\u00e4t im Universum habt, oder denken, dass ihr Krieg oder Wettbewerb, zerst\u00f6rerischen Wettbewerb, zum Vorteil eurer Nation f\u00fchren k\u00f6nnt. Denn dies wird nur zu einer zunehmenden Schw\u00e4che der menschlichen Familie f\u00fchren\u2014die menschliche Familie noch mehr zu zersplittern und die M\u00f6glichkeit einer zuk\u00fcnftigen Zusammenarbeit, die f\u00fcr eure Zukunft und euer Wohlbefinden so notwendig sein wird, noch weiter zu zerst\u00f6ren.<\/p><p>Ihr m\u00fcsst diese Vorstellungen z\u00fcgeln, dass Krieg f\u00fcr euch vorteilhaft ist, dass er euch hier Gewinn oder Vorteil bringen wird, denn er wird nur die Saat eures Untergangs s\u00e4en und jene Rassen bef\u00e4higen, die sich hier als Herrscher dieser Welt etablieren wollen.<\/p><p>Richtet eure Augen auf den Himmel. Eure Zukunft und eure Bestimmung sind dort. Schaut nachts in den Himmel und wisst, dass er voll von intelligentem Leben ist. W\u00e4hrend es dort unz\u00e4hlige unfruchtbare und unbewohnbare Welten gibt, ist die Anzahl der Rassen in eurem lokalem Universum in diesem Sektor, der eine kleine Region des Weltraums ist, enorm hoch. Denn ihr lebt in einem dicht besiedelten Teil der Galaxie, in dem die Regeln des Handelns l\u00e4ngst festgelegt sind und wo der Krieg unterdr\u00fcckt wurde. Das ist sowohl ein Vorteil als auch ein Nachteil f\u00fcr euch. Wie wir in unseren vorangegangenen Lageberichten erw\u00e4hnt haben, seid ihr vor einer direkten Eroberung gesch\u00fctzt, aber die M\u00f6glichkeit und die Realit\u00e4t der Intervention und \u00dcberredung sind gewaltig.<\/p><p>Hier m\u00fcsst ihr gr\u00f6\u00dfere F\u00e4higkeiten und Vorbereitung erlangen: Bewusstsein, Entschlossenheit, F\u00e4higkeit, Zur\u00fcckhaltung. F\u00fcr euch ist jetzt das Universum lediglich der Hintergrund f\u00fcr eure gro\u00dfen Probleme auf der Erde. Aber die Realit\u00e4t dieses Universums ist die gr\u00f6\u00dfere Kraft, die eure Welt und eure Evolution antreibt. Sie treibt euch an wegen der gro\u00dfen Herausforderung, die sie darstellt, und der gro\u00dfen Chance und Notwendigkeit f\u00fcr Einheit und Zusammenarbeit, die sie f\u00f6rdern wird, wenn sie gesehen und erkannt und darauf reagiert werden kann.<\/p><p>Nie zuvor hat es auf der Welt eine Intervention dieser Art gegeben, denn ihr wart noch zu primitiv und eure Technologie noch zu unentwickelt, als dass ihr brauchbare Kandidaten f\u00fcr fremde Kontrolle und \u00dcberredung gewesen w\u00e4rt. Obwohl die Welt im Laufe eurer langen Geschichte viele Male besucht wurde, ist eine solche Intervention nie wirklich versucht worden.<\/p><p>Aber jetzt habt ihr internationale Kommunikation, globalen Handel, globalen Warenverkehr geschaffen. Ihr habt eine Basisinfrastruktur geschaffen, die andere nutzen und davon profitieren k\u00f6nnen. Dies, zusammen mit dem Bewusstsein, dass die Menschheit zu stark f\u00fcr eine Intervention werden k\u00f6nnte, hat die Intervention in eurer Welt heute hervorgebracht, die seit dem letzten gro\u00dfen Weltkonflikt beschleunigt wurde und sich nun in vielen verschiedenen Bereichen eures Lebens beschleunigt.<\/p><p>Es ist eine Herausforderung, die euch, wenn ihr sie richtig seht, in die Lage versetzen wird, sich \u00fcber Konflikte und st\u00e4ndige Uneinigkeit innerhalb eurer Welt zu erheben. Denn die Ressourcen jeder Nation m\u00fcssen vereint werden, um diese Welt aus purer Notwendigkeit heraus zu sch\u00fctzen.<\/p><p class=\"image-quote float-left\"><img decoding=\"async\" src=\"https:\/\/www.alliesofhumanity.org\/wp-content\/uploads\/2020\/12\/quote-book4-briefing2-2.png\" alt=\"\" \/><\/p><blockquote id=\"quote-4\" class=\"text-quote float-left bg-red\">Hier m\u00fcsst ihr gr\u00f6\u00dfere F\u00e4higkeiten und Vorbereitung erlangen: Bewusstsein, Entschlossenheit, F\u00e4higkeit, Zur\u00fcckhaltung. F\u00fcr euch ist jetzt das Universum lediglich der Hintergrund f\u00fcr eure gro\u00dfen Probleme auf der Erde.<\/blockquote><p>Euer Verst\u00e4ndnis des Universums muss sich \u00e4ndern und realistisch werden. Die Einsicht eurer prek\u00e4ren Situation muss erkannt werden und zu einem Fundament f\u00fcr euch werden.<\/p><p>Ihr m\u00fcsst die Umwelt dieser Welt sch\u00fctzen\u2014das Klima, ihre Ressourcen\u2014oder  ihr werdet in Armut und Verzweiflung geraten, wie es sie auf dieser Welt noch nie gegeben hat. Doch solche Dinge sind unz\u00e4hlige Male im Universum passiert, mit unvermeidlichen und vorhersehbaren Konsequenzen.<\/p><p>Unsere Kulturen sind alt genug, um eine Geschichte der lokalen Ereignisse in diesem Teil der Galaxie zu haben. Wir waren in der Lage, Dinge zu sehen und zu wissen, die ihr noch nicht sehen oder direkt wissen k\u00f6nnt. Wir k\u00f6nnen euch nur diese Weisheit, diese gr\u00f6\u00dfere Perspektive geben. Denkt nicht, dass es nur eine Perspektive ist, denn es ist die Wahrheit eurer Realit\u00e4t. Es ist das, was kommt. Es ist das, was bereits hier ist.<\/p>\t\t\t\t\t\t\t\t<\/div>\t\t\t\t<\/div>\t\t\t\t\t<\/div>\t\t<\/div>\t\t\t\t\t<\/div>\t\t<\/section>\t\t\t\t<\/div><p>\t\t<\/p>","protected":false},"excerpt":{"rendered":"<p>Ihr m\u00fcsst im Universum gro\u00dfe Zur\u00fcckhaltung aus\u00fcben m\u00fcssen. Glaubt nicht, dass ihr hinausgehen und euch mit jedem treffen k\u00f6nnt, den ihr f\u00fcr interessant haltet, oder in die Welten anderer Rassen reisen k\u00f6nnt, oder dass ihr gro\u00dfartige Begegnungsst\u00e4tten findet, wo viele Rassen zur Erholung oder zu sozialen Zwecken zusammenkommen, denn das ist sicherlich nicht der Fall. [&hellip;]<\/p>\n","protected":false},"author":2,"featured_media":0,"parent":10805,"menu_order":2,"comment_status":"closed","ping_status":"closed","template":"page.php","meta":{"_acf_changed":false,"footnotes":""},"class_list":["post-10973","page","type-page","status-publish","hentry"],"acf":[],"yoast_head":"<!-- This site is optimized with the Yoast SEO plugin v26.5 - https:\/\/yoast.com\/wordpress\/plugins\/seo\/ -->\n<title>Au\u00dferirdischer Kontakt und die Bedeutung von Zur\u00fcckhaltung<\/title>\n<meta name=\"description\" content=\"Wenn wir fest entschlossen sind, fortgeschrittene Technologie von au\u00dferirdischen Rassen zu haben, werden sie mit der Zeit die Kontrolle \u00fcber die Menschheit und unsere Welt erlangen. Lerne, warum ....\" \/>\n<meta name=\"robots\" content=\"index, follow, max-snippet:-1, max-image-preview:large, max-video-preview:-1\" \/>\n<link rel=\"canonical\" href=\"https:\/\/www.alliesofhumanity.org\/de\/the-briefings\/book-four\/exercise-restraint\/\" \/>\n<meta property=\"og:locale\" content=\"de_DE\" \/>\n<meta property=\"og:type\" content=\"article\" \/>\n<meta property=\"og:title\" content=\"Au\u00dferirdischer Kontakt und die Bedeutung von Zur\u00fcckhaltung\" \/>\n<meta property=\"og:description\" content=\"Wenn wir fest entschlossen sind, fortgeschrittene Technologie von au\u00dferirdischen Rassen zu haben, werden sie mit der Zeit die Kontrolle \u00fcber die Menschheit und unsere Welt erlangen. Lerne, warum ....\" \/>\n<meta property=\"og:url\" content=\"https:\/\/www.alliesofhumanity.org\/de\/the-briefings\/book-four\/exercise-restraint\/\" \/>\n<meta property=\"og:site_name\" content=\"The Allies of Humanity\" \/>\n<meta property=\"article:publisher\" content=\"https:\/\/www.facebook.com\/alliesofhumanity\/\" \/>\n<meta property=\"article:modified_time\" content=\"2021-04-29T06:26:14+00:00\" \/>\n<meta property=\"og:image\" content=\"https:\/\/www.alliesofhumanity.org\/wp-content\/uploads\/2021\/01\/og-socialmedia-aoh.jpg\" \/>\n\t<meta property=\"og:image:width\" content=\"1200\" \/>\n\t<meta property=\"og:image:height\" content=\"630\" \/>\n\t<meta property=\"og:image:type\" content=\"image\/jpeg\" \/>\n<meta name=\"twitter:card\" content=\"summary_large_image\" \/>\n<meta name=\"twitter:title\" content=\"Au\u00dferirdischer Kontakt und die Bedeutung von Zur\u00fcckhaltung\" \/>\n<meta name=\"twitter:site\" content=\"@earthallies\" \/>\n<meta name=\"twitter:label1\" content=\"Gesch\u00e4tzte Lesezeit\" \/>\n\t<meta name=\"twitter:data1\" content=\"5\u00a0Minuten\" \/>\n<script type=\"application\/ld+json\" class=\"yoast-schema-graph\">{\"@context\":\"https:\/\/schema.org\",\"@graph\":[{\"@type\":\"WebPage\",\"@id\":\"https:\/\/www.alliesofhumanity.org\/de\/the-briefings\/book-four\/exercise-restraint\/\",\"url\":\"https:\/\/www.alliesofhumanity.org\/de\/the-briefings\/book-four\/exercise-restraint\/\",\"name\":\"Au\u00dferirdischer Kontakt und die Bedeutung von Zur\u00fcckhaltung\",\"isPartOf\":{\"@id\":\"https:\/\/www.alliesofhumanity.org\/de\/#website\"},\"datePublished\":\"2021-01-30T20:44:46+00:00\",\"dateModified\":\"2021-04-29T06:26:14+00:00\",\"description\":\"Wenn wir fest entschlossen sind, fortgeschrittene Technologie von au\u00dferirdischen Rassen zu haben, werden sie mit der Zeit die Kontrolle \u00fcber die Menschheit und unsere Welt erlangen. Lerne, warum ....\",\"breadcrumb\":{\"@id\":\"https:\/\/www.alliesofhumanity.org\/de\/the-briefings\/book-four\/exercise-restraint\/#breadcrumb\"},\"inLanguage\":\"de\",\"potentialAction\":[{\"@type\":\"ReadAction\",\"target\":[\"https:\/\/www.alliesofhumanity.org\/de\/the-briefings\/book-four\/exercise-restraint\/\"]}]},{\"@type\":\"BreadcrumbList\",\"@id\":\"https:\/\/www.alliesofhumanity.org\/de\/the-briefings\/book-four\/exercise-restraint\/#breadcrumb\",\"itemListElement\":[{\"@type\":\"ListItem\",\"position\":1,\"name\":\"Die Lageberichte\",\"item\":\"https:\/\/www.alliesofhumanity.org\/de\/the-briefings\/\"},{\"@type\":\"ListItem\",\"position\":2,\"name\":\"Buch Vier\",\"item\":\"https:\/\/www.alliesofhumanity.org\/de\/the-briefings\/book-four\/\"},{\"@type\":\"ListItem\",\"position\":3,\"name\":\"Zweiter Lagebericht: Die Bedeutung von Zur\u00fcckhaltung\"}]},{\"@type\":\"WebSite\",\"@id\":\"https:\/\/www.alliesofhumanity.org\/de\/#website\",\"url\":\"https:\/\/www.alliesofhumanity.org\/de\/\",\"name\":\"The Allies of Humanity\",\"description\":\"\",\"potentialAction\":[{\"@type\":\"SearchAction\",\"target\":{\"@type\":\"EntryPoint\",\"urlTemplate\":\"https:\/\/www.alliesofhumanity.org\/de\/?s={search_term_string}\"},\"query-input\":{\"@type\":\"PropertyValueSpecification\",\"valueRequired\":true,\"valueName\":\"search_term_string\"}}],\"inLanguage\":\"de\"}]}<\/script>\n<!-- \/ Yoast SEO plugin. -->","yoast_head_json":{"title":"Au\u00dferirdischer Kontakt und die Bedeutung von Zur\u00fcckhaltung","description":"Wenn wir fest entschlossen sind, fortgeschrittene Technologie von au\u00dferirdischen Rassen zu haben, werden sie mit der Zeit die Kontrolle \u00fcber die Menschheit und unsere Welt erlangen. Lerne, warum ....","robots":{"index":"index","follow":"follow","max-snippet":"max-snippet:-1","max-image-preview":"max-image-preview:large","max-video-preview":"max-video-preview:-1"},"canonical":"https:\/\/www.alliesofhumanity.org\/de\/the-briefings\/book-four\/exercise-restraint\/","og_locale":"de_DE","og_type":"article","og_title":"Au\u00dferirdischer Kontakt und die Bedeutung von Zur\u00fcckhaltung","og_description":"Wenn wir fest entschlossen sind, fortgeschrittene Technologie von au\u00dferirdischen Rassen zu haben, werden sie mit der Zeit die Kontrolle \u00fcber die Menschheit und unsere Welt erlangen. Lerne, warum ....","og_url":"https:\/\/www.alliesofhumanity.org\/de\/the-briefings\/book-four\/exercise-restraint\/","og_site_name":"The Allies of Humanity","article_publisher":"https:\/\/www.facebook.com\/alliesofhumanity\/","article_modified_time":"2021-04-29T06:26:14+00:00","og_image":[{"width":1200,"height":630,"url":"https:\/\/www.alliesofhumanity.org\/wp-content\/uploads\/2021\/01\/og-socialmedia-aoh.jpg","type":"image\/jpeg"}],"twitter_card":"summary_large_image","twitter_title":"Au\u00dferirdischer Kontakt und die Bedeutung von Zur\u00fcckhaltung","twitter_site":"@earthallies","twitter_misc":{"Gesch\u00e4tzte Lesezeit":"5\u00a0Minuten"},"schema":{"@context":"https:\/\/schema.org","@graph":[{"@type":"WebPage","@id":"https:\/\/www.alliesofhumanity.org\/de\/the-briefings\/book-four\/exercise-restraint\/","url":"https:\/\/www.alliesofhumanity.org\/de\/the-briefings\/book-four\/exercise-restraint\/","name":"Au\u00dferirdischer Kontakt und die Bedeutung von Zur\u00fcckhaltung","isPartOf":{"@id":"https:\/\/www.alliesofhumanity.org\/de\/#website"},"datePublished":"2021-01-30T20:44:46+00:00","dateModified":"2021-04-29T06:26:14+00:00","description":"Wenn wir fest entschlossen sind, fortgeschrittene Technologie von au\u00dferirdischen Rassen zu haben, werden sie mit der Zeit die Kontrolle \u00fcber die Menschheit und unsere Welt erlangen. Lerne, warum ....","breadcrumb":{"@id":"https:\/\/www.alliesofhumanity.org\/de\/the-briefings\/book-four\/exercise-restraint\/#breadcrumb"},"inLanguage":"de","potentialAction":[{"@type":"ReadAction","target":["https:\/\/www.alliesofhumanity.org\/de\/the-briefings\/book-four\/exercise-restraint\/"]}]},{"@type":"BreadcrumbList","@id":"https:\/\/www.alliesofhumanity.org\/de\/the-briefings\/book-four\/exercise-restraint\/#breadcrumb","itemListElement":[{"@type":"ListItem","position":1,"name":"Die Lageberichte","item":"https:\/\/www.alliesofhumanity.org\/de\/the-briefings\/"},{"@type":"ListItem","position":2,"name":"Buch Vier","item":"https:\/\/www.alliesofhumanity.org\/de\/the-briefings\/book-four\/"},{"@type":"ListItem","position":3,"name":"Zweiter Lagebericht: Die Bedeutung von Zur\u00fcckhaltung"}]},{"@type":"WebSite","@id":"https:\/\/www.alliesofhumanity.org\/de\/#website","url":"https:\/\/www.alliesofhumanity.org\/de\/","name":"The Allies of Humanity","description":"","potentialAction":[{"@type":"SearchAction","target":{"@type":"EntryPoint","urlTemplate":"https:\/\/www.alliesofhumanity.org\/de\/?s={search_term_string}"},"query-input":{"@type":"PropertyValueSpecification","valueRequired":true,"valueName":"search_term_string"}}],"inLanguage":"de"}]}},"_links":{"self":[{"href":"https:\/\/www.alliesofhumanity.org\/de\/wp-json\/wp\/v2\/pages\/10973","targetHints":{"allow":["GET"]}}],"collection":[{"href":"https:\/\/www.alliesofhumanity.org\/de\/wp-json\/wp\/v2\/pages"}],"about":[{"href":"https:\/\/www.alliesofhumanity.org\/de\/wp-json\/wp\/v2\/types\/page"}],"author":[{"embeddable":true,"href":"https:\/\/www.alliesofhumanity.org\/de\/wp-json\/wp\/v2\/users\/2"}],"replies":[{"embeddable":true,"href":"https:\/\/www.alliesofhumanity.org\/de\/wp-json\/wp\/v2\/comments?post=10973"}],"version-history":[{"count":5,"href":"https:\/\/www.alliesofhumanity.org\/de\/wp-json\/wp\/v2\/pages\/10973\/revisions"}],"predecessor-version":[{"id":14784,"href":"https:\/\/www.alliesofhumanity.org\/de\/wp-json\/wp\/v2\/pages\/10973\/revisions\/14784"}],"up":[{"embeddable":true,"href":"https:\/\/www.alliesofhumanity.org\/de\/wp-json\/wp\/v2\/pages\/10805"}],"wp:attachment":[{"href":"https:\/\/www.alliesofhumanity.org\/de\/wp-json\/wp\/v2\/media?parent=10973"}],"curies":[{"name":"wp","href":"https:\/\/api.w.org\/{rel}","templated":true}]}}