{"id":10968,"date":"2021-01-30T21:40:11","date_gmt":"2021-01-30T20:40:11","guid":{"rendered":"https:\/\/www.alliesofhumanity.org\/the-briefings\/book-four\/ah4-a-message-from-marshall-vian-summers\/"},"modified":"2021-04-29T07:22:43","modified_gmt":"2021-04-29T06:22:43","slug":"ah4-a-message-from-marshall-vian-summers","status":"publish","type":"page","link":"https:\/\/www.alliesofhumanity.org\/de\/the-briefings\/book-four\/ah4-a-message-from-marshall-vian-summers\/","title":{"rendered":"Eine Botschaft von Marshall Vian Summers"},"content":{"rendered":"\t\t<div data-elementor-type=\"wp-page\" data-elementor-id=\"10968\" class=\"elementor elementor-10968 elementor-2532\" data-elementor-post-type=\"page\">\t\t\t\t\t\t<section class=\"elementor-section elementor-top-section elementor-element elementor-element-2ad36770 elementor-section-boxed elementor-section-height-default elementor-section-height-default\" data-id=\"2ad36770\" data-element_type=\"section\">\t\t\t\t\t\t<div class=\"elementor-container elementor-column-gap-default\">\t\t\t\t\t<div class=\"elementor-column elementor-col-100 elementor-top-column elementor-element elementor-element-6727a495\" data-id=\"6727a495\" data-element_type=\"column\">\t\t\t<div class=\"elementor-widget-wrap elementor-element-populated\">\t\t\t\t\t\t<div class=\"elementor-element elementor-element-0ebbb09 elementor-widget elementor-widget-text-editor\" data-id=\"0ebbb09\" data-element_type=\"widget\" data-widget_type=\"text-editor.default\">\t\t\t\t<div class=\"elementor-widget-container\">\t\t\t\t\t\t\t\t\t<p>Es ist mir eine gro\u00dfe Freude, euch die vierte Reihe von Lageberichten der Verb\u00fcndeten der Menschheit vorzustellen. Diese Lageberichte sind Teil einer gr\u00f6\u00dferen Kommunikation von jenen Rassen in unserem lokalen Universum, die die Freiheit und Souver\u00e4nit\u00e4t der Menschheit unterst\u00fctzen, w\u00e4hrend sie zu einer &#8222;Gr\u00f6\u00dferen Gemeinschaft&#8220; des Lebens aufstrebt. Dies ist eine authentische Botschaft von einer au\u00dferirdischen Quelle, die uns vor den Gefahren einer Intervention aus der Ferne warnt und uns dazu auffordert, uns auf die Herausforderungen des Lebens im Universum vorzubereiten.<\/p><p>Die Verb\u00fcndeten der Menschheit sind eine Gruppe von Individuen aus verschiedenen Welten, die in die N\u00e4he der Erde gekommen sind, um die au\u00dferirdische Intervention zu beobachten, die in unserer Welt stattfindet, und um \u00fcber die Aktivit\u00e4ten dieser Intervention und ihre Auswirkungen auf die menschliche Rasse zu berichten.<\/p><p>Mit ihren Lageberichte enth\u00fcllen die Verb\u00fcndeten die Realit\u00e4t des Kontakts, der heute in der Welt stattfindet\u2014wer die Besucher sind, warum sie hier sind und die gr\u00f6\u00dfere Agenda hinter ihren Aktivit\u00e4ten. Indem sie dies tun, f\u00fcllen die Lageberichte viele der kritischen L\u00fccken in unserem Verst\u00e4ndnis der Realit\u00e4t au\u00dferirdischer Besuche und des UFO-Ph\u00e4nomens, die seit \u00fcber sieben Jahrzehnten im Fokus der Forschung und Untersuchung sind.<\/p><p>Die Lageberichte vermitteln uns ein klares Bild davon, wem wir begegnen, was dies f\u00fcr die Menschheit bedeutet und wie wir uns darauf vorbereiten k\u00f6nnen\u2014das gr\u00f6\u00dfte und folgenreichste Ereignis der menschlichen Geschichte. Und doch sind diese Lageberichte auch ein Geschenk, denn sie geben uns ein Fenster in die Realit\u00e4ten des Lebens in unserer lokalen Region des Weltraums, eine Vision, die wir sonst nicht haben k\u00f6nnten.<\/p><p>Die Verb\u00fcndeten sind nicht hier auf unserem Planeten, um unsere Regierungen, unsere Wissenschaft oder unsere Religionen zu beeinflussen. Stattdessen sind sie in die N\u00e4he unserer Welt gekommen, um der Intervention beizuwohnen, die auf der Erde stattfindet, und um uns eine Reihe von Lageberichten zu geben, die uns lebenswichtige Informationen dar\u00fcber enth\u00fcllen, was geschieht, warum es geschieht, was es bedeutet und was wir tun m\u00fcssen, um uns vorzubereiten. Die Verb\u00fcndeten geben diese Lageberichte nicht an Regierungen oder Menschen in Machtpositionen. Sie geben diese Lageberichte and die Menschen in unserer Welt.<\/p><p class=\"image-quote float-right\"><img decoding=\"async\" src=\"https:\/\/www.alliesofhumanity.org\/wp-content\/uploads\/2020\/08\/MVS-298x300-1.png\" alt=\"\" \/><\/p><p>Die Verb\u00fcndeten kontaktierten mich 1996 und \u00fcbergaben ihre erste Reihe von Lageberichten 1997 und 1998. Dieser erste Satz an Lageberichten wurde im Jahr 2000 als Die Lageberichte der Verb\u00fcndeten der Menschheit: Eine dringende Botschaft \u00fcber die au\u00dferirdische Anwesenheit in der heutigen Welt ver\u00f6ffentlicht. In den darauffolgenden zwei Jahren gab es keine weitere Kommunikation von den Verb\u00fcndeten.<\/p><p>Die Verb\u00fcndeten kontaktierten mich erneut im Dezember 2000 mit einem zweiten Satz an Lageberichten. Unter gro\u00dfem Zwang enth\u00fcllten sie, dass sie nach der Ver\u00f6ffentlichung ihres ersten Satzes von Lageberichten von der Intervention identifiziert und verfolgt wurden und ihren zweiten Satz von Lageberichten sofort \u00fcbermitteln mussten. Alle sechs Lageberichte wurden an einem Tag gegeben.<\/p><p>Acht Jahre sp\u00e4ter kontaktierten mich die Verb\u00fcndeten erneut mit ihren dritten Satz an Lageberichten, der nun von weit au\u00dferhalb der Welt gegeben wurde. Alle sieben Lageberichte wurden an einem Tag im Juni 2008 gegeben.<\/p><p>Und dann, acht Jahre sp\u00e4ter, kam der vierte Satz von Lageberichten. Sie wurden mir im Oktober 2016 enth\u00fcllt, wobei alle sechs Lageberichte an einem Tag gegeben wurden.<\/p><p>Ich kann mir nicht erkl\u00e4ren, warum zwischen den Lageberichten so gro\u00dfe Zeitr\u00e4ume lagen. Vielleicht waren es die Umst\u00e4nde, mit denen die Verb\u00fcndeten konfrontiert waren, nachdem sie gezwungen waren, die N\u00e4he der Erde zu verlassen. Oder vielleicht gab es gr\u00f6\u00dfere Ereignisse, die sich au\u00dferhalb unserer Welt abspielten und die Mission der Verb\u00fcndeten und derer, die sie vertreten, betrafen.<\/p><p>Alles in allem vermitteln diese Lageberichte ein Verst\u00e4ndnis und eine Perspektive, die wir als Menschen selbst nicht erlangen k\u00f6nnten, gegeben in einer Zeit der kritischen Notwendigkeit, da die fremde Anwesenheit der Intervention in der Welt w\u00e4chst und hier in einer Weise immer einflussreicher wird, die wir kaum verstehen k\u00f6nnen. Denn die Menschheit ist ahnungslos und unvorbereitet auf diese gro\u00dfe Schwelle: unsere Begegnung mit intelligentem Leben im Universum, die nicht durch unsere Reisen in den Weltraum erfolgt, sondern durch die Ankunft derer, die zu ihren eigenen Zwecken hierher gekommen sind.<\/p><p>Ich m\u00f6chte euch einen \u00dcberblick \u00fcber die ersten drei S\u00e4tze von Lageberichten geben und dann \u00fcber den vierten Satz von Lageberichten sprechen. Die ersten drei S\u00e4tze der Lageberichte enth\u00fcllen, dass die Menschheit nicht allein im Universum oder sogar innerhalb unserer eigenen Welt ist. Sie enth\u00fcllen, dass es eine au\u00dferirdische Anwesenheit in unserer Welt gibt, die hier heimlich agiert und die Menschen weltweit beeinflusst.<\/p><p>Dies ist eine Intervention von aggressiven Kr\u00e4ften in unserem lokalen Universum, die versuchen, die Kontrolle \u00fcber die Ressourcen der Welt f\u00fcr sich zu erlangen. Dies ist eine Intervention, von der wir nicht profitieren werden und der wir unterworfen sein werden, wenn wir ihren \u00dcberredungsk\u00fcnsten nachgeben.<\/p><p>Diejenigen, die in unsere Welt eingreifen, wollen, dass wir f\u00fcr sie arbeiten, denn sie k\u00f6nnen hier nicht leben. Sie k\u00f6nnen unsere Atmosph\u00e4re nicht atmen; sie k\u00f6nnen sich der biologischen Komplexit\u00e4t unserer Welt nicht stellen. Sie brauchen uns als Teil der Ressourcen der Welt. Es handelt sich um einen Prozess der Intervention und Kolonisierung, der \u00fcber einen langen Zeitraum durchgef\u00fchrt wird und ohne Gewaltanwendung erreicht werden soll.<\/p><p>Die Lageberichte sagen uns, dass die Intervention, die heute in der Welt stattfindet, bedeutet, dass unsere Isolation im Universum nun vorbei ist und dass wir bis weit in die Zukunft hinein mit dem Kontakt von intervenierenden Kr\u00e4ften konfrontiert sein werden. Der Schutz unserer Welt und unserer Souver\u00e4nit\u00e4t wird eine fortw\u00e4hrende Anforderung f\u00fcr die Zukunft sein.<\/p><p>Warum findet die Intervention jetzt statt? Die Intervention ist hier, weil wir eine Welt zerst\u00f6ren, die reich an Ressourcen ist und die sie f\u00fcr sich selbst kontrollieren wollen. Die Intervention sch\u00e4tzt die Erde und sieht zu, wie wir sie in einem rasanten Tempo zerst\u00f6ren und sch\u00e4digen. Hier sagen uns die Lageberichte, dass die Erde ein Preis ist, der von anderen in einem Universum voller unfruchtbarer Welten begehrt wird. Und die Intervention schreitet nun voran, weil wir eine Struktur des Handels und der Kommunikation geschaffen haben, die sie f\u00fcr ihre eigenen Zwecke nutzen kann.<\/p><p>In ihren Lageberichten sprechen die Verb\u00fcndeten \u00fcber die Bedeutung menschlicher Freiheit und Selbstbestimmung in einem Umfeld ungeheuer m\u00e4chtiger \u00dcberredungsk\u00fcnste und Anreize, die besonders auf eine junge Rasse ausge\u00fcbt werden, die in diese Gr\u00f6\u00dfere Gemeinschaft des Lebens aufstrebt, und wie viele andere aufstrebende Rassen im Universum der Intervention zum Opfer gefallen sind, wie wir sie jetzt erleben.<\/p><p>Wir sind auf den Kontakt mit dieser Gr\u00f6\u00dferen Gemeinschaft unvorbereitet. Denn wir k\u00f6nnen uns nur durch unsere Medien, Filme und Wissenschaft vorstellen, wie das Leben jenseits unserer Grenzen aussehen k\u00f6nnte. Aber das Bild, das die Lageberichte der Verb\u00fcndeten pr\u00e4sentieren, ist ganz anders als das, was sich die meisten Menschen heute vorstellen.<\/p><p>Die Lageberichte der Verb\u00fcndeten basieren auf den Realit\u00e4ten des Lebens in unserem lokalen Universum und stellen daher eine viel genauere Darstellung dessen dar, was tats\u00e4chlich jenseits von uns existiert. Daraus k\u00f6nnen wir erkennen, dass das Universum ein Ausdruck der gleichen Realit\u00e4t der Natur ist, die wir in unserer Welt erfahren. Dennoch ist es eine Natur, die sich in einem Ausma\u00df und einer Komplexit\u00e4t jenseits dessen abspielt, was wir uns vorstellen k\u00f6nnen.<\/p><p>Infolgedessen betonen die Lageberichte der Verb\u00fcndeten, dass wir die Realit\u00e4t der Intervention aus unserer eigenen Erfahrung der Intervention hier auf der Erde verstehen k\u00f6nnen. Unsere Geschichte hat uns die Beweise der Intervention einer Kultur \u00fcber eine andere, einer Nation \u00fcber eine andere gezeigt, wiederholt im Laufe der Zeit. Das bedeutet, dass unsere eigene Geschichte und die Weisheit der Eingeborenen uns in die Lage versetzen, eine Menge dar\u00fcber zu erfahren und zu verstehen, wer hier ist und warum sie gekommen sind.<\/p><p>Dennoch gibt es vieles, was wir nicht sehen und wissen k\u00f6nnen, wie das Leben in unserem lokalen Universum ist, was wir aber wissen m\u00fcssten, wenn wir verstehen wollen, wer unsere Welt besucht. Um zu verstehen, wer hier ist und warum sie hier sind und was das f\u00fcr uns bedeutet, m\u00fcssen wir etwas dar\u00fcber verstehen, wie das Leben im Universum um uns herum ist. Wir m\u00fcssen verstehen, was eine Intervention hierher bringen w\u00fcrde, was sie ausl\u00f6st, was sie st\u00e4rkt, was ihr Macht gibt, was ihre Macht begrenzt. Die ersten drei S\u00e4tze der Lageberichte der Verb\u00fcndeten liefern uns diese Perspektive sehr direkt.<\/p><p>Der vierte Satz von Lageberichten baut darauf auf und besch\u00e4ftigt sich mit der Freiheit im Universum, wie sie erreicht wird, wie sie aufrechterhalten wird und die Zur\u00fcckhaltung, an die sich die Menschheit halten muss, um eine freie Rasse im Universum zu werden.<\/p><p>Damit offenbaren sie die gro\u00dfe Spirituelle Koordination, die im gesamten Universum existiert, durch die der Sch\u00f6pfer allen Lebens die spirituelle Entwicklung, das Bewusstsein, die Einheit und die Freiheit im Universum unterst\u00fctzt.<\/p><p>Die Verb\u00fcndeten widmen einen ihrer Lageberichte den Netzwerken der Weisen, die Individuen in vielen verschiedenen Welten verk\u00f6rpern, die von dieser Gro\u00dfen Koordination gef\u00fchrt werden, um die Freiheit und das Wohlergehen ihrer Welt zu unterst\u00fctzen und ein riesiges Netzwerk zu schaffen, durch das Weisheit von einer Welt zur anderen \u00fcbertragen werden kann. Die Verb\u00fcndeten offenbaren, dass sie Teil dieses Netzwerks der Weisen sind.<\/p><p>In ihren Lageberichten betonen die Verb\u00fcndeten, dass wir jetzt die eingeborenen V\u00f6lker der Erde sind, die sich der Intervention von M\u00e4chten aus dem Jenseits gegen\u00fcbersehen. Dies zu erkennen erfordert Mut, Klarheit, Objektivit\u00e4t und Bewusstsein. Die Zeit f\u00fcr dieses Bewusstsein und diese Erkenntnis ist gekommen.<\/p><p>Unser Bed\u00fcrfnis ist dringend und das jetzt. Es gibt Dinge, die wir \u00fcber das Leben im Universum um uns herum und \u00fcber die Natur und den Zweck derer, die heute in unsere Welt eingreifen, wissen m\u00fcssen, die uns die Verb\u00fcndeten der Menschheit offenbaren.<\/p><p>Die Verb\u00fcndeten der Menschheit betonen, dass wir der Intervention durch Aufkl\u00e4rung, durch Bewusstseinsbildung und durch ein wachsendes menschliches B\u00fcndnis und die Erm\u00e4chtigung derjenigen, die die Aktivit\u00e4ten der Intervention sehen und davon betroffen sind, Widerstand leisten m\u00fcssen.<\/p><p>Um dies zu tun, betonen die Verb\u00fcndeten, dass wir uns auf die Macht unserer angeborenen spirituellen Intelligenz im Inneren verlassen m\u00fcssen, die &#8222;Kenntnis&#8220; genannt wird. Diese gr\u00f6\u00dfere Intelligenz ist die der Menschheit innewohnende F\u00e4higkeit, die Wahrheit jenseits von Angst und Vorliebe zu sehen und zu kennen, die Intervention als das zu sehen und zu erkennen, was sie wirklich ist.<\/p><p>Damit wir Zugang zu dieser Kenntnis erlangen k\u00f6nnen, wurde uns vom Sch\u00f6pfer allen Lebens eine Vorbereitung gegeben, die Schritte zur Kenntnis genannt wird. Dies ist der Weg der Entdeckung der Kenntnis und des Aufbaus deiner Verbindung zur Kenntnis im Kontext der Gr\u00f6\u00dferen Gemeinschaft.<\/p><p>Deshalb hei\u00dfe ich dich willkommen und ermutige dich, diese Lageberichte mit einem offenen Verstand zu erforschen, zuzulassen, dass deine Gedanken herausgefordert werden, zuzulassen, dass alte \u00dcberzeugungen \u00fcber Bord geworfen werden, wenn es n\u00f6tig ist, zuzulassen, dass dir als Person und uns allen zusammen etwas Neues, Vitales und Notwendiges gegeben wird.<\/p>\t\t\t\t\t\t\t\t<\/div>\t\t\t\t<\/div>\t\t\t\t\t<\/div>\t\t<\/div>\t\t\t\t\t<\/div>\t\t<\/section>\t\t\t\t<\/div><p>\t\t<\/p>","protected":false},"excerpt":{"rendered":"<p>Es ist mir eine gro\u00dfe Freude, euch die vierte Reihe von Lageberichten der Verb\u00fcndeten der Menschheit vorzustellen. Diese Lageberichte sind Teil einer gr\u00f6\u00dferen Kommunikation von jenen Rassen in unserem lokalen Universum, die die Freiheit und Souver\u00e4nit\u00e4t der Menschheit unterst\u00fctzen, w\u00e4hrend sie zu einer &#8222;Gr\u00f6\u00dferen Gemeinschaft&#8220; des Lebens aufstrebt. Dies ist eine authentische Botschaft von einer [&hellip;]<\/p>\n","protected":false},"author":2,"featured_media":0,"parent":10805,"menu_order":0,"comment_status":"closed","ping_status":"closed","template":"page.php","meta":{"_acf_changed":false,"footnotes":""},"class_list":["post-10968","page","type-page","status-publish","hentry"],"acf":[],"yoast_head":"<!-- This site is optimized with the Yoast SEO plugin v26.5 - https:\/\/yoast.com\/wordpress\/plugins\/seo\/ -->\n<title>Eine Botschaft von Marshall Vian Summers: Lageberichte der Verb\u00fcndeten der Menschheit<\/title>\n<meta name=\"description\" content=\"Marshall Vian Summers stellt die Lageberichte der Verb\u00fcndeten der Menschheit vor, eine authentische Botschaft aus einer au\u00dferirdischen Quelle.\" \/>\n<meta name=\"robots\" content=\"index, follow, max-snippet:-1, max-image-preview:large, max-video-preview:-1\" \/>\n<link rel=\"canonical\" href=\"https:\/\/www.alliesofhumanity.org\/de\/the-briefings\/book-four\/ah4-a-message-from-marshall-vian-summers\/\" \/>\n<meta property=\"og:locale\" content=\"de_DE\" \/>\n<meta property=\"og:type\" content=\"article\" \/>\n<meta property=\"og:title\" content=\"Eine Botschaft von Marshall Vian Summers: Lageberichte der Verb\u00fcndeten der Menschheit\" \/>\n<meta property=\"og:description\" content=\"Marshall Vian Summers stellt die Lageberichte der Verb\u00fcndeten der Menschheit vor, eine authentische Botschaft aus einer au\u00dferirdischen Quelle.\" \/>\n<meta property=\"og:url\" content=\"https:\/\/www.alliesofhumanity.org\/de\/the-briefings\/book-four\/ah4-a-message-from-marshall-vian-summers\/\" \/>\n<meta property=\"og:site_name\" content=\"The Allies of Humanity\" \/>\n<meta property=\"article:publisher\" content=\"https:\/\/www.facebook.com\/alliesofhumanity\/\" \/>\n<meta property=\"article:modified_time\" content=\"2021-04-29T06:22:43+00:00\" \/>\n<meta property=\"og:image\" content=\"https:\/\/www.alliesofhumanity.org\/wp-content\/uploads\/2021\/01\/og-socialmedia-aoh.jpg\" \/>\n\t<meta property=\"og:image:width\" content=\"1200\" \/>\n\t<meta property=\"og:image:height\" content=\"630\" \/>\n\t<meta property=\"og:image:type\" content=\"image\/jpeg\" \/>\n<meta name=\"twitter:card\" content=\"summary_large_image\" \/>\n<meta name=\"twitter:title\" content=\"Eine Botschaft von Marshall Vian Summers: Lageberichte der Verb\u00fcndeten der Menschheit\" \/>\n<meta name=\"twitter:site\" content=\"@earthallies\" \/>\n<meta name=\"twitter:label1\" content=\"Gesch\u00e4tzte Lesezeit\" \/>\n\t<meta name=\"twitter:data1\" content=\"10\u00a0Minuten\" \/>\n<script type=\"application\/ld+json\" class=\"yoast-schema-graph\">{\"@context\":\"https:\/\/schema.org\",\"@graph\":[{\"@type\":\"WebPage\",\"@id\":\"https:\/\/www.alliesofhumanity.org\/de\/the-briefings\/book-four\/ah4-a-message-from-marshall-vian-summers\/\",\"url\":\"https:\/\/www.alliesofhumanity.org\/de\/the-briefings\/book-four\/ah4-a-message-from-marshall-vian-summers\/\",\"name\":\"Eine Botschaft von Marshall Vian Summers: Lageberichte der Verb\u00fcndeten der Menschheit\",\"isPartOf\":{\"@id\":\"https:\/\/www.alliesofhumanity.org\/de\/#website\"},\"datePublished\":\"2021-01-30T20:40:11+00:00\",\"dateModified\":\"2021-04-29T06:22:43+00:00\",\"description\":\"Marshall Vian Summers stellt die Lageberichte der Verb\u00fcndeten der Menschheit vor, eine authentische Botschaft aus einer au\u00dferirdischen Quelle.\",\"breadcrumb\":{\"@id\":\"https:\/\/www.alliesofhumanity.org\/de\/the-briefings\/book-four\/ah4-a-message-from-marshall-vian-summers\/#breadcrumb\"},\"inLanguage\":\"de\",\"potentialAction\":[{\"@type\":\"ReadAction\",\"target\":[\"https:\/\/www.alliesofhumanity.org\/de\/the-briefings\/book-four\/ah4-a-message-from-marshall-vian-summers\/\"]}]},{\"@type\":\"BreadcrumbList\",\"@id\":\"https:\/\/www.alliesofhumanity.org\/de\/the-briefings\/book-four\/ah4-a-message-from-marshall-vian-summers\/#breadcrumb\",\"itemListElement\":[{\"@type\":\"ListItem\",\"position\":1,\"name\":\"Die Lageberichte\",\"item\":\"https:\/\/www.alliesofhumanity.org\/de\/the-briefings\/\"},{\"@type\":\"ListItem\",\"position\":2,\"name\":\"Buch Vier\",\"item\":\"https:\/\/www.alliesofhumanity.org\/de\/the-briefings\/book-four\/\"},{\"@type\":\"ListItem\",\"position\":3,\"name\":\"Eine Botschaft von Marshall Vian Summers\"}]},{\"@type\":\"WebSite\",\"@id\":\"https:\/\/www.alliesofhumanity.org\/de\/#website\",\"url\":\"https:\/\/www.alliesofhumanity.org\/de\/\",\"name\":\"The Allies of Humanity\",\"description\":\"\",\"potentialAction\":[{\"@type\":\"SearchAction\",\"target\":{\"@type\":\"EntryPoint\",\"urlTemplate\":\"https:\/\/www.alliesofhumanity.org\/de\/?s={search_term_string}\"},\"query-input\":{\"@type\":\"PropertyValueSpecification\",\"valueRequired\":true,\"valueName\":\"search_term_string\"}}],\"inLanguage\":\"de\"}]}<\/script>\n<!-- \/ Yoast SEO plugin. -->","yoast_head_json":{"title":"Eine Botschaft von Marshall Vian Summers: Lageberichte der Verb\u00fcndeten der Menschheit","description":"Marshall Vian Summers stellt die Lageberichte der Verb\u00fcndeten der Menschheit vor, eine authentische Botschaft aus einer au\u00dferirdischen Quelle.","robots":{"index":"index","follow":"follow","max-snippet":"max-snippet:-1","max-image-preview":"max-image-preview:large","max-video-preview":"max-video-preview:-1"},"canonical":"https:\/\/www.alliesofhumanity.org\/de\/the-briefings\/book-four\/ah4-a-message-from-marshall-vian-summers\/","og_locale":"de_DE","og_type":"article","og_title":"Eine Botschaft von Marshall Vian Summers: Lageberichte der Verb\u00fcndeten der Menschheit","og_description":"Marshall Vian Summers stellt die Lageberichte der Verb\u00fcndeten der Menschheit vor, eine authentische Botschaft aus einer au\u00dferirdischen Quelle.","og_url":"https:\/\/www.alliesofhumanity.org\/de\/the-briefings\/book-four\/ah4-a-message-from-marshall-vian-summers\/","og_site_name":"The Allies of Humanity","article_publisher":"https:\/\/www.facebook.com\/alliesofhumanity\/","article_modified_time":"2021-04-29T06:22:43+00:00","og_image":[{"width":1200,"height":630,"url":"https:\/\/www.alliesofhumanity.org\/wp-content\/uploads\/2021\/01\/og-socialmedia-aoh.jpg","type":"image\/jpeg"}],"twitter_card":"summary_large_image","twitter_title":"Eine Botschaft von Marshall Vian Summers: Lageberichte der Verb\u00fcndeten der Menschheit","twitter_site":"@earthallies","twitter_misc":{"Gesch\u00e4tzte Lesezeit":"10\u00a0Minuten"},"schema":{"@context":"https:\/\/schema.org","@graph":[{"@type":"WebPage","@id":"https:\/\/www.alliesofhumanity.org\/de\/the-briefings\/book-four\/ah4-a-message-from-marshall-vian-summers\/","url":"https:\/\/www.alliesofhumanity.org\/de\/the-briefings\/book-four\/ah4-a-message-from-marshall-vian-summers\/","name":"Eine Botschaft von Marshall Vian Summers: Lageberichte der Verb\u00fcndeten der Menschheit","isPartOf":{"@id":"https:\/\/www.alliesofhumanity.org\/de\/#website"},"datePublished":"2021-01-30T20:40:11+00:00","dateModified":"2021-04-29T06:22:43+00:00","description":"Marshall Vian Summers stellt die Lageberichte der Verb\u00fcndeten der Menschheit vor, eine authentische Botschaft aus einer au\u00dferirdischen Quelle.","breadcrumb":{"@id":"https:\/\/www.alliesofhumanity.org\/de\/the-briefings\/book-four\/ah4-a-message-from-marshall-vian-summers\/#breadcrumb"},"inLanguage":"de","potentialAction":[{"@type":"ReadAction","target":["https:\/\/www.alliesofhumanity.org\/de\/the-briefings\/book-four\/ah4-a-message-from-marshall-vian-summers\/"]}]},{"@type":"BreadcrumbList","@id":"https:\/\/www.alliesofhumanity.org\/de\/the-briefings\/book-four\/ah4-a-message-from-marshall-vian-summers\/#breadcrumb","itemListElement":[{"@type":"ListItem","position":1,"name":"Die Lageberichte","item":"https:\/\/www.alliesofhumanity.org\/de\/the-briefings\/"},{"@type":"ListItem","position":2,"name":"Buch Vier","item":"https:\/\/www.alliesofhumanity.org\/de\/the-briefings\/book-four\/"},{"@type":"ListItem","position":3,"name":"Eine Botschaft von Marshall Vian Summers"}]},{"@type":"WebSite","@id":"https:\/\/www.alliesofhumanity.org\/de\/#website","url":"https:\/\/www.alliesofhumanity.org\/de\/","name":"The Allies of Humanity","description":"","potentialAction":[{"@type":"SearchAction","target":{"@type":"EntryPoint","urlTemplate":"https:\/\/www.alliesofhumanity.org\/de\/?s={search_term_string}"},"query-input":{"@type":"PropertyValueSpecification","valueRequired":true,"valueName":"search_term_string"}}],"inLanguage":"de"}]}},"_links":{"self":[{"href":"https:\/\/www.alliesofhumanity.org\/de\/wp-json\/wp\/v2\/pages\/10968","targetHints":{"allow":["GET"]}}],"collection":[{"href":"https:\/\/www.alliesofhumanity.org\/de\/wp-json\/wp\/v2\/pages"}],"about":[{"href":"https:\/\/www.alliesofhumanity.org\/de\/wp-json\/wp\/v2\/types\/page"}],"author":[{"embeddable":true,"href":"https:\/\/www.alliesofhumanity.org\/de\/wp-json\/wp\/v2\/users\/2"}],"replies":[{"embeddable":true,"href":"https:\/\/www.alliesofhumanity.org\/de\/wp-json\/wp\/v2\/comments?post=10968"}],"version-history":[{"count":3,"href":"https:\/\/www.alliesofhumanity.org\/de\/wp-json\/wp\/v2\/pages\/10968\/revisions"}],"predecessor-version":[{"id":14796,"href":"https:\/\/www.alliesofhumanity.org\/de\/wp-json\/wp\/v2\/pages\/10968\/revisions\/14796"}],"up":[{"embeddable":true,"href":"https:\/\/www.alliesofhumanity.org\/de\/wp-json\/wp\/v2\/pages\/10805"}],"wp:attachment":[{"href":"https:\/\/www.alliesofhumanity.org\/de\/wp-json\/wp\/v2\/media?parent=10968"}],"curies":[{"name":"wp","href":"https:\/\/api.w.org\/{rel}","templated":true}]}}