{"id":10805,"date":"2021-01-28T20:22:53","date_gmt":"2021-01-28T19:22:53","guid":{"rendered":"https:\/\/www.alliesofhumanity.org\/the-briefings\/book-four\/"},"modified":"2021-04-29T07:15:54","modified_gmt":"2021-04-29T06:15:54","slug":"book-four","status":"publish","type":"page","link":"https:\/\/www.alliesofhumanity.org\/de\/the-briefings\/book-four\/","title":{"rendered":"Buch Vier"},"content":{"rendered":"<h5>Alle Lageberichte der Verb\u00fcndeten der Menschheit sind kostenfrei online verf\u00fcgbar. Beginne die Reise mit Buch Vier der Verb\u00fcndeten.<\/h5>\n<p>Die Verb\u00fcndeten der Menschheit sind eine Gruppe von Individuen aus verschiedenen Welten, die in die N\u00e4he der Erde gekommen sind, um die au\u00dferirdische Intervention zu beobachten, die in unserer Welt stattfindet, und um \u00fcber die Aktivit\u00e4ten dieser Intervention und ihre Auswirkungen auf die menschliche Rasse zu berichten.<\/p>\n<p>Durch ihre Lageberichte der Verb\u00fcndeten enth\u00fcllen sie die Realit\u00e4t des Kontaktes, der in der heutigen Welt stattfindet &#8211; wer die Besucher sind, warum sie hier sind und die gr\u00f6\u00dfere Agenda hinter ihren Aktivit\u00e4ten. Auf diese Weise f\u00fcllen die Lageberichte viele der kritischen L\u00fccken in unserem Verst\u00e4ndnis der Realit\u00e4t au\u00dferirdischer Besuche und des UFO-Ph\u00e4nomens, die seit \u00fcber sieben Jahrzehnten im Mittelpunkt der Forschung und Untersuchung stehen.<\/p>\n<p>Diese Lageberichte sind Teil einer gr\u00f6\u00dferen Kommunikation von jenen Rassen in unserem Lokaluniversum, die die Freiheit und Souver\u00e4nit\u00e4t der Menschheit unterst\u00fctzen, w\u00e4hrend sie in eine &#8222;Gr\u00f6\u00dfere Gemeinschaft&#8220; des Lebens aufstrebt. Dies ist eine authentische Botschaft von einer au\u00dferirdischen Quelle, die uns vor den Gefahren einer Intervention aus dem Jenseits warnt und uns dazu dr\u00e4ngt, uns auf die Herausforderungen des Lebens im Universum vorzubereiten.<\/p>\n<p>Klicke <a href=\"http:\/\/community.newmessage.org\/who-we-are-and-what-we-represent\" target=\"_blank\" rel=\"noopener\">hier<\/a>, um die Lageberichte in unserer Gemeinschaftsseite zu kommentieren.<\/p>\n<p><!--\n\nGet a copy of the book:\n\n\n<ul>\n \t\n\n<li>Print version: <a href=\"https:\/\/newknowledgelibrary.org\/books\/allies-of-humanity-book-four-english-print-book\/\" target=\"_blank\" rel=\"noopener\">New Knowledge Library<\/a>&nbsp;or&nbsp;<a href=\"https:\/\/www.amazon.com\/Allies-Humanity-Book-Four-Universe\/dp\/B07XV9C7GK\/ref=tmm_pap_swatch_0\" target=\"_blank\" rel=\"noopener\">Amazon<\/a>.<\/li>\n\n\n \t\n\n<li>Ebook format: <a href=\"https:\/\/newknowledgelibrary.org\/e-books\/allies-of-humanity-book-four-english-e-book\/\" target=\"_blank\" rel=\"noopener\">New Knowledge Library<\/a>, <a href=\"https:\/\/www.amazon.com\/dp\/B07XT8V7X6\/\" target=\"_blank\" rel=\"noopener\">Kindle version for just $0.99 from Amazon<\/a>, <a href=\"https:\/\/books.apple.com\/book\/the-allies-of-humanity-book-four\/id1480031070\" target=\"_blank\" rel=\"noopener\">Apple Books<\/a>&nbsp;or&nbsp;<a href=\"https:\/\/play.google.com\/store\/books\/details\/Marshall_Vian_Summers_The_Allies_of_Humanity_Book?id=VVOvDwAAQBAJ\" target=\"_blank\" rel=\"noopener\">Google Play<\/a>.<\/li>\n\n\n<\/ul>\n\n\n\n\n\n<hr>\n\n\n\n--><\/p>\n<h5>Beginne die Lageberichte Online zu lesen<\/h5>\n<p>Inhaltsverzeichnis:<\/p>\n<p><a href=\"ah4-a-message-from-marshall-vian-summers\">Eine Botschaft von Marshall Vian Summers<\/a><\/p>\n<p>Erster Lagebericht: <a href=\"allies-free-races\">Wer wir sind und was wir vertreten<\/a><\/p>\n<p>Zweiter Lagebericht: <a href=\"exercise-restraint\">Die Bedeutung der Zur\u00fcckhaltung<\/a><\/p>\n<p>Dritter Lagebericht: <a href=\"free-nations-universe\">Freiheit im Universum<br \/>\n<\/a><\/p>\n<p>Vierter Lagebericht: <a href=\"higher-powers\">H\u00f6here M\u00e4chte<\/a><\/p>\n<p>F\u00fcnfter Lagebericht: <a href=\"secure-freedom\">Die Gro\u00dfe Koordination<\/a><\/p>\n<p>Sechster Lagebericht: <a href=\"networks-wise\">Die Netzwerke der Weisen<\/a><\/p>\n<p><a href=\"\/de\/briefings\/12-point-summary-of-the-allies-of-humanity-briefings\">12-Punkte Zusammenfassung der Lageberichte der Verb\u00fcndeten der Menschheit<\/a><\/p>\n<hr \/>\n<p>Die Society for the New Message stellt jetzt alle vier B\u00e4nde von den <em>Verb\u00fcndeten der Menschheit<\/em> kostenlos online zur Verf\u00fcgung. Wir tun dies, damit diese Botschaft so viele Menschen wie m\u00f6glich erreichen kann, sowohl an der Basis als auch in Positionen politischer, wirtschaftlicher und religi\u00f6ser Macht.<\/p>\n","protected":false},"excerpt":{"rendered":"<p>Alle Lageberichte der Verb\u00fcndeten der Menschheit sind kostenfrei online verf\u00fcgbar. Beginne die Reise mit Buch Vier der Verb\u00fcndeten. Die Verb\u00fcndeten der Menschheit sind eine Gruppe von Individuen aus verschiedenen Welten, die in die N\u00e4he der Erde gekommen sind, um die au\u00dferirdische Intervention zu beobachten, die in unserer Welt stattfindet, und um \u00fcber die Aktivit\u00e4ten dieser [&hellip;]<\/p>\n","protected":false},"author":2,"featured_media":0,"parent":10717,"menu_order":4,"comment_status":"closed","ping_status":"closed","template":"page-book-start.php","meta":{"_acf_changed":false,"footnotes":""},"class_list":["post-10805","page","type-page","status-publish","hentry"],"acf":[],"yoast_head":"<!-- This site is optimized with the Yoast SEO plugin v26.5 - https:\/\/yoast.com\/wordpress\/plugins\/seo\/ -->\n<title>Die Verb\u00fcndeten der Menschheit Buch Vier: Die Verb\u00fcndeten der Menschheit<\/title>\n<meta name=\"description\" content=\"Wie die Menschheit ihre Freiheit im Universum erreichen und bewahren kann, im Angesicht des Kontakts mit au\u00dferirdischem Leben.\" \/>\n<meta name=\"robots\" content=\"index, follow, max-snippet:-1, max-image-preview:large, max-video-preview:-1\" \/>\n<link rel=\"canonical\" href=\"https:\/\/www.alliesofhumanity.org\/de\/the-briefings\/book-four\/\" \/>\n<meta property=\"og:locale\" content=\"de_DE\" \/>\n<meta property=\"og:type\" content=\"article\" \/>\n<meta property=\"og:title\" content=\"Die Verb\u00fcndeten der Menschheit Buch Vier: Die Verb\u00fcndeten der Menschheit\" \/>\n<meta property=\"og:description\" content=\"Wie die Menschheit ihre Freiheit im Universum erreichen und bewahren kann, im Angesicht des Kontakts mit au\u00dferirdischem Leben.\" \/>\n<meta property=\"og:url\" content=\"https:\/\/www.alliesofhumanity.org\/de\/the-briefings\/book-four\/\" \/>\n<meta property=\"og:site_name\" content=\"The Allies of Humanity\" \/>\n<meta property=\"article:publisher\" content=\"https:\/\/www.facebook.com\/alliesofhumanity\/\" \/>\n<meta property=\"article:modified_time\" content=\"2021-04-29T06:15:54+00:00\" \/>\n<meta property=\"og:image\" content=\"https:\/\/www.alliesofhumanity.org\/wp-content\/uploads\/2021\/01\/og-socialmedia-aoh.jpg\" \/>\n\t<meta property=\"og:image:width\" content=\"1200\" \/>\n\t<meta property=\"og:image:height\" content=\"630\" \/>\n\t<meta property=\"og:image:type\" content=\"image\/jpeg\" \/>\n<meta name=\"twitter:card\" content=\"summary_large_image\" \/>\n<meta name=\"twitter:title\" content=\"Die Verb\u00fcndeten der Menschheit Buch Vier: Die Verb\u00fcndeten der Menschheit\" \/>\n<meta name=\"twitter:site\" content=\"@earthallies\" \/>\n<meta name=\"twitter:label1\" content=\"Gesch\u00e4tzte Lesezeit\" \/>\n\t<meta name=\"twitter:data1\" content=\"2\u00a0Minuten\" \/>\n<script type=\"application\/ld+json\" class=\"yoast-schema-graph\">{\"@context\":\"https:\/\/schema.org\",\"@graph\":[{\"@type\":\"WebPage\",\"@id\":\"https:\/\/www.alliesofhumanity.org\/de\/the-briefings\/book-four\/\",\"url\":\"https:\/\/www.alliesofhumanity.org\/de\/the-briefings\/book-four\/\",\"name\":\"Die Verb\u00fcndeten der Menschheit Buch Vier: Die Verb\u00fcndeten der Menschheit\",\"isPartOf\":{\"@id\":\"https:\/\/www.alliesofhumanity.org\/de\/#website\"},\"datePublished\":\"2021-01-28T19:22:53+00:00\",\"dateModified\":\"2021-04-29T06:15:54+00:00\",\"description\":\"Wie die Menschheit ihre Freiheit im Universum erreichen und bewahren kann, im Angesicht des Kontakts mit au\u00dferirdischem Leben.\",\"breadcrumb\":{\"@id\":\"https:\/\/www.alliesofhumanity.org\/de\/the-briefings\/book-four\/#breadcrumb\"},\"inLanguage\":\"de\",\"potentialAction\":[{\"@type\":\"ReadAction\",\"target\":[\"https:\/\/www.alliesofhumanity.org\/de\/the-briefings\/book-four\/\"]}]},{\"@type\":\"BreadcrumbList\",\"@id\":\"https:\/\/www.alliesofhumanity.org\/de\/the-briefings\/book-four\/#breadcrumb\",\"itemListElement\":[{\"@type\":\"ListItem\",\"position\":1,\"name\":\"Die Lageberichte\",\"item\":\"https:\/\/www.alliesofhumanity.org\/de\/the-briefings\/\"},{\"@type\":\"ListItem\",\"position\":2,\"name\":\"Buch Vier\"}]},{\"@type\":\"WebSite\",\"@id\":\"https:\/\/www.alliesofhumanity.org\/de\/#website\",\"url\":\"https:\/\/www.alliesofhumanity.org\/de\/\",\"name\":\"The Allies of Humanity\",\"description\":\"\",\"potentialAction\":[{\"@type\":\"SearchAction\",\"target\":{\"@type\":\"EntryPoint\",\"urlTemplate\":\"https:\/\/www.alliesofhumanity.org\/de\/?s={search_term_string}\"},\"query-input\":{\"@type\":\"PropertyValueSpecification\",\"valueRequired\":true,\"valueName\":\"search_term_string\"}}],\"inLanguage\":\"de\"}]}<\/script>\n<!-- \/ Yoast SEO plugin. -->","yoast_head_json":{"title":"Die Verb\u00fcndeten der Menschheit Buch Vier: Die Verb\u00fcndeten der Menschheit","description":"Wie die Menschheit ihre Freiheit im Universum erreichen und bewahren kann, im Angesicht des Kontakts mit au\u00dferirdischem Leben.","robots":{"index":"index","follow":"follow","max-snippet":"max-snippet:-1","max-image-preview":"max-image-preview:large","max-video-preview":"max-video-preview:-1"},"canonical":"https:\/\/www.alliesofhumanity.org\/de\/the-briefings\/book-four\/","og_locale":"de_DE","og_type":"article","og_title":"Die Verb\u00fcndeten der Menschheit Buch Vier: Die Verb\u00fcndeten der Menschheit","og_description":"Wie die Menschheit ihre Freiheit im Universum erreichen und bewahren kann, im Angesicht des Kontakts mit au\u00dferirdischem Leben.","og_url":"https:\/\/www.alliesofhumanity.org\/de\/the-briefings\/book-four\/","og_site_name":"The Allies of Humanity","article_publisher":"https:\/\/www.facebook.com\/alliesofhumanity\/","article_modified_time":"2021-04-29T06:15:54+00:00","og_image":[{"width":1200,"height":630,"url":"https:\/\/www.alliesofhumanity.org\/wp-content\/uploads\/2021\/01\/og-socialmedia-aoh.jpg","type":"image\/jpeg"}],"twitter_card":"summary_large_image","twitter_title":"Die Verb\u00fcndeten der Menschheit Buch Vier: Die Verb\u00fcndeten der Menschheit","twitter_site":"@earthallies","twitter_misc":{"Gesch\u00e4tzte Lesezeit":"2\u00a0Minuten"},"schema":{"@context":"https:\/\/schema.org","@graph":[{"@type":"WebPage","@id":"https:\/\/www.alliesofhumanity.org\/de\/the-briefings\/book-four\/","url":"https:\/\/www.alliesofhumanity.org\/de\/the-briefings\/book-four\/","name":"Die Verb\u00fcndeten der Menschheit Buch Vier: Die Verb\u00fcndeten der Menschheit","isPartOf":{"@id":"https:\/\/www.alliesofhumanity.org\/de\/#website"},"datePublished":"2021-01-28T19:22:53+00:00","dateModified":"2021-04-29T06:15:54+00:00","description":"Wie die Menschheit ihre Freiheit im Universum erreichen und bewahren kann, im Angesicht des Kontakts mit au\u00dferirdischem Leben.","breadcrumb":{"@id":"https:\/\/www.alliesofhumanity.org\/de\/the-briefings\/book-four\/#breadcrumb"},"inLanguage":"de","potentialAction":[{"@type":"ReadAction","target":["https:\/\/www.alliesofhumanity.org\/de\/the-briefings\/book-four\/"]}]},{"@type":"BreadcrumbList","@id":"https:\/\/www.alliesofhumanity.org\/de\/the-briefings\/book-four\/#breadcrumb","itemListElement":[{"@type":"ListItem","position":1,"name":"Die Lageberichte","item":"https:\/\/www.alliesofhumanity.org\/de\/the-briefings\/"},{"@type":"ListItem","position":2,"name":"Buch Vier"}]},{"@type":"WebSite","@id":"https:\/\/www.alliesofhumanity.org\/de\/#website","url":"https:\/\/www.alliesofhumanity.org\/de\/","name":"The Allies of Humanity","description":"","potentialAction":[{"@type":"SearchAction","target":{"@type":"EntryPoint","urlTemplate":"https:\/\/www.alliesofhumanity.org\/de\/?s={search_term_string}"},"query-input":{"@type":"PropertyValueSpecification","valueRequired":true,"valueName":"search_term_string"}}],"inLanguage":"de"}]}},"_links":{"self":[{"href":"https:\/\/www.alliesofhumanity.org\/de\/wp-json\/wp\/v2\/pages\/10805","targetHints":{"allow":["GET"]}}],"collection":[{"href":"https:\/\/www.alliesofhumanity.org\/de\/wp-json\/wp\/v2\/pages"}],"about":[{"href":"https:\/\/www.alliesofhumanity.org\/de\/wp-json\/wp\/v2\/types\/page"}],"author":[{"embeddable":true,"href":"https:\/\/www.alliesofhumanity.org\/de\/wp-json\/wp\/v2\/users\/2"}],"replies":[{"embeddable":true,"href":"https:\/\/www.alliesofhumanity.org\/de\/wp-json\/wp\/v2\/comments?post=10805"}],"version-history":[{"count":4,"href":"https:\/\/www.alliesofhumanity.org\/de\/wp-json\/wp\/v2\/pages\/10805\/revisions"}],"predecessor-version":[{"id":14799,"href":"https:\/\/www.alliesofhumanity.org\/de\/wp-json\/wp\/v2\/pages\/10805\/revisions\/14799"}],"up":[{"embeddable":true,"href":"https:\/\/www.alliesofhumanity.org\/de\/wp-json\/wp\/v2\/pages\/10717"}],"wp:attachment":[{"href":"https:\/\/www.alliesofhumanity.org\/de\/wp-json\/wp\/v2\/media?parent=10805"}],"curies":[{"name":"wp","href":"https:\/\/api.w.org\/{rel}","templated":true}]}}