{"id":10803,"date":"2021-01-28T20:15:21","date_gmt":"2021-01-28T19:15:21","guid":{"rendered":"https:\/\/www.alliesofhumanity.org\/the-briefings\/book-three\/"},"modified":"2021-04-29T06:50:52","modified_gmt":"2021-04-29T05:50:52","slug":"book-three","status":"publish","type":"page","link":"https:\/\/www.alliesofhumanity.org\/de\/the-briefings\/book-three\/","title":{"rendered":"Buch Drei"},"content":{"rendered":"<h5>Alle Lageberichte der Verb\u00fcndeten der Menschheit sind kostenfrei online verf\u00fcgbar. Beginne die Reise mit Buch Drei der Verb\u00fcndeten.<\/h5>\n<p>Der Lagebericht der Verb\u00fcndeten der Menschheit Buch Drei enth\u00e4lt den dritten Satz von &#8222;Lageberichten&#8220; aus einer mysteri\u00f6sen au\u00dferplanetarischen Quelle, deren erkl\u00e4rter Zweck es ist, die menschliche Familie auf die Realit\u00e4ten des Lebens in unserem Lokaluniversum auszurichten und uns vor einer gef\u00e4hrlichen Intervention zu warnen, die gegenw\u00e4rtig hier auf der Erde stattfindet.<\/p>\n<p>Die Lageberichte der Verb\u00fcndeten der Menschheit sind eine echte Mitteilung einer Gruppe, die behauptet, die &#8222;freien Rassen&#8220; in unserer lokalen Region des Weltraums zu vertreten. Die Verb\u00fcndeten unterscheiden sich von jenen Rassen, die heute in der Welt intervenieren. Sie warnen uns vor der Anwesenheit dieser Intervention und betonen, dass keine fremde Rasse unsere Welt besuchen sollte, weder jetzt noch in Zukunft, solange die Menschheit nicht die St\u00e4rke, Einheit und Reife erlangt hat, die notwendig sind, um sich erfolgreich mit einer Gr\u00f6\u00dferen Gemeinschaft intelligenten Lebens im Universum auseinanderzusetzen.<\/p>\n<p>Ob die Menschheit dies jemals erreichen kann, ist ungewiss, und doch sagen uns die Verb\u00fcndeten, dass die Intervention in unsere Welt bereits von mehreren nichtmilit\u00e4rischen Rassen begonnen hat, die mit tr\u00fcgerischen und \u00fcberredungsreichen Mitteln versuchen, ihren Einfluss und ihre Vorherrschaft in unserer Welt zu etablieren.<\/p>\n<p>Die Lageberichte zeigen, dass wir uns in der ungl\u00fccklichen Lage befinden, die Rasse zu sein, die entdeckt wird. Die Geschichte hat uns die Gefahr und die Trag\u00f6die gelehrt, der die Eingeborenen ausgesetzt waren, als sie zum ersten Mal auf Kr\u00e4fte von au\u00dfen trafen. Jetzt sind wir alle die Ureinwohner einer neuen Welt, und die Gefahr einer Intervention steht uns bevor. Infolgedessen fordern uns die Verb\u00fcndeten auf, gen\u00fcgend menschliche Einheit unter den St\u00e4mmen, Nationen und Religionen der Erde zu schaffen, damit wir unsere Freiheit in einem nichtmenschlichen Universum sch\u00fctzen k\u00f6nnen.<\/p>\n<p>Marshall Vian Summers erhielt diese einzigartige Mitteilung der Verb\u00fcndeten der Menschheit in einem Zustand der Offenbarung, der im November 1997 begann. In den Jahren danach haben die Verb\u00fcndeten der Menschheit drei S\u00e4tze von Lageberichten gegeben. Das Buch Drei der Verb\u00fcndeten der Menschheit stellt ihre j\u00fcngste Mitteilung an die Erde dar.<\/p>\n<p>Mit den Lageberichten der Verb\u00fcndeten erhalten wir zum ersten Mal einen Einblick in die Realit\u00e4t des Lebens jenseits unserer Welt, eine Sichtweise, die wir sonst nie gehabt h\u00e4tten. Dies schafft einen gr\u00f6\u00dferen Kontext f\u00fcr das Verst\u00e4ndnis, warum die Intervention stattfindet, wer sie hervorbringt und was die Menschheit wissen muss, um die menschliche Freiheit und Souver\u00e4nit\u00e4t zu bewahren und aufzubauen, damit wir unsere Bestimmung als freie Rasse im Universum erf\u00fcllen k\u00f6nnen.<\/p>\n<p><!--\n\n\n<p>Get a copy of the book:<\/p>\n\n\n\n\n<ul>\n\n\n<li>Print version: not available currently.<\/li>\n\n\n\n\n<li>Ebook format: <a href=\"https:\/\/newknowledgelibrary.org\/e-books\/the-allies-of-humanity-book-three-english-ebook\/\" target=\"_blank\" rel=\"noopener\">New Knowledge Library<\/a>, <a href=\"https:\/\/www.amazon.com\/Allies-Humanity-Book-Three-ebook\/dp\/B0078VIQTG\" target=\"_blank\" rel=\"noopener\">Kindle version on Amazon<\/a>, <a href=\"https:\/\/books.apple.com\/us\/book\/the-allies-of-humanity-book-three\/id894110421\" target=\"_blank\" rel=\"noopener\">Apple Books<\/a> or <a href=\"https:\/\/play.google.com\/store\/books\/details\/Marshall_Vian_Summers_The_Allies_of_Humanity_Book?id=7Uu_YwzD4HMC\" target=\"_blank\" rel=\"noopener\">Google Play<\/a>.<\/li>\n\n\n<\/ul>\n\n\n\n\n<hr>\n\n\n--><\/p>\n<h5>Beginne die Lageberichte Online zu lesen<\/h5>\n<p>Inhaltsverzeichnis:<\/p>\n<p><a href=\"contact-with-extraterestrial-races\">Erster Lagebericht: Die Realit\u00e4t des Kontakts<br \/>\n<\/a><\/p>\n<p><a href=\"requirements-freedom-universe\">Zweiter Lagebericht: Die Voraussetzungen f\u00fcr Freiheit im Universum<\/a><\/p>\n<p><a href=\"alien-intervention\">Dritter Lagebericht: Die Mittel der Intervention<\/a><\/p>\n<p><a href=\"hidden-powers\">Vierter Lagebericht: Verborgene M\u00e4chte<\/a><\/p>\n<p><a href=\"voices-universe-messages-space\">F\u00fcnfter Lagebericht: Viele Stimmen im Universum<\/a><\/p>\n<p><a href=\"Life-Beyond-Earth\">Sechster Lagebericht: Realit\u00e4ten der Gr\u00f6\u00dferen Gemeinschaft<\/a><\/p>\n<p><a href=\"questions-about-aliens\">Siebter Lagebericht: Fragen und Antworten<br \/>\n<\/a><\/p>\n<p>Die Society for the New Message stellt jetzt alle vier B\u00e4nde von den <em>Verb\u00fcndeten der Menschheit<\/em> kostenlos online zur Verf\u00fcgung. Wir tun dies, damit diese Botschaft so viele Menschen wie m\u00f6glich erreichen kann, sowohl an der Basis als auch in Positionen politischer, wirtschaftlicher und religi\u00f6ser Macht.<\/p>\n","protected":false},"excerpt":{"rendered":"<p>Alle Lageberichte der Verb\u00fcndeten der Menschheit sind kostenfrei online verf\u00fcgbar. Beginne die Reise mit Buch Drei der Verb\u00fcndeten. Der Lagebericht der Verb\u00fcndeten der Menschheit Buch Drei enth\u00e4lt den dritten Satz von &#8222;Lageberichten&#8220; aus einer mysteri\u00f6sen au\u00dferplanetarischen Quelle, deren erkl\u00e4rter Zweck es ist, die menschliche Familie auf die Realit\u00e4ten des Lebens in unserem Lokaluniversum auszurichten und [&hellip;]<\/p>\n","protected":false},"author":2,"featured_media":0,"parent":10717,"menu_order":3,"comment_status":"closed","ping_status":"closed","template":"page-book-start.php","meta":{"_acf_changed":false,"footnotes":""},"class_list":["post-10803","page","type-page","status-publish","hentry"],"acf":[],"yoast_head":"<!-- This site is optimized with the Yoast SEO plugin v26.5 - https:\/\/yoast.com\/wordpress\/plugins\/seo\/ -->\n<title>Die Verb\u00fcndeten der Menschheit Buch Drei: Eine Botschaft f\u00fcr die Erde<\/title>\n<meta name=\"description\" content=\"Die Verb\u00fcndeten der Menschheit sprechen \u00fcber die Realit\u00e4ten des Lebens - Handel und Wirtschaft, Interaktionen - die in unserer Nachbarschaft im Weltraum existieren.\" \/>\n<meta name=\"robots\" content=\"index, follow, max-snippet:-1, max-image-preview:large, max-video-preview:-1\" \/>\n<link rel=\"canonical\" href=\"https:\/\/www.alliesofhumanity.org\/de\/the-briefings\/book-three\/\" \/>\n<meta property=\"og:locale\" content=\"de_DE\" \/>\n<meta property=\"og:type\" content=\"article\" \/>\n<meta property=\"og:title\" content=\"Die Verb\u00fcndeten der Menschheit Buch Drei: Eine Botschaft f\u00fcr die Erde\" \/>\n<meta property=\"og:description\" content=\"Die Verb\u00fcndeten der Menschheit sprechen \u00fcber die Realit\u00e4ten des Lebens - Handel und Wirtschaft, Interaktionen - die in unserer Nachbarschaft im Weltraum existieren.\" \/>\n<meta property=\"og:url\" content=\"https:\/\/www.alliesofhumanity.org\/de\/the-briefings\/book-three\/\" \/>\n<meta property=\"og:site_name\" content=\"The Allies of Humanity\" \/>\n<meta property=\"article:publisher\" content=\"https:\/\/www.facebook.com\/alliesofhumanity\/\" \/>\n<meta property=\"article:modified_time\" content=\"2021-04-29T05:50:52+00:00\" \/>\n<meta property=\"og:image\" content=\"https:\/\/www.alliesofhumanity.org\/wp-content\/uploads\/2021\/01\/og-socialmedia-aoh.jpg\" \/>\n\t<meta property=\"og:image:width\" content=\"1200\" \/>\n\t<meta property=\"og:image:height\" content=\"630\" \/>\n\t<meta property=\"og:image:type\" content=\"image\/jpeg\" \/>\n<meta name=\"twitter:card\" content=\"summary_large_image\" \/>\n<meta name=\"twitter:title\" content=\"Die Verb\u00fcndeten der Menschheit Buch Drei: Eine Botschaft f\u00fcr die Erde\" \/>\n<meta name=\"twitter:site\" content=\"@earthallies\" \/>\n<meta name=\"twitter:label1\" content=\"Gesch\u00e4tzte Lesezeit\" \/>\n\t<meta name=\"twitter:data1\" content=\"3\u00a0Minuten\" \/>\n<script type=\"application\/ld+json\" class=\"yoast-schema-graph\">{\"@context\":\"https:\/\/schema.org\",\"@graph\":[{\"@type\":\"WebPage\",\"@id\":\"https:\/\/www.alliesofhumanity.org\/de\/the-briefings\/book-three\/\",\"url\":\"https:\/\/www.alliesofhumanity.org\/de\/the-briefings\/book-three\/\",\"name\":\"Die Verb\u00fcndeten der Menschheit Buch Drei: Eine Botschaft f\u00fcr die Erde\",\"isPartOf\":{\"@id\":\"https:\/\/www.alliesofhumanity.org\/de\/#website\"},\"datePublished\":\"2021-01-28T19:15:21+00:00\",\"dateModified\":\"2021-04-29T05:50:52+00:00\",\"description\":\"Die Verb\u00fcndeten der Menschheit sprechen \u00fcber die Realit\u00e4ten des Lebens - Handel und Wirtschaft, Interaktionen - die in unserer Nachbarschaft im Weltraum existieren.\",\"breadcrumb\":{\"@id\":\"https:\/\/www.alliesofhumanity.org\/de\/the-briefings\/book-three\/#breadcrumb\"},\"inLanguage\":\"de\",\"potentialAction\":[{\"@type\":\"ReadAction\",\"target\":[\"https:\/\/www.alliesofhumanity.org\/de\/the-briefings\/book-three\/\"]}]},{\"@type\":\"BreadcrumbList\",\"@id\":\"https:\/\/www.alliesofhumanity.org\/de\/the-briefings\/book-three\/#breadcrumb\",\"itemListElement\":[{\"@type\":\"ListItem\",\"position\":1,\"name\":\"Die Lageberichte\",\"item\":\"https:\/\/www.alliesofhumanity.org\/de\/the-briefings\/\"},{\"@type\":\"ListItem\",\"position\":2,\"name\":\"Buch Drei\"}]},{\"@type\":\"WebSite\",\"@id\":\"https:\/\/www.alliesofhumanity.org\/de\/#website\",\"url\":\"https:\/\/www.alliesofhumanity.org\/de\/\",\"name\":\"The Allies of Humanity\",\"description\":\"\",\"potentialAction\":[{\"@type\":\"SearchAction\",\"target\":{\"@type\":\"EntryPoint\",\"urlTemplate\":\"https:\/\/www.alliesofhumanity.org\/de\/?s={search_term_string}\"},\"query-input\":{\"@type\":\"PropertyValueSpecification\",\"valueRequired\":true,\"valueName\":\"search_term_string\"}}],\"inLanguage\":\"de\"}]}<\/script>\n<!-- \/ Yoast SEO plugin. -->","yoast_head_json":{"title":"Die Verb\u00fcndeten der Menschheit Buch Drei: Eine Botschaft f\u00fcr die Erde","description":"Die Verb\u00fcndeten der Menschheit sprechen \u00fcber die Realit\u00e4ten des Lebens - Handel und Wirtschaft, Interaktionen - die in unserer Nachbarschaft im Weltraum existieren.","robots":{"index":"index","follow":"follow","max-snippet":"max-snippet:-1","max-image-preview":"max-image-preview:large","max-video-preview":"max-video-preview:-1"},"canonical":"https:\/\/www.alliesofhumanity.org\/de\/the-briefings\/book-three\/","og_locale":"de_DE","og_type":"article","og_title":"Die Verb\u00fcndeten der Menschheit Buch Drei: Eine Botschaft f\u00fcr die Erde","og_description":"Die Verb\u00fcndeten der Menschheit sprechen \u00fcber die Realit\u00e4ten des Lebens - Handel und Wirtschaft, Interaktionen - die in unserer Nachbarschaft im Weltraum existieren.","og_url":"https:\/\/www.alliesofhumanity.org\/de\/the-briefings\/book-three\/","og_site_name":"The Allies of Humanity","article_publisher":"https:\/\/www.facebook.com\/alliesofhumanity\/","article_modified_time":"2021-04-29T05:50:52+00:00","og_image":[{"width":1200,"height":630,"url":"https:\/\/www.alliesofhumanity.org\/wp-content\/uploads\/2021\/01\/og-socialmedia-aoh.jpg","type":"image\/jpeg"}],"twitter_card":"summary_large_image","twitter_title":"Die Verb\u00fcndeten der Menschheit Buch Drei: Eine Botschaft f\u00fcr die Erde","twitter_site":"@earthallies","twitter_misc":{"Gesch\u00e4tzte Lesezeit":"3\u00a0Minuten"},"schema":{"@context":"https:\/\/schema.org","@graph":[{"@type":"WebPage","@id":"https:\/\/www.alliesofhumanity.org\/de\/the-briefings\/book-three\/","url":"https:\/\/www.alliesofhumanity.org\/de\/the-briefings\/book-three\/","name":"Die Verb\u00fcndeten der Menschheit Buch Drei: Eine Botschaft f\u00fcr die Erde","isPartOf":{"@id":"https:\/\/www.alliesofhumanity.org\/de\/#website"},"datePublished":"2021-01-28T19:15:21+00:00","dateModified":"2021-04-29T05:50:52+00:00","description":"Die Verb\u00fcndeten der Menschheit sprechen \u00fcber die Realit\u00e4ten des Lebens - Handel und Wirtschaft, Interaktionen - die in unserer Nachbarschaft im Weltraum existieren.","breadcrumb":{"@id":"https:\/\/www.alliesofhumanity.org\/de\/the-briefings\/book-three\/#breadcrumb"},"inLanguage":"de","potentialAction":[{"@type":"ReadAction","target":["https:\/\/www.alliesofhumanity.org\/de\/the-briefings\/book-three\/"]}]},{"@type":"BreadcrumbList","@id":"https:\/\/www.alliesofhumanity.org\/de\/the-briefings\/book-three\/#breadcrumb","itemListElement":[{"@type":"ListItem","position":1,"name":"Die Lageberichte","item":"https:\/\/www.alliesofhumanity.org\/de\/the-briefings\/"},{"@type":"ListItem","position":2,"name":"Buch Drei"}]},{"@type":"WebSite","@id":"https:\/\/www.alliesofhumanity.org\/de\/#website","url":"https:\/\/www.alliesofhumanity.org\/de\/","name":"The Allies of Humanity","description":"","potentialAction":[{"@type":"SearchAction","target":{"@type":"EntryPoint","urlTemplate":"https:\/\/www.alliesofhumanity.org\/de\/?s={search_term_string}"},"query-input":{"@type":"PropertyValueSpecification","valueRequired":true,"valueName":"search_term_string"}}],"inLanguage":"de"}]}},"_links":{"self":[{"href":"https:\/\/www.alliesofhumanity.org\/de\/wp-json\/wp\/v2\/pages\/10803","targetHints":{"allow":["GET"]}}],"collection":[{"href":"https:\/\/www.alliesofhumanity.org\/de\/wp-json\/wp\/v2\/pages"}],"about":[{"href":"https:\/\/www.alliesofhumanity.org\/de\/wp-json\/wp\/v2\/types\/page"}],"author":[{"embeddable":true,"href":"https:\/\/www.alliesofhumanity.org\/de\/wp-json\/wp\/v2\/users\/2"}],"replies":[{"embeddable":true,"href":"https:\/\/www.alliesofhumanity.org\/de\/wp-json\/wp\/v2\/comments?post=10803"}],"version-history":[{"count":2,"href":"https:\/\/www.alliesofhumanity.org\/de\/wp-json\/wp\/v2\/pages\/10803\/revisions"}],"predecessor-version":[{"id":13613,"href":"https:\/\/www.alliesofhumanity.org\/de\/wp-json\/wp\/v2\/pages\/10803\/revisions\/13613"}],"up":[{"embeddable":true,"href":"https:\/\/www.alliesofhumanity.org\/de\/wp-json\/wp\/v2\/pages\/10717"}],"wp:attachment":[{"href":"https:\/\/www.alliesofhumanity.org\/de\/wp-json\/wp\/v2\/media?parent=10803"}],"curies":[{"name":"wp","href":"https:\/\/api.w.org\/{rel}","templated":true}]}}