{"id":10797,"date":"2021-01-28T19:52:54","date_gmt":"2021-01-28T18:52:54","guid":{"rendered":"https:\/\/www.alliesofhumanity.org\/the-briefings\/book-two\/"},"modified":"2021-05-21T19:30:59","modified_gmt":"2021-05-21T18:30:59","slug":"book-two","status":"publish","type":"page","link":"https:\/\/www.alliesofhumanity.org\/de\/the-briefings\/book-two\/","title":{"rendered":"Buch Zwei"},"content":{"rendered":"<h5>Alle Lageberichte der Verb\u00fcndeten der Menschheit sind kostenfrei online verf\u00fcgbar. Beginne die Reise mit Buch Zwei der Verb\u00fcndeten.<\/h5>\n<p>In diesem zweiten Satz von Lageberichten m\u00f6chten uns die Verb\u00fcndeten der Menschheit ein gr\u00f6\u00dferes Verst\u00e4ndnis und eine gr\u00f6\u00dfere Vision davon vermitteln, wie das Leben im Universum um uns herum wirklich ist. Unsere Verb\u00fcndeten in der Ferne m\u00f6chten uns vor den gro\u00dfen Risiken warnen, denen wir jetzt gegen\u00fcberstehen, den Risiken des Eintritts in die Gr\u00f6\u00dfere Gemeinschaft. Sie wollen uns zeigen, dass wir unsere Freiheit und unsere Integrit\u00e4t als Rasse bewahren m\u00fcssen, w\u00e4hrend wir diesen schwierigen und langwierigen \u00dcbergang durchlaufen.<\/p>\n<p><!--\n\nGet a copy of the book:\n\n\n<ul>\n \t\n\n<li>Print version: <a href=\"https:\/\/newknowledgelibrary.org\/books\/the-allies-of-humanity-book-two-english-print-book\/\" target=\"_blank\" rel=\"noopener\">New Knowledge Library<\/a> or <a href=\"https:\/\/www.amazon.com\/Allies-Humanity-Book-Marshall-Summers\/dp\/1884238378\" target=\"_blank\" rel=\"noopener\">Amazon<\/a>.<\/li>\n\n\n \t\n\n<li>Ebook format: <a href=\"https:\/\/newknowledgelibrary.org\/e-books\/the-allies-of-humanity-book-two-english-ebook\/\" target=\"_blank\" rel=\"noopener\">New Knowledge Library<\/a>, <a href=\"https:\/\/www.amazon.com\/Allies-Humanity-Book-Two-ebook\/dp\/B005J5KU8I\" target=\"_blank\" rel=\"noopener\">Kindle version from Amazon<\/a>, <a href=\"https:\/\/books.apple.com\/au\/book\/the-allies-of-humanity-book-two\/id894103733\" target=\"_blank\" rel=\"noopener\">Apple Books<\/a> or <a href=\"https:\/\/play.google.com\/store\/books\/details\/Marshall_Vian_Summers_The_Allies_of_Humanity_Book?id=6HysOWI88a8C\" target=\"_blank\" rel=\"noopener\">Google Play<\/a>.<\/li>\n\n\n<\/ul>\n\n\n\n\n\n<hr>\n\n\n\n--><\/p>\n<h5>Beginne die Lageberichte Online zu lesen<\/h5>\n<p>Inhaltsverzeichnis:<\/p>\n<p><a href=\"universe-reality-of-nature\">Erster Lagebericht: Das Universum, in das ihr aufstrebt<\/a><\/p>\n<p><a href=\"why-are-aliens-here\">Zweiter Lagebericht: Warum die Intervention stattfindet<br \/>\n<\/a><\/p>\n<p><a href=\"the-influence-upon-humanity\">Dritter Lagebericht: Der Einfluss auf die Menschheit<\/a><\/p>\n<p><a href=\"collectives-in-universe\">Vierter Lagebericht: Die Kollektive<\/a><\/p>\n<p><a href=\"biological-resources\">F\u00fcnfter Lagebericht: Was sie wollen<\/a><\/p>\n<p><a href=\"a-call-to-action-spiritual-power\">Sechster Lagebericht: Ein Aufruf zum Handeln<\/a><\/p>\n<p>Erster Kommentar: <a href=\"the-problem-of-human-denial-first-commentary\">Das Problem mit der menschlichen Verleugnung<\/a><\/p>\n<p>Zweiter Kommentar: <a href=\"effects-of-the-pacification-program-second-commentary\">Auswirkungen des Pazifizierungsprogramms<\/a><\/p>\n<p>Dritter Kommentar: <a href=\"understanding-the-intervention-third-commentary\">Die Intervention verstehen<\/a><\/p>\n<p>Die Society for the New Message stellt jetzt alle vier B\u00e4nde von den <em>Verb\u00fcndeten der Menschheit<\/em> kostenlos online zur Verf\u00fcgung. Wir tun dies, damit diese Botschaft so viele Menschen wie m\u00f6glich erreichen kann, sowohl an der Basis als auch in Positionen politischer, wirtschaftlicher und religi\u00f6ser Macht.<\/p>\n","protected":false},"excerpt":{"rendered":"<p>Alle Lageberichte der Verb\u00fcndeten der Menschheit sind kostenfrei online verf\u00fcgbar. Beginne die Reise mit Buch Zwei der Verb\u00fcndeten. In diesem zweiten Satz von Lageberichten m\u00f6chten uns die Verb\u00fcndeten der Menschheit ein gr\u00f6\u00dferes Verst\u00e4ndnis und eine gr\u00f6\u00dfere Vision davon vermitteln, wie das Leben im Universum um uns herum wirklich ist. Unsere Verb\u00fcndeten in der Ferne m\u00f6chten [&hellip;]<\/p>\n","protected":false},"author":2,"featured_media":0,"parent":10717,"menu_order":2,"comment_status":"closed","ping_status":"closed","template":"page-book-start.php","meta":{"_acf_changed":false,"footnotes":""},"class_list":["post-10797","page","type-page","status-publish","hentry"],"acf":[],"yoast_head":"<!-- This site is optimized with the Yoast SEO plugin v26.5 - https:\/\/yoast.com\/wordpress\/plugins\/seo\/ -->\n<title>Die Verb\u00fcndeten der Menschheit, Buch 2: Menschliche Einheit, Freiheit und au\u00dferirdischer Kontakt<\/title>\n<meta name=\"description\" content=\"In unserem zweiten Satz von Lageberichten m\u00f6chten wir euch ein gr\u00f6\u00dferes Verst\u00e4ndnis und eine Vision davon geben, wie das Leben im Universum um euch herum wirklich ist.\" \/>\n<meta name=\"robots\" content=\"index, follow, max-snippet:-1, max-image-preview:large, max-video-preview:-1\" \/>\n<link rel=\"canonical\" href=\"https:\/\/www.alliesofhumanity.org\/de\/the-briefings\/book-two\/\" \/>\n<meta property=\"og:locale\" content=\"de_DE\" \/>\n<meta property=\"og:type\" content=\"article\" \/>\n<meta property=\"og:title\" content=\"Die Verb\u00fcndeten der Menschheit, Buch 2: Menschliche Einheit, Freiheit und au\u00dferirdischer Kontakt\" \/>\n<meta property=\"og:description\" content=\"In unserem zweiten Satz von Lageberichten m\u00f6chten wir euch ein gr\u00f6\u00dferes Verst\u00e4ndnis und eine Vision davon geben, wie das Leben im Universum um euch herum wirklich ist.\" \/>\n<meta property=\"og:url\" content=\"https:\/\/www.alliesofhumanity.org\/de\/the-briefings\/book-two\/\" \/>\n<meta property=\"og:site_name\" content=\"The Allies of Humanity\" \/>\n<meta property=\"article:publisher\" content=\"https:\/\/www.facebook.com\/alliesofhumanity\/\" \/>\n<meta property=\"article:modified_time\" content=\"2021-05-21T18:30:59+00:00\" \/>\n<meta property=\"og:image\" content=\"https:\/\/www.alliesofhumanity.org\/wp-content\/uploads\/2021\/01\/og-socialmedia-aoh.jpg\" \/>\n\t<meta property=\"og:image:width\" content=\"1200\" \/>\n\t<meta property=\"og:image:height\" content=\"630\" \/>\n\t<meta property=\"og:image:type\" content=\"image\/jpeg\" \/>\n<meta name=\"twitter:card\" content=\"summary_large_image\" \/>\n<meta name=\"twitter:title\" content=\"Die Verb\u00fcndeten der Menschheit, Buch 2: Menschliche Einheit, Freiheit und au\u00dferirdischer Kontakt\" \/>\n<meta name=\"twitter:site\" content=\"@earthallies\" \/>\n<meta name=\"twitter:label1\" content=\"Gesch\u00e4tzte Lesezeit\" \/>\n\t<meta name=\"twitter:data1\" content=\"1\u00a0Minute\" \/>\n<script type=\"application\/ld+json\" class=\"yoast-schema-graph\">{\"@context\":\"https:\/\/schema.org\",\"@graph\":[{\"@type\":\"WebPage\",\"@id\":\"https:\/\/www.alliesofhumanity.org\/de\/the-briefings\/book-two\/\",\"url\":\"https:\/\/www.alliesofhumanity.org\/de\/the-briefings\/book-two\/\",\"name\":\"Die Verb\u00fcndeten der Menschheit, Buch 2: Menschliche Einheit, Freiheit und au\u00dferirdischer Kontakt\",\"isPartOf\":{\"@id\":\"https:\/\/www.alliesofhumanity.org\/de\/#website\"},\"datePublished\":\"2021-01-28T18:52:54+00:00\",\"dateModified\":\"2021-05-21T18:30:59+00:00\",\"description\":\"In unserem zweiten Satz von Lageberichten m\u00f6chten wir euch ein gr\u00f6\u00dferes Verst\u00e4ndnis und eine Vision davon geben, wie das Leben im Universum um euch herum wirklich ist.\",\"breadcrumb\":{\"@id\":\"https:\/\/www.alliesofhumanity.org\/de\/the-briefings\/book-two\/#breadcrumb\"},\"inLanguage\":\"de\",\"potentialAction\":[{\"@type\":\"ReadAction\",\"target\":[\"https:\/\/www.alliesofhumanity.org\/de\/the-briefings\/book-two\/\"]}]},{\"@type\":\"BreadcrumbList\",\"@id\":\"https:\/\/www.alliesofhumanity.org\/de\/the-briefings\/book-two\/#breadcrumb\",\"itemListElement\":[{\"@type\":\"ListItem\",\"position\":1,\"name\":\"Die Lageberichte\",\"item\":\"https:\/\/www.alliesofhumanity.org\/de\/the-briefings\/\"},{\"@type\":\"ListItem\",\"position\":2,\"name\":\"Buch Zwei\"}]},{\"@type\":\"WebSite\",\"@id\":\"https:\/\/www.alliesofhumanity.org\/de\/#website\",\"url\":\"https:\/\/www.alliesofhumanity.org\/de\/\",\"name\":\"The Allies of Humanity\",\"description\":\"\",\"potentialAction\":[{\"@type\":\"SearchAction\",\"target\":{\"@type\":\"EntryPoint\",\"urlTemplate\":\"https:\/\/www.alliesofhumanity.org\/de\/?s={search_term_string}\"},\"query-input\":{\"@type\":\"PropertyValueSpecification\",\"valueRequired\":true,\"valueName\":\"search_term_string\"}}],\"inLanguage\":\"de\"}]}<\/script>\n<!-- \/ Yoast SEO plugin. -->","yoast_head_json":{"title":"Die Verb\u00fcndeten der Menschheit, Buch 2: Menschliche Einheit, Freiheit und au\u00dferirdischer Kontakt","description":"In unserem zweiten Satz von Lageberichten m\u00f6chten wir euch ein gr\u00f6\u00dferes Verst\u00e4ndnis und eine Vision davon geben, wie das Leben im Universum um euch herum wirklich ist.","robots":{"index":"index","follow":"follow","max-snippet":"max-snippet:-1","max-image-preview":"max-image-preview:large","max-video-preview":"max-video-preview:-1"},"canonical":"https:\/\/www.alliesofhumanity.org\/de\/the-briefings\/book-two\/","og_locale":"de_DE","og_type":"article","og_title":"Die Verb\u00fcndeten der Menschheit, Buch 2: Menschliche Einheit, Freiheit und au\u00dferirdischer Kontakt","og_description":"In unserem zweiten Satz von Lageberichten m\u00f6chten wir euch ein gr\u00f6\u00dferes Verst\u00e4ndnis und eine Vision davon geben, wie das Leben im Universum um euch herum wirklich ist.","og_url":"https:\/\/www.alliesofhumanity.org\/de\/the-briefings\/book-two\/","og_site_name":"The Allies of Humanity","article_publisher":"https:\/\/www.facebook.com\/alliesofhumanity\/","article_modified_time":"2021-05-21T18:30:59+00:00","og_image":[{"width":1200,"height":630,"url":"https:\/\/www.alliesofhumanity.org\/wp-content\/uploads\/2021\/01\/og-socialmedia-aoh.jpg","type":"image\/jpeg"}],"twitter_card":"summary_large_image","twitter_title":"Die Verb\u00fcndeten der Menschheit, Buch 2: Menschliche Einheit, Freiheit und au\u00dferirdischer Kontakt","twitter_site":"@earthallies","twitter_misc":{"Gesch\u00e4tzte Lesezeit":"1\u00a0Minute"},"schema":{"@context":"https:\/\/schema.org","@graph":[{"@type":"WebPage","@id":"https:\/\/www.alliesofhumanity.org\/de\/the-briefings\/book-two\/","url":"https:\/\/www.alliesofhumanity.org\/de\/the-briefings\/book-two\/","name":"Die Verb\u00fcndeten der Menschheit, Buch 2: Menschliche Einheit, Freiheit und au\u00dferirdischer Kontakt","isPartOf":{"@id":"https:\/\/www.alliesofhumanity.org\/de\/#website"},"datePublished":"2021-01-28T18:52:54+00:00","dateModified":"2021-05-21T18:30:59+00:00","description":"In unserem zweiten Satz von Lageberichten m\u00f6chten wir euch ein gr\u00f6\u00dferes Verst\u00e4ndnis und eine Vision davon geben, wie das Leben im Universum um euch herum wirklich ist.","breadcrumb":{"@id":"https:\/\/www.alliesofhumanity.org\/de\/the-briefings\/book-two\/#breadcrumb"},"inLanguage":"de","potentialAction":[{"@type":"ReadAction","target":["https:\/\/www.alliesofhumanity.org\/de\/the-briefings\/book-two\/"]}]},{"@type":"BreadcrumbList","@id":"https:\/\/www.alliesofhumanity.org\/de\/the-briefings\/book-two\/#breadcrumb","itemListElement":[{"@type":"ListItem","position":1,"name":"Die Lageberichte","item":"https:\/\/www.alliesofhumanity.org\/de\/the-briefings\/"},{"@type":"ListItem","position":2,"name":"Buch Zwei"}]},{"@type":"WebSite","@id":"https:\/\/www.alliesofhumanity.org\/de\/#website","url":"https:\/\/www.alliesofhumanity.org\/de\/","name":"The Allies of Humanity","description":"","potentialAction":[{"@type":"SearchAction","target":{"@type":"EntryPoint","urlTemplate":"https:\/\/www.alliesofhumanity.org\/de\/?s={search_term_string}"},"query-input":{"@type":"PropertyValueSpecification","valueRequired":true,"valueName":"search_term_string"}}],"inLanguage":"de"}]}},"_links":{"self":[{"href":"https:\/\/www.alliesofhumanity.org\/de\/wp-json\/wp\/v2\/pages\/10797","targetHints":{"allow":["GET"]}}],"collection":[{"href":"https:\/\/www.alliesofhumanity.org\/de\/wp-json\/wp\/v2\/pages"}],"about":[{"href":"https:\/\/www.alliesofhumanity.org\/de\/wp-json\/wp\/v2\/types\/page"}],"author":[{"embeddable":true,"href":"https:\/\/www.alliesofhumanity.org\/de\/wp-json\/wp\/v2\/users\/2"}],"replies":[{"embeddable":true,"href":"https:\/\/www.alliesofhumanity.org\/de\/wp-json\/wp\/v2\/comments?post=10797"}],"version-history":[{"count":10,"href":"https:\/\/www.alliesofhumanity.org\/de\/wp-json\/wp\/v2\/pages\/10797\/revisions"}],"predecessor-version":[{"id":13597,"href":"https:\/\/www.alliesofhumanity.org\/de\/wp-json\/wp\/v2\/pages\/10797\/revisions\/13597"}],"up":[{"embeddable":true,"href":"https:\/\/www.alliesofhumanity.org\/de\/wp-json\/wp\/v2\/pages\/10717"}],"wp:attachment":[{"href":"https:\/\/www.alliesofhumanity.org\/de\/wp-json\/wp\/v2\/media?parent=10797"}],"curies":[{"name":"wp","href":"https:\/\/api.w.org\/{rel}","templated":true}]}}