{"id":10757,"date":"2021-01-27T23:46:31","date_gmt":"2021-01-27T22:46:31","guid":{"rendered":"https:\/\/www.alliesofhumanity.org\/marshall-vian-summers\/"},"modified":"2021-04-29T06:45:23","modified_gmt":"2021-04-29T05:45:23","slug":"marshall-vian-summers","status":"publish","type":"page","link":"https:\/\/www.alliesofhumanity.org\/de\/marshall-vian-summers\/","title":{"rendered":"Marshall Vian Summers"},"content":{"rendered":"\t\t<div data-elementor-type=\"wp-page\" data-elementor-id=\"10757\" class=\"elementor elementor-10757 elementor-2912\" data-elementor-post-type=\"page\">\t\t\t\t\t\t<section class=\"elementor-section elementor-top-section elementor-element elementor-element-7fac8697 elementor-section-boxed elementor-section-height-default elementor-section-height-default\" data-id=\"7fac8697\" data-element_type=\"section\">\t\t\t\t\t\t<div class=\"elementor-container elementor-column-gap-default\">\t\t\t\t\t<div class=\"elementor-column elementor-col-100 elementor-top-column elementor-element elementor-element-1195357f\" data-id=\"1195357f\" data-element_type=\"column\">\t\t\t<div class=\"elementor-widget-wrap elementor-element-populated\">\t\t\t\t\t\t<div class=\"elementor-element elementor-element-ba0d783 elementor-widget elementor-widget-text-editor\" data-id=\"ba0d783\" data-element_type=\"widget\" data-widget_type=\"text-editor.default\">\t\t\t\t<div class=\"elementor-widget-container\">\t\t\t\t\t\t\t\t\t<h5>In den letzten 35 Jahren tauchte ich in eine religi\u00f6se Erfahrung ein. Dies hat dazu gef\u00fchrt, dass ich einen riesigen Korpus an Schriften \u00fcber die Natur der menschlichen Spiritualit\u00e4t und die Bestimmung der Menschheit innerhalb eines gr\u00f6\u00dferen Panoramas intelligenten Lebens im Universum erhalten habe.<\/h5><p>Diese Schriften, die in der Lehre der <a title=\"Go to www.neuebotschaft.org\" href=\"https:\/\/www.neuebotschaft.org\" target=\"_blank\" rel=\"noopener noreferrer\">Neuen Botschaft<\/a> zusammengefasst sind, enthalten einen theologischen Rahmen, der das Leben und die Pr\u00e4senz Gottes in der &#8222;Gr\u00f6\u00dferen Gemeinschaft&#8220;, der riesigen Ausdehnung von Raum und Zeit, die wir als unser Universum kennen, erkl\u00e4rt.<\/p><p>Die Kosmologie, die ich erhalten habe, enth\u00e4lt viele Botschaften, von denen eine lautet, dass die Menschheit in eine Gr\u00f6\u00dfere Gemeinschaft intelligenten Lebens aufstrebt und dass wir uns darauf vorbereiten m\u00fcssen. In dieser Botschaft ist das Verst\u00e4ndnis enthalten, dass die Menschheit nicht allein im Universum oder sogar allein in unserer eigenen Welt ist. Und dass die Menschheit innerhalb dieser Gr\u00f6\u00dferen Gemeinschaft Freunde, Konkurrenten und Widersacher haben wird.<\/p><p>Diese gr\u00f6\u00dfere Realit\u00e4t wurde auf dramatische Weise durch die pl\u00f6tzliche und unerwartete \u00dcbertragung des ersten Satzes der Lageberichte der Verb\u00fcndeten der Menschheit im Jahr 1997 best\u00e4tigt. Drei Jahre zuvor, 1994, hatte ich den theologischen Rahmen zum Verst\u00e4ndnis der Lageberichte der Verb\u00fcndeten in meinem Buch <a title=\"Go to www.neuebotschaft.org\" href=\"https:\/\/www.neuebotschaft.org\/die-botschaft\/band-2\/spiritualitat-der-groseren-gemeinschaft\/\" target=\"_blank\" rel=\"noopener noreferrer\">Spiritualit\u00e4t der Gr\u00f6\u00dferen Gemeinschaft &#8211; Eine Neue Offenbarung<\/a> erhalten.<\/p><p>Zu diesem Zeitpunkt wurde mir als Ergebnis meiner spirituellen Arbeit und meiner Schriften bekannt, dass die Menschheit Verb\u00fcndete im Universum hat, die um das Wohlergehen und die zuk\u00fcnftige Freiheit unserer Rasse besorgt sind. Innerhalb der wachsenden Kosmologie, die mir offenbart wurde, war das Verst\u00e4ndnis, dass in der Geschichte des intelligenten Lebens im Universum ethisch fortgeschrittene Rassen die Verpflichtung hatten, ihre Weisheit an junge, aufstrebende Rassen wie unsere eigene zu weiterzugeben, und dass dieses Verm\u00e4chtnis <em>ohne<\/em> direkte Einmischung oder Einmischung in die Angelegenheiten dieser jungen Rasse erfolgen muss. Die Absicht ist hier, zu informieren, nicht sich einzumischen.<\/p><p>Diese &#8222;Weitergabe von Weisheit&#8220; stellt einen seit langem existierenden ethischen Rahmen dar, was den Kontakt mit aufstrebenden Rassen betrifft und wie er durchgef\u00fchrt werden sollte. Die beiden S\u00e4tze der Lageberichte der Verb\u00fcndeten der Menschheit sind eine klare Vorf\u00fchrung dieses Modells der Nichteinmischung und des ethischen Kontakts. Dieses Modell sollte eine Richtschnur und ein Standard sein, von dem wir erwarten sollten, dass andere Rassen sich an ihn halten, wenn sie versuchen, uns zu kontaktieren oder unsere Welt zu besuchen. Doch diese Demonstration des ethischen Kontakts steht in krassem Gegensatz zu der Intervention, die heute in der Welt stattfindet.<p class=\"float-left\"><img decoding=\"async\" src=\"https:\/\/www.alliesofhumanity.org\/wp-content\/uploads\/2020\/06\/mvs-greater-power-decisive-action.jpg\" alt=\"Marshall Vian Summers\" \/><\/p><\/p><p>Wir begeben uns in eine Position extremer Verwundbarkeit. Mit dem Schreckgespenst der Ersch\u00f6pfung der Ressourcen, der Umweltzerst\u00f6rung und dem Risiko eines weiteren Auseinanderbrechens der menschlichen Familie, das t\u00e4glich w\u00e4chst, sind wir reif f\u00fcr eine Intervention. Wir leben in scheinbarer Isolation in einer reichen und wertvollen Welt, die von anderen jenseits unserer K\u00fcsten aufgesucht wird. Wir sind abgelenkt und gespalten und sehen nicht die gro\u00dfe Gefahr, die an unseren Grenzen eingreift. Es ist ein Ph\u00e4nomen, das sich in der Geschichte immer wieder wiederholt hat, wenn es um das Schicksal isolierter einheimischer Menschen ging, die zum ersten Mal mit einer Intervention konfrontiert waren. Wir sind unrealistisch in unseren Annahmen \u00fcber die Macht und das Wohlwollen intelligenten Lebens im Universum. Und wir fangen erst jetzt an, den Zustand zu erfassen, den wir uns in unserer eigenen Welt geschaffen haben.<\/p><p>Die unpopul\u00e4re Wahrheit ist, dass die menschliche Familie nicht bereit ist f\u00fcr eine direkte Erfahrung des Kontakts und schon gar nicht bereit f\u00fcr eine Intervention. Wir m\u00fcssen zuerst unser eigenes Haus in Ordnung bringen. Wir haben noch nicht die n\u00f6tige Reife einer Spezies, um mit anderen Rassen in der Gr\u00f6\u00dferen Gemeinschaft aus einer Position der Einheit, St\u00e4rke und Urteilskraft heraus in Kontakt zu treten. Und bis wir eine solche Position erreichen k\u00f6nnen, wenn wir es jemals k\u00f6nnen, sollte keine Rasse versuchen, direkt in unsere Welt einzugreifen. Die Verb\u00fcndeten geben uns die dringend ben\u00f6tigte Weisheit und Perspektive, doch sie greifen nicht ein. Sie sagen uns, dass unser Schicksal in unseren eigenen H\u00e4nden liegt und liegen sollte. Das ist die B\u00fcrde der Freiheit im Universum.<\/p><p>Ungeachtet unseres Mangels an Bereitschaft findet jedoch eine Intervention statt. Die Menschheit muss sich jetzt auf diese folgenreichste Schwelle der menschlichen Geschichte vorbereiten. Wir sind nicht nur zuf\u00e4llige Zeugen dieses Ph\u00e4nomens, sondern befinden uns im Zentrum des Geschehens. Es geschieht, ob wir uns dessen bewusst sind oder nicht. Es hat die Macht, das Ergebnis f\u00fcr die Menschheit zu ver\u00e4ndern. Und es hat alles damit zu tun, wer wir sind und warum wir zu dieser Zeit auf der Welt sind.<\/p><p class=\"image-quote float-right\"><img decoding=\"async\" src=\"https:\/\/www.alliesofhumanity.org\/wp-content\/uploads\/2020\/12\/quote-mvs.png\" alt=\"\" \/><\/p><blockquote id=\"quote-3\" class=\"text-quote float-right bg-gray\">Wir bewegen uns in eine Position der extremen Verwundbarkeit. Mit dem Schreckgespenst der Ressourcenersch\u00f6pfung, der Umweltzerst\u00f6rung und dem Risiko eines weiteren Auseinanderbrechens der menschlichen Familie, sind wir reif f\u00fcr eine Intervention.<\/blockquote><p><a title=\"Go to www.neuebotschaft.org\" href=\"http:\/\/www.neuebotschaft.org\" target=\"_blank\" rel=\"noopener noreferrer\">Die Neue Botschaft<\/a>&nbsp; wurde gegeben, um sowohl die Lehre als auch die Vorbereitung zu liefern, die wir jetzt brauchen, um dieser gro\u00dfen Schwelle zu begegnen, den menschlichen Geist zu erneuern und einen neuen Kurs f\u00fcr die menschliche Familie zu setzen. Sie spricht von der dringenden Notwendigkeit menschlicher Einheit und Zusammenarbeit, der Vorrangstellung der Kenntnis, unserer spirituellen Intelligenz, und der gr\u00f6\u00dferen Verantwortung, die wir jetzt an der Schwelle des Weltraums \u00fcbernehmen m\u00fcssen. Sie stellt eine Neue Botschaft des Sch\u00f6pfers allen Lebens dar.<\/p><p>Meine Mission ist es, diese gr\u00f6\u00dfere Kosmologie und Vorbereitung in die Welt zu bringen und mit ihr eine neue Hoffnung und Verhei\u00dfung f\u00fcr eine sich abm\u00fchende Menschheit. Meine lange Vorbereitung und die immense Lehre in der Neuen Botschaft sind f\u00fcr diesen Zweck da. Die Lageberichte der Verb\u00fcndeten der Menschheit sind nur ein kleiner Teil dieser gr\u00f6\u00dferen Botschaft. Es ist jetzt an der Zeit, unsere unaufh\u00f6rlichen Konflikte zu beenden und uns auf das Leben in der Gr\u00f6\u00dferen Gemeinschaft vorzubereiten. Um dies zu tun, brauchen wir ein neues Verst\u00e4ndnis von uns selbst als ein Volk, als die Ureinwohner dieser Welt, geboren aus einer einzigen Spiritualit\u00e4t, und von unserer verletzlichen Position als eine junge, aufstrebende Rasse im Universum. Dies ist meine Botschaft f\u00fcr die Menschheit und deshalb bin ich gekommen.<\/p><p>&nbsp;<\/p><p align=\"center\"><b> Marshall Vian Summers<\/b><\/p><p align=\"center\"><a title=\"Go to marshallsummers.com\" href=\"https:\/\/www.marshallsummers.com\/\" target=\"_blank\" rel=\"noopener noreferrer\">marshallsummers.com<\/a><\/p>\t\t\t\t\t\t\t\t<\/div>\t\t\t\t<\/div>\t\t\t\t\t<\/div>\t\t<\/div>\t\t\t\t\t<\/div>\t\t<\/section>\t\t\t\t<\/div><p>\t\t<\/p>","protected":false},"excerpt":{"rendered":"<p>In den letzten 35 Jahren tauchte ich in eine religi\u00f6se Erfahrung ein. Dies hat dazu gef\u00fchrt, dass ich einen riesigen Korpus an Schriften \u00fcber die Natur der menschlichen Spiritualit\u00e4t und die Bestimmung der Menschheit innerhalb eines gr\u00f6\u00dferen Panoramas intelligenten Lebens im Universum erhalten habe. Diese Schriften, die in der Lehre der Neuen Botschaft zusammengefasst sind, [&hellip;]<\/p>\n","protected":false},"author":2,"featured_media":0,"parent":0,"menu_order":4,"comment_status":"closed","ping_status":"closed","template":"page.php","meta":{"_acf_changed":false,"footnotes":""},"class_list":["post-10757","page","type-page","status-publish","hentry"],"acf":[],"yoast_head":"<!-- This site is optimized with the Yoast SEO plugin v26.5 - https:\/\/yoast.com\/wordpress\/plugins\/seo\/ -->\n<title>Marshall Vian Summers | Die Lageberichte der Verb\u00fcndeten der Menschheit<\/title>\n<meta name=\"description\" content=\"Marshall Vian Summers hat einen riesigen Korpus an Schriften \u00fcber die Realit\u00e4t des au\u00dferirdischen Kontakts, der Spiritualit\u00e4t und der menschlichen Bestimmung erhalten.\" \/>\n<meta name=\"robots\" content=\"index, follow, max-snippet:-1, max-image-preview:large, max-video-preview:-1\" \/>\n<link rel=\"canonical\" href=\"https:\/\/www.alliesofhumanity.org\/de\/marshall-vian-summers\/\" \/>\n<meta property=\"og:locale\" content=\"de_DE\" \/>\n<meta property=\"og:type\" content=\"article\" \/>\n<meta property=\"og:title\" content=\"Marshall Vian Summers | Die Lageberichte der Verb\u00fcndeten der Menschheit\" \/>\n<meta property=\"og:description\" content=\"Marshall Vian Summers hat einen riesigen Korpus an Schriften \u00fcber die Realit\u00e4t des au\u00dferirdischen Kontakts, der Spiritualit\u00e4t und der menschlichen Bestimmung erhalten.\" \/>\n<meta property=\"og:url\" content=\"https:\/\/www.alliesofhumanity.org\/de\/marshall-vian-summers\/\" \/>\n<meta property=\"og:site_name\" content=\"The Allies of Humanity\" \/>\n<meta property=\"article:publisher\" content=\"https:\/\/www.facebook.com\/alliesofhumanity\/\" \/>\n<meta property=\"article:modified_time\" content=\"2021-04-29T05:45:23+00:00\" \/>\n<meta property=\"og:image\" content=\"https:\/\/www.alliesofhumanity.org\/wp-content\/uploads\/2021\/01\/og-socialmedia-aoh.jpg\" \/>\n\t<meta property=\"og:image:width\" content=\"1200\" \/>\n\t<meta property=\"og:image:height\" content=\"630\" \/>\n\t<meta property=\"og:image:type\" content=\"image\/jpeg\" \/>\n<meta name=\"twitter:card\" content=\"summary_large_image\" \/>\n<meta name=\"twitter:title\" content=\"Marshall Vian Summers | Die Lageberichte der Verb\u00fcndeten der Menschheit\" \/>\n<meta name=\"twitter:site\" content=\"@earthallies\" \/>\n<meta name=\"twitter:label1\" content=\"Gesch\u00e4tzte Lesezeit\" \/>\n\t<meta name=\"twitter:data1\" content=\"5\u00a0Minuten\" \/>\n<script type=\"application\/ld+json\" class=\"yoast-schema-graph\">{\"@context\":\"https:\/\/schema.org\",\"@graph\":[{\"@type\":\"WebPage\",\"@id\":\"https:\/\/www.alliesofhumanity.org\/de\/marshall-vian-summers\/\",\"url\":\"https:\/\/www.alliesofhumanity.org\/de\/marshall-vian-summers\/\",\"name\":\"Marshall Vian Summers | Die Lageberichte der Verb\u00fcndeten der Menschheit\",\"isPartOf\":{\"@id\":\"https:\/\/www.alliesofhumanity.org\/de\/#website\"},\"datePublished\":\"2021-01-27T22:46:31+00:00\",\"dateModified\":\"2021-04-29T05:45:23+00:00\",\"description\":\"Marshall Vian Summers hat einen riesigen Korpus an Schriften \u00fcber die Realit\u00e4t des au\u00dferirdischen Kontakts, der Spiritualit\u00e4t und der menschlichen Bestimmung erhalten.\",\"inLanguage\":\"de\",\"potentialAction\":[{\"@type\":\"ReadAction\",\"target\":[\"https:\/\/www.alliesofhumanity.org\/de\/marshall-vian-summers\/\"]}]},{\"@type\":\"WebSite\",\"@id\":\"https:\/\/www.alliesofhumanity.org\/de\/#website\",\"url\":\"https:\/\/www.alliesofhumanity.org\/de\/\",\"name\":\"The Allies of Humanity\",\"description\":\"\",\"potentialAction\":[{\"@type\":\"SearchAction\",\"target\":{\"@type\":\"EntryPoint\",\"urlTemplate\":\"https:\/\/www.alliesofhumanity.org\/de\/?s={search_term_string}\"},\"query-input\":{\"@type\":\"PropertyValueSpecification\",\"valueRequired\":true,\"valueName\":\"search_term_string\"}}],\"inLanguage\":\"de\"}]}<\/script>\n<!-- \/ Yoast SEO plugin. -->","yoast_head_json":{"title":"Marshall Vian Summers | Die Lageberichte der Verb\u00fcndeten der Menschheit","description":"Marshall Vian Summers hat einen riesigen Korpus an Schriften \u00fcber die Realit\u00e4t des au\u00dferirdischen Kontakts, der Spiritualit\u00e4t und der menschlichen Bestimmung erhalten.","robots":{"index":"index","follow":"follow","max-snippet":"max-snippet:-1","max-image-preview":"max-image-preview:large","max-video-preview":"max-video-preview:-1"},"canonical":"https:\/\/www.alliesofhumanity.org\/de\/marshall-vian-summers\/","og_locale":"de_DE","og_type":"article","og_title":"Marshall Vian Summers | Die Lageberichte der Verb\u00fcndeten der Menschheit","og_description":"Marshall Vian Summers hat einen riesigen Korpus an Schriften \u00fcber die Realit\u00e4t des au\u00dferirdischen Kontakts, der Spiritualit\u00e4t und der menschlichen Bestimmung erhalten.","og_url":"https:\/\/www.alliesofhumanity.org\/de\/marshall-vian-summers\/","og_site_name":"The Allies of Humanity","article_publisher":"https:\/\/www.facebook.com\/alliesofhumanity\/","article_modified_time":"2021-04-29T05:45:23+00:00","og_image":[{"width":1200,"height":630,"url":"https:\/\/www.alliesofhumanity.org\/wp-content\/uploads\/2021\/01\/og-socialmedia-aoh.jpg","type":"image\/jpeg"}],"twitter_card":"summary_large_image","twitter_title":"Marshall Vian Summers | Die Lageberichte der Verb\u00fcndeten der Menschheit","twitter_site":"@earthallies","twitter_misc":{"Gesch\u00e4tzte Lesezeit":"5\u00a0Minuten"},"schema":{"@context":"https:\/\/schema.org","@graph":[{"@type":"WebPage","@id":"https:\/\/www.alliesofhumanity.org\/de\/marshall-vian-summers\/","url":"https:\/\/www.alliesofhumanity.org\/de\/marshall-vian-summers\/","name":"Marshall Vian Summers | Die Lageberichte der Verb\u00fcndeten der Menschheit","isPartOf":{"@id":"https:\/\/www.alliesofhumanity.org\/de\/#website"},"datePublished":"2021-01-27T22:46:31+00:00","dateModified":"2021-04-29T05:45:23+00:00","description":"Marshall Vian Summers hat einen riesigen Korpus an Schriften \u00fcber die Realit\u00e4t des au\u00dferirdischen Kontakts, der Spiritualit\u00e4t und der menschlichen Bestimmung erhalten.","inLanguage":"de","potentialAction":[{"@type":"ReadAction","target":["https:\/\/www.alliesofhumanity.org\/de\/marshall-vian-summers\/"]}]},{"@type":"WebSite","@id":"https:\/\/www.alliesofhumanity.org\/de\/#website","url":"https:\/\/www.alliesofhumanity.org\/de\/","name":"The Allies of Humanity","description":"","potentialAction":[{"@type":"SearchAction","target":{"@type":"EntryPoint","urlTemplate":"https:\/\/www.alliesofhumanity.org\/de\/?s={search_term_string}"},"query-input":{"@type":"PropertyValueSpecification","valueRequired":true,"valueName":"search_term_string"}}],"inLanguage":"de"}]}},"_links":{"self":[{"href":"https:\/\/www.alliesofhumanity.org\/de\/wp-json\/wp\/v2\/pages\/10757","targetHints":{"allow":["GET"]}}],"collection":[{"href":"https:\/\/www.alliesofhumanity.org\/de\/wp-json\/wp\/v2\/pages"}],"about":[{"href":"https:\/\/www.alliesofhumanity.org\/de\/wp-json\/wp\/v2\/types\/page"}],"author":[{"embeddable":true,"href":"https:\/\/www.alliesofhumanity.org\/de\/wp-json\/wp\/v2\/users\/2"}],"replies":[{"embeddable":true,"href":"https:\/\/www.alliesofhumanity.org\/de\/wp-json\/wp\/v2\/comments?post=10757"}],"version-history":[{"count":5,"href":"https:\/\/www.alliesofhumanity.org\/de\/wp-json\/wp\/v2\/pages\/10757\/revisions"}],"predecessor-version":[{"id":11149,"href":"https:\/\/www.alliesofhumanity.org\/de\/wp-json\/wp\/v2\/pages\/10757\/revisions\/11149"}],"wp:attachment":[{"href":"https:\/\/www.alliesofhumanity.org\/de\/wp-json\/wp\/v2\/media?parent=10757"}],"curies":[{"name":"wp","href":"https:\/\/api.w.org\/{rel}","templated":true}]}}