{"id":10750,"date":"2021-01-27T23:34:36","date_gmt":"2021-01-27T22:34:36","guid":{"rendered":"https:\/\/www.alliesofhumanity.org\/the-briefings\/12-point-summary-of-the-allies-of-humanity-briefings\/"},"modified":"2021-07-16T09:42:55","modified_gmt":"2021-07-16T08:42:55","slug":"12-point-summary-of-the-allies-of-humanity-briefings","status":"publish","type":"page","link":"https:\/\/www.alliesofhumanity.org\/de\/the-briefings\/12-point-summary-of-the-allies-of-humanity-briefings\/","title":{"rendered":"12-Punkte Zusammenfassung"},"content":{"rendered":"\t\t<div data-elementor-type=\"wp-page\" data-elementor-id=\"10750\" class=\"elementor elementor-10750 elementor-2001\" data-elementor-post-type=\"page\">\t\t\t\t\t\t<section class=\"elementor-section elementor-top-section elementor-element elementor-element-28ebce47 elementor-section-boxed elementor-section-height-default elementor-section-height-default\" data-id=\"28ebce47\" data-element_type=\"section\">\t\t\t\t\t\t<div class=\"elementor-container elementor-column-gap-default\">\t\t\t\t\t<div class=\"elementor-column elementor-col-100 elementor-top-column elementor-element elementor-element-56ef9ab3\" data-id=\"56ef9ab3\" data-element_type=\"column\">\t\t\t<div class=\"elementor-widget-wrap elementor-element-populated\">\t\t\t\t\t\t<div class=\"elementor-element elementor-element-5c8d1469 elementor-widget elementor-widget-text-editor\" data-id=\"5c8d1469\" data-element_type=\"widget\" data-widget_type=\"text-editor.default\">\t\t\t\t<div class=\"elementor-widget-container\">\t\t\t\t\t\t\t\t\t<p>Um dir zu helfen, die Lageberichte und die Botschaft der Verb\u00fcndeten mit anderen zu teilen, haben wir diese 12-Punkte Zusammenfassung erstellt. Diese Zusammenfassung stellt nur eine allgemeine Beschreibung dar und enth\u00e4lt nicht alle der wichtigen Details, die es erm\u00f6glichen, die Lageberichte der Verb\u00fcndeten vollst\u00e4ndig zu verstehen.<\/p><ol><li>Die Bestimmung der Menschheit besteht darin, in eine Gr\u00f6\u00dfere Gemeinschaft intelligenten Lebens im Universum einzutreten und mit ihr in Beziehung zu treten.<\/li><li>Der Kontakt mit anderen Formen intelligenten Lebens stellt die gr\u00f6\u00dfte Schwelle dar, vor der die Menschheit je gestanden hat. Die Folgen dieses Kontaktes werden die Zukunft der Menschheit f\u00fcr die kommenden Generationen bestimmen. Dieser Kontakt findet jetzt statt.<\/li><li>Die Menschheit ist nicht bereit f\u00fcr den Kontakt. Die Forscher sind immer noch nicht in der Lage, klar zu erkennen, wer unsere Welt besucht und warum. Die Regierungen geben nicht preis, was sie wissen, und die meisten Menschen leugnen immer noch, dass dieses Ph\u00e4nomen \u00fcberhaupt existiert.<\/li><li>Aufgrund dieses Mangels an Vorbereitung sandten die wahren Verb\u00fcndeten der Menschheit Vertreter zu einem Ort in der N\u00e4he der Erde, um die au\u00dferirdische Anwesenheit und Aktivit\u00e4ten innerhalb unserer Welt zu beobachten. Die Lageberichte der Verb\u00fcndeten der Menschheit stellen ihren Bericht dar.<\/li><li>Die Lageberichte enth\u00fcllen, dass unsere Welt einer au\u00dferirdischen Intervention von Kr\u00e4ften ausgesetzt ist, die, wie ihre Handlungen zeigen, hier sind, um die menschliche Autorit\u00e4t zu untergraben und sich zu ihrem eigenen Vorteil in die menschliche Gesellschaft zu integrieren. Diese Kr\u00e4fte stellen nicht-milit\u00e4rische Organisationen dar, die hier sind, um menschliche und biologische Ressourcen zu suchen. Die Verb\u00fcndeten bezeichnen diese Kr\u00e4fte als &#8222;Kollektive&#8220;. Die Kollektive sch\u00e4tzen die menschliche Freiheit nicht.<\/li><li>Da die Intervention von kleinen Gruppen intervenierender Kr\u00e4fte durchgef\u00fchrt wird, muss sie sich in erster Linie auf T\u00e4uschung und \u00dcberredung verlassen, um ihre Ziele zu erreichen. Die Lageberichte der Verb\u00fcndeten beschreiben ausf\u00fchrlich, wie dies erreicht wird und was wir tun m\u00fcssen, um es zu stoppen.<\/li><li>Diese au\u00dferirdische Intervention konzentriert sich auf vier Bereiche:<ul><li>Sie beeinflusst gewisse Individuen in Macht- und Autorit\u00e4tspositionen in der Regierung, in der Wirtschaft und in der Religion, um mit der Intervention durch das Versprechen von gr\u00f6\u00dferem Reichtum, Macht und Technologie zu kooperieren.<\/li><li>Sie errichtet versteckte Einrichtungen in der Welt, von denen aus die Intervention ihren Einfluss auf die mentale Umgebung aus\u00fcben kann und versucht, die Menschen auf der ganzen Welt durch ein &#8222;Pazifizierungsprogramm&#8220; offen und gef\u00fcgig f\u00fcr ihren Willen zu machen.<\/li><li>Sie manipuliert unsere religi\u00f6sen Werte und spirituellen Impulse, um menschliche Loyalit\u00e4t f\u00fcr ihre Sache zu erlangen.<\/li><li>Sie entf\u00fchrt Menschen gegen ihren Willen und oft ohne ihr Bewusstsein, um ein Hybridisierungsprogramm zu unterst\u00fctzen, das darauf abzielt, eine Hybridrasse und eine neue F\u00fchrung zu schaffen, die an die &#8222;Besuchern&#8220; gebunden ist.<\/li><\/ul><\/li><li>Die au\u00dferirdischen Besucher, die der Menschheit potentiell dienlich waren, haben sich angesichts der Intervention alle von der Welt zur\u00fcckgezogen. Diejenigen, die \u00fcbrig geblieben sind, sind au\u00dferirdische Rassen, die nicht zu unserem Wohl hier sind. Damit befinden wir uns in einer eindeutigen Situation hinsichtlich der Intentionen und Aktivitit\u00e4ten der au\u00dferirdischen Anwesenheit. Dies erm\u00f6glicht es uns, klar zu erkennen, womit wir es zu tun haben. Sonst w\u00e4re es f\u00fcr uns unm\u00f6glich, Freund von Feind zu unterscheiden.<\/li><li>Die Lageberichte der Verb\u00fcndeten betonen die gro\u00dfe Gefahr, die von der Intervention und der Annahme von angebotener au\u00dferirdischer Technologie und deren Abh\u00e4ngigkeit ausgeht. Dies f\u00fchrt nur dazu, dass wir von unseren &#8222;Besuchern&#8220; abh\u00e4ngig werden, was zu einem Verlust an Freiheit und Selbstversorgung f\u00fchrt. Kein wahrer Verb\u00fcndeter der Menschheit w\u00fcrde uns das anbieten. Die Verb\u00fcndeten betonen, dass wir erdbasierte L\u00f6sungen f\u00fcr alle Probleme haben, denen wir gegen\u00fcberstehen. Was uns als Rasse fehlt, ist Einheit, Wille und Zusammenarbeit.<\/li><li>Trotz der gro\u00dfen Herausforderung, vor der wir jetzt stehen, hat die Menschheit immer noch einen gro\u00dfen Vorteil, wenn wir rechtzeitig reagieren k\u00f6nnen. Die Lageberichte der Verb\u00fcndeten decken sowohl die St\u00e4rken der Intervention als auch ihre Schw\u00e4chen auf. Eine der Schw\u00e4chen der Intervention ist, dass sie auf die Duldung und Kooperation der Menschen angewiesen ist, um ihre Ziele zu erreichen. Gem\u00e4\u00df den Verhaltensregeln der Gr\u00f6\u00dferen Gemeinschaft in der Region des Weltraums, in der unsere Welt existiert, ist eine Intervention nur dann erlaubt, wenn nachgewiesen werden kann, dass die einheimischen V\u00f6lker sie begr\u00fc\u00dfen und guthei\u00dfen. Hier k\u00f6nnen unsere Stimmen Macht in der Gr\u00f6\u00dferen Gemeinschaft haben. In diesem Moment hat die Intervention nur wenige Kritiker. Aber wenn gen\u00fcgend Menschen darauf aufmerksam werden und sich dagegen aussprechen k\u00f6nnen, wird die Intervention vereitelt und muss sich zur\u00fcckziehen. Dies ist der erste Schritt bei der Vorbereitung der Menschheit auf die Realit\u00e4ten des Lebens im Universum. Dieser Schritt und alle weiteren Schritte werden der Menschheit ihre einzige gro\u00dfe Chance geben, ihre alten Konflikte zu \u00fcberwinden und sich in ihrer eigenen Verteidigung f\u00fcr die Erhaltung der Welt zu vereinen. Die Verb\u00fcndeten betonen, dass wir als Menschen die spirituelle und kollektive Macht haben, dies zu tun, und dass wir dies tun m\u00fcssen, wenn wir als freie und unabh\u00e4ngige Rasse im Universum \u00fcberleben und vorankommen wollen.<\/li><li>Die Vorbereitung auf unseren Kontakt mit der Gr\u00f6\u00dferen Gemeinschaft beginnt mit Bewusstsein, Erziehung und Kenntnis, unserem spirituellen Verstand.<\/li><li>Angesichts der Gr\u00f6\u00dferen Gemeinschaft muss die Menschheit Einheit, Selbstversorgung und Diskretion aufbauen. Dies sind die drei Voraussetzungen, die alle freien Nationen errichten m\u00fcssen, um im Universum frei zu sein.<\/li><\/ol><p style=\"text-align: center; padding-left: 120px;\">___________________________<\/p><p style=\"text-align: center; padding-left: 120px;\"><em>&#8222;Wenn die Menschheit in den Angelegenheiten der Gr\u00f6\u00dferen<br \/>Gemeinschaft gut bewandert w\u00e4re, w\u00fcrdet ihr euch jedem<br \/>Besuch auf eurer Welt widersetzen, es sei denn, es w\u00e4re vorher<br \/>ein gegenseitiges Abkommen getroffen worden. Ihr w\u00fcrdet<br \/>genug wissen, um nicht zuzulassen, dass<br \/>eure Welt so verwundbar ist.&#8220;<\/em><\/p><p style=\"text-align: center; padding-left: 120px;\"><em><a href=\"https:\/\/www.alliesofhumanity.org\/de\/the-briefings\/book-one\/\">Die Verb\u00fcndeten der Menschheit, Buch Eins<\/a>:<\/em> <a href=\"https:\/\/www.alliesofhumanity.org\/de\/the-briefings\/book-one\/the-visitors\/\">Der Dritte Lagebericht<\/a><\/p><p style=\"text-align: center; padding-left: 120px;\"><strong><a href=\"https:\/\/www.alliesofhumanity.org\/de\">www.AlliesofHumanity.org\/de<\/a><\/strong><\/p>\t\t\t\t\t\t\t\t<\/div>\t\t\t\t<\/div>\t\t\t\t\t<\/div>\t\t<\/div>\t\t\t\t\t<\/div>\t\t<\/section>\t\t\t\t<\/div><p>\t\t<\/p>","protected":false},"excerpt":{"rendered":"<p>Um dir zu helfen, die Lageberichte und die Botschaft der Verb\u00fcndeten mit anderen zu teilen, haben wir diese 12-Punkte Zusammenfassung erstellt. Diese Zusammenfassung stellt nur eine allgemeine Beschreibung dar und enth\u00e4lt nicht alle der wichtigen Details, die es erm\u00f6glichen, die Lageberichte der Verb\u00fcndeten vollst\u00e4ndig zu verstehen. Die Bestimmung der Menschheit besteht darin, in eine Gr\u00f6\u00dfere [&hellip;]<\/p>\n","protected":false},"author":2,"featured_media":0,"parent":10717,"menu_order":5,"comment_status":"closed","ping_status":"closed","template":"page.php","meta":{"_acf_changed":false,"footnotes":""},"class_list":["post-10750","page","type-page","status-publish","hentry"],"acf":[],"yoast_head":"<!-- This site is optimized with the Yoast SEO plugin v26.5 - https:\/\/yoast.com\/wordpress\/plugins\/seo\/ -->\n<title>12-Punkte Zusammenfassung der Lageberichte der Verb\u00fcndeten der Menschheit<\/title>\n<meta name=\"description\" content=\"Eine Zusammenfassung der Lageberichte der Verb\u00fcndeten. Enth\u00fcllung der au\u00dferirdischen Anwesenheit in der heutigen Welt und der Voraussetzungen f\u00fcr einen ethischen Kontakt.\" \/>\n<meta name=\"robots\" content=\"index, follow, max-snippet:-1, max-image-preview:large, max-video-preview:-1\" \/>\n<link rel=\"canonical\" href=\"https:\/\/www.alliesofhumanity.org\/de\/the-briefings\/12-point-summary-of-the-allies-of-humanity-briefings\/\" \/>\n<meta property=\"og:locale\" content=\"de_DE\" \/>\n<meta property=\"og:type\" content=\"article\" \/>\n<meta property=\"og:title\" content=\"12-Punkte Zusammenfassung der Lageberichte der Verb\u00fcndeten der Menschheit\" \/>\n<meta property=\"og:description\" content=\"Eine Zusammenfassung der Lageberichte der Verb\u00fcndeten. Enth\u00fcllung der au\u00dferirdischen Anwesenheit in der heutigen Welt und der Voraussetzungen f\u00fcr einen ethischen Kontakt.\" \/>\n<meta property=\"og:url\" content=\"https:\/\/www.alliesofhumanity.org\/de\/the-briefings\/12-point-summary-of-the-allies-of-humanity-briefings\/\" \/>\n<meta property=\"og:site_name\" content=\"The Allies of Humanity\" \/>\n<meta property=\"article:publisher\" content=\"https:\/\/www.facebook.com\/alliesofhumanity\/\" \/>\n<meta property=\"article:modified_time\" content=\"2021-07-16T08:42:55+00:00\" \/>\n<meta property=\"og:image\" content=\"https:\/\/www.alliesofhumanity.org\/wp-content\/uploads\/2021\/01\/og-socialmedia-aoh.jpg\" \/>\n\t<meta property=\"og:image:width\" content=\"1200\" \/>\n\t<meta property=\"og:image:height\" content=\"630\" \/>\n\t<meta property=\"og:image:type\" content=\"image\/jpeg\" \/>\n<meta name=\"twitter:card\" content=\"summary_large_image\" \/>\n<meta name=\"twitter:title\" content=\"12-Punkte Zusammenfassung der Lageberichte der Verb\u00fcndeten der Menschheit\" \/>\n<meta name=\"twitter:site\" content=\"@earthallies\" \/>\n<meta name=\"twitter:label1\" content=\"Gesch\u00e4tzte Lesezeit\" \/>\n\t<meta name=\"twitter:data1\" content=\"5\u00a0Minuten\" \/>\n<script type=\"application\/ld+json\" class=\"yoast-schema-graph\">{\"@context\":\"https:\/\/schema.org\",\"@graph\":[{\"@type\":\"WebPage\",\"@id\":\"https:\/\/www.alliesofhumanity.org\/de\/the-briefings\/12-point-summary-of-the-allies-of-humanity-briefings\/\",\"url\":\"https:\/\/www.alliesofhumanity.org\/de\/the-briefings\/12-point-summary-of-the-allies-of-humanity-briefings\/\",\"name\":\"12-Punkte Zusammenfassung der Lageberichte der Verb\u00fcndeten der Menschheit\",\"isPartOf\":{\"@id\":\"https:\/\/www.alliesofhumanity.org\/de\/#website\"},\"datePublished\":\"2021-01-27T22:34:36+00:00\",\"dateModified\":\"2021-07-16T08:42:55+00:00\",\"description\":\"Eine Zusammenfassung der Lageberichte der Verb\u00fcndeten. Enth\u00fcllung der au\u00dferirdischen Anwesenheit in der heutigen Welt und der Voraussetzungen f\u00fcr einen ethischen Kontakt.\",\"breadcrumb\":{\"@id\":\"https:\/\/www.alliesofhumanity.org\/de\/the-briefings\/12-point-summary-of-the-allies-of-humanity-briefings\/#breadcrumb\"},\"inLanguage\":\"de\",\"potentialAction\":[{\"@type\":\"ReadAction\",\"target\":[\"https:\/\/www.alliesofhumanity.org\/de\/the-briefings\/12-point-summary-of-the-allies-of-humanity-briefings\/\"]}]},{\"@type\":\"BreadcrumbList\",\"@id\":\"https:\/\/www.alliesofhumanity.org\/de\/the-briefings\/12-point-summary-of-the-allies-of-humanity-briefings\/#breadcrumb\",\"itemListElement\":[{\"@type\":\"ListItem\",\"position\":1,\"name\":\"Die Lageberichte\",\"item\":\"https:\/\/www.alliesofhumanity.org\/de\/the-briefings\/\"},{\"@type\":\"ListItem\",\"position\":2,\"name\":\"12-Punkte Zusammenfassung\"}]},{\"@type\":\"WebSite\",\"@id\":\"https:\/\/www.alliesofhumanity.org\/de\/#website\",\"url\":\"https:\/\/www.alliesofhumanity.org\/de\/\",\"name\":\"The Allies of Humanity\",\"description\":\"\",\"potentialAction\":[{\"@type\":\"SearchAction\",\"target\":{\"@type\":\"EntryPoint\",\"urlTemplate\":\"https:\/\/www.alliesofhumanity.org\/de\/?s={search_term_string}\"},\"query-input\":{\"@type\":\"PropertyValueSpecification\",\"valueRequired\":true,\"valueName\":\"search_term_string\"}}],\"inLanguage\":\"de\"}]}<\/script>\n<!-- \/ Yoast SEO plugin. -->","yoast_head_json":{"title":"12-Punkte Zusammenfassung der Lageberichte der Verb\u00fcndeten der Menschheit","description":"Eine Zusammenfassung der Lageberichte der Verb\u00fcndeten. Enth\u00fcllung der au\u00dferirdischen Anwesenheit in der heutigen Welt und der Voraussetzungen f\u00fcr einen ethischen Kontakt.","robots":{"index":"index","follow":"follow","max-snippet":"max-snippet:-1","max-image-preview":"max-image-preview:large","max-video-preview":"max-video-preview:-1"},"canonical":"https:\/\/www.alliesofhumanity.org\/de\/the-briefings\/12-point-summary-of-the-allies-of-humanity-briefings\/","og_locale":"de_DE","og_type":"article","og_title":"12-Punkte Zusammenfassung der Lageberichte der Verb\u00fcndeten der Menschheit","og_description":"Eine Zusammenfassung der Lageberichte der Verb\u00fcndeten. Enth\u00fcllung der au\u00dferirdischen Anwesenheit in der heutigen Welt und der Voraussetzungen f\u00fcr einen ethischen Kontakt.","og_url":"https:\/\/www.alliesofhumanity.org\/de\/the-briefings\/12-point-summary-of-the-allies-of-humanity-briefings\/","og_site_name":"The Allies of Humanity","article_publisher":"https:\/\/www.facebook.com\/alliesofhumanity\/","article_modified_time":"2021-07-16T08:42:55+00:00","og_image":[{"width":1200,"height":630,"url":"https:\/\/www.alliesofhumanity.org\/wp-content\/uploads\/2021\/01\/og-socialmedia-aoh.jpg","type":"image\/jpeg"}],"twitter_card":"summary_large_image","twitter_title":"12-Punkte Zusammenfassung der Lageberichte der Verb\u00fcndeten der Menschheit","twitter_site":"@earthallies","twitter_misc":{"Gesch\u00e4tzte Lesezeit":"5\u00a0Minuten"},"schema":{"@context":"https:\/\/schema.org","@graph":[{"@type":"WebPage","@id":"https:\/\/www.alliesofhumanity.org\/de\/the-briefings\/12-point-summary-of-the-allies-of-humanity-briefings\/","url":"https:\/\/www.alliesofhumanity.org\/de\/the-briefings\/12-point-summary-of-the-allies-of-humanity-briefings\/","name":"12-Punkte Zusammenfassung der Lageberichte der Verb\u00fcndeten der Menschheit","isPartOf":{"@id":"https:\/\/www.alliesofhumanity.org\/de\/#website"},"datePublished":"2021-01-27T22:34:36+00:00","dateModified":"2021-07-16T08:42:55+00:00","description":"Eine Zusammenfassung der Lageberichte der Verb\u00fcndeten. Enth\u00fcllung der au\u00dferirdischen Anwesenheit in der heutigen Welt und der Voraussetzungen f\u00fcr einen ethischen Kontakt.","breadcrumb":{"@id":"https:\/\/www.alliesofhumanity.org\/de\/the-briefings\/12-point-summary-of-the-allies-of-humanity-briefings\/#breadcrumb"},"inLanguage":"de","potentialAction":[{"@type":"ReadAction","target":["https:\/\/www.alliesofhumanity.org\/de\/the-briefings\/12-point-summary-of-the-allies-of-humanity-briefings\/"]}]},{"@type":"BreadcrumbList","@id":"https:\/\/www.alliesofhumanity.org\/de\/the-briefings\/12-point-summary-of-the-allies-of-humanity-briefings\/#breadcrumb","itemListElement":[{"@type":"ListItem","position":1,"name":"Die Lageberichte","item":"https:\/\/www.alliesofhumanity.org\/de\/the-briefings\/"},{"@type":"ListItem","position":2,"name":"12-Punkte Zusammenfassung"}]},{"@type":"WebSite","@id":"https:\/\/www.alliesofhumanity.org\/de\/#website","url":"https:\/\/www.alliesofhumanity.org\/de\/","name":"The Allies of Humanity","description":"","potentialAction":[{"@type":"SearchAction","target":{"@type":"EntryPoint","urlTemplate":"https:\/\/www.alliesofhumanity.org\/de\/?s={search_term_string}"},"query-input":{"@type":"PropertyValueSpecification","valueRequired":true,"valueName":"search_term_string"}}],"inLanguage":"de"}]}},"_links":{"self":[{"href":"https:\/\/www.alliesofhumanity.org\/de\/wp-json\/wp\/v2\/pages\/10750","targetHints":{"allow":["GET"]}}],"collection":[{"href":"https:\/\/www.alliesofhumanity.org\/de\/wp-json\/wp\/v2\/pages"}],"about":[{"href":"https:\/\/www.alliesofhumanity.org\/de\/wp-json\/wp\/v2\/types\/page"}],"author":[{"embeddable":true,"href":"https:\/\/www.alliesofhumanity.org\/de\/wp-json\/wp\/v2\/users\/2"}],"replies":[{"embeddable":true,"href":"https:\/\/www.alliesofhumanity.org\/de\/wp-json\/wp\/v2\/comments?post=10750"}],"version-history":[{"count":16,"href":"https:\/\/www.alliesofhumanity.org\/de\/wp-json\/wp\/v2\/pages\/10750\/revisions"}],"predecessor-version":[{"id":17850,"href":"https:\/\/www.alliesofhumanity.org\/de\/wp-json\/wp\/v2\/pages\/10750\/revisions\/17850"}],"up":[{"embeddable":true,"href":"https:\/\/www.alliesofhumanity.org\/de\/wp-json\/wp\/v2\/pages\/10717"}],"wp:attachment":[{"href":"https:\/\/www.alliesofhumanity.org\/de\/wp-json\/wp\/v2\/media?parent=10750"}],"curies":[{"name":"wp","href":"https:\/\/api.w.org\/{rel}","templated":true}]}}