{"id":10748,"date":"2021-01-27T23:32:02","date_gmt":"2021-01-27T22:32:02","guid":{"rendered":"https:\/\/www.alliesofhumanity.org\/the-briefings\/book-one\/final-words\/"},"modified":"2021-04-29T06:24:27","modified_gmt":"2021-04-29T05:24:27","slug":"final-words","status":"publish","type":"page","link":"https:\/\/www.alliesofhumanity.org\/de\/the-briefings\/book-one\/final-words\/","title":{"rendered":"Schlusswort"},"content":{"rendered":"\t\t<div data-elementor-type=\"wp-page\" data-elementor-id=\"10748\" class=\"elementor elementor-10748 elementor-2181\" data-elementor-post-type=\"page\">\t\t\t\t\t\t<section class=\"elementor-section elementor-top-section elementor-element elementor-element-54dadb56 elementor-section-boxed elementor-section-height-default elementor-section-height-default\" data-id=\"54dadb56\" data-element_type=\"section\">\t\t\t\t\t\t<div class=\"elementor-container elementor-column-gap-default\">\t\t\t\t\t<div class=\"elementor-column elementor-col-100 elementor-top-column elementor-element elementor-element-31c5ce98\" data-id=\"31c5ce98\" data-element_type=\"column\">\t\t\t<div class=\"elementor-widget-wrap elementor-element-populated\">\t\t\t\t\t\t<div class=\"elementor-element elementor-element-7d4c35aa elementor-widget elementor-widget-text-editor\" data-id=\"7d4c35aa\" data-element_type=\"widget\" data-widget_type=\"text-editor.default\">\t\t\t\t<div class=\"elementor-widget-container\">\t\t\t\t\t\t\t\t\t<h1 style=\"text-align: center;\">SCHLUSSWORT<\/h1><p>Die Menschheit steht vor einem Neubeginn. Sie ist mit einer ernsten Situation konfrontiert. Die Notwendigkeit f\u00fcr eine g\u00e4nzlich neue Art von Erziehung und ein neues Verst\u00e4ndnis ist \u00fcberw\u00e4ltigend. Wir sind einem Aufruf der Unsichtbaren gefolgt und sind gekommen, um diesem Bed\u00fcrfnis nachzukommen. Sie vertrauen darauf, dass wir unsere Weisheit weitergeben, denn auch wir leben im physischen Universum, genauso wie ihr. Wir sind keine Engelswesen. Wir sind nicht perfekt. Wir haben keine gro\u00dfen H\u00f6hen des spirituellen Bewusstseins und der spirituellen Errungenschaft erklommen. Und gerade deshalb glauben wir, dass unsere Botschaft f\u00fcr euch \u00fcber die Gr\u00f6\u00dfere Gemeinschaft umso relevanter sein wird und leichter empfangen werden kann. Die Unsichtbaren wissen viel mehr als wir \u00fcber das Leben im Universum und \u00fcber die zahlreichen Ebenen der Entwicklung und der Errungenschaft, die erreicht werden k\u00f6nnen und die an zahlreichen Orten praktiziert werden. Und dennoch haben sie uns dazu aufgerufen, \u00fcber die Realit\u00e4t des physischen Lebens zu berichten, weil wir darin so vollkommen eingebunden sind. Und wir haben durch unsere eigenen Versuche und Irrt\u00fcmer die Relevanz und die Bedeutung dessen gelernt, was wir mit euch teilen.<\/span><\/p><p>Daher kommen wir als Verb\u00fcndete der Menschheit, denn dies sind wir. Seid dankbar, dass ihr Verb\u00fcndete habt, die euch helfen k\u00f6nnen, die euch erziehen k\u00f6nnen und die eure St\u00e4rke, eure Freiheit und eure Errungenschaften unterst\u00fctzen k\u00f6nnen. Denn ohne diese Hilfe best\u00fcnde f\u00fcr euch nur wenig Aussicht, die au\u00dferirdische Unterwanderung, die ihr derzeit erlebt, \u00fcberhaupt zu \u00fcberleben. Ja, es w\u00fcrde zwar ein paar wenige Menschen geben, die die Situation, so wie sie tats\u00e4chlich vorhanden ist, erkennen w\u00fcrden, aber ihre Anzahl w\u00e4re nicht gro\u00df genug und ihre Stimmen w\u00fcrden ungeh\u00f6rt verhallen.<\/p><p>In dieser Angelegenheit k\u00f6nnen wir euch nur um euer Vertrauen bitten. Wir hoffen, dass wir durch die Weisheit unserer Worte und durch die M\u00f6glichkeiten, die ihr bekommt, ihre Bedeutung und ihre Relevanz zu erkennen, dieses Vertrauen im Laufe der Zeit gewinnen k\u00f6nnen, denn ihr habt Verb\u00fcndete in der Gr\u00f6\u00dferen Gemeinschaft. Ihr habt gute Freunde jenseits dieser Welt, die die Herausforderungen, vor denen ihr jetzt steht, bereits selbst durchlitten haben und hierbei erfolgreich gewesen sind. Weil wir selbst unterst\u00fctzt wurden, m\u00fcssen wir jetzt andere unterst\u00fctzen. Das ist unser heiliger Bund. Diesem Bund f\u00fchlen wir uns fest verpflichtet.<\/p>\t\t\t\t\t\t\t\t<\/div>\t\t\t\t<\/div>\t\t\t\t\t<\/div>\t\t<\/div>\t\t\t\t\t<\/div>\t\t<\/section>\t\t\t\t<\/div><p>\t\t<\/p>","protected":false},"excerpt":{"rendered":"<p>SCHLUSSWORT Die Menschheit steht vor einem Neubeginn. Sie ist mit einer ernsten Situation konfrontiert. Die Notwendigkeit f\u00fcr eine g\u00e4nzlich neue Art von Erziehung und ein neues Verst\u00e4ndnis ist \u00fcberw\u00e4ltigend. Wir sind einem Aufruf der Unsichtbaren gefolgt und sind gekommen, um diesem Bed\u00fcrfnis nachzukommen. Sie vertrauen darauf, dass wir unsere Weisheit weitergeben, denn auch wir leben [&hellip;]<\/p>\n","protected":false},"author":2,"featured_media":0,"parent":10696,"menu_order":7,"comment_status":"closed","ping_status":"closed","template":"page.php","meta":{"_acf_changed":false,"footnotes":""},"class_list":["post-10748","page","type-page","status-publish","hentry"],"acf":[],"yoast_head":"<!-- This site is optimized with the Yoast SEO plugin v26.5 - https:\/\/yoast.com\/wordpress\/plugins\/seo\/ -->\n<title>Die Verb\u00fcndeten der Menschheit, Buch 1: Schlusswort<\/title>\n<meta name=\"description\" content=\"Die Menschheit steht an einem neuen Anfang. Sie ist mit einer ernsten Situation konfrontiert. Au\u00dferirdischer Kontakt ist im Gange. Die Bed\u00fcrfnisse, Herausforderungen und M\u00f6glichkeiten sind gro\u00df.\" \/>\n<meta name=\"robots\" content=\"index, follow, max-snippet:-1, max-image-preview:large, max-video-preview:-1\" \/>\n<link rel=\"canonical\" href=\"https:\/\/www.alliesofhumanity.org\/de\/the-briefings\/book-one\/final-words\/\" \/>\n<meta property=\"og:locale\" content=\"de_DE\" \/>\n<meta property=\"og:type\" content=\"article\" \/>\n<meta property=\"og:title\" content=\"Die Verb\u00fcndeten der Menschheit, Buch 1: Schlusswort\" \/>\n<meta property=\"og:description\" content=\"Die Menschheit steht an einem neuen Anfang. Sie ist mit einer ernsten Situation konfrontiert. Au\u00dferirdischer Kontakt ist im Gange. Die Bed\u00fcrfnisse, Herausforderungen und M\u00f6glichkeiten sind gro\u00df.\" \/>\n<meta property=\"og:url\" content=\"https:\/\/www.alliesofhumanity.org\/de\/the-briefings\/book-one\/final-words\/\" \/>\n<meta property=\"og:site_name\" content=\"The Allies of Humanity\" \/>\n<meta property=\"article:publisher\" content=\"https:\/\/www.facebook.com\/alliesofhumanity\/\" \/>\n<meta property=\"article:modified_time\" content=\"2021-04-29T05:24:27+00:00\" \/>\n<meta property=\"og:image\" content=\"https:\/\/www.alliesofhumanity.org\/wp-content\/uploads\/2021\/01\/og-socialmedia-aoh.jpg\" \/>\n\t<meta property=\"og:image:width\" content=\"1200\" \/>\n\t<meta property=\"og:image:height\" content=\"630\" \/>\n\t<meta property=\"og:image:type\" content=\"image\/jpeg\" \/>\n<meta name=\"twitter:card\" content=\"summary_large_image\" \/>\n<meta name=\"twitter:title\" content=\"Die Verb\u00fcndeten der Menschheit, Buch 1: Schlusswort\" \/>\n<meta name=\"twitter:site\" content=\"@earthallies\" \/>\n<meta name=\"twitter:label1\" content=\"Gesch\u00e4tzte Lesezeit\" \/>\n\t<meta name=\"twitter:data1\" content=\"2\u00a0Minuten\" \/>\n<script type=\"application\/ld+json\" class=\"yoast-schema-graph\">{\"@context\":\"https:\/\/schema.org\",\"@graph\":[{\"@type\":\"WebPage\",\"@id\":\"https:\/\/www.alliesofhumanity.org\/de\/the-briefings\/book-one\/final-words\/\",\"url\":\"https:\/\/www.alliesofhumanity.org\/de\/the-briefings\/book-one\/final-words\/\",\"name\":\"Die Verb\u00fcndeten der Menschheit, Buch 1: Schlusswort\",\"isPartOf\":{\"@id\":\"https:\/\/www.alliesofhumanity.org\/de\/#website\"},\"datePublished\":\"2021-01-27T22:32:02+00:00\",\"dateModified\":\"2021-04-29T05:24:27+00:00\",\"description\":\"Die Menschheit steht an einem neuen Anfang. Sie ist mit einer ernsten Situation konfrontiert. Au\u00dferirdischer Kontakt ist im Gange. Die Bed\u00fcrfnisse, Herausforderungen und M\u00f6glichkeiten sind gro\u00df.\",\"breadcrumb\":{\"@id\":\"https:\/\/www.alliesofhumanity.org\/de\/the-briefings\/book-one\/final-words\/#breadcrumb\"},\"inLanguage\":\"de\",\"potentialAction\":[{\"@type\":\"ReadAction\",\"target\":[\"https:\/\/www.alliesofhumanity.org\/de\/the-briefings\/book-one\/final-words\/\"]}]},{\"@type\":\"BreadcrumbList\",\"@id\":\"https:\/\/www.alliesofhumanity.org\/de\/the-briefings\/book-one\/final-words\/#breadcrumb\",\"itemListElement\":[{\"@type\":\"ListItem\",\"position\":1,\"name\":\"Die Lageberichte\",\"item\":\"https:\/\/www.alliesofhumanity.org\/de\/the-briefings\/\"},{\"@type\":\"ListItem\",\"position\":2,\"name\":\"Buch Eins\",\"item\":\"https:\/\/www.alliesofhumanity.org\/de\/the-briefings\/book-one\/\"},{\"@type\":\"ListItem\",\"position\":3,\"name\":\"Schlusswort\"}]},{\"@type\":\"WebSite\",\"@id\":\"https:\/\/www.alliesofhumanity.org\/de\/#website\",\"url\":\"https:\/\/www.alliesofhumanity.org\/de\/\",\"name\":\"The Allies of Humanity\",\"description\":\"\",\"potentialAction\":[{\"@type\":\"SearchAction\",\"target\":{\"@type\":\"EntryPoint\",\"urlTemplate\":\"https:\/\/www.alliesofhumanity.org\/de\/?s={search_term_string}\"},\"query-input\":{\"@type\":\"PropertyValueSpecification\",\"valueRequired\":true,\"valueName\":\"search_term_string\"}}],\"inLanguage\":\"de\"}]}<\/script>\n<!-- \/ Yoast SEO plugin. -->","yoast_head_json":{"title":"Die Verb\u00fcndeten der Menschheit, Buch 1: Schlusswort","description":"Die Menschheit steht an einem neuen Anfang. Sie ist mit einer ernsten Situation konfrontiert. Au\u00dferirdischer Kontakt ist im Gange. Die Bed\u00fcrfnisse, Herausforderungen und M\u00f6glichkeiten sind gro\u00df.","robots":{"index":"index","follow":"follow","max-snippet":"max-snippet:-1","max-image-preview":"max-image-preview:large","max-video-preview":"max-video-preview:-1"},"canonical":"https:\/\/www.alliesofhumanity.org\/de\/the-briefings\/book-one\/final-words\/","og_locale":"de_DE","og_type":"article","og_title":"Die Verb\u00fcndeten der Menschheit, Buch 1: Schlusswort","og_description":"Die Menschheit steht an einem neuen Anfang. Sie ist mit einer ernsten Situation konfrontiert. Au\u00dferirdischer Kontakt ist im Gange. Die Bed\u00fcrfnisse, Herausforderungen und M\u00f6glichkeiten sind gro\u00df.","og_url":"https:\/\/www.alliesofhumanity.org\/de\/the-briefings\/book-one\/final-words\/","og_site_name":"The Allies of Humanity","article_publisher":"https:\/\/www.facebook.com\/alliesofhumanity\/","article_modified_time":"2021-04-29T05:24:27+00:00","og_image":[{"width":1200,"height":630,"url":"https:\/\/www.alliesofhumanity.org\/wp-content\/uploads\/2021\/01\/og-socialmedia-aoh.jpg","type":"image\/jpeg"}],"twitter_card":"summary_large_image","twitter_title":"Die Verb\u00fcndeten der Menschheit, Buch 1: Schlusswort","twitter_site":"@earthallies","twitter_misc":{"Gesch\u00e4tzte Lesezeit":"2\u00a0Minuten"},"schema":{"@context":"https:\/\/schema.org","@graph":[{"@type":"WebPage","@id":"https:\/\/www.alliesofhumanity.org\/de\/the-briefings\/book-one\/final-words\/","url":"https:\/\/www.alliesofhumanity.org\/de\/the-briefings\/book-one\/final-words\/","name":"Die Verb\u00fcndeten der Menschheit, Buch 1: Schlusswort","isPartOf":{"@id":"https:\/\/www.alliesofhumanity.org\/de\/#website"},"datePublished":"2021-01-27T22:32:02+00:00","dateModified":"2021-04-29T05:24:27+00:00","description":"Die Menschheit steht an einem neuen Anfang. Sie ist mit einer ernsten Situation konfrontiert. Au\u00dferirdischer Kontakt ist im Gange. Die Bed\u00fcrfnisse, Herausforderungen und M\u00f6glichkeiten sind gro\u00df.","breadcrumb":{"@id":"https:\/\/www.alliesofhumanity.org\/de\/the-briefings\/book-one\/final-words\/#breadcrumb"},"inLanguage":"de","potentialAction":[{"@type":"ReadAction","target":["https:\/\/www.alliesofhumanity.org\/de\/the-briefings\/book-one\/final-words\/"]}]},{"@type":"BreadcrumbList","@id":"https:\/\/www.alliesofhumanity.org\/de\/the-briefings\/book-one\/final-words\/#breadcrumb","itemListElement":[{"@type":"ListItem","position":1,"name":"Die Lageberichte","item":"https:\/\/www.alliesofhumanity.org\/de\/the-briefings\/"},{"@type":"ListItem","position":2,"name":"Buch Eins","item":"https:\/\/www.alliesofhumanity.org\/de\/the-briefings\/book-one\/"},{"@type":"ListItem","position":3,"name":"Schlusswort"}]},{"@type":"WebSite","@id":"https:\/\/www.alliesofhumanity.org\/de\/#website","url":"https:\/\/www.alliesofhumanity.org\/de\/","name":"The Allies of Humanity","description":"","potentialAction":[{"@type":"SearchAction","target":{"@type":"EntryPoint","urlTemplate":"https:\/\/www.alliesofhumanity.org\/de\/?s={search_term_string}"},"query-input":{"@type":"PropertyValueSpecification","valueRequired":true,"valueName":"search_term_string"}}],"inLanguage":"de"}]}},"_links":{"self":[{"href":"https:\/\/www.alliesofhumanity.org\/de\/wp-json\/wp\/v2\/pages\/10748","targetHints":{"allow":["GET"]}}],"collection":[{"href":"https:\/\/www.alliesofhumanity.org\/de\/wp-json\/wp\/v2\/pages"}],"about":[{"href":"https:\/\/www.alliesofhumanity.org\/de\/wp-json\/wp\/v2\/types\/page"}],"author":[{"embeddable":true,"href":"https:\/\/www.alliesofhumanity.org\/de\/wp-json\/wp\/v2\/users\/2"}],"replies":[{"embeddable":true,"href":"https:\/\/www.alliesofhumanity.org\/de\/wp-json\/wp\/v2\/comments?post=10748"}],"version-history":[{"count":1,"href":"https:\/\/www.alliesofhumanity.org\/de\/wp-json\/wp\/v2\/pages\/10748\/revisions"}],"predecessor-version":[{"id":10749,"href":"https:\/\/www.alliesofhumanity.org\/de\/wp-json\/wp\/v2\/pages\/10748\/revisions\/10749"}],"up":[{"embeddable":true,"href":"https:\/\/www.alliesofhumanity.org\/de\/wp-json\/wp\/v2\/pages\/10696"}],"wp:attachment":[{"href":"https:\/\/www.alliesofhumanity.org\/de\/wp-json\/wp\/v2\/media?parent=10748"}],"curies":[{"name":"wp","href":"https:\/\/api.w.org\/{rel}","templated":true}]}}