{"id":10704,"date":"2021-01-27T18:32:51","date_gmt":"2021-01-27T17:32:51","guid":{"rendered":"https:\/\/www.alliesofhumanity.org\/the-allies\/"},"modified":"2021-04-29T06:09:00","modified_gmt":"2021-04-29T05:09:00","slug":"the-allies","status":"publish","type":"page","link":"https:\/\/www.alliesofhumanity.org\/de\/the-allies\/","title":{"rendered":"Die Verb\u00fcndeten"},"content":{"rendered":"\t\t<div data-elementor-type=\"wp-page\" data-elementor-id=\"10704\" class=\"elementor elementor-10704 elementor-758\" data-elementor-post-type=\"page\">\t\t\t\t\t\t<section class=\"elementor-section elementor-top-section elementor-element elementor-element-13aff578 elementor-section-full_width elementor-section-height-default elementor-section-height-default\" data-id=\"13aff578\" data-element_type=\"section\">\t\t\t\t\t\t<div class=\"elementor-container elementor-column-gap-default\">\t\t\t\t\t<div class=\"elementor-column elementor-col-100 elementor-top-column elementor-element elementor-element-73bd0eae\" data-id=\"73bd0eae\" data-element_type=\"column\">\t\t\t<div class=\"elementor-widget-wrap elementor-element-populated\">\t\t\t\t\t\t<div class=\"elementor-element elementor-element-0581c07 elementor-widget elementor-widget-text-editor\" data-id=\"0581c07\" data-element_type=\"widget\" data-widget_type=\"text-editor.default\">\t\t\t\t<div class=\"elementor-widget-container\">\t\t\t\t\t\t\t\t\t<h5>Die Verb\u00fcndeten der Menschheit wird gegenw\u00e4rtig vorgestellt, um die Menschen auf eine ganz neue Realit\u00e4t vorzubereiten, die in der heutigen Welt weitgehend verborgen und unerkannt ist. Sie bietet eine neue Perspektive, die die Menschen in die Lage versetzt, sich der gr\u00f6\u00dften Herausforderung und Chance zu stellen, der wir als Rasse je begegnet sind.<\/h5><p>Die Lageberichte der Verbu\u0308ndeten enthalten eine Reihe von bedeutenden und geradezu alarmierenden Aussagen u\u0308ber die zunehmende extraterrestrische Intervention und Integration au\u00dferirdischer Kra\u0308fte in die menschliche Rasse sowie u\u0308ber die au\u00dferirdischen Aktivita\u0308ten und ihre verborgenen Machenschaften.<\/p><p>Die Lageberichte der Verbu\u0308ndeten verfolgen nicht den Zweck, Beweise u\u0308ber die Realita\u0308t der Besuche Au\u00dferirdischer auf unserem Planeten vorzulegen, was bereits in zahlreichen hervorragenden Bu\u0308chern und Fachzeitschriften zu diesem Thema dokumentiert wird. Zweck der Lageberichte der Verbu\u0308ndeten ist vielmehr, die dramatischen und weitreichenden Folgen dieses Pha\u0308nomens anzusprechen, unsere menschlichen Neigungen und Mutma\u00dfungen hierzu infrage zu stellen und die Aufmerksamkeit der menschlichen Familie auf die enorme Herausforderung, vor der wir jetzt stehen, zu lenken. <\/p><p>Die Lageberichte gewa\u0308hren uns einen flu\u0308chtigen Blick in die Realita\u0308t intelligenten Lebens im Universum und in die Bedeutung, die ein Kontakt wirklich haben wird. Fu\u0308r viele Leser wird das, was in <em>Die Verbu\u0308ndeten der Menschheit<\/em> offenbart wird, vo\u0308llig neu sein. Fu\u0308r andere wird es lediglich eine Besta\u0308tigung dessen sein, was sie seit langem gespu\u0308rt und gewusst haben.<\/p><p>Obwohl dieses Buch eine dringende Warnung entha\u0308lt, handelt es auch von der Erlangung eines ho\u0308heren Bewusstseins, das <a href=\"https:\/\/www.newmessage.org\/wiki\/Knowledge_Quotes\"><em>\u201eKenntnis\u201c<\/em><\/a> genannt wird und das eine gro\u0308\u00dfere telepathische Fa\u0308higkeit zwischen Menschen und Rassen mit sich bringt. Im Lichte dessen wurden auch die Lageberichte der Verbu\u0308ndeten an den Autor <a href=\"https:\/\/marshallsummers.com\">Marshall Vian Summers<\/a> von einer multirassischen, au\u00dferirdischen Gruppe von Individuen u\u0308bertragen, die sich selbst als \u201cVerbu\u0308ndete der Menschheit\u201d bezeichnen.<\/p><p>Sie beschreiben sich selbst als ko\u0308rperliche Wesen aus anderen Welten, die sich in Na\u0308he der Erde in unserem Sonnensystem zusammengefunden haben, um die Kommunikation und die Aktivita\u0308ten jener au\u00dferirdischen Rassen zu beobachten, die sich hier auf unserer Welt befinden und in menschliche Angelegenheiten eingreifen. Sie betonen, dass sie selbst auf unserer Welt nicht physisch anwesend sind und lediglich fehlende Weisheit anbieten wollen, nicht jedoch Technologien oder gar irgendeine Form der Einmischung.<\/p><p>Die Lageberichte der Verb\u00fcndeten wurden dem Autor \u00fcber einen Zeitraum von einem Jahr zur Verf\u00fcgung gestellt. Sie bieten eine Perspektive und einen Ausblick auf ein komplexes Thema, das trotz jahrzehntelang zunehmender Beweise die Forscher immer noch verbl\u00fcfft. Diese Perspektive ist jedoch nicht romantisch, spekulativ oder idealistisch in ihrem Umgang mit diesem Thema. Im Gegenteil, sie ist so realistisch und kompromisslos, dass sie selbst f\u00fcr einen Leser, der sich mit diesem Thema gut auskennt, eine ziemliche Herausforderung darstellen kann.<\/p><p class=\"float-left bleed-left\"><img decoding=\"async\" src=\"https:\/\/www.alliesofhumanity.org\/wp-content\/uploads\/2020\/06\/960x540-aoh-book-1.jpg\" alt=\"\" \/><\/p><p>Um daher das, was dieses Buch anzubieten hat, aufnehmen zu ko\u0308nnen, ist es erforderlich, dass du viele der U\u0308berzeugungen, Vermutungen und Fragen, die du u\u0308ber den Kontakt mit au\u00dferirdischen Kra\u0308ften oder daru\u0308ber, wie dieses Buch empfangen wurde, haben ko\u0308nntest, zumindest fu\u0308r einen Moment beiseite legst. Der Inhalt dieses Buches ist wie eine Flaschenpost, die von jenseits der Welt hierher gesandt wurde. Wir sollten uns daher zuna\u0308chst weniger um die Flasche ku\u0308mmern, sondern mehr um die Nachricht selbst.<\/p><p>Um die herausfordernde Botschaft wirklich begreifen zu ko\u0308nnen, mu\u0308ssen wir uns vielen vorherrschenden Annahmen und Neigungen zur Frage der Mo\u0308glichkeit und Realita\u0308t eines Kontakts mit Au\u00dferirdischen stellen und sie offen hinterfragen. Diese umfassen:<\/p><ul><li>die Leugnung des Pha\u0308nomens;<\/li><li>hoffnungsvolle Erwartungen;<\/li><li>die Fehlinterpretation der Beweislage, um unsere U\u0308berzeugungen zu besta\u0308tigen;<\/li><li>das Herbeiwu\u0308nschen und die Erwartung einer Errettung durch die &#8222;Besucher&#8220;;<\/li><li>den Glauben, dass au\u00dferirdische Technologie uns retten wird;<\/li><li>Hoffnungslosigkeit und Unterwu\u0308rfigkeit gegenu\u0308ber einer vermeintlich u\u0308berlegenen Macht;<\/li><li>die Forderung, dass Regierungen alle Informationen offenlegen sollen, ohne jedoch parallel hierzu zu fordern, dass auch Au\u00dferirdische ihre Aktivita\u0308ten offenlegen mu\u0308ssen;<\/li><li> die Ablehnung menschlicher Fu\u0308hrungspersonen und Institutionen, wa\u0308hrend die &#8222;Besucher&#8220; unhinterfragt willkommen gehei\u00dfen werden;<\/li><li>die Vermutung, dass die Besucher wohlwollend sind, weil sie uns noch nicht angegriffen oder besetzt haben;<\/li><li>die Vermutung, dass eine fortgeschrittene Technologie zwangsla\u0308ufig mit einer fortentwickelten Ethik und Spiritualita\u0308t einhergeht;<\/li><li>den Glauben, dass dieses Pha\u0308nomen ein Mysterium sein mu\u0308sse, obgleich es in Wirklichkeit ein fu\u0308r uns verstehbares Ereignis ist;<\/li><li>den Glauben, dass Au\u00dferirdische auf irgendeine Weise einen Anspruch auf die Menschheit und diesen Planeten besitzen;<\/li><li>und den Glauben, dass die Menschheit verdammt ist und es ohnehin nicht aus eigener Kraft schaffen kann.<\/li><\/ul><p>Die Lageberichte der Verbu\u0308ndeten stellen all diese Vermutungen und menschlichen Neigungen infrage und sprengen zahlreiche der von uns gepflegten Mythen daru\u0308ber, wer uns besucht und weshalb sie hier sind.<\/p><p>Die Lageberichte der Verbu\u0308ndeten der Menschheit wollen uns eine gro\u0308\u00dfere Perspektive und ein tieferes Versta\u0308ndnis fu\u0308r unsere Bestimmung in einem gro\u0308\u00dferen Spektrum intelligenten Lebens im Universum vermitteln. Um dies zu erreichen, appellieren die Verbu\u0308ndeten nicht an unseren analytischen Verstand, sondern an unsere Kenntnis, den tieferen Bestandteil unseres Wesens, in dem die Wahrheit, wie getru\u0308bt sie auf der Welt auch sein mag, unmittelbar erkannt und erfahren werden kann.<\/p><p><em>Das Buch Eins Die Verbu\u0308ndeten der Menschheit<\/em> wird zahlreiche Fragen aufwerfen, die eine weitergehende Untersuchung und Betrachtung erfordern werden. Ihr Schwerpunkt liegt nicht darauf, Namen, Daten und Orte zu nennen, sondern uns eine Sichtweise zur Gegenwart Au\u00dferirdischer auf der Welt und zum Leben im Universum zu vermitteln, die wir als menschliche Wesen auf anderem Wege nicht erlangen ko\u0308nnen.<\/p><p>Wa\u0308hrend wir noch in vermeintlicher Isolation auf der Oberfla\u0308che unserer Welt leben, ko\u0308nnen wir noch nicht erkennen und wissen, wie sich intelligentes Leben jenseits unserer Grenzen verha\u0308lt. Hierzu bedu\u0308rfen wir Hilfe, Hilfe einer au\u00dfergewo\u0308hnlichen Art. Wir werden eine derartige Hilfe mo\u0308glicherweise zuna\u0308chst nicht erkennen oder akzeptieren. Dennoch ist sie hier.<\/p><p class=\"float-right bleed-right\"><img decoding=\"async\" src=\"https:\/\/www.alliesofhumanity.org\/wp-content\/uploads\/2020\/06\/960x540-aoh-book-2.jpg\" alt=\"\" \/><\/p><p>Die erkla\u0308rte Absicht der Verbu\u0308ndeten ist es, uns fu\u0308r die Risiken des Eintritts in eine Gro\u0308\u00dfere Gemeinschaft intelligenten Lebens zu sensibilisieren und uns dabei zu unterstu\u0308tzen, diese gro\u00dfe Schwelle so erfolgreich zu u\u0308berschreiten, dass menschliche Freiheit, Souvera\u0308nita\u0308t und Selbstbestimmung bewahrt werden ko\u0308nnen. <\/p><p>Die Verbu\u0308ndeten sind hier, um uns daru\u0308ber zu beraten, dass die Menschheit eigene \u201eRegeln der Kontaktaufnahme\u201c in dieser beispiellosen Zeit aufstellen muss. Wie die Verbu\u0308ndeten erla\u0308utern, werden wir, falls wir weise, vorbereitet und einig sind, den fu\u0308r uns vorgesehenen Platz als reife und freie Rasse in der Gro\u0308\u00dferen Gemeinschaft einnehmen ko\u0308nnen.<\/p><p>Im Laufe der Zeit, als diese Reihe von Lageberichten eingetroffen ist, haben die Verbu\u0308ndeten gewisse Schlu\u0308sselgedanken stetig wiederholt, die nach ihrer Auffassung entscheidend fu\u0308r unser Versta\u0308ndnis sind. Wir haben diese Wiederholungen im Buch beibehalten, um die Absicht und Integrita\u0308t ihrer Kommunikation zu bewahren. Aufgrund der Dringlichkeit der Botschaft der Ver- bu\u0308ndeten und derjenigen Kra\u0308fte auf der Welt, die diese Botschaft beka\u0308mpfen wu\u0308rden, liegt in diesen Wiederholungen Weisheit und Notwendigkeit.<\/p><p>Nach Vero\u0308ffentlichung von <em>Die Verbu\u0308ndeten der Menschheit<\/em> im Jahr 2001 haben die Verbu\u0308ndeten eine zweite Serie von Lageberichten gesandt, um ihre wichtige Botschaft an die Menschheit zu vervollsta\u0308ndigen. <em>Die Verbu\u0308ndeten der Menschheit<\/em>, Buch Zwei, ver\u00f6ffentlicht in 2005, pra\u0308sentiert aufru\u0308ttelnde neue Informationen u\u0308ber die Beziehungen zwischen Rassen in unserem lokalen Universum und u\u0308ber die Art, den Zweck und die a\u0308u\u00dferst verborgenen Aktivita\u0308ten derjenigen Rassen, die in menschliche Angelegenheiten eingreifen.<\/p><p>Die Verb\u00fcndeten nahmen die Kommunikation 2008 wieder auf und beschrieben weiter das komplexe Umfeld, in das die Menschheit aufstrebt. Der dritte Satz von Lageberichten wurde 2012 ver\u00f6ffentlicht.<\/p><p>Dank jener Leser, die die Dringlichkeit der Botschaft der Verb\u00fcndeten sp\u00fcrten und die Lageberichte in andere Sprachen \u00fcbersetzten, w\u00e4chst weltweit das Bewusstsein f\u00fcr die Realit\u00e4t der Intervention.<\/p><p>Wir von The Society for the New Message sind der Meinung, dass diese drei S\u00e4tze von Lageberichten eine der wichtigsten Botschaften enthalten, die heute in der Welt verbreitet werden.<\/p><p><em><br \/>Die Verb\u00fcndeten der Menschheit<\/em> ist nicht nur ein weiteres Buch, das \u00fcber das UFO\/ET-Ph\u00e4nomen spekuliert. Es ist eine echte transformatorische Botschaft, die direkt auf den zugrundeliegenden Zweck der au\u00dferirdischen Intervention abzielt, um das Bewusstsein zu sch\u00e4rfen, das wir brauchen, um uns den Herausforderungen und Chancen zu stellen, die vor uns liegen.<\/p><p><a title=\"Go to newmessage.org\" href=\"https:\/\/www.newmessage.org\/worldwide-community\/society\" target=\"_blank\" rel=\"noopener noreferrer\">The Society for the New Message<\/a><\/p>\t\t\t\t\t\t\t\t<\/div>\t\t\t\t<\/div>\t\t\t\t\t<\/div>\t\t<\/div>\t\t\t\t\t<\/div>\t\t<\/section>\t\t\t\t<\/div><p>\t\t<\/p>","protected":false},"excerpt":{"rendered":"<p>Die Verb\u00fcndeten der Menschheit wird gegenw\u00e4rtig vorgestellt, um die Menschen auf eine ganz neue Realit\u00e4t vorzubereiten, die in der heutigen Welt weitgehend verborgen und unerkannt ist. Sie bietet eine neue Perspektive, die die Menschen in die Lage versetzt, sich der gr\u00f6\u00dften Herausforderung und Chance zu stellen, der wir als Rasse je begegnet sind. Die Lageberichte [&hellip;]<\/p>\n","protected":false},"author":2,"featured_media":0,"parent":0,"menu_order":1,"comment_status":"closed","ping_status":"closed","template":"page.php","meta":{"_acf_changed":false,"footnotes":""},"class_list":["post-10704","page","type-page","status-publish","hentry"],"acf":[],"yoast_head":"<!-- This site is optimized with the Yoast SEO plugin v26.5 - https:\/\/yoast.com\/wordpress\/plugins\/seo\/ -->\n<title>Einf\u00fchrung in die Verb\u00fcndeten der Menschheit: Enth\u00fcllung der au\u00dferirdischen Intervention<\/title>\n<meta name=\"description\" content=\"Die Lageberichte der Verb\u00fcndeten enthalten eine Reihe von kritischen, wenn nicht sogar alarmierenden Aussagen \u00fcber die wachsende au\u00dferirdische Intervention und ihre Agenda.\" \/>\n<meta name=\"robots\" content=\"index, follow, max-snippet:-1, max-image-preview:large, max-video-preview:-1\" \/>\n<link rel=\"canonical\" href=\"https:\/\/www.alliesofhumanity.org\/de\/the-allies\/\" \/>\n<meta property=\"og:locale\" content=\"de_DE\" \/>\n<meta property=\"og:type\" content=\"article\" \/>\n<meta property=\"og:title\" content=\"Einf\u00fchrung in die Verb\u00fcndeten der Menschheit: Enth\u00fcllung der au\u00dferirdischen Intervention\" \/>\n<meta property=\"og:description\" content=\"Die Lageberichte der Verb\u00fcndeten enthalten eine Reihe von kritischen, wenn nicht sogar alarmierenden Aussagen \u00fcber die wachsende au\u00dferirdische Intervention und ihre Agenda.\" \/>\n<meta property=\"og:url\" content=\"https:\/\/www.alliesofhumanity.org\/de\/the-allies\/\" \/>\n<meta property=\"og:site_name\" content=\"The Allies of Humanity\" \/>\n<meta property=\"article:publisher\" content=\"https:\/\/www.facebook.com\/alliesofhumanity\/\" \/>\n<meta property=\"article:modified_time\" content=\"2021-04-29T05:09:00+00:00\" \/>\n<meta property=\"og:image\" content=\"https:\/\/www.alliesofhumanity.org\/wp-content\/uploads\/2021\/01\/og-socialmedia-aoh.jpg\" \/>\n\t<meta property=\"og:image:width\" content=\"1200\" \/>\n\t<meta property=\"og:image:height\" content=\"630\" \/>\n\t<meta property=\"og:image:type\" content=\"image\/jpeg\" \/>\n<meta name=\"twitter:card\" content=\"summary_large_image\" \/>\n<meta name=\"twitter:title\" content=\"Einf\u00fchrung in die Verb\u00fcndeten der Menschheit: Enth\u00fcllung der au\u00dferirdischen Intervention\" \/>\n<meta name=\"twitter:site\" content=\"@earthallies\" \/>\n<meta name=\"twitter:label1\" content=\"Gesch\u00e4tzte Lesezeit\" \/>\n\t<meta name=\"twitter:data1\" content=\"7\u00a0Minuten\" \/>\n<script type=\"application\/ld+json\" class=\"yoast-schema-graph\">{\"@context\":\"https:\/\/schema.org\",\"@graph\":[{\"@type\":\"WebPage\",\"@id\":\"https:\/\/www.alliesofhumanity.org\/de\/the-allies\/\",\"url\":\"https:\/\/www.alliesofhumanity.org\/de\/the-allies\/\",\"name\":\"Einf\u00fchrung in die Verb\u00fcndeten der Menschheit: Enth\u00fcllung der au\u00dferirdischen Intervention\",\"isPartOf\":{\"@id\":\"https:\/\/www.alliesofhumanity.org\/de\/#website\"},\"datePublished\":\"2021-01-27T17:32:51+00:00\",\"dateModified\":\"2021-04-29T05:09:00+00:00\",\"description\":\"Die Lageberichte der Verb\u00fcndeten enthalten eine Reihe von kritischen, wenn nicht sogar alarmierenden Aussagen \u00fcber die wachsende au\u00dferirdische Intervention und ihre Agenda.\",\"inLanguage\":\"de\",\"potentialAction\":[{\"@type\":\"ReadAction\",\"target\":[\"https:\/\/www.alliesofhumanity.org\/de\/the-allies\/\"]}]},{\"@type\":\"WebSite\",\"@id\":\"https:\/\/www.alliesofhumanity.org\/de\/#website\",\"url\":\"https:\/\/www.alliesofhumanity.org\/de\/\",\"name\":\"The Allies of Humanity\",\"description\":\"\",\"potentialAction\":[{\"@type\":\"SearchAction\",\"target\":{\"@type\":\"EntryPoint\",\"urlTemplate\":\"https:\/\/www.alliesofhumanity.org\/de\/?s={search_term_string}\"},\"query-input\":{\"@type\":\"PropertyValueSpecification\",\"valueRequired\":true,\"valueName\":\"search_term_string\"}}],\"inLanguage\":\"de\"}]}<\/script>\n<!-- \/ Yoast SEO plugin. -->","yoast_head_json":{"title":"Einf\u00fchrung in die Verb\u00fcndeten der Menschheit: Enth\u00fcllung der au\u00dferirdischen Intervention","description":"Die Lageberichte der Verb\u00fcndeten enthalten eine Reihe von kritischen, wenn nicht sogar alarmierenden Aussagen \u00fcber die wachsende au\u00dferirdische Intervention und ihre Agenda.","robots":{"index":"index","follow":"follow","max-snippet":"max-snippet:-1","max-image-preview":"max-image-preview:large","max-video-preview":"max-video-preview:-1"},"canonical":"https:\/\/www.alliesofhumanity.org\/de\/the-allies\/","og_locale":"de_DE","og_type":"article","og_title":"Einf\u00fchrung in die Verb\u00fcndeten der Menschheit: Enth\u00fcllung der au\u00dferirdischen Intervention","og_description":"Die Lageberichte der Verb\u00fcndeten enthalten eine Reihe von kritischen, wenn nicht sogar alarmierenden Aussagen \u00fcber die wachsende au\u00dferirdische Intervention und ihre Agenda.","og_url":"https:\/\/www.alliesofhumanity.org\/de\/the-allies\/","og_site_name":"The Allies of Humanity","article_publisher":"https:\/\/www.facebook.com\/alliesofhumanity\/","article_modified_time":"2021-04-29T05:09:00+00:00","og_image":[{"width":1200,"height":630,"url":"https:\/\/www.alliesofhumanity.org\/wp-content\/uploads\/2021\/01\/og-socialmedia-aoh.jpg","type":"image\/jpeg"}],"twitter_card":"summary_large_image","twitter_title":"Einf\u00fchrung in die Verb\u00fcndeten der Menschheit: Enth\u00fcllung der au\u00dferirdischen Intervention","twitter_site":"@earthallies","twitter_misc":{"Gesch\u00e4tzte Lesezeit":"7\u00a0Minuten"},"schema":{"@context":"https:\/\/schema.org","@graph":[{"@type":"WebPage","@id":"https:\/\/www.alliesofhumanity.org\/de\/the-allies\/","url":"https:\/\/www.alliesofhumanity.org\/de\/the-allies\/","name":"Einf\u00fchrung in die Verb\u00fcndeten der Menschheit: Enth\u00fcllung der au\u00dferirdischen Intervention","isPartOf":{"@id":"https:\/\/www.alliesofhumanity.org\/de\/#website"},"datePublished":"2021-01-27T17:32:51+00:00","dateModified":"2021-04-29T05:09:00+00:00","description":"Die Lageberichte der Verb\u00fcndeten enthalten eine Reihe von kritischen, wenn nicht sogar alarmierenden Aussagen \u00fcber die wachsende au\u00dferirdische Intervention und ihre Agenda.","inLanguage":"de","potentialAction":[{"@type":"ReadAction","target":["https:\/\/www.alliesofhumanity.org\/de\/the-allies\/"]}]},{"@type":"WebSite","@id":"https:\/\/www.alliesofhumanity.org\/de\/#website","url":"https:\/\/www.alliesofhumanity.org\/de\/","name":"The Allies of Humanity","description":"","potentialAction":[{"@type":"SearchAction","target":{"@type":"EntryPoint","urlTemplate":"https:\/\/www.alliesofhumanity.org\/de\/?s={search_term_string}"},"query-input":{"@type":"PropertyValueSpecification","valueRequired":true,"valueName":"search_term_string"}}],"inLanguage":"de"}]}},"_links":{"self":[{"href":"https:\/\/www.alliesofhumanity.org\/de\/wp-json\/wp\/v2\/pages\/10704","targetHints":{"allow":["GET"]}}],"collection":[{"href":"https:\/\/www.alliesofhumanity.org\/de\/wp-json\/wp\/v2\/pages"}],"about":[{"href":"https:\/\/www.alliesofhumanity.org\/de\/wp-json\/wp\/v2\/types\/page"}],"author":[{"embeddable":true,"href":"https:\/\/www.alliesofhumanity.org\/de\/wp-json\/wp\/v2\/users\/2"}],"replies":[{"embeddable":true,"href":"https:\/\/www.alliesofhumanity.org\/de\/wp-json\/wp\/v2\/comments?post=10704"}],"version-history":[{"count":1,"href":"https:\/\/www.alliesofhumanity.org\/de\/wp-json\/wp\/v2\/pages\/10704\/revisions"}],"predecessor-version":[{"id":10706,"href":"https:\/\/www.alliesofhumanity.org\/de\/wp-json\/wp\/v2\/pages\/10704\/revisions\/10706"}],"wp:attachment":[{"href":"https:\/\/www.alliesofhumanity.org\/de\/wp-json\/wp\/v2\/media?parent=10704"}],"curies":[{"name":"wp","href":"https:\/\/api.w.org\/{rel}","templated":true}]}}