{"id":19436,"date":"2021-10-23T17:43:15","date_gmt":"2021-10-23T16:43:15","guid":{"rendered":"https:\/\/www.alliesofhumanity.org\/marshall-vian-summers\/"},"modified":"2024-03-15T03:05:18","modified_gmt":"2024-03-15T02:05:18","slug":"marshall-vian-summers","status":"publish","type":"page","link":"https:\/\/www.alliesofhumanity.org\/da\/marshall-vian-summers\/","title":{"rendered":"Marshall Vian Summers"},"content":{"rendered":"\t\t<div data-elementor-type=\"wp-page\" data-elementor-id=\"19436\" class=\"elementor elementor-19436 elementor-2912\" data-elementor-post-type=\"page\">\t\t\t\t\t\t<section class=\"elementor-section elementor-top-section elementor-element elementor-element-7fac8697 elementor-section-boxed elementor-section-height-default elementor-section-height-default\" data-id=\"7fac8697\" data-element_type=\"section\">\t\t\t\t\t\t<div class=\"elementor-container elementor-column-gap-default\">\t\t\t\t\t<div class=\"elementor-column elementor-col-100 elementor-top-column elementor-element elementor-element-1195357f\" data-id=\"1195357f\" data-element_type=\"column\">\t\t\t<div class=\"elementor-widget-wrap elementor-element-populated\">\t\t\t\t\t\t<div class=\"elementor-element elementor-element-ba0d783 elementor-widget elementor-widget-text-editor\" data-id=\"ba0d783\" data-element_type=\"widget\" data-widget_type=\"text-editor.default\">\t\t\t\t<div class=\"elementor-widget-container\">\t\t\t\t\t\t\t\t\t<h5>I 35 \u00e5r har jeg v\u00e6ret fordybet i en religi\u00f8s oplevelse. Den har resulteret i, at jeg har taget imod en kolossal m\u00e6ngde skrifter om den menneskelige \u00e5nds natur og menneskehedens sk\u00e6bne indenfor et st\u00f8rre panorama af intelligent liv i universet.<\/h5>\r<p>Disse skrifter, omfattet i l\u00e6ren i <a title=\"Go to newmessage.org\" href=\"https:\/\/newmessage.org\/\" target=\"_blank\" rel=\"noopener noreferrer\">St\u00f8rre F\u00e6llesskabs Kundskabs Vej<\/a>, indeholder en teologisk ramme, der g\u00f8r rede for livet og Guds tilstedev\u00e6relse i Det St\u00f8rre F\u00e6llesskab, de m\u00e6gtige str\u00e6kninger i rum og tid, som vi kender, som vores univers.<br><\/p>\r<p>Den kosmologi, jeg har taget imod, indeholder mange budskaber, hvoraf det ene er, at menneskeheden dukker op i et St\u00f8rre F\u00e6llesskab af intelligent liv, og at vi m\u00e5 forberede os p\u00e5 dette. Iboende i dette budskab er forst\u00e5elsen, at menneskeheden ikke er alene i universet, ej heller i vor egen verden, og indenfor dette St\u00f8rre F\u00e6llesskab, vil menneskeheden have venner, konkurrenter og modstandere.<\/p>\r\rDenne st\u00f8rre virkelighed blev p\u00e5 dramatisk vis bekr\u00e6ftet af den pludselige og uventede transmission af Menneskehedens Allieredes f\u00f8rste r\u00e6kke af Briefinger i 1997. Tre \u00e5r tidligere, i 1994, havde jeg modtaget den teologiske ramme til at begribe de Allieredes Briefinger i min bog, <em>Greater Community Spirituality: A New Revelation<\/em>. P\u00e5 dette tidspunkt, som resultat af mit spirituelle arbejde og nedskrivninger, blev det mig bekendt, at menneskeheden havde allierede i universet, der bekymrer sig om vores races velbefindende og fremtidige frihed.\r<p>\r<\/p><p class=\"float-left\"><img decoding=\"async\" src=\"https:\/\/www.alliesofhumanity.org\/wp-content\/uploads\/2020\/06\/mvs-greater-power-decisive-action.jpg\" alt=\"\" \/><\/p><p>Indenfor den voksende kosmologi, der er blevet \u00e5benbaret for mig, er forst\u00e5elsen, at i historien om det intelligente liv i universet, har etisk avancerede racer en forpligtelse til at testamentere deres visdom til unge opdukkende racer, som vores egen, og at dette testamente m\u00e5 finde sted uden direkte indblanding eller indblanding i den p\u00e5g\u00e6ldende unge races anliggender. Hensigten her er at informere, ikke at blande sig. Denne \u201doverlevering af visdom\u201d repr\u00e6senterer en l\u00e6nge eksisterende etisk ramme for Kontakt med opdukkende racer og hvordan denne foretages. De Allieredes to s\u00e6t af Briefinger er en tydelig demonstration af denne model for ikke-indblanding og etisk Kontakt. Denne model burde v\u00e6re et ledende lys og en standard, som vi skulle forvente, at andre racer holdte sig til, i deres fors\u00f8g p\u00e5 at kontakte os eller bes\u00f8ge vores verden. Men denne demonstration af etisk Kontakt st\u00e5r i st\u00e6rk kontrast til den Intervention, der foreg\u00e5r i dag.\r<\/p><p>\r<\/p><p>Vi bev\u00e6ger os ind i en yderst s\u00e5rbar position. Med udsigten til ressourceudt\u00f8mning, milj\u00f8forringelse og risikoen for en yderligere opsplitning af den menneskelige familie, som vokser hver dag, er vi modne til Intervention. Vi lever i tilsyneladende isolation i en rig og v\u00e6rdifuld verden, der er eftertragtet af andre hinsides vore kyster. Vi er ukoncentrerede og opsplittede og ser ikke den store fare, der intervenerer ved vores gr\u00e6nser. Det er det f\u00e6nomen, som historien har gentaget igen og igen, med hensyn til isolerede indf\u00f8dte folks sk\u00e6bne, der for f\u00f8rste gang s\u00e5 intervention i \u00f8jnene. Vi er urealistiske i vores antagelser om det intelligente livs magt og godg\u00f8renhed i universet. Og vi er nu kun lige begyndt at g\u00f8re status over den tilstand, vi selv har skabt i vores egen verden.\r<\/p><p>\r<\/p><p class=\"image-quote float-right\"><img decoding=\"async\" src=\"https:\/\/www.alliesofhumanity.org\/wp-content\/uploads\/2020\/12\/quote-mvs.png\" alt=\"\" \/><\/p><blockquote id=\"quote-3\" class=\"text-quote float-right bg-gray\">Vi bev\u00e6ger os ind i en yderst s\u00e5rbar position. Med udsigten til ressourceudt\u00f8mning, milj\u00f8forringelse og risikoen for en yderligere opsplitning af den menneskelige familie, som vokser hver dag, er vi modne til Intervention.<\/blockquote><p>Den upopul\u00e6re sandhed er, at den menneskelige familie ikke er rede til en direkte oplevelse af Kontakt og bestemt ikke rede til en intervention. Vi m\u00e5 f\u00f8rst f\u00e5 orden i eget hus. Vi har endnu ikke, som art, modenheden til at engagere os med andre racer i Det St\u00f8rre F\u00e6llesskab fra en forenet position, en position af styrke og skarpsindighed. Og f\u00f8r vi kan n\u00e5 denne position, hvis vi nogensinde kan, burde ingen race direkte blande sig i vores verden. De Allierede giver os en s\u00e5 n\u00f8dvendig visdom og et s\u00e5 n\u00f8dvendigt perspektiv, dog uden at blande sig. De fort\u00e6ller os, at vores sk\u00e6bne er, og skulle v\u00e6re, i vores h\u00e6nder. Det er frihedens byrde i universet.\r<\/p><p>\r<\/p><p>Uanset vores mangel p\u00e5 parathed, sker der imidlertid en Intervention. Menneskeheden m\u00e5 nu forberede sig p\u00e5 denne, den mest betydningsfulde t\u00e6rskel i menneskets historie. Snarere end blot at v\u00e6re et tilf\u00e6ldigt vidne til dette f\u00e6nomen, befinder vi os i selve dets centrum. Det foreg\u00e5r uanset om vi er bevidste om det eller ej. Det har magten til at \u00e6ndre udfaldet for menneskeheden. Og det har alt at g\u00f8re med, hvem vi er og hvorfor vi er i verden p\u00e5 dette tidspunkt.\r<\/p><p>\r<\/p><p>Kundskabens St\u00f8rre F\u00e6llesskabs Vej er blevet givet for at s\u00f8rge for b\u00e5de l\u00e6ren og forberedelsen p\u00e5, at vi nu bliver n\u00f8dt til at se denne store t\u00e6rskel i \u00f8jnene, n\u00f8dt til at forny menneskets \u00e5nd og s\u00e6tte en ny kurs for den menneskelige familie. Den taler til det presserende behov for menneskelig forening og menneskeligt samarbejde; hvilket er af st\u00f8rste vigtighed for Kundskab, vor \u00e5ndelige intelligens, samt det st\u00f8rre ansvar, vi nu bliver n\u00f8dt til at p\u00e5tage os ved t\u00e6rsklen til rummet. Den repr\u00e6senterer et Nyt Budskab fra Skaberen af alt liv.\r<\/p><p>\r<\/p><p>Min mission er at bringe denne st\u00f8rre kosmologi og forberedelse ind i verden, og med dette, et nyt h\u00e5b og nyt l\u00f8fte for en k\u00e6mpende menneskehed. Min lange forberedelse og den m\u00e6gtige l\u00e6re i Kundskabens St\u00f8rre F\u00e6llesskabs Vej er her med dette form\u00e5l. Menneskehedens Allieredes Briefinger er blot en lille del af dette st\u00f8rre budskab. Det er nu tid til at afslutte vores uoph\u00f8rlige konflikter og forberede os p\u00e5 livet i Det St\u00f8rre F\u00e6llesskab. For at g\u00f8re dette, har vi brug for en ny forst\u00e5else af os selv, som \u00e9t folk \u2013 denne verdens indf\u00f8dte folk, f\u00f8dt af \u00e9n spiritualitet \u2013 og en ny forst\u00e5else af vores s\u00e5rbare stilling, som en ung, opdukkende race i universet. Dette er mit budskab for menneskeheden og dette er grunden til, at jeg er kommet.\r<\/p><p>\r<\/p><p>&nbsp;<\/p>\r<p align=\"center\"><b> Marshall Vian Summers<\/b><\/p>\r<p align=\"center\"><a title=\"Go to marshallsummers.com\" href=\"https:\/\/www.marshallsummers.com\/\" target=\"_blank\" rel=\"noopener noreferrer\">marshallsummers.com<\/a><\/p>\t\t\t\t\t\t\t\t<\/div>\t\t\t\t<\/div>\t\t\t\t\t<\/div>\t\t<\/div>\t\t\t\t\t<\/div>\t\t<\/section>\t\t\t\t<\/div><p>\t\t<\/p>","protected":false},"excerpt":{"rendered":"<p>I 35 \u00e5r har jeg v\u00e6ret fordybet i en religi\u00f8s oplevelse. Den har resulteret i, at jeg har taget imod en kolossal m\u00e6ngde skrifter om den menneskelige \u00e5nds natur og menneskehedens sk\u00e6bne indenfor et st\u00f8rre panorama af intelligent liv i universet. Disse skrifter, omfattet i l\u00e6ren i St\u00f8rre F\u00e6llesskabs Kundskabs Vej, indeholder en teologisk ramme, [&hellip;]<\/p>\n","protected":false},"author":23,"featured_media":0,"parent":0,"menu_order":4,"comment_status":"closed","ping_status":"closed","template":"page.php","meta":{"_acf_changed":false,"footnotes":""},"class_list":["post-19436","page","type-page","status-publish","hentry"],"acf":[],"yoast_head":"<!-- This site is optimized with the Yoast SEO plugin v26.5 - https:\/\/yoast.com\/wordpress\/plugins\/seo\/ -->\n<title>Marshall Vian Summers | Menneskehedens Allieredes Briefinger<\/title>\n<meta name=\"description\" content=\"Marshall Vian Summers har modtaget en stor m\u00e6ngde skrifter om virkeligheden af udenjordisk kontakt, \u00e5ndelighed og menneskelig sk\u00e6bne.\" \/>\n<meta name=\"robots\" content=\"index, follow, max-snippet:-1, max-image-preview:large, max-video-preview:-1\" \/>\n<link rel=\"canonical\" href=\"https:\/\/www.alliesofhumanity.org\/da\/marshall-vian-summers\/\" \/>\n<meta property=\"og:locale\" content=\"da_DK\" \/>\n<meta property=\"og:type\" content=\"article\" \/>\n<meta property=\"og:title\" content=\"Marshall Vian Summers | Menneskehedens Allieredes Briefinger\" \/>\n<meta property=\"og:description\" content=\"Marshall Vian Summers har modtaget en stor m\u00e6ngde skrifter om virkeligheden af udenjordisk kontakt, \u00e5ndelighed og menneskelig sk\u00e6bne.\" \/>\n<meta property=\"og:url\" content=\"https:\/\/www.alliesofhumanity.org\/da\/marshall-vian-summers\/\" \/>\n<meta property=\"og:site_name\" content=\"The Allies of Humanity\" \/>\n<meta property=\"article:publisher\" content=\"https:\/\/www.facebook.com\/alliesofhumanity\/\" \/>\n<meta property=\"article:modified_time\" content=\"2024-03-15T02:05:18+00:00\" \/>\n<meta property=\"og:image\" content=\"https:\/\/www.alliesofhumanity.org\/wp-content\/uploads\/2021\/01\/og-socialmedia-aoh.jpg\" \/>\n\t<meta property=\"og:image:width\" content=\"1200\" \/>\n\t<meta property=\"og:image:height\" content=\"630\" \/>\n\t<meta property=\"og:image:type\" content=\"image\/jpeg\" \/>\n<meta name=\"twitter:card\" content=\"summary_large_image\" \/>\n<meta name=\"twitter:title\" content=\"Marshall Vian Summers | Menneskehedens Allieredes Briefinger\" \/>\n<meta name=\"twitter:site\" content=\"@earthallies\" \/>\n<meta name=\"twitter:label1\" content=\"Estimeret l\u00e6setid\" \/>\n\t<meta name=\"twitter:data1\" content=\"5 minutter\" \/>\n<script type=\"application\/ld+json\" class=\"yoast-schema-graph\">{\"@context\":\"https:\/\/schema.org\",\"@graph\":[{\"@type\":\"WebPage\",\"@id\":\"https:\/\/www.alliesofhumanity.org\/da\/marshall-vian-summers\/\",\"url\":\"https:\/\/www.alliesofhumanity.org\/da\/marshall-vian-summers\/\",\"name\":\"Marshall Vian Summers | Menneskehedens Allieredes Briefinger\",\"isPartOf\":{\"@id\":\"https:\/\/www.alliesofhumanity.org\/da\/#website\"},\"datePublished\":\"2021-10-23T16:43:15+00:00\",\"dateModified\":\"2024-03-15T02:05:18+00:00\",\"description\":\"Marshall Vian Summers har modtaget en stor m\u00e6ngde skrifter om virkeligheden af udenjordisk kontakt, \u00e5ndelighed og menneskelig sk\u00e6bne.\",\"inLanguage\":\"da-DK\",\"potentialAction\":[{\"@type\":\"ReadAction\",\"target\":[\"https:\/\/www.alliesofhumanity.org\/da\/marshall-vian-summers\/\"]}]},{\"@type\":\"WebSite\",\"@id\":\"https:\/\/www.alliesofhumanity.org\/da\/#website\",\"url\":\"https:\/\/www.alliesofhumanity.org\/da\/\",\"name\":\"The Allies of Humanity\",\"description\":\"\",\"potentialAction\":[{\"@type\":\"SearchAction\",\"target\":{\"@type\":\"EntryPoint\",\"urlTemplate\":\"https:\/\/www.alliesofhumanity.org\/da\/?s={search_term_string}\"},\"query-input\":{\"@type\":\"PropertyValueSpecification\",\"valueRequired\":true,\"valueName\":\"search_term_string\"}}],\"inLanguage\":\"da-DK\"}]}<\/script>\n<!-- \/ Yoast SEO plugin. -->","yoast_head_json":{"title":"Marshall Vian Summers | Menneskehedens Allieredes Briefinger","description":"Marshall Vian Summers har modtaget en stor m\u00e6ngde skrifter om virkeligheden af udenjordisk kontakt, \u00e5ndelighed og menneskelig sk\u00e6bne.","robots":{"index":"index","follow":"follow","max-snippet":"max-snippet:-1","max-image-preview":"max-image-preview:large","max-video-preview":"max-video-preview:-1"},"canonical":"https:\/\/www.alliesofhumanity.org\/da\/marshall-vian-summers\/","og_locale":"da_DK","og_type":"article","og_title":"Marshall Vian Summers | Menneskehedens Allieredes Briefinger","og_description":"Marshall Vian Summers har modtaget en stor m\u00e6ngde skrifter om virkeligheden af udenjordisk kontakt, \u00e5ndelighed og menneskelig sk\u00e6bne.","og_url":"https:\/\/www.alliesofhumanity.org\/da\/marshall-vian-summers\/","og_site_name":"The Allies of Humanity","article_publisher":"https:\/\/www.facebook.com\/alliesofhumanity\/","article_modified_time":"2024-03-15T02:05:18+00:00","og_image":[{"width":1200,"height":630,"url":"https:\/\/www.alliesofhumanity.org\/wp-content\/uploads\/2021\/01\/og-socialmedia-aoh.jpg","type":"image\/jpeg"}],"twitter_card":"summary_large_image","twitter_title":"Marshall Vian Summers | Menneskehedens Allieredes Briefinger","twitter_site":"@earthallies","twitter_misc":{"Estimeret l\u00e6setid":"5 minutter"},"schema":{"@context":"https:\/\/schema.org","@graph":[{"@type":"WebPage","@id":"https:\/\/www.alliesofhumanity.org\/da\/marshall-vian-summers\/","url":"https:\/\/www.alliesofhumanity.org\/da\/marshall-vian-summers\/","name":"Marshall Vian Summers | Menneskehedens Allieredes Briefinger","isPartOf":{"@id":"https:\/\/www.alliesofhumanity.org\/da\/#website"},"datePublished":"2021-10-23T16:43:15+00:00","dateModified":"2024-03-15T02:05:18+00:00","description":"Marshall Vian Summers har modtaget en stor m\u00e6ngde skrifter om virkeligheden af udenjordisk kontakt, \u00e5ndelighed og menneskelig sk\u00e6bne.","inLanguage":"da-DK","potentialAction":[{"@type":"ReadAction","target":["https:\/\/www.alliesofhumanity.org\/da\/marshall-vian-summers\/"]}]},{"@type":"WebSite","@id":"https:\/\/www.alliesofhumanity.org\/da\/#website","url":"https:\/\/www.alliesofhumanity.org\/da\/","name":"The Allies of Humanity","description":"","potentialAction":[{"@type":"SearchAction","target":{"@type":"EntryPoint","urlTemplate":"https:\/\/www.alliesofhumanity.org\/da\/?s={search_term_string}"},"query-input":{"@type":"PropertyValueSpecification","valueRequired":true,"valueName":"search_term_string"}}],"inLanguage":"da-DK"}]}},"_links":{"self":[{"href":"https:\/\/www.alliesofhumanity.org\/da\/wp-json\/wp\/v2\/pages\/19436","targetHints":{"allow":["GET"]}}],"collection":[{"href":"https:\/\/www.alliesofhumanity.org\/da\/wp-json\/wp\/v2\/pages"}],"about":[{"href":"https:\/\/www.alliesofhumanity.org\/da\/wp-json\/wp\/v2\/types\/page"}],"author":[{"embeddable":true,"href":"https:\/\/www.alliesofhumanity.org\/da\/wp-json\/wp\/v2\/users\/23"}],"replies":[{"embeddable":true,"href":"https:\/\/www.alliesofhumanity.org\/da\/wp-json\/wp\/v2\/comments?post=19436"}],"version-history":[{"count":2,"href":"https:\/\/www.alliesofhumanity.org\/da\/wp-json\/wp\/v2\/pages\/19436\/revisions"}],"predecessor-version":[{"id":22223,"href":"https:\/\/www.alliesofhumanity.org\/da\/wp-json\/wp\/v2\/pages\/19436\/revisions\/22223"}],"wp:attachment":[{"href":"https:\/\/www.alliesofhumanity.org\/da\/wp-json\/wp\/v2\/media?parent=19436"}],"curies":[{"name":"wp","href":"https:\/\/api.w.org\/{rel}","templated":true}]}}