{"id":19433,"date":"2021-10-23T17:34:16","date_gmt":"2021-10-23T16:34:16","guid":{"rendered":"https:\/\/www.alliesofhumanity.org\/education-and-action\/"},"modified":"2024-03-15T03:04:24","modified_gmt":"2024-03-15T02:04:24","slug":"education-and-action","status":"publish","type":"page","link":"https:\/\/www.alliesofhumanity.org\/da\/education-and-action\/","title":{"rendered":"Uddannelse og Handling"},"content":{"rendered":"\t\t<div data-elementor-type=\"wp-page\" data-elementor-id=\"19433\" class=\"elementor elementor-19433 elementor-1867\" data-elementor-post-type=\"page\">\t\t\t\t\t\t<section class=\"elementor-section elementor-top-section elementor-element elementor-element-4782b150 elementor-section-full_width elementor-section-height-default elementor-section-height-default\" data-id=\"4782b150\" data-element_type=\"section\">\t\t\t\t\t\t<div class=\"elementor-container elementor-column-gap-default\">\t\t\t\t\t<div class=\"elementor-column elementor-col-100 elementor-top-column elementor-element elementor-element-54d1ac8e\" data-id=\"54d1ac8e\" data-element_type=\"column\">\t\t\t<div class=\"elementor-widget-wrap elementor-element-populated\">\t\t\t\t\t\t<div class=\"elementor-element elementor-element-5f862d9 elementor-widget elementor-widget-text-editor\" data-id=\"5f862d9\" data-element_type=\"widget\" data-widget_type=\"text-editor.default\">\t\t\t\t<div class=\"elementor-widget-container\">\t\t\t\t\t\t\t\t\t<h5>Den Menneskelige Familie st\u00e5r overfor den st\u00f8rste t\u00e6rskel i sin lange historie \u2013 dens fremkomst i et St\u00f8rre F\u00e6llesskab af intelligent liv i universet. Fremkomsten vil \u00e6ndre menneskers opfattelse, overbevisning og hvordan vi lever her p\u00e5 Jorden. Men menneskeheden er uforberedt.\r<\/h5>\r\r<p>For f\u00f8rste gang g\u00f8res forberedelsen p\u00e5 at krydse den store t\u00e6rskel ind i Det St\u00f8rre F\u00e6llesskab tilg\u00e6ngelig, gennem\u00a0<a href=\"https:\/\/www.marshallsummers.com\" target=\"_blank\" rel=\"noopener noreferrer\">MV Summers<\/a>\u2019 skrifter. Denne store samling af L\u00e6rer ligner i sin helhed ikke noget, der er i verden i dag og repr\u00e6senterer et\u00a0<a href=\"https:\/\/www.newmessage.org\/\" target=\"_blank\" rel=\"noopener noreferrer\">Nyt Budskab for Menneskeheden<\/a>.<\/p>\r<p><strong>Uddannelse og Handling er livsvigtige, for at bringe dette nye budskab og bevidsthed til Menneskeheden.\r<\/strong><\/p>\r<p>\r<\/p><!--\r<h5>Continue your Greater Community education in the<br \/><a title=\"The Free School of the New Message from God\" href=\"https:\/\/community.newmessage.org\" target=\"_blank\" rel=\"noopener noreferrer\">Free School of the New Message.<\/a><br \/>Global, online and open to everyone.<\/h5>\r<p>-->\r<\/p><p>\r<\/p><h3>Yderligere ressourcer:<\/h3>\r<!--\r<p><a href=\"http:\/\/www.newmessage.org\/the-message\/volume-4\/preparing-for-the-greater-community\">Preparing\u00a0for the Greater Community<\/a><br \/>Chapter 3: <a href=\"http:\/\/www.newmessage.org\/the-message\/volume-4\/preparing-for-the-greater-community\/essential-truths-other-forms-life\">The Essential Truths about the Greater Community<\/a><br \/>Chapter 7:\u00a0<a href=\"http:\/\/www.newmessage.org\/the-message\/volume-4\/preparing-for-the-greater-community\/great-challenge-become-aware\">The Great Challenge Awaiting Humanity<br \/><\/a>Chapter 13:\u00a0<a href=\"http:\/\/www.newmessage.org\/the-message\/volume-4\/preparing-for-the-greater-community\/responses-definition-intelligence\">Human Responses to the Greater Community<\/a><\/p><p><a href=\"https:\/\/www.newmessage.org\/the-message\/volume-4\/life-universe\">Life in the Universe: The reality and spirituality of Life in the Universe<\/a><\/p><p><a href=\"https:\/\/www.newmessage.org\/the-message\/volume-2\/greater-community-spirituality\">Greater Community Spirituality<\/a><br \/>Chapter 6: <a href=\"https:\/\/www.newmessage.org\/the-message\/volume-2\/greater-community-spirituality\/what-is-the-greater-community\">What Is the Greater Community?<\/a><br \/>Chapter 15: <a href=\"https:\/\/www.newmessage.org\/the-message\/volume-2\/greater-community-spirituality\/who-serves-humanity\">Who Serves Humanity?<\/a><br \/>Chapter 21: <a href=\"https:\/\/www.newmessage.org\/the-message\/volume-2\/greater-community-spirituality\/what-is-the-greater-community-way-of-knowledge\">What is The Greater Community Way of Knowledge?<\/a><br \/>Chapter 23:\u00a0<a href=\"https:\/\/www.newmessage.org\/the-message\/volume-2\/greater-community-spirituality\/how-is-knowledge-translated-in-the-greater-community\">How is Knowledge Translated in the Greater Community?<\/a><\/p><p><a href=\"https:\/\/www.newmessage.org\/the-message\/volume-4\/great-waves-change\">The Great Waves of Change<\/a><br \/>Chapter 9: <a href=\"https:\/\/www.newmessage.org\/the-message\/volume-4\/great-waves-change\/the-great-waves-prophecy\">The Great Waves Prophecy<\/a><br \/>Chapter 10: <a href=\"https:\/\/www.newmessage.org\/the-message\/volume-4\/great-waves-change\/the-great-waves-and-the-hidden-reality-of-contact\">The Great Waves and the Reality of Contact<\/a><\/p><p><a href=\"https:\/\/www.newmessage.org\/the-message\/volume-5\/wisdom-greater-community-volume-1\">Wisdom from the Greater Community: Volume One<\/a><br \/>Chapter 3: Greater Community<\/p><p><a href=\"https:\/\/www.newmessage.org\/the-message\/volume-5\/wisdom-greater-community-volume-2\">Wisdom from the Greater Community: Volume Two<\/a><br \/>Chapter 10: <a href=\"https:\/\/www.newmessage.org\/the-message\/volume-5\/wisdom-greater-community-volume-2\/extraterrestrial-encounters\">Greater Community Visitations<\/a><br \/>Chapter 15: Responding to the Greater Community<br \/>Chapter 17: Visitors\u2019 Perceptions of Humanity<br \/>Chapter 25: <a href=\"https:\/\/www.newmessage.org\/the-message\/volume-5\/wisdom-greater-community-volume-2\/natural-environment\">Environments<\/a><br \/>Chapter 28: <a href=\"https:\/\/www.newmessage.org\/the-message\/volume-5\/wisdom-greater-community-volume-2\/other-worlds-reality\">Greater Community Realities<\/a><\/p><p><a href=\"https:\/\/www.newmessage.org\/the-message\/volume-3\/living-way-knowledge\">Living the Way of Knowledge<\/a><br \/>Chapter11: <a href=\"https:\/\/www.newmessage.org\/the-message\/volume-3\/living-way-knowledge\/preparing-for-the-future\">Preparing for the Future<\/a><\/p><p><a href=\"http:\/\/www.newmessage.org\/steps\">Steps to Knowledge: The Book of Inner Knowing<\/a><br \/>Step 157: <a href=\"http:\/\/www.stepstoknowledge.com\/steps\/Step157-I-am-not-alone-in-the-universe.htm\">I am not alone in the universe.<\/a><br \/>Step 187: <a href=\"http:\/\/www.stepstoknowledge.com\/steps\/Step187-I-am-a-citizen-of-the-Greater-Community-of-Worlds.htm\">I am a Citizen of the Greater Community of Worlds.<\/a><br \/>Step 190: <a href=\"http:\/\/www.stepstoknowledge.com\/steps\/Step190-The-world-is-emerging-into-the-Greater-Community-of-Worlds-and-that-is-why-I-have-come.htm\">The world is emerging into the Greater Community of Worlds, and that is why I have come.<\/a><br \/>Step 199: <a href=\"http:\/\/www.stepstoknowledge.com\/steps\/Step199-The-world-I-see-is-emerging-into-the-Greater-Community-of-Worlds.htm\">The world I see is emerging into the Greater Community of Worlds.<\/a><br \/>Step 203: <a href=\"http:\/\/www.stepstoknowledge.com\/steps\/Step203-The-Greater-Community-is-influencing-the-world-I-see.htm\">The Greater Community is influencing the world I see.<\/a><br \/>Step 248: <a href=\"http:\/\/www.stepstoknowledge.com\/steps\/Step248-I-will-rely-upon-the-Wisdom-of-the-universe-to-instruct-me.htm\">I will rely upon the Wisdom of the universe to instruct me.<\/a><br \/>Step 256: <a href=\"http:\/\/www.stepstoknowledge.com\/steps\/Step256-The-world-is-emerging-into-the-Greater-Community-of-Worlds.htm\">The world is emerging into the Greater Community of Worlds.<\/a><br \/>Step 326: <a href=\"http:\/\/www.stepstoknowledge.com\/steps\/Step326-The-Greater-Community-is-something-I-can-feel-but-cannot-understand.htm\">The Greater Community is something I can feel but cannot understand.<\/a><\/p>\r<p>-->\r<\/p><p>\r<\/p><h3>Det Nye Budskabs L\u00e6rer:<\/h3>\r<!--\r<ul><li><a href=\"http:\/\/www.newmessage.org\/the-message\/volume-1\/greater-community\/human-unity\">Entering the Greater Community<\/a><\/li><li><a href=\"http:\/\/www.newmessage.org\/the-message\/other-revelations\/the-fate-of-nations\">The Fate of Nations<\/a><\/li><li><a href=\"http:\/\/www.newmessage.org\/the-message\/volume-1\/new-world\/what-will-save-humanity\">What Will Save Humanity<br \/><\/a><\/li><li><a href=\"https:\/\/www.newmessage.org\/the-message\/volume-5\/the-greater-darkness\/foreign-powers-beyond-world\">Resisting the Intervention<\/a><\/li><\/ul>\r<p>-->\r<\/p><p>\r<\/p><h3>L\u00e6rerens Kommentarer fra bogen, \r<a href=\"https:\/\/www.alliesofhumanity.org\/da\/the-briefings\/book-two\/\">Menneskehedens Allierede Bog To<\/a>:<\/h3>\r<!--\r<ul><li>One: <a href=\"https:\/\/www.alliesofhumanity.org\/da\/the-briefings\/book-two\/the-problem-of-human-denial-first-commentary\/\">The Problem of Human Denial<\/a><\/li><li>Two: <a href=\"https:\/\/www.alliesofhumanity.org\/da\/the-briefings\/book-two\/effects-of-the-pacification-program-second-commentary\/\">Effects of the Pacification Program<\/a><\/li><li>Three: <a href=\"https:\/\/www.alliesofhumanity.org\/da\/the-briefings\/book-two\/understanding-the-intervention-third-commentary\/\">Understanding the Intervention<\/a><\/li><\/ul>\r-->\t\t\t\t\t\t\t\t<\/div>\t\t\t\t<\/div>\t\t\t\t\t<\/div>\t\t<\/div>\t\t\t\t\t<\/div>\t\t<\/section>\t\t\t\t<\/div><p>\t\t<\/p>","protected":false},"excerpt":{"rendered":"<p>Den Menneskelige Familie st\u00e5r overfor den st\u00f8rste t\u00e6rskel i sin lange historie \u2013 dens fremkomst i et St\u00f8rre F\u00e6llesskab af intelligent liv i universet. Fremkomsten vil \u00e6ndre menneskers opfattelse, overbevisning og hvordan vi lever her p\u00e5 Jorden. Men menneskeheden er uforberedt. For f\u00f8rste gang g\u00f8res forberedelsen p\u00e5 at krydse den store t\u00e6rskel ind i Det [&hellip;]<\/p>\n","protected":false},"author":25,"featured_media":0,"parent":0,"menu_order":3,"comment_status":"closed","ping_status":"closed","template":"page.php","meta":{"_acf_changed":false,"footnotes":""},"class_list":["post-19433","page","type-page","status-publish","hentry"],"acf":[],"yoast_head":"<!-- This site is optimized with the Yoast SEO plugin v26.5 - https:\/\/yoast.com\/wordpress\/plugins\/seo\/ -->\n<title>Udenjordisk Kontakt: Essentiel Uddannelse og Handling<\/title>\n<meta name=\"description\" content=\"Denne enorme m\u00e6ngde af L\u00e6rer ligner i sin helhed ikke noget i verden i dag og repr\u00e6senterer et Nyt Budskab for Menneskeheden.\" \/>\n<meta name=\"robots\" content=\"index, follow, max-snippet:-1, max-image-preview:large, max-video-preview:-1\" \/>\n<link rel=\"canonical\" href=\"https:\/\/www.alliesofhumanity.org\/da\/education-and-action\/\" \/>\n<meta property=\"og:locale\" content=\"da_DK\" \/>\n<meta property=\"og:type\" content=\"article\" \/>\n<meta property=\"og:title\" content=\"Udenjordisk Kontakt: Essentiel Uddannelse og Handling\" \/>\n<meta property=\"og:description\" content=\"Denne enorme m\u00e6ngde af L\u00e6rer ligner i sin helhed ikke noget i verden i dag og repr\u00e6senterer et Nyt Budskab for Menneskeheden.\" \/>\n<meta property=\"og:url\" content=\"https:\/\/www.alliesofhumanity.org\/da\/education-and-action\/\" \/>\n<meta property=\"og:site_name\" content=\"The Allies of Humanity\" \/>\n<meta property=\"article:publisher\" content=\"https:\/\/www.facebook.com\/alliesofhumanity\/\" \/>\n<meta property=\"article:modified_time\" content=\"2024-03-15T02:04:24+00:00\" \/>\n<meta property=\"og:image\" content=\"https:\/\/www.alliesofhumanity.org\/wp-content\/uploads\/2021\/01\/og-socialmedia-aoh.jpg\" \/>\n\t<meta property=\"og:image:width\" content=\"1200\" \/>\n\t<meta property=\"og:image:height\" content=\"630\" \/>\n\t<meta property=\"og:image:type\" content=\"image\/jpeg\" \/>\n<meta name=\"twitter:card\" content=\"summary_large_image\" \/>\n<meta name=\"twitter:title\" content=\"Udenjordisk Kontakt: Essentiel Uddannelse og Handling\" \/>\n<meta name=\"twitter:site\" content=\"@earthallies\" \/>\n<meta name=\"twitter:label1\" content=\"Estimeret l\u00e6setid\" \/>\n\t<meta name=\"twitter:data1\" content=\"1 minut\" \/>\n<script type=\"application\/ld+json\" class=\"yoast-schema-graph\">{\"@context\":\"https:\/\/schema.org\",\"@graph\":[{\"@type\":\"WebPage\",\"@id\":\"https:\/\/www.alliesofhumanity.org\/da\/education-and-action\/\",\"url\":\"https:\/\/www.alliesofhumanity.org\/da\/education-and-action\/\",\"name\":\"Udenjordisk Kontakt: Essentiel Uddannelse og Handling\",\"isPartOf\":{\"@id\":\"https:\/\/www.alliesofhumanity.org\/da\/#website\"},\"datePublished\":\"2021-10-23T16:34:16+00:00\",\"dateModified\":\"2024-03-15T02:04:24+00:00\",\"description\":\"Denne enorme m\u00e6ngde af L\u00e6rer ligner i sin helhed ikke noget i verden i dag og repr\u00e6senterer et Nyt Budskab for Menneskeheden.\",\"inLanguage\":\"da-DK\",\"potentialAction\":[{\"@type\":\"ReadAction\",\"target\":[\"https:\/\/www.alliesofhumanity.org\/da\/education-and-action\/\"]}]},{\"@type\":\"WebSite\",\"@id\":\"https:\/\/www.alliesofhumanity.org\/da\/#website\",\"url\":\"https:\/\/www.alliesofhumanity.org\/da\/\",\"name\":\"The Allies of Humanity\",\"description\":\"\",\"potentialAction\":[{\"@type\":\"SearchAction\",\"target\":{\"@type\":\"EntryPoint\",\"urlTemplate\":\"https:\/\/www.alliesofhumanity.org\/da\/?s={search_term_string}\"},\"query-input\":{\"@type\":\"PropertyValueSpecification\",\"valueRequired\":true,\"valueName\":\"search_term_string\"}}],\"inLanguage\":\"da-DK\"}]}<\/script>\n<!-- \/ Yoast SEO plugin. -->","yoast_head_json":{"title":"Udenjordisk Kontakt: Essentiel Uddannelse og Handling","description":"Denne enorme m\u00e6ngde af L\u00e6rer ligner i sin helhed ikke noget i verden i dag og repr\u00e6senterer et Nyt Budskab for Menneskeheden.","robots":{"index":"index","follow":"follow","max-snippet":"max-snippet:-1","max-image-preview":"max-image-preview:large","max-video-preview":"max-video-preview:-1"},"canonical":"https:\/\/www.alliesofhumanity.org\/da\/education-and-action\/","og_locale":"da_DK","og_type":"article","og_title":"Udenjordisk Kontakt: Essentiel Uddannelse og Handling","og_description":"Denne enorme m\u00e6ngde af L\u00e6rer ligner i sin helhed ikke noget i verden i dag og repr\u00e6senterer et Nyt Budskab for Menneskeheden.","og_url":"https:\/\/www.alliesofhumanity.org\/da\/education-and-action\/","og_site_name":"The Allies of Humanity","article_publisher":"https:\/\/www.facebook.com\/alliesofhumanity\/","article_modified_time":"2024-03-15T02:04:24+00:00","og_image":[{"width":1200,"height":630,"url":"https:\/\/www.alliesofhumanity.org\/wp-content\/uploads\/2021\/01\/og-socialmedia-aoh.jpg","type":"image\/jpeg"}],"twitter_card":"summary_large_image","twitter_title":"Udenjordisk Kontakt: Essentiel Uddannelse og Handling","twitter_site":"@earthallies","twitter_misc":{"Estimeret l\u00e6setid":"1 minut"},"schema":{"@context":"https:\/\/schema.org","@graph":[{"@type":"WebPage","@id":"https:\/\/www.alliesofhumanity.org\/da\/education-and-action\/","url":"https:\/\/www.alliesofhumanity.org\/da\/education-and-action\/","name":"Udenjordisk Kontakt: Essentiel Uddannelse og Handling","isPartOf":{"@id":"https:\/\/www.alliesofhumanity.org\/da\/#website"},"datePublished":"2021-10-23T16:34:16+00:00","dateModified":"2024-03-15T02:04:24+00:00","description":"Denne enorme m\u00e6ngde af L\u00e6rer ligner i sin helhed ikke noget i verden i dag og repr\u00e6senterer et Nyt Budskab for Menneskeheden.","inLanguage":"da-DK","potentialAction":[{"@type":"ReadAction","target":["https:\/\/www.alliesofhumanity.org\/da\/education-and-action\/"]}]},{"@type":"WebSite","@id":"https:\/\/www.alliesofhumanity.org\/da\/#website","url":"https:\/\/www.alliesofhumanity.org\/da\/","name":"The Allies of Humanity","description":"","potentialAction":[{"@type":"SearchAction","target":{"@type":"EntryPoint","urlTemplate":"https:\/\/www.alliesofhumanity.org\/da\/?s={search_term_string}"},"query-input":{"@type":"PropertyValueSpecification","valueRequired":true,"valueName":"search_term_string"}}],"inLanguage":"da-DK"}]}},"_links":{"self":[{"href":"https:\/\/www.alliesofhumanity.org\/da\/wp-json\/wp\/v2\/pages\/19433","targetHints":{"allow":["GET"]}}],"collection":[{"href":"https:\/\/www.alliesofhumanity.org\/da\/wp-json\/wp\/v2\/pages"}],"about":[{"href":"https:\/\/www.alliesofhumanity.org\/da\/wp-json\/wp\/v2\/types\/page"}],"author":[{"embeddable":true,"href":"https:\/\/www.alliesofhumanity.org\/da\/wp-json\/wp\/v2\/users\/25"}],"replies":[{"embeddable":true,"href":"https:\/\/www.alliesofhumanity.org\/da\/wp-json\/wp\/v2\/comments?post=19433"}],"version-history":[{"count":2,"href":"https:\/\/www.alliesofhumanity.org\/da\/wp-json\/wp\/v2\/pages\/19433\/revisions"}],"predecessor-version":[{"id":22222,"href":"https:\/\/www.alliesofhumanity.org\/da\/wp-json\/wp\/v2\/pages\/19433\/revisions\/22222"}],"wp:attachment":[{"href":"https:\/\/www.alliesofhumanity.org\/da\/wp-json\/wp\/v2\/media?parent=19433"}],"curies":[{"name":"wp","href":"https:\/\/api.w.org\/{rel}","templated":true}]}}