{"id":19431,"date":"2021-10-23T17:25:58","date_gmt":"2021-10-23T16:25:58","guid":{"rendered":"https:\/\/www.alliesofhumanity.org\/book-four\/allies-free-races\/"},"modified":"2024-05-29T22:14:41","modified_gmt":"2024-05-29T21:14:41","slug":"allies-free-races","status":"publish","type":"page","link":"https:\/\/www.alliesofhumanity.org\/da\/the-briefings\/book-four\/allies-free-races\/","title":{"rendered":"F\u00f8rste Briefing: Hvem Vi Er og Hvad Vi Repr\u00e6senterer"},"content":{"rendered":"\t\t<div data-elementor-type=\"wp-page\" data-elementor-id=\"19431\" class=\"elementor elementor-19431 elementor-2524\" data-elementor-post-type=\"page\">\t\t\t\t\t\t<section class=\"elementor-section elementor-top-section elementor-element elementor-element-589e791f elementor-section-boxed elementor-section-height-default elementor-section-height-default\" data-id=\"589e791f\" data-element_type=\"section\">\t\t\t\t\t\t<div class=\"elementor-container elementor-column-gap-default\">\t\t\t\t\t<div class=\"elementor-column elementor-col-100 elementor-top-column elementor-element elementor-element-731f30e9\" data-id=\"731f30e9\" data-element_type=\"column\">\t\t\t<div class=\"elementor-widget-wrap elementor-element-populated\">\t\t\t\t\t\t<div class=\"elementor-element elementor-element-0caffee elementor-widget elementor-widget-text-editor\" data-id=\"0caffee\" data-element_type=\"widget\" data-widget_type=\"text-editor.default\">\t\t\t\t<div class=\"elementor-widget-container\">\t\t\t\t\t\t\t\t\t<p>Vi hilser. Vi er Menneskehedens Allierede her for igen at tale med jer efter en lang forsinkelse. Vi er langt v\u00e6k fra jeres verden nu, og vi har v\u00e6ret v\u00e6k i nogen tid. Men der er meget, vi kan meddele jer, som vil v\u00e6re af stor betydning og vigtighed for jeres fremtid og for muligheden for, at I kan udvikle jer og blive en fri race i universet, hvor \u00e6gte frihed er s\u00e5 v\u00e6ldig sj\u00e6lden. Vi taler for de frie racer, der lever blandt mange andre, der ikke er frie. Men her repr\u00e6senterer vi ikke deres regeringer. Vi blev derimod sendt af H\u00f8jere Magter fra det \u00e5ndelige rige, for at give disse Briefinger til menneskene. <\/p>\r<p>Med dette form\u00e5l er vi kommet fra flere nationer og er forenede i vores sag. I vil ikke kende vores navne, ej heller navnene p\u00e5 vores verdener, for de m\u00e5 forblive skjulte. N\u00e5r f\u00f8rst I begynder at forst\u00e5 livets realiteter i det St\u00f8rre F\u00e6llesskab i universet, vil I kunne forst\u00e5, hvorfor denne diskretion m\u00e5 ud\u00f8ves. <\/p>\r<p>I, der sender alt ud i rummet omkring jer, bliver n\u00f8dt til at indse, at for at v\u00e6re fri, m\u00e5 man v\u00e6re diskret. Det er en stor lektie at l\u00e6re for menneskene, idet I st\u00e5r p\u00e5 t\u00e6rsklen til et univers fyldt med intelligent liv.<\/p>\rVi er her for at give jer r\u00e5d og perspektiv, og for at korrigere mange af jeres antagelser og overbevisninger, der kan bringe jeres evne til at forst\u00e5 jeres situation i fare, og den store udfordring, I nu st\u00e5r overfor, fra Intervention i jeres verden udefra, af andre racer, der er her for at drage fordel af jeres svaghed, jeres opsplittelse og jeres overtro, med deres egne form\u00e5l for \u00f8je \u2013 for at etablere deres forrang i denne verden, uden brug af magt.\r<p>Vi har talt meget om dette i vores tidligere Briefinger. Men nu m\u00e5 vi fort\u00e6lle jer om andre ting, der er vigtige at vide, om hvad frihed vil sige i dette univers \u2013 hvad den vil betyde for jeres verden, den store forandring, den vil bringe til jeres forst\u00e5else, og den st\u00f8rre forening, den vil forlange mellem jeres nationer.\r<\/p><p>For I vil ikke forblive en fri verden, hvis I forts\u00e6tter jeres kampe med hinanden \u2013 jeres uenigheder, jeres konkurrence, jeres vold, jeres krige. Idet I sl\u00e5s indbyrdes, har I ingen anelse om tilstedev\u00e6relsen af de v\u00e6sner, der intervenerer, eller de mange \u00f8jne i jeres lokalunivers, som iagttager jer, og alle menneskenes fejl, der bliver sendt ud i rummet, for den diskrete iagttager at se \u2013 stammer, der bekriger hinanden i en smuk verden, der eftertragtes af andre. Og selvom der ikke er mange andre racer eller nationer, der kender til jeres eksistens, er denne udfordring alligevel meget stor, meget reel og vokser hele tiden.\r<\/p><p>S\u00e5, nu m\u00e5 vi tale om ting, som har med jeres fremtid at g\u00f8re, som har med muligheden for at menneskene kan blive en fri race at g\u00f8re, i et univers, hvor konkurrencen er blevet f\u00f8rt til h\u00f8jere niveauer, end I begriber.\r<\/p><p>Vi giver dette med stor respekt for menneskeheden, fordi I har holdt jeres religi\u00f8se traditioner i live, og fordi Kundskabens kraft i individet stadig er anerkendt og \u00e6ret her, hvor den er g\u00e5et tabt og er glemt eller aldrig blevet erkendt s\u00e5 mange andre steder. For de store teknologiske nationer i jeres lokale region af rummet er stort set blottet for religion, \u00e5ndelighed og den h\u00f8jere etik, som I muligvis stadig holder k\u00e6r, hvilken vi ogs\u00e5 v\u00e6rds\u00e6tter.\r<\/p><p class=\"image-quote float-right\"><img decoding=\"async\" src=\"https:\/\/www.alliesofhumanity.org\/wp-content\/uploads\/2020\/12\/quote-book4-briefing1-1.png\" alt=\"\" \/><\/p><blockquote id=\"quote-2\" class=\"text-quote float-right bg-red\">Vi taler for de frie racer, der lever blandt mange andre, der ikke er frie. Men her repr\u00e6senterer vi ikke deres regeringer. Vi blev derimod sendt af H\u00f8jere Magter fra det \u00e5ndelige rige, for at give disse Briefinger til menneskene.<\/blockquote><p>I st\u00e5r ved det store vendepunkt, med hensyn til om I vil underkaste jer fremmede kr\u00e6fter, eller om I vil rejse jer fra jeres endel\u00f8se konflikter, for at etablere jer som en fri nation. Vi har givet meget visdom og perspektiv p\u00e5 dette i vores tidligere Briefinger. Men nu m\u00e5 vi fort\u00e6lle jer, hvad frihed vil sige og hvad den indeb\u00e6rer for jeres nationer og for jeres folk.\r<\/p><p>Selv om verdener er s\u00e6rlige og unikke og forskellige p\u00e5 mange m\u00e5der, er de krav frihed stiller i universet de samme for alle. I m\u00e5 forst\u00e5 disse krav og ikke p\u00e5 nogen m\u00e5de fors\u00f8mme dem.\r<\/p><p>Fred mellem jeres nationer er ikke blot oph\u00f8ret af krig og konflikter. Det m\u00e5 v\u00e6re en forberedelse p\u00e5 et st\u00f8rre engagement og en st\u00f8rre r\u00e6kke udfordringer, som jeres verden st\u00e5r overfor nu og i stigende grad vil st\u00e5 overfor fremover.\r<\/p><p>Nu er jeres frihed friheden til at beskytte verden, at isolere verden fra kr\u00e6fter, der alle vil fors\u00f8ge at intervenere her, b\u00e5de gennem det fysiske milj\u00f8 og gennem det mentale milj\u00f8.\r<\/p><p>Denne frihed, som vil forlange, at jeres nationer samarbejder, vil ogs\u00e5 forlange, at der ikke er stor uenighed. For, indflydelse udefra, fra det St\u00f8rre F\u00e6llesskab, vil s\u00f8ge at v\u00e6kke uenighed, ligesom den g\u00f8r nu. Den vil s\u00f8ge at sv\u00e6kke de st\u00e6rkeste nationer, ved at engagere dem i endel\u00f8se og genstridige konflikter og konkurrence. Den vil s\u00f8ge at sv\u00e6kke folks tro p\u00e5 deres egne regeringer og institutioner, ligesom den g\u00f8r nu.\r<\/p><p>Menneskeligt lederskab og institutioner m\u00e5 v\u00e6re st\u00e6rkere i fremtiden og mere forenede mellem nationer og p\u00e5 tv\u00e6rs af nationer. For det, der vil forene menneskeheden, er udfordringen fra det St\u00f8rre F\u00e6llesskab. Det, der vil forlange samarbejde, vil v\u00e6re truslen om Intervention udefra. Det, der vil l\u00f8fte menneskeheden i dens samlethed og form\u00e5l, er dens fremkomst p\u00e5 denne st\u00f8rre arena af intelligent liv.\r<\/p><p>Her er frihed ikke friheden til at v\u00e6re kaotisk eller friheden til at bryde sammen i individualistiske form\u00e5l og forf\u00f8lgelser alene. Det er friheden til at isolere og beskytte jeres verden mod de st\u00f8rre teknologiske kr\u00e6fter, der findes omkring jer, og som vil fors\u00f8ge at overtale jer og splitte jer yderligere op p\u00e5 subtile m\u00e5der.\r<\/p><p>Erobring er ikke tilladt i denne region af rummet. Vi har talt meget om dette f\u00f8r. Men det m\u00e5 gentages, for menneskeheden er stadig meget krigerisk og konkurrence-minded i sin holdning. Den vil t\u00e6nke p\u00e5 Intervention i milit\u00e6re termer. Men ingen intervenerende race eller gruppe vil fors\u00f8ge at \u00f8del\u00e6gge denne verdens ressourcer, ej heller dens h\u00e5b om, at menneskeheden vil blive en arbejdsstyrke \u2013 medg\u00f8rlig og loyal overfor dem. Nu m\u00e5 I begynde at t\u00e6nke p\u00e5 nye m\u00e5der, for p\u00e5virkning i det St\u00f8rre F\u00e6llesskab er kraftig. Det er denne t\u00e6rskel, der afventer jer nu.\r<\/p><p>Jeres fremtidige frihed, skulle I v\u00e6re i stand til at opn\u00e5 den og opretholde den, vil af n\u00f8dvendighed begr\u00e6nse individuel frihed. For alle verdens borgere bliver n\u00f8dt til at forpligte sig til at beskytte verden. Dette er grundl\u00e6ggende. N\u00e5r I f\u00f8rst begynder at se Interventionens tentakler i verden, b\u00e5de i dag og i fremtiden, vil denne forst\u00e5else vokse og m\u00e5 blive del af jeres fundament.\r<\/p><p>I erkender ikke, at I lever p\u00e5 en smuk planet i et univers af golde verdener. Mest beboelse i verdener er et produkt af avanceret teknologi, og fremskredne racers oprindelsesverdener er i vid udstr\u00e6kning blevet \u00f8delagte, ligesom I nu \u00f8del\u00e6gger jeres verden.\r<\/p><p>Det er en St\u00f8rre F\u00e6llesskabs-bevidsthed og -forst\u00e5else, som vi taler for her i dag sammen med jer. I kan ikke t\u00e6nke som primitive folk, for det univers, I st\u00e5r overfor, er ikke primitivt. I kan ikke udelukkende henvise til fortiden, undtagen for at forst\u00e5, at al Intervention har aggressive form\u00e5l. T\u00e6nk ikke, at nogen race vil komme her for virkeligt at hj\u00e6lpe jer, for hvis de etablerer sig her p\u00e5 en synlig m\u00e5de, vil det v\u00e6re del af en stor overtalelse.\r<\/p><p>Hvis I forts\u00e6tter med at nedbryde verden, vil I blive s\u00e5 ustabile i verden, at I af ren og sk\u00e6r fortvivlelse vil s\u00f8ge hj\u00e6lp udefra. Dette er den store fare, I nu st\u00e5r overfor.\r<\/p><p class=\"image-quote float-right\"><img decoding=\"async\" src=\"https:\/\/www.alliesofhumanity.org\/wp-content\/uploads\/2020\/12\/quote-book4-briefing1-2.png\" alt=\"\" \/><\/p><blockquote id=\"quote-4\" class=\"text-quote float-right bg-black\">Erobring er ikke tilladt i denne region af rummet. Vi har talt meget om dette f\u00f8r. Men det m\u00e5 gentages, for menneskeheden er stadig meget krigerisk og konkurrence-minded i sin holdning.<\/blockquote><p>Ingen race, der intervenerer i verden i dag, er her for at hj\u00e6lpe menneskeheden. Det er konkurrerende racer, der befinder sig her, der konkurrerer om fordele i denne verden, en verden med store muligheder og stor rigdom. I indser ikke engang, hvor vigtig den er.\r<\/p><p>I fremtiden m\u00e5 jeres frihed v\u00e6re meget praktisk og meget forenet. I bliver n\u00f8dt til at v\u00e6re frie sammen, ikke frie s\u00e6rskilt. I bliver n\u00f8dt til at v\u00e6re frie i form\u00e5l, ikke frie til at bryde dette form\u00e5l. I bliver n\u00f8dt til at v\u00e6re frie til at forene jer, ikke frie til at bryde denne forening.\r<\/p><p>M\u00e5ske ser dette ikke ud som frihed for jer, fra hvor I st\u00e5r i dette \u00f8jeblik, men i mods\u00e6tning til de fleste nationers realitet i hele denne region af rummet, kan vi forsikre jer om, at dette er en stor frihed.\r<\/p><p>Vi vil i vores Briefinger beskrive, hvordan frihed kan se ud, n\u00e5r den er etableret. Men det St\u00f8rre F\u00e6llesskabs ydre realitet vil i endnu h\u00f8jere grad afg\u00f8re, hvordan denne frihed etableres og opretholdes.\r<\/p><p>Men I lever stadig i den tro, at I er isolerede i universet, at universet er et stort tomt rum omkring jer. Og m\u00e5ske f\u00f8ler I, at I er specielle og velsignede af det Guddommelige, s\u00e5 specielle, at enhver race, der ville komme hertil, ville s\u00f8ge at hj\u00e6lpe jer, forst\u00e5 jer og v\u00e6rds\u00e6tte jer. Men s\u00e5dan er det med isolationens uvidenhed, en uvidenhed, som alle opdukkende racer i universet sandsynligvis i nogen grad vil have.\r<\/p><p>Alene tror I, at I er unikke og specielle. Men n\u00e5r I tr\u00e6der ind i dette livets storsl\u00e5ede panorama, vil I se, at andre kun vil agte jer, s\u00e5 vidt det er til deres egen fordel, og at de f\u00e5 frie racer i jeres del af rummet vil v\u00e6re de eneste, der vil v\u00e6rds\u00e6tte jer af st\u00f8rre grunde og for h\u00f8jere form\u00e5l.\r<\/p><p>Vi har m\u00e5ttet k\u00e6mpe meget for at genvinde vores frihed fra Intervention og for at opretholde den, hvilket har forlangt, at vi forbliver meget diskrete i dette st\u00f8rre panorama af liv. Det har kr\u00e6vet, at vi holder os ude af de store handelsnetv\u00e6rk og holder os fri af de overordnede handelsorganisationer, der afg\u00f8r p\u00e5 hvilken m\u00e5de racer deltager og engagerer sig i kommers mellem hinanden. For, n\u00e5r f\u00f8rst man kommer ind i disse netv\u00e6rk vil ens frihed g\u00e5 tabt.\r<\/p><p>I, der s\u00f8ger h\u00f8jere teknologi fra st\u00f8rre kr\u00e6fter i universet, m\u00e5 l\u00e6re denne store lektie. Accept\u00e9r ikke nogen teknologi fra dem, der bes\u00f8ger jeres verden. For det vil plante kimene til jeres fremtidige afh\u00e6ngighed, og idet disse kim vokser, vil de, der bes\u00f8ger jeres verden, f\u00e5 st\u00f8rre og st\u00f8rre magt over jeres sind og jeres verden.\r<\/p><p>Vi har v\u00e6ret n\u00f8dt til at l\u00e6re disse lektier i vores respektive verdener. Og selvom vores verdener er unikke og ikke aktivt engagerer sig med hinanden, undtagen p\u00e5 et meget begr\u00e6nset politisk grundlag, er der H\u00f8jere Magter i universet, som leder de Vises store Netv\u00e6rk \u2013 som engagerer individer i forskellige verdener og nationer.\r<\/p><p>Vi er del af dette Netv\u00e6rk, og derfor er vi kommet for at give jer stor assistance. Vi har ingen interesse i at etablere os i denne verden, for I er ikke klar til Kontakt. I m\u00e5 opn\u00e5 frihed ved egen indsats. Vi kan give jer visdom, advarsel og perspektiv, men det er jer, der m\u00e5 g\u00f8re jer fortjente til jeres nuv\u00e6rende og fremtidige frihed og bruge denne st\u00f8rre forst\u00e5else, vi giver jer.\r<\/p><p class=\"image-quote float-right\"><img decoding=\"async\" src=\"https:\/\/www.alliesofhumanity.org\/wp-content\/uploads\/2020\/12\/quote-book4-briefing1-3.png\" alt=\"\" \/><\/p><blockquote id=\"quote-6\" class=\"text-quote float-right bg-red\">De f\u00e5 frie racer i jeres del af rummet vil v\u00e6re de eneste, der vil v\u00e6rds\u00e6tte jer af st\u00f8rre grunde og for h\u00f8jere form\u00e5l.<\/blockquote><p>I aner ikke, hvor skr\u00e6mmende universet virkeligt er \u2013 hvor mange verdener, der er faldet under fremmed dominans, verdener i en meget lignende fremkomst-situation, som jeres egen, og hvor f\u00e5 af dem, der har v\u00e6ret i stand til at slippe fri af denne dominans.\r<\/p><p>Det er til dels de H\u00f8jere Magters arbejde at st\u00f8tte denne frihed hos racer, der viser potentiale for den \u2013 H\u00f8jere Magter tilskrevet af det Guddommelige, til at beskytte Kundskab i universet \u2013 st\u00f8rre visdom, form\u00e5l og mening.\r<\/p><p>I mods\u00e6tning hertil, ender de avancerende teknologiske samfund med at blive stadigt mere ligesom hinanden: sekul\u00e6re, rigide, dominerende, konstant i konkurrence om fordele. De vil ikke v\u00e6rds\u00e6tte jeres individuelle frihed, men kun se jer som kaotiske og \u00f8del\u00e6ggende for jeres verden. De forst\u00e5r ikke de ting, vi taler om. De kender ikke til de H\u00f8jere Magter. Og hvis de har en bevidsthed om dem, vil de s\u00f8ge at undertrykke disse Magters udtryk, hvor de end kan.\r<\/p><p>Dette er livets realitet i universet, realiteten af Adskillelse fra det Guddommelige N\u00e6rv\u00e6r og Form\u00e5l \u2013 Adskillelse, under hvilken I ogs\u00e5 konstant lever. At bryde Adskillelsens l\u00e6nker kr\u00e6ver enest\u00e5ende visdom, magt og styrke, som I m\u00e5 dyrke, og som m\u00e5 bakkes op i jer af H\u00f8jere Magter.\r<\/p><p>N\u00e5r vi taler om H\u00f8jere Magter, taler vi ikke om racer af v\u00e6sener i den fysiske dimension, for der er ingen egentlige oplyste racer i universet, kun sm\u00e5 visdomsgrupper, der er forbundet med hinanden, p\u00e5 b\u00e5de fysiske og mystiske m\u00e5der. S\u00e5dan kan de Vises Netv\u00e6rk kommunikere gennem de Usete Kr\u00e6fter, det Englelige N\u00e6rv\u00e6r, uden nogensinde at have fysisk kontakt, som i s\u00e5 mange tilf\u00e6lde aldrig kunne lade sig g\u00f8re.\r<\/p><p>Dette er menneskenes store udfordring, udfordringen for jeres frihed og suver\u00e6nitet i denne verden. Idet vi forts\u00e6tter, vil vi tale om meningen med denne frihed, de krav, som denne frihed stiller, og de store kr\u00e6fter, der m\u00e5 l\u00e6gges i at opretholde den, mellem s\u00e5 mange nationer, som ikke er frie.\r<\/p><p>Det er en stor sandhed i universet, at de Vise m\u00e5 forblive skjulte, for at forblive viise. Det er den store lektie, der nu ligger foran jer.\r<\/p>\t\t\t\t\t\t\t\t<\/div>\t\t\t\t<\/div>\t\t\t\t\t<\/div>\t\t<\/div>\t\t\t\t\t<\/div>\t\t<\/section>\t\t\t\t<\/div><p>\t\t<\/p>","protected":false},"excerpt":{"rendered":"<p>Vi hilser. Vi er Menneskehedens Allierede her for igen at tale med jer efter en lang forsinkelse. Vi er langt v\u00e6k fra jeres verden nu, og vi har v\u00e6ret v\u00e6k i nogen tid. Men der er meget, vi kan meddele jer, som vil v\u00e6re af stor betydning og vigtighed for jeres fremtid og for muligheden [&hellip;]<\/p>\n","protected":false},"author":23,"featured_media":0,"parent":19407,"menu_order":1,"comment_status":"closed","ping_status":"closed","template":"page.php","meta":{"_acf_changed":false,"footnotes":""},"class_list":["post-19431","page","type-page","status-publish","hentry"],"acf":[],"yoast_head":"<!-- This site is optimized with the Yoast SEO plugin v26.5 - https:\/\/yoast.com\/wordpress\/plugins\/seo\/ -->\n<title>Menneskehedens Allierede Repr\u00e6senterer Frie Racer i Universet<\/title>\n<meta name=\"description\" content=\"Vi taler for de frie racer, som lever blandt mange andre, der ikke er frie. Vi blev sendt af H\u00f8jere Magter for at give disse Briefinger til menneskeheden.\" \/>\n<meta name=\"robots\" content=\"index, follow, max-snippet:-1, max-image-preview:large, max-video-preview:-1\" \/>\n<link rel=\"canonical\" href=\"https:\/\/www.alliesofhumanity.org\/da\/the-briefings\/book-four\/allies-free-races\/\" \/>\n<meta property=\"og:locale\" content=\"da_DK\" \/>\n<meta property=\"og:type\" content=\"article\" \/>\n<meta property=\"og:title\" content=\"Menneskehedens Allierede Repr\u00e6senterer Frie Racer i Universet\" \/>\n<meta property=\"og:description\" content=\"Vi taler for de frie racer, som lever blandt mange andre, der ikke er frie. Vi blev sendt af H\u00f8jere Magter for at give disse Briefinger til menneskeheden.\" \/>\n<meta property=\"og:url\" content=\"https:\/\/www.alliesofhumanity.org\/da\/the-briefings\/book-four\/allies-free-races\/\" \/>\n<meta property=\"og:site_name\" content=\"The Allies of Humanity\" \/>\n<meta property=\"article:publisher\" content=\"https:\/\/www.facebook.com\/alliesofhumanity\/\" \/>\n<meta property=\"article:modified_time\" content=\"2024-05-29T21:14:41+00:00\" \/>\n<meta property=\"og:image\" content=\"https:\/\/www.alliesofhumanity.org\/wp-content\/uploads\/2021\/01\/og-socialmedia-aoh.jpg\" \/>\n\t<meta property=\"og:image:width\" content=\"1200\" \/>\n\t<meta property=\"og:image:height\" content=\"630\" \/>\n\t<meta property=\"og:image:type\" content=\"image\/jpeg\" \/>\n<meta name=\"twitter:card\" content=\"summary_large_image\" \/>\n<meta name=\"twitter:title\" content=\"Menneskehedens Allierede Repr\u00e6senterer Frie Racer i Universet\" \/>\n<meta name=\"twitter:site\" content=\"@earthallies\" \/>\n<meta name=\"twitter:label1\" content=\"Estimeret l\u00e6setid\" \/>\n\t<meta name=\"twitter:data1\" content=\"12 minutter\" \/>\n<script type=\"application\/ld+json\" class=\"yoast-schema-graph\">{\"@context\":\"https:\/\/schema.org\",\"@graph\":[{\"@type\":\"WebPage\",\"@id\":\"https:\/\/www.alliesofhumanity.org\/da\/the-briefings\/book-four\/allies-free-races\/\",\"url\":\"https:\/\/www.alliesofhumanity.org\/da\/the-briefings\/book-four\/allies-free-races\/\",\"name\":\"Menneskehedens Allierede Repr\u00e6senterer Frie Racer i Universet\",\"isPartOf\":{\"@id\":\"https:\/\/www.alliesofhumanity.org\/da\/#website\"},\"datePublished\":\"2021-10-23T16:25:58+00:00\",\"dateModified\":\"2024-05-29T21:14:41+00:00\",\"description\":\"Vi taler for de frie racer, som lever blandt mange andre, der ikke er frie. Vi blev sendt af H\u00f8jere Magter for at give disse Briefinger til menneskeheden.\",\"breadcrumb\":{\"@id\":\"https:\/\/www.alliesofhumanity.org\/da\/the-briefings\/book-four\/allies-free-races\/#breadcrumb\"},\"inLanguage\":\"da-DK\",\"potentialAction\":[{\"@type\":\"ReadAction\",\"target\":[\"https:\/\/www.alliesofhumanity.org\/da\/the-briefings\/book-four\/allies-free-races\/\"]}]},{\"@type\":\"BreadcrumbList\",\"@id\":\"https:\/\/www.alliesofhumanity.org\/da\/the-briefings\/book-four\/allies-free-races\/#breadcrumb\",\"itemListElement\":[{\"@type\":\"ListItem\",\"position\":1,\"name\":\"Briefingerne\",\"item\":\"https:\/\/www.alliesofhumanity.org\/da\/the-briefings\/\"},{\"@type\":\"ListItem\",\"position\":2,\"name\":\"Bog Fire\",\"item\":\"https:\/\/www.alliesofhumanity.org\/da\/the-briefings\/book-four\/\"},{\"@type\":\"ListItem\",\"position\":3,\"name\":\"F\u00f8rste Briefing: Hvem Vi Er og Hvad Vi Repr\u00e6senterer\"}]},{\"@type\":\"WebSite\",\"@id\":\"https:\/\/www.alliesofhumanity.org\/da\/#website\",\"url\":\"https:\/\/www.alliesofhumanity.org\/da\/\",\"name\":\"The Allies of Humanity\",\"description\":\"\",\"potentialAction\":[{\"@type\":\"SearchAction\",\"target\":{\"@type\":\"EntryPoint\",\"urlTemplate\":\"https:\/\/www.alliesofhumanity.org\/da\/?s={search_term_string}\"},\"query-input\":{\"@type\":\"PropertyValueSpecification\",\"valueRequired\":true,\"valueName\":\"search_term_string\"}}],\"inLanguage\":\"da-DK\"}]}<\/script>\n<!-- \/ Yoast SEO plugin. -->","yoast_head_json":{"title":"Menneskehedens Allierede Repr\u00e6senterer Frie Racer i Universet","description":"Vi taler for de frie racer, som lever blandt mange andre, der ikke er frie. Vi blev sendt af H\u00f8jere Magter for at give disse Briefinger til menneskeheden.","robots":{"index":"index","follow":"follow","max-snippet":"max-snippet:-1","max-image-preview":"max-image-preview:large","max-video-preview":"max-video-preview:-1"},"canonical":"https:\/\/www.alliesofhumanity.org\/da\/the-briefings\/book-four\/allies-free-races\/","og_locale":"da_DK","og_type":"article","og_title":"Menneskehedens Allierede Repr\u00e6senterer Frie Racer i Universet","og_description":"Vi taler for de frie racer, som lever blandt mange andre, der ikke er frie. Vi blev sendt af H\u00f8jere Magter for at give disse Briefinger til menneskeheden.","og_url":"https:\/\/www.alliesofhumanity.org\/da\/the-briefings\/book-four\/allies-free-races\/","og_site_name":"The Allies of Humanity","article_publisher":"https:\/\/www.facebook.com\/alliesofhumanity\/","article_modified_time":"2024-05-29T21:14:41+00:00","og_image":[{"width":1200,"height":630,"url":"https:\/\/www.alliesofhumanity.org\/wp-content\/uploads\/2021\/01\/og-socialmedia-aoh.jpg","type":"image\/jpeg"}],"twitter_card":"summary_large_image","twitter_title":"Menneskehedens Allierede Repr\u00e6senterer Frie Racer i Universet","twitter_site":"@earthallies","twitter_misc":{"Estimeret l\u00e6setid":"12 minutter"},"schema":{"@context":"https:\/\/schema.org","@graph":[{"@type":"WebPage","@id":"https:\/\/www.alliesofhumanity.org\/da\/the-briefings\/book-four\/allies-free-races\/","url":"https:\/\/www.alliesofhumanity.org\/da\/the-briefings\/book-four\/allies-free-races\/","name":"Menneskehedens Allierede Repr\u00e6senterer Frie Racer i Universet","isPartOf":{"@id":"https:\/\/www.alliesofhumanity.org\/da\/#website"},"datePublished":"2021-10-23T16:25:58+00:00","dateModified":"2024-05-29T21:14:41+00:00","description":"Vi taler for de frie racer, som lever blandt mange andre, der ikke er frie. Vi blev sendt af H\u00f8jere Magter for at give disse Briefinger til menneskeheden.","breadcrumb":{"@id":"https:\/\/www.alliesofhumanity.org\/da\/the-briefings\/book-four\/allies-free-races\/#breadcrumb"},"inLanguage":"da-DK","potentialAction":[{"@type":"ReadAction","target":["https:\/\/www.alliesofhumanity.org\/da\/the-briefings\/book-four\/allies-free-races\/"]}]},{"@type":"BreadcrumbList","@id":"https:\/\/www.alliesofhumanity.org\/da\/the-briefings\/book-four\/allies-free-races\/#breadcrumb","itemListElement":[{"@type":"ListItem","position":1,"name":"Briefingerne","item":"https:\/\/www.alliesofhumanity.org\/da\/the-briefings\/"},{"@type":"ListItem","position":2,"name":"Bog Fire","item":"https:\/\/www.alliesofhumanity.org\/da\/the-briefings\/book-four\/"},{"@type":"ListItem","position":3,"name":"F\u00f8rste Briefing: Hvem Vi Er og Hvad Vi Repr\u00e6senterer"}]},{"@type":"WebSite","@id":"https:\/\/www.alliesofhumanity.org\/da\/#website","url":"https:\/\/www.alliesofhumanity.org\/da\/","name":"The Allies of Humanity","description":"","potentialAction":[{"@type":"SearchAction","target":{"@type":"EntryPoint","urlTemplate":"https:\/\/www.alliesofhumanity.org\/da\/?s={search_term_string}"},"query-input":{"@type":"PropertyValueSpecification","valueRequired":true,"valueName":"search_term_string"}}],"inLanguage":"da-DK"}]}},"_links":{"self":[{"href":"https:\/\/www.alliesofhumanity.org\/da\/wp-json\/wp\/v2\/pages\/19431","targetHints":{"allow":["GET"]}}],"collection":[{"href":"https:\/\/www.alliesofhumanity.org\/da\/wp-json\/wp\/v2\/pages"}],"about":[{"href":"https:\/\/www.alliesofhumanity.org\/da\/wp-json\/wp\/v2\/types\/page"}],"author":[{"embeddable":true,"href":"https:\/\/www.alliesofhumanity.org\/da\/wp-json\/wp\/v2\/users\/23"}],"replies":[{"embeddable":true,"href":"https:\/\/www.alliesofhumanity.org\/da\/wp-json\/wp\/v2\/comments?post=19431"}],"version-history":[{"count":14,"href":"https:\/\/www.alliesofhumanity.org\/da\/wp-json\/wp\/v2\/pages\/19431\/revisions"}],"predecessor-version":[{"id":22982,"href":"https:\/\/www.alliesofhumanity.org\/da\/wp-json\/wp\/v2\/pages\/19431\/revisions\/22982"}],"up":[{"embeddable":true,"href":"https:\/\/www.alliesofhumanity.org\/da\/wp-json\/wp\/v2\/pages\/19407"}],"wp:attachment":[{"href":"https:\/\/www.alliesofhumanity.org\/da\/wp-json\/wp\/v2\/media?parent=19431"}],"curies":[{"name":"wp","href":"https:\/\/api.w.org\/{rel}","templated":true}]}}