{"id":19426,"date":"2021-10-23T17:22:44","date_gmt":"2021-10-23T16:22:44","guid":{"rendered":"https:\/\/www.alliesofhumanity.org\/book-four\/ah4-a-message-from-marshall-vian-summers\/"},"modified":"2024-05-29T22:16:18","modified_gmt":"2024-05-29T21:16:18","slug":"ah4-a-message-from-marshall-vian-summers","status":"publish","type":"page","link":"https:\/\/www.alliesofhumanity.org\/da\/the-briefings\/book-four\/ah4-a-message-from-marshall-vian-summers\/","title":{"rendered":"En Meddelelse fra Marshall Vian Summers"},"content":{"rendered":"\t\t<div data-elementor-type=\"wp-page\" data-elementor-id=\"19426\" class=\"elementor elementor-19426 elementor-2532\" data-elementor-post-type=\"page\">\t\t\t\t\t\t<section class=\"elementor-section elementor-top-section elementor-element elementor-element-2ad36770 elementor-section-boxed elementor-section-height-default elementor-section-height-default\" data-id=\"2ad36770\" data-element_type=\"section\">\t\t\t\t\t\t<div class=\"elementor-container elementor-column-gap-default\">\t\t\t\t\t<div class=\"elementor-column elementor-col-100 elementor-top-column elementor-element elementor-element-6727a495\" data-id=\"6727a495\" data-element_type=\"column\">\t\t\t<div class=\"elementor-widget-wrap elementor-element-populated\">\t\t\t\t\t\t<div class=\"elementor-element elementor-element-0ebbb09 elementor-widget elementor-widget-text-editor\" data-id=\"0ebbb09\" data-element_type=\"widget\" data-widget_type=\"text-editor.default\">\t\t\t\t<div class=\"elementor-widget-container\">\t\t\t\t\t\t\t\t\t<p>Det er en stor gl\u00e6de for mig at pr\u00e6sentere den fjerde r\u00e6kke Briefinger fra Menneskehedens Allierede. Disse Briefinger er en del af en st\u00f8rre kommunikation fra de racer i vores lokalunivers, som st\u00f8tter menneskehedens frihed og suver\u00e6nitet, idet den dukker op i et \u201cSt\u00f8rre F\u00e6llesskab\u201d af liv. Dette er et autentisk budskab fra en udenjordisk kilde, der advarer os om farerne ved Intervention udefra og opfordrer os til at forberede os p\u00e5 udfordringerne ved livet i universet.<\/p>\r<p>Menneskehedens Allierede er en gruppe individer fra flere forskellige verdener, som kom til Jordens n\u00e6rhed, for at observere den fremmede Intervention, der finder sted i vores verden, og for at rapportere om denne Interventions aktiviteter og disses implikationer for den menneskelige race.<\/p>\r<p>Gennem deres Briefinger afsl\u00f8rer de Allierede denne Kontaks realitet, som finder sted i verden i dag \u2013 hvem de bes\u00f8gende er, hvorfor de er her og den st\u00f8rre dagsorden bag deres aktiviteter. Ved at g\u00f8re dette, udfylder Briefingerne mange af de afg\u00f8rende huller i vores forst\u00e5else af realiteten af udenjordisk bes\u00f8g og UFO-f\u00e6nomenet, som har v\u00e6ret i forskningens og unders\u00f8gelsernes fokus i over syv \u00e5rtier. Briefingerne giver os et klart billede af, hvem vi st\u00f8der p\u00e5, hvad det betyder for menneskeheden, og hvordan vi kan forberede os p\u00e5 denne \u2013 den st\u00f8rste og mest afg\u00f8rende begivenhed i menneskehedens historie. Og dog er disse Briefinger ogs\u00e5 en gave, for de giver os et vindue til livets realiteter i vores lokale region af rummet, et udsyn vi ellers ikke kunne have.<\/p>\r<p>De Allierede befinder sig ikke p\u00e5 vores planet for at p\u00e5virke vores regeringer, vores videnskab eller vores religioner. Derimod kom de til vores verdens n\u00e6rhed for at bevidne den Intervention, der finder sted p\u00e5 Jorden, og for at give os en r\u00e6kke Briefinger, der afsl\u00f8rer livsvigtig information om, hvad der finder sted, hvorfor det finder sted, hvad det betyder, og hvad vi m\u00e5 g\u00f8re for at forberede os. De Allierede giver ikke disse Briefinger til regeringer eller folk i magtpositioner. De giver disse Briefinger til vores verdens folk.<\/p>\r<p>De Allierede kontaktede mig i 1996 og pr\u00e6senterede deres f\u00f8rste r\u00e6kke Briefinger i 1997 og 1998. Denne f\u00f8rste r\u00e6kke Briefinger blev derefter udgivet i \u00e5r 2000, som Menneskehedens Allieredes Briefinger: Et Hastebudskab om den Udenjordiske Tilstedev\u00e6relse i Verden i Dag. I de efterf\u00f8lgende to \u00e5r var der ingen yderligere kommunikation fra de Allierede.\r<\/p><p class=\"image-quote float-right\"><img decoding=\"async\" src=\"https:\/\/www.alliesofhumanity.org\/wp-content\/uploads\/2020\/08\/MVS-298x300-1.png\" alt=\"\" \/><\/p><p>De Allierede kontaktede mig igen i december 2000 med en anden r\u00e6kke Briefinger. Under stort tidspres afsl\u00f8rede de, at de blev identificeret efter offentligg\u00f8relsen af deres f\u00f8rste r\u00e6kke Briefinger, og blev s\u00e5 forfulgt af Interventionen, og havde derfor brug for at formidle deres anden r\u00e6kke Briefinger med det samme. Alle seks Briefinger blev givet p\u00e5 \u00e9n dag.\r<\/p><p>Otte \u00e5r senere kontaktede de Allierede mig igen, som nu kommunikerede langvejs fra, med deres tredje r\u00e6kke Briefinger. Alle syv Briefinger blev givet p\u00e5 \u00e9n dag i juni 2008.\r<\/p><p>Og igen otte \u00e5r senere kom den fjerde r\u00e6kke Briefinger. Det var i oktober 2016, med alle seks Briefinger givet p\u00e5 \u00e9n dag.\r<\/p><p>Jeg kan ikke g\u00f8re rede for, hvorfor der var s\u00e5 lange perioder mellem Briefingerne. M\u00e5ske var det de Allieredes omst\u00e6ndigheder, efter at v\u00e6re blevet tvunget til at forlade jordens n\u00e6rhed. Eller m\u00e5ske fandt der st\u00f8rre begivenheder sted, udenfor vores verden, som involverede de Allieredes mission og dem, de repr\u00e6senterer.\r<\/p><p>Alt i alt pr\u00e6senterer disse Briefinger en samling af forst\u00e5else og perspektiv, som vi som mennesker ikke selv kunne f\u00e5, givet p\u00e5 et tidspunkt med alvorligt behov, idet Interventionens fremmede tilstedev\u00e6relse i verden vokser og bliver stadig mere indflydelsesrig her, p\u00e5 m\u00e5der, som vi kan knapt forst\u00e5r. For menneskeheden er ubevidst og uforberedt p\u00e5 f\u00f8lgende store t\u00e6rskel: vores m\u00f8de med intelligent liv i universet, som ikke stammer fra vores rejser ude i rummet, men fra ankomsten af de v\u00e6sner, der er kommet her, med deres egne form\u00e5l for \u00f8je.\r<\/p><p>Jeg vil gerne give jer et overblik over de f\u00f8rste tre r\u00e6kke Briefinger og derefter tale om den fjerde r\u00e6kke Briefinger. De f\u00f8rste tre r\u00e6kker Briefinger afsl\u00f8rer, at menneskeheden ikke er alene i universet og end ikke i vores egen verden. Med dette afsl\u00f8rer de, at der befinder sig en extraterrestrial tilstedev\u00e6relse i vores verden, der arbejder her p\u00e5 en hemmelighedsfuld m\u00e5de, som p\u00e5virker mennesker verden over.\r<\/p><p>Dette er en Intervention fra aggressive kr\u00e6fter i vores lokalunivers, som s\u00f8ger at f\u00e5 kontrol over verdens ressourcer for sig selv. Dette er en Intervention, som vi ikke vil drage fordel af, og som vi vil blive underlagt, hvis vi giver efter for dens overtalelser.\r<\/p><p>De, der intervenerer i vores verden, vil have os til at arbejde for sig, for de kan ikke selv leve her. De kan ikke ind\u00e5nde vores atmosf\u00e6re; de kan ikke se den biologiske kompleksitet i vores verden i \u00f8jnene. De har brug for os som en del af verdens ressourcer. Dette drejer sig om en samlet interventions- og koloniseringsproces, der udf\u00f8res over en lang periode, for at blive gennemf\u00f8rt, uden brug af magt.\r<\/p><p>Briefingerne fort\u00e6ller os, at den Intervention, der finder sted i verden i dag, betyder, at vores isolation i universet nu er forbi, og at vi bliver n\u00f8dt til at se kontakt i \u00f8jnene fra intervenerende kr\u00e6fter, langt ind i fremtiden. Beskyttelse af vores verden og vores suver\u00e6nitet vil v\u00e6re et fortsat krav i fremtiden.\r<\/p><p>Hvorfor finder der en Intervention sted nu? Interventionen er her, fordi vi nedbryder en verden, der er rig p\u00e5 ressourcer, som de selv \u00f8nsker at have kontrol over. Interventionen v\u00e6rds\u00e6tter Jorden og ser os \u00f8del\u00e6gge og nedbryde den i et f\u00e6nomenalt tempo. Her fort\u00e6ller Briefingerne os, at Jorden er en skat, der beg\u00e6res af andre, i et univers af golde verdener. Og Intervention forts\u00e6tter nu, fordi vi har skabt en kommers- og kommunikationsstruktur, som den kan benytte til sine egne form\u00e5l.\r<\/p><p>Gennem deres Briefinger taler de Allierede om vigtigheden af menneskelig frihed og selvbestemmelse, i et milj\u00f8 med enorme overtalelseskr\u00e6fter og incitamenter, s\u00e6rligt rettet mod en ung race, der dukker op i dette St\u00f8rre F\u00e6llesskab af liv, og hvor mange andre opdukkende racer i universet er blevet ofre for Intervention, som den vi nu st\u00e5r overfor.\r<\/p><p>Vi er uforberedte p\u00e5 Kontakt med dette St\u00f8rre F\u00e6llesskab. For vi kan kun forestille os, gennem vores medier, film og videnskab, hvordan livet kan v\u00e6re udenfor vores gr\u00e6nser. Men det billede, som de Allieredes Briefinger pr\u00e6senterer, er meget anderledes, end hvad de fleste mennesker t\u00e6nker i dag.\r<\/p><p>De Allierede Briefinger er funderet i livets realiteter i vores lokalunivers og giver derfor en meget mere pr\u00e6cis repr\u00e6sentation af, hvad der faktisk eksisterer udenfor os. Herudfra kan vi begynde at se, at universet er et udtryk for den samme realitet, med hensyn til naturen, som vi oplever i vores verden. Dog er det natur p\u00e5 en skala og et kompleksitetsniveau hinsides noget, vi kan forestille os.\r<\/p><p>Som resultat understreger de Allieredes Briefinger, at vi kan forst\u00e5 virkeligheden af Intervention udfra vores egen erfaring med intervention her p\u00e5 Jorden. Vores historie har vist os tegn p\u00e5, at \u00e9n kultur har interveneret i en anden kultur, \u00e9n nation i en anden, gentagne gange over tid. Det betyder, at vores egen historie og medf\u00f8dte visdom kan g\u00f8re det muligt for os at se og forst\u00e5 en hel del om, hvem der er her, og hvorfor de er kommet.\r<\/p><p>Dog er der meget, vi hverken kan se eller vide om, hvordan livet er i vores lokalunivers, men som vi bliver n\u00f8dt til at vide, hvis vi skal forst\u00e5, hvem der bes\u00f8ger vores verden. For at forst\u00e5, hvem der er her, og hvorfor de er her, og hvad det vil betyde for os, er vi n\u00f8dt til at forst\u00e5 noget om, hvordan livet i universet omkring os er. Vi bliver n\u00f8dt til at forst\u00e5, hvad der ville bringe en Intervention hertil, hvad der skaber den, hvad der styrker den, hvad der giver den magt, hvad der begr\u00e6nser dens magt. De f\u00f8rste tre r\u00e6kker af de Allieredes Briefinger giver os meget direkte dette perspektiv.\r<\/p><p>Den fjerde r\u00e6kke Briefinger bygger p\u00e5 disse ting og fokuserer p\u00e5 frihed i universet, hvordan den opn\u00e5s, hvordan den opretholdes og de tilbageholdenheder, som menneskeheden bliver n\u00f8dt til at udvise, for at v\u00e6re en fri race i universet.\r<\/p><p>Med dette afsl\u00f8rer de den store \u00c5ndelige Koordinering, der findes i hele universet, gennem hvilken Skaberen af alt liv st\u00f8tter \u00e5ndelig udvikling, bevidsthed, forening og frihed i universet.\r<\/p><p>De Allierede dedikerer \u00e9n af deres Briefinger til de Vises Netv\u00e6rk, som repr\u00e6senterer individer i mange forskellige verdener, som bliver vejledt af denne St\u00f8rre Koordinering, for at st\u00f8tte deres verdens frihed og velbefindende, hvilket skaber et stort netv\u00e6rk, hvorigennem visdom kan sendes fra den ene verden til den anden. De Allierede afsl\u00f8rer, at de er en del af dette, de Vises Netv\u00e6rk.\r<\/p><p>Gennem alle deres Briefinger understreger de Allierede, at vi nu er det indf\u00f8dte folk p\u00e5 Jorden, der st\u00e5r overfor Intervention fra magter udefra. At erkende dette kr\u00e6ver mod, klarhed, objektivitet og opm\u00e6rksomhed. Tiden for denne opm\u00e6rksomhed og erkendelse er kommet.\r<\/p><p>Vores behov presser sig p\u00e5, og behovet er der nu. Der er ting, vi bliver n\u00f8dt til at vide om livet i universet omkring os og om den natur og det form\u00e5l, de intervenerede i vores verden i dag har, som menneskehedens Allierede afsl\u00f8rer for os.\r<\/p><p>Menneskehedens Allierede understreger, at vi skal modst\u00e5 Interventionen, gennem uddannelse, bevidsthedsopbygning og gennem en voksende menneskelig alliance og styrkelse af dem, der ser Interventionens aktiviteter, og som p\u00e5virkes af dem.\r<\/p><p>For at g\u00f8re dette understreger de Allierede, at vi m\u00e5 stole p\u00e5 kraften i vores indre medf\u00f8dte \u00e5ndelige intelligens, som kaldes &#8220;Kundskab&#8221;. Denne st\u00f8rre intelligens er menneskehedens iboende evne til at se og kende sandheden hinsides frygt og pr\u00e6ferencer, til at se og kende Interventionen for hvad den virkelig er.\r<\/p><p>For at g\u00f8re det muligt for os at f\u00e5 adgang til denne Kundskab, er en forberedelse givet os af Skaberen af alt liv, kaldet Trin til Kundskab. Trin til Kundskab er vejen til at opdage Kundskab og opbygge sin forbindelse til den i sammenh\u00e6ng med det St\u00f8rre F\u00e6llesskab.\r<\/p><p>Derfor byder jeg dig velkommen og opfordrer dig til at udforske disse Briefinger med et \u00e5bent sind, og lade dine tanker blive udfordret, opgive tidligere overbevisninger, hvis det er n\u00f8dvendigt, lade noget nyt og livsvigtigt og n\u00f8dvendigt blive givet til dig, som enkeltperson, og til os alle sammen.\r<\/p>\t\t\t\t\t\t\t\t<\/div>\t\t\t\t<\/div>\t\t\t\t\t<\/div>\t\t<\/div>\t\t\t\t\t<\/div>\t\t<\/section>\t\t\t\t<\/div><p>\t\t<\/p>","protected":false},"excerpt":{"rendered":"<p>Det er en stor gl\u00e6de for mig at pr\u00e6sentere den fjerde r\u00e6kke Briefinger fra Menneskehedens Allierede. Disse Briefinger er en del af en st\u00f8rre kommunikation fra de racer i vores lokalunivers, som st\u00f8tter menneskehedens frihed og suver\u00e6nitet, idet den dukker op i et \u201cSt\u00f8rre F\u00e6llesskab\u201d af liv. Dette er et autentisk budskab fra en udenjordisk [&hellip;]<\/p>\n","protected":false},"author":23,"featured_media":0,"parent":19407,"menu_order":0,"comment_status":"closed","ping_status":"closed","template":"page.php","meta":{"_acf_changed":false,"footnotes":""},"class_list":["post-19426","page","type-page","status-publish","hentry"],"acf":[],"yoast_head":"<!-- This site is optimized with the Yoast SEO plugin v26.5 - https:\/\/yoast.com\/wordpress\/plugins\/seo\/ -->\n<title>En Meddelelse fra Marshall Vian Summers: Menneskehedens Allieredes Briefinger<\/title>\n<meta name=\"description\" content=\"Marshall Vian Summers pr\u00e6senterer Menneskehedens Allieredes Briefinger, et autentisk budskab fra en udenjordisk kilde.\" \/>\n<meta name=\"robots\" content=\"index, follow, max-snippet:-1, max-image-preview:large, max-video-preview:-1\" \/>\n<link rel=\"canonical\" href=\"https:\/\/www.alliesofhumanity.org\/da\/the-briefings\/book-four\/ah4-a-message-from-marshall-vian-summers\/\" \/>\n<meta property=\"og:locale\" content=\"da_DK\" \/>\n<meta property=\"og:type\" content=\"article\" \/>\n<meta property=\"og:title\" content=\"En Meddelelse fra Marshall Vian Summers: Menneskehedens Allieredes Briefinger\" \/>\n<meta property=\"og:description\" content=\"Marshall Vian Summers pr\u00e6senterer Menneskehedens Allieredes Briefinger, et autentisk budskab fra en udenjordisk kilde.\" \/>\n<meta property=\"og:url\" content=\"https:\/\/www.alliesofhumanity.org\/da\/the-briefings\/book-four\/ah4-a-message-from-marshall-vian-summers\/\" \/>\n<meta property=\"og:site_name\" content=\"The Allies of Humanity\" \/>\n<meta property=\"article:publisher\" content=\"https:\/\/www.facebook.com\/alliesofhumanity\/\" \/>\n<meta property=\"article:modified_time\" content=\"2024-05-29T21:16:18+00:00\" \/>\n<meta property=\"og:image\" content=\"https:\/\/www.alliesofhumanity.org\/wp-content\/uploads\/2021\/01\/og-socialmedia-aoh.jpg\" \/>\n\t<meta property=\"og:image:width\" content=\"1200\" \/>\n\t<meta property=\"og:image:height\" content=\"630\" \/>\n\t<meta property=\"og:image:type\" content=\"image\/jpeg\" \/>\n<meta name=\"twitter:card\" content=\"summary_large_image\" \/>\n<meta name=\"twitter:title\" content=\"En Meddelelse fra Marshall Vian Summers: Menneskehedens Allieredes Briefinger\" \/>\n<meta name=\"twitter:site\" content=\"@earthallies\" \/>\n<meta name=\"twitter:label1\" content=\"Estimeret l\u00e6setid\" \/>\n\t<meta name=\"twitter:data1\" content=\"9 minutter\" \/>\n<script type=\"application\/ld+json\" class=\"yoast-schema-graph\">{\"@context\":\"https:\/\/schema.org\",\"@graph\":[{\"@type\":\"WebPage\",\"@id\":\"https:\/\/www.alliesofhumanity.org\/da\/the-briefings\/book-four\/ah4-a-message-from-marshall-vian-summers\/\",\"url\":\"https:\/\/www.alliesofhumanity.org\/da\/the-briefings\/book-four\/ah4-a-message-from-marshall-vian-summers\/\",\"name\":\"En Meddelelse fra Marshall Vian Summers: Menneskehedens Allieredes Briefinger\",\"isPartOf\":{\"@id\":\"https:\/\/www.alliesofhumanity.org\/da\/#website\"},\"datePublished\":\"2021-10-23T16:22:44+00:00\",\"dateModified\":\"2024-05-29T21:16:18+00:00\",\"description\":\"Marshall Vian Summers pr\u00e6senterer Menneskehedens Allieredes Briefinger, et autentisk budskab fra en udenjordisk kilde.\",\"breadcrumb\":{\"@id\":\"https:\/\/www.alliesofhumanity.org\/da\/the-briefings\/book-four\/ah4-a-message-from-marshall-vian-summers\/#breadcrumb\"},\"inLanguage\":\"da-DK\",\"potentialAction\":[{\"@type\":\"ReadAction\",\"target\":[\"https:\/\/www.alliesofhumanity.org\/da\/the-briefings\/book-four\/ah4-a-message-from-marshall-vian-summers\/\"]}]},{\"@type\":\"BreadcrumbList\",\"@id\":\"https:\/\/www.alliesofhumanity.org\/da\/the-briefings\/book-four\/ah4-a-message-from-marshall-vian-summers\/#breadcrumb\",\"itemListElement\":[{\"@type\":\"ListItem\",\"position\":1,\"name\":\"Briefingerne\",\"item\":\"https:\/\/www.alliesofhumanity.org\/da\/the-briefings\/\"},{\"@type\":\"ListItem\",\"position\":2,\"name\":\"Bog Fire\",\"item\":\"https:\/\/www.alliesofhumanity.org\/da\/the-briefings\/book-four\/\"},{\"@type\":\"ListItem\",\"position\":3,\"name\":\"En Meddelelse fra Marshall Vian Summers\"}]},{\"@type\":\"WebSite\",\"@id\":\"https:\/\/www.alliesofhumanity.org\/da\/#website\",\"url\":\"https:\/\/www.alliesofhumanity.org\/da\/\",\"name\":\"The Allies of Humanity\",\"description\":\"\",\"potentialAction\":[{\"@type\":\"SearchAction\",\"target\":{\"@type\":\"EntryPoint\",\"urlTemplate\":\"https:\/\/www.alliesofhumanity.org\/da\/?s={search_term_string}\"},\"query-input\":{\"@type\":\"PropertyValueSpecification\",\"valueRequired\":true,\"valueName\":\"search_term_string\"}}],\"inLanguage\":\"da-DK\"}]}<\/script>\n<!-- \/ Yoast SEO plugin. -->","yoast_head_json":{"title":"En Meddelelse fra Marshall Vian Summers: Menneskehedens Allieredes Briefinger","description":"Marshall Vian Summers pr\u00e6senterer Menneskehedens Allieredes Briefinger, et autentisk budskab fra en udenjordisk kilde.","robots":{"index":"index","follow":"follow","max-snippet":"max-snippet:-1","max-image-preview":"max-image-preview:large","max-video-preview":"max-video-preview:-1"},"canonical":"https:\/\/www.alliesofhumanity.org\/da\/the-briefings\/book-four\/ah4-a-message-from-marshall-vian-summers\/","og_locale":"da_DK","og_type":"article","og_title":"En Meddelelse fra Marshall Vian Summers: Menneskehedens Allieredes Briefinger","og_description":"Marshall Vian Summers pr\u00e6senterer Menneskehedens Allieredes Briefinger, et autentisk budskab fra en udenjordisk kilde.","og_url":"https:\/\/www.alliesofhumanity.org\/da\/the-briefings\/book-four\/ah4-a-message-from-marshall-vian-summers\/","og_site_name":"The Allies of Humanity","article_publisher":"https:\/\/www.facebook.com\/alliesofhumanity\/","article_modified_time":"2024-05-29T21:16:18+00:00","og_image":[{"width":1200,"height":630,"url":"https:\/\/www.alliesofhumanity.org\/wp-content\/uploads\/2021\/01\/og-socialmedia-aoh.jpg","type":"image\/jpeg"}],"twitter_card":"summary_large_image","twitter_title":"En Meddelelse fra Marshall Vian Summers: Menneskehedens Allieredes Briefinger","twitter_site":"@earthallies","twitter_misc":{"Estimeret l\u00e6setid":"9 minutter"},"schema":{"@context":"https:\/\/schema.org","@graph":[{"@type":"WebPage","@id":"https:\/\/www.alliesofhumanity.org\/da\/the-briefings\/book-four\/ah4-a-message-from-marshall-vian-summers\/","url":"https:\/\/www.alliesofhumanity.org\/da\/the-briefings\/book-four\/ah4-a-message-from-marshall-vian-summers\/","name":"En Meddelelse fra Marshall Vian Summers: Menneskehedens Allieredes Briefinger","isPartOf":{"@id":"https:\/\/www.alliesofhumanity.org\/da\/#website"},"datePublished":"2021-10-23T16:22:44+00:00","dateModified":"2024-05-29T21:16:18+00:00","description":"Marshall Vian Summers pr\u00e6senterer Menneskehedens Allieredes Briefinger, et autentisk budskab fra en udenjordisk kilde.","breadcrumb":{"@id":"https:\/\/www.alliesofhumanity.org\/da\/the-briefings\/book-four\/ah4-a-message-from-marshall-vian-summers\/#breadcrumb"},"inLanguage":"da-DK","potentialAction":[{"@type":"ReadAction","target":["https:\/\/www.alliesofhumanity.org\/da\/the-briefings\/book-four\/ah4-a-message-from-marshall-vian-summers\/"]}]},{"@type":"BreadcrumbList","@id":"https:\/\/www.alliesofhumanity.org\/da\/the-briefings\/book-four\/ah4-a-message-from-marshall-vian-summers\/#breadcrumb","itemListElement":[{"@type":"ListItem","position":1,"name":"Briefingerne","item":"https:\/\/www.alliesofhumanity.org\/da\/the-briefings\/"},{"@type":"ListItem","position":2,"name":"Bog Fire","item":"https:\/\/www.alliesofhumanity.org\/da\/the-briefings\/book-four\/"},{"@type":"ListItem","position":3,"name":"En Meddelelse fra Marshall Vian Summers"}]},{"@type":"WebSite","@id":"https:\/\/www.alliesofhumanity.org\/da\/#website","url":"https:\/\/www.alliesofhumanity.org\/da\/","name":"The Allies of Humanity","description":"","potentialAction":[{"@type":"SearchAction","target":{"@type":"EntryPoint","urlTemplate":"https:\/\/www.alliesofhumanity.org\/da\/?s={search_term_string}"},"query-input":{"@type":"PropertyValueSpecification","valueRequired":true,"valueName":"search_term_string"}}],"inLanguage":"da-DK"}]}},"_links":{"self":[{"href":"https:\/\/www.alliesofhumanity.org\/da\/wp-json\/wp\/v2\/pages\/19426","targetHints":{"allow":["GET"]}}],"collection":[{"href":"https:\/\/www.alliesofhumanity.org\/da\/wp-json\/wp\/v2\/pages"}],"about":[{"href":"https:\/\/www.alliesofhumanity.org\/da\/wp-json\/wp\/v2\/types\/page"}],"author":[{"embeddable":true,"href":"https:\/\/www.alliesofhumanity.org\/da\/wp-json\/wp\/v2\/users\/23"}],"replies":[{"embeddable":true,"href":"https:\/\/www.alliesofhumanity.org\/da\/wp-json\/wp\/v2\/comments?post=19426"}],"version-history":[{"count":15,"href":"https:\/\/www.alliesofhumanity.org\/da\/wp-json\/wp\/v2\/pages\/19426\/revisions"}],"predecessor-version":[{"id":22984,"href":"https:\/\/www.alliesofhumanity.org\/da\/wp-json\/wp\/v2\/pages\/19426\/revisions\/22984"}],"up":[{"embeddable":true,"href":"https:\/\/www.alliesofhumanity.org\/da\/wp-json\/wp\/v2\/pages\/19407"}],"wp:attachment":[{"href":"https:\/\/www.alliesofhumanity.org\/da\/wp-json\/wp\/v2\/media?parent=19426"}],"curies":[{"name":"wp","href":"https:\/\/api.w.org\/{rel}","templated":true}]}}