{"id":19424,"date":"2021-10-23T17:19:53","date_gmt":"2021-10-23T16:19:53","guid":{"rendered":"https:\/\/www.alliesofhumanity.org\/the-briefings\/12-point-summary-of-the-allies-of-humanity-briefings\/"},"modified":"2024-03-15T03:03:34","modified_gmt":"2024-03-15T02:03:34","slug":"12-point-summary-of-the-allies-of-humanity-briefings","status":"publish","type":"page","link":"https:\/\/www.alliesofhumanity.org\/da\/the-briefings\/12-point-summary-of-the-allies-of-humanity-briefings\/","title":{"rendered":"12-Punkts Opsummering"},"content":{"rendered":"\t\t<div data-elementor-type=\"wp-page\" data-elementor-id=\"19424\" class=\"elementor elementor-19424 elementor-2001\" data-elementor-post-type=\"page\">\t\t\t\t\t\t<section class=\"elementor-section elementor-top-section elementor-element elementor-element-28ebce47 elementor-section-boxed elementor-section-height-default elementor-section-height-default\" data-id=\"28ebce47\" data-element_type=\"section\">\t\t\t\t\t\t<div class=\"elementor-container elementor-column-gap-default\">\t\t\t\t\t<div class=\"elementor-column elementor-col-100 elementor-top-column elementor-element elementor-element-56ef9ab3\" data-id=\"56ef9ab3\" data-element_type=\"column\">\t\t\t<div class=\"elementor-widget-wrap elementor-element-populated\">\t\t\t\t\t\t<div class=\"elementor-element elementor-element-5c8d1469 elementor-widget elementor-widget-text-editor\" data-id=\"5c8d1469\" data-element_type=\"widget\" data-widget_type=\"text-editor.default\">\t\t\t\t<div class=\"elementor-widget-container\">\t\t\t\t\t\t\t\t\t<p>For at assistere dig i at dele De Allieredes Budskab og Briefinger med andre, inkluderer vi denne 12-Punkts Opsummering af de fire s\u00e6t Briefinger. Denne Opsummering er kun et generelt overblik og inkluderer ikke mange af de vigtige detaljer, der g\u00f8r en fuldst\u00e6ndig forst\u00e5else af de Allieredes Briefinger mulig.<\/p>\r\r<ol>\r<li>Vores sk\u00e6bne, som menneskehed, er at dukke op i og engagere os med et St\u00f8rre F\u00e6llesskab af intelligent liv i universet.<\/li>\r<p>\r<\/p><li>Kontakt med andre former for intelligent liv er den st\u00f8rste t\u00e6rskel, som vi, som menneskehed, nogensinde har st\u00e5et overfor. Resultatet af denne Kontakt, vil afg\u00f8re vores fremtid i generationer fremover. Denne Kontakt finder sted nu.<\/li>\r<p>\r<\/p><li>Vi er, som menneskehed, uforberedte p\u00e5 Kontakt. Forskere er stadigt ikke i stand til klart at se, hvem der bes\u00f8ger vores verden og hvorfor. Regeringer afsl\u00f8rer ikke, hvad de ved, og de fleste mennesker forn\u00e6gter stadigt, at dette f\u00e6nomen overhovedet finder sted.<\/li>\r<p>\r<\/p><li>P\u00e5 grund af denne mangel p\u00e5 forberedelse, blev repr\u00e6sentanter for vores sande Allierede sendt til et sted n\u00e6r Jorden, for at observere den extraterrestriale tilstedev\u00e6relse og dens aktiviteter i vores verden. Menneskehedens Allieredes Briefinger er disses rapport.<\/li>\r<p>\r<\/p><li>Briefingerne afsl\u00f8rer, at vores verden gennemg\u00e5r en extraterrestrial Intervention, af kr\u00e6fter, der \u2013 demonstreret ved deres handlinger \u2013 er her for at undergrave vores autoritet og integrere sig i vore samfund til deres fordel. Disse kr\u00e6fter er ikke-milit\u00e6re organisationer, der er her for at s\u00f8ge menneskelige og biologiske ressourcer. De Allierede refererer til disse kr\u00e6fter, som \u201dKollektiver.\u201d Kollektiverne v\u00e6rds\u00e6tter ikke menneskelig frihed.<\/li>\r<p>\r<\/p><li>Da Interventionen udf\u00f8res af sm\u00e5 grupper af intervenerende kr\u00e6fter, m\u00e5 den f\u00f8rst og fremmest bero sig p\u00e5 bedrag og overtalelse, for at n\u00e5 sine m\u00e5l. De Allieredes Briefinger beskriver i detaljer, hvordan dette opn\u00e5s og hvad vi m\u00e5 g\u00f8re for at stoppe det.<\/li>\r<p>\r<\/p><li>Den extraterrestriale Intervention fokuserer p\u00e5 fire omr\u00e5der:\r<ul>\r<li style=\"margin-left: 0px; font-size: 18px;\">Interventionen p\u00e5virker bestemte enkeltpersoner i magt- og autoritetsstillinger i regeringer, kommers og religion, til at samarbejde med sig, med l\u00f8ftet om st\u00f8rre rigdom, magt og teknologi.<\/li>\r<li style=\"margin-left: 0px; font-size: 18px;\">Interventionen bygger skjulte anl\u00e6g i verden, hvorfra den kan \u00f8ve sin indflydelse i det mentale milj\u00f8, hvor den, hvor som helst, s\u00f8ger at g\u00f8re folk \u00e5bne og f\u00f8jelige for dens vilje, gennem et \u201dPacificerings-Program\u201d.<\/li>\r<li style=\"margin-left: 0px; font-size: 18px;\">Den manipulerer vores religi\u00f8se v\u00e6rdier og \u00e5ndelige impulser, for at opn\u00e5 menneskelig troskab til sin sag.<\/li>\r<li style=\"margin-left: 0px; font-size: 18px;\">Den kidnapper folk imod deres vilje, og ofte uden de p\u00e5g\u00e6ldendes bevidsthed, for at bakke et krydsningsprogram op, designet til at skabe en hybrid race og et nyt lederskab, som vil v\u00e6re bundet til de \u201dbes\u00f8gende.\u201d<\/li><\/ul>\r<p>\r<\/p><li>De extraterrestriale bes\u00f8gende, der potentielt har v\u00e6ret til gavn for os, som menneskehed, har alle trukket sig tilbage fra vores verden, i lyset af Interventionen. De v\u00e6sner, der er blevet tilbage, er fremmede racer, der ikke er her til vores fordel. Dette efterlader os i en utvetydig situation, med hensyn til den extraterrestriale tilstedev\u00e6relses hensigter og aktiviteter. Det g\u00f8r os i stand til tydeligt at se, hvad vi har med at g\u00f8re. Ellers ville det v\u00e6re umuligt for os at skelne ven fra fjende.<\/li>\r<p>\r<\/p><li>De Allieredes Briefinger understreger den alvorlige fare, der ligger i, at vi accepterer og bliver afh\u00e6ngige af den ET-teknologi, der tilbydes af Interventionen. Dette vil kun f\u00f8re os til at blive afh\u00e6ngige af de \u201dbes\u00f8gende,\u201d hvilket vil resultere i, at vi mister vores frihed og selvforsyningsevne. Ingen sand allieret ville byde os dette. De Allierede understreger, at vi har Jord-baserede l\u00f8sninger til alle problemer, vi st\u00e5r overfor. Det vi, som race, mangler, er samh\u00f8righed, vilje og samarbejde.<\/li>\r<p>\r<\/p><li>Til trods for den store udfordring, vi st\u00e5r overfor, har vi, som menneskehed, alligevel en stor fordel, hvis vi kan reagere i tide. De Allieredes Briefinger afsl\u00f8rer b\u00e5de Interventionens styrker og dens svagheder. En af dens svagheder er dens afh\u00e6ngighed af, at vi er f\u00f8jelige og samarbejdsvillige, for at n\u00e5 dens m\u00e5l. If\u00f8lge St\u00f8rre F\u00e6llesskabs ordensregler i den region af rummet, hvor vores verden ligger, er Intervention ikke tilladt, medmindre det kan demonstreres, at de indf\u00f8dte folk byder den velkommen og billiger den. Her kan vores stemme, som menneskehed, i Det St\u00f8rre F\u00e6llesskab have magt. P\u00e5 dette tidspunkt, har Interventionen kun f\u00e5 kritikere. Men hvis tilstr\u00e6kkeligt mange af os kan blive opm\u00e6rksomme p\u00e5 den og tale imod den, vil den f\u00e5 forhindringer og m\u00e5 tr\u00e6kke sig. Det er det f\u00f8rste trin i vores forberedelse p\u00e5 at h\u00e5ndtere livets virkelighed i universet. Dette trin, og alle efterf\u00f8lgende trin, giver os vores ene store chance for at overvinde vore langvarige konflikter og forene os i vort eget forsvar, for bevarelsen af verden. De Allierede understreger, at vi, som menneskehed, har den spirituelle og kollektive magt til at g\u00f8re dette, og at vi m\u00e5 g\u00f8re dette, hvis vi gerne vil overleve og g\u00f8re fremskridt, som en fri og uafh\u00e6ngig race i universet.<\/li>\r<p>\r<\/p><li>Forberedelse p\u00e5 vores kontakt med Det St\u00f8rre F\u00e6llesskab begynder med opm\u00e6rksomhed, uddannelse og Kundskab, vores spirituelle Sind.<\/li>\r<p>\r<\/p><li>I lyset af Det St\u00f8rre F\u00e6llesskab, m\u00e5 vi opbygge samh\u00f8righed, evnen til at forsyne os selv samt diskretion. Dette er de tre krav alle frie nationer m\u00e5 etablere for at v\u00e6re frie i universet.<\/li><\/ol>\r<p>\r<\/p><p style=\"text-align: center; padding-left: 120px;\">___________________________<\/p><p style=\"text-align: center; padding-left: 120px;\"><em>\u201cHvis menneskeheden var bekendt med St\u00f8rre F\u00e6llesskabsanliggender,<br> ville I, medmindre en gensidig aftale p\u00e5 forh\u00e5nd var etableret,<br> modst\u00e5 enhver visitation til jeres verden.<br> I ville vide nok til ikke at lade jeres verden v\u00e6re s\u00e5 udsat.\u201d<\/em><\/p><p style=\"text-align: center; padding-left: 120px;\"><em><a href=\"https:\/\/www.alliesofhumanity.org\/da\/the-briefings\/book-one\/\">MENNESKEHEDENS ALLIEREDE BOG ET<\/a>:<\/em> <a href=\"\/da\/the-briefings\/book-one\/the-visitors\">TREDJE BRIEFING<\/a><\/p><p style=\"text-align: center; padding-left: 120px;\"><strong><a href=\"https:\/\/www.alliesofhumanity.org\/da\">www.AlliesofHumanity.org\/da<\/a><\/strong><\/p>\t\t\t\t\t\t\t\t<\/div>\t\t\t\t<\/div>\t\t\t\t\t<\/div>\t\t<\/div>\t\t\t\t\t<\/div>\t\t<\/section>\t\t\t\t<\/div><p>\t\t<\/p>","protected":false},"excerpt":{"rendered":"<p>For at assistere dig i at dele De Allieredes Budskab og Briefinger med andre, inkluderer vi denne 12-Punkts Opsummering af de fire s\u00e6t Briefinger. Denne Opsummering er kun et generelt overblik og inkluderer ikke mange af de vigtige detaljer, der g\u00f8r en fuldst\u00e6ndig forst\u00e5else af de Allieredes Briefinger mulig. Vores sk\u00e6bne, som menneskehed, er at [&hellip;]<\/p>\n","protected":false},"author":23,"featured_media":0,"parent":19421,"menu_order":5,"comment_status":"closed","ping_status":"closed","template":"page.php","meta":{"_acf_changed":false,"footnotes":""},"class_list":["post-19424","page","type-page","status-publish","hentry"],"acf":[],"yoast_head":"<!-- This site is optimized with the Yoast SEO plugin v26.5 - https:\/\/yoast.com\/wordpress\/plugins\/seo\/ -->\n<title>12-Punkts Opsummering af Menneskehedens Allieredes Briefinger<\/title>\n<meta name=\"description\" content=\"En Opsummering af de Allierede Briefinger. Afsl\u00f8ring af den udenjordiske fremmede tilstedev\u00e6relse i verden i dag og kravene om etisk kontakt.\" \/>\n<meta name=\"robots\" content=\"index, follow, max-snippet:-1, max-image-preview:large, max-video-preview:-1\" \/>\n<link rel=\"canonical\" href=\"https:\/\/www.alliesofhumanity.org\/da\/the-briefings\/12-point-summary-of-the-allies-of-humanity-briefings\/\" \/>\n<meta property=\"og:locale\" content=\"da_DK\" \/>\n<meta property=\"og:type\" content=\"article\" \/>\n<meta property=\"og:title\" content=\"12-Punkts Opsummering af Menneskehedens Allieredes Briefinger\" \/>\n<meta property=\"og:description\" content=\"En Opsummering af de Allierede Briefinger. Afsl\u00f8ring af den udenjordiske fremmede tilstedev\u00e6relse i verden i dag og kravene om etisk kontakt.\" \/>\n<meta property=\"og:url\" content=\"https:\/\/www.alliesofhumanity.org\/da\/the-briefings\/12-point-summary-of-the-allies-of-humanity-briefings\/\" \/>\n<meta property=\"og:site_name\" content=\"The Allies of Humanity\" \/>\n<meta property=\"article:publisher\" content=\"https:\/\/www.facebook.com\/alliesofhumanity\/\" \/>\n<meta property=\"article:modified_time\" content=\"2024-03-15T02:03:34+00:00\" \/>\n<meta property=\"og:image\" content=\"https:\/\/www.alliesofhumanity.org\/wp-content\/uploads\/2021\/01\/og-socialmedia-aoh.jpg\" \/>\n\t<meta property=\"og:image:width\" content=\"1200\" \/>\n\t<meta property=\"og:image:height\" content=\"630\" \/>\n\t<meta property=\"og:image:type\" content=\"image\/jpeg\" \/>\n<meta name=\"twitter:card\" content=\"summary_large_image\" \/>\n<meta name=\"twitter:title\" content=\"12-Punkts Opsummering af Menneskehedens Allieredes Briefinger\" \/>\n<meta name=\"twitter:site\" content=\"@earthallies\" \/>\n<meta name=\"twitter:label1\" content=\"Estimeret l\u00e6setid\" \/>\n\t<meta name=\"twitter:data1\" content=\"5 minutter\" \/>\n<script type=\"application\/ld+json\" class=\"yoast-schema-graph\">{\"@context\":\"https:\/\/schema.org\",\"@graph\":[{\"@type\":\"WebPage\",\"@id\":\"https:\/\/www.alliesofhumanity.org\/da\/the-briefings\/12-point-summary-of-the-allies-of-humanity-briefings\/\",\"url\":\"https:\/\/www.alliesofhumanity.org\/da\/the-briefings\/12-point-summary-of-the-allies-of-humanity-briefings\/\",\"name\":\"12-Punkts Opsummering af Menneskehedens Allieredes Briefinger\",\"isPartOf\":{\"@id\":\"https:\/\/www.alliesofhumanity.org\/da\/#website\"},\"datePublished\":\"2021-10-23T16:19:53+00:00\",\"dateModified\":\"2024-03-15T02:03:34+00:00\",\"description\":\"En Opsummering af de Allierede Briefinger. Afsl\u00f8ring af den udenjordiske fremmede tilstedev\u00e6relse i verden i dag og kravene om etisk kontakt.\",\"breadcrumb\":{\"@id\":\"https:\/\/www.alliesofhumanity.org\/da\/the-briefings\/12-point-summary-of-the-allies-of-humanity-briefings\/#breadcrumb\"},\"inLanguage\":\"da-DK\",\"potentialAction\":[{\"@type\":\"ReadAction\",\"target\":[\"https:\/\/www.alliesofhumanity.org\/da\/the-briefings\/12-point-summary-of-the-allies-of-humanity-briefings\/\"]}]},{\"@type\":\"BreadcrumbList\",\"@id\":\"https:\/\/www.alliesofhumanity.org\/da\/the-briefings\/12-point-summary-of-the-allies-of-humanity-briefings\/#breadcrumb\",\"itemListElement\":[{\"@type\":\"ListItem\",\"position\":1,\"name\":\"Briefingerne\",\"item\":\"https:\/\/www.alliesofhumanity.org\/da\/the-briefings\/\"},{\"@type\":\"ListItem\",\"position\":2,\"name\":\"12-Punkts Opsummering\"}]},{\"@type\":\"WebSite\",\"@id\":\"https:\/\/www.alliesofhumanity.org\/da\/#website\",\"url\":\"https:\/\/www.alliesofhumanity.org\/da\/\",\"name\":\"The Allies of Humanity\",\"description\":\"\",\"potentialAction\":[{\"@type\":\"SearchAction\",\"target\":{\"@type\":\"EntryPoint\",\"urlTemplate\":\"https:\/\/www.alliesofhumanity.org\/da\/?s={search_term_string}\"},\"query-input\":{\"@type\":\"PropertyValueSpecification\",\"valueRequired\":true,\"valueName\":\"search_term_string\"}}],\"inLanguage\":\"da-DK\"}]}<\/script>\n<!-- \/ Yoast SEO plugin. -->","yoast_head_json":{"title":"12-Punkts Opsummering af Menneskehedens Allieredes Briefinger","description":"En Opsummering af de Allierede Briefinger. Afsl\u00f8ring af den udenjordiske fremmede tilstedev\u00e6relse i verden i dag og kravene om etisk kontakt.","robots":{"index":"index","follow":"follow","max-snippet":"max-snippet:-1","max-image-preview":"max-image-preview:large","max-video-preview":"max-video-preview:-1"},"canonical":"https:\/\/www.alliesofhumanity.org\/da\/the-briefings\/12-point-summary-of-the-allies-of-humanity-briefings\/","og_locale":"da_DK","og_type":"article","og_title":"12-Punkts Opsummering af Menneskehedens Allieredes Briefinger","og_description":"En Opsummering af de Allierede Briefinger. Afsl\u00f8ring af den udenjordiske fremmede tilstedev\u00e6relse i verden i dag og kravene om etisk kontakt.","og_url":"https:\/\/www.alliesofhumanity.org\/da\/the-briefings\/12-point-summary-of-the-allies-of-humanity-briefings\/","og_site_name":"The Allies of Humanity","article_publisher":"https:\/\/www.facebook.com\/alliesofhumanity\/","article_modified_time":"2024-03-15T02:03:34+00:00","og_image":[{"width":1200,"height":630,"url":"https:\/\/www.alliesofhumanity.org\/wp-content\/uploads\/2021\/01\/og-socialmedia-aoh.jpg","type":"image\/jpeg"}],"twitter_card":"summary_large_image","twitter_title":"12-Punkts Opsummering af Menneskehedens Allieredes Briefinger","twitter_site":"@earthallies","twitter_misc":{"Estimeret l\u00e6setid":"5 minutter"},"schema":{"@context":"https:\/\/schema.org","@graph":[{"@type":"WebPage","@id":"https:\/\/www.alliesofhumanity.org\/da\/the-briefings\/12-point-summary-of-the-allies-of-humanity-briefings\/","url":"https:\/\/www.alliesofhumanity.org\/da\/the-briefings\/12-point-summary-of-the-allies-of-humanity-briefings\/","name":"12-Punkts Opsummering af Menneskehedens Allieredes Briefinger","isPartOf":{"@id":"https:\/\/www.alliesofhumanity.org\/da\/#website"},"datePublished":"2021-10-23T16:19:53+00:00","dateModified":"2024-03-15T02:03:34+00:00","description":"En Opsummering af de Allierede Briefinger. Afsl\u00f8ring af den udenjordiske fremmede tilstedev\u00e6relse i verden i dag og kravene om etisk kontakt.","breadcrumb":{"@id":"https:\/\/www.alliesofhumanity.org\/da\/the-briefings\/12-point-summary-of-the-allies-of-humanity-briefings\/#breadcrumb"},"inLanguage":"da-DK","potentialAction":[{"@type":"ReadAction","target":["https:\/\/www.alliesofhumanity.org\/da\/the-briefings\/12-point-summary-of-the-allies-of-humanity-briefings\/"]}]},{"@type":"BreadcrumbList","@id":"https:\/\/www.alliesofhumanity.org\/da\/the-briefings\/12-point-summary-of-the-allies-of-humanity-briefings\/#breadcrumb","itemListElement":[{"@type":"ListItem","position":1,"name":"Briefingerne","item":"https:\/\/www.alliesofhumanity.org\/da\/the-briefings\/"},{"@type":"ListItem","position":2,"name":"12-Punkts Opsummering"}]},{"@type":"WebSite","@id":"https:\/\/www.alliesofhumanity.org\/da\/#website","url":"https:\/\/www.alliesofhumanity.org\/da\/","name":"The Allies of Humanity","description":"","potentialAction":[{"@type":"SearchAction","target":{"@type":"EntryPoint","urlTemplate":"https:\/\/www.alliesofhumanity.org\/da\/?s={search_term_string}"},"query-input":{"@type":"PropertyValueSpecification","valueRequired":true,"valueName":"search_term_string"}}],"inLanguage":"da-DK"}]}},"_links":{"self":[{"href":"https:\/\/www.alliesofhumanity.org\/da\/wp-json\/wp\/v2\/pages\/19424","targetHints":{"allow":["GET"]}}],"collection":[{"href":"https:\/\/www.alliesofhumanity.org\/da\/wp-json\/wp\/v2\/pages"}],"about":[{"href":"https:\/\/www.alliesofhumanity.org\/da\/wp-json\/wp\/v2\/types\/page"}],"author":[{"embeddable":true,"href":"https:\/\/www.alliesofhumanity.org\/da\/wp-json\/wp\/v2\/users\/23"}],"replies":[{"embeddable":true,"href":"https:\/\/www.alliesofhumanity.org\/da\/wp-json\/wp\/v2\/comments?post=19424"}],"version-history":[{"count":8,"href":"https:\/\/www.alliesofhumanity.org\/da\/wp-json\/wp\/v2\/pages\/19424\/revisions"}],"predecessor-version":[{"id":22221,"href":"https:\/\/www.alliesofhumanity.org\/da\/wp-json\/wp\/v2\/pages\/19424\/revisions\/22221"}],"up":[{"embeddable":true,"href":"https:\/\/www.alliesofhumanity.org\/da\/wp-json\/wp\/v2\/pages\/19421"}],"wp:attachment":[{"href":"https:\/\/www.alliesofhumanity.org\/da\/wp-json\/wp\/v2\/media?parent=19424"}],"curies":[{"name":"wp","href":"https:\/\/api.w.org\/{rel}","templated":true}]}}