{"id":19414,"date":"2021-10-03T17:39:13","date_gmt":"2021-10-03T16:39:13","guid":{"rendered":"https:\/\/www.alliesofhumanity.org\/book-four\/secure-freedom\/"},"modified":"2024-06-02T00:58:33","modified_gmt":"2024-06-01T23:58:33","slug":"secure-freedom","status":"publish","type":"page","link":"https:\/\/www.alliesofhumanity.org\/da\/the-briefings\/book-four\/secure-freedom\/","title":{"rendered":"Femte Briefing: Den Store Koordinering"},"content":{"rendered":"\t\t<div data-elementor-type=\"wp-page\" data-elementor-id=\"19414\" class=\"elementor elementor-19414 elementor-2540\" data-elementor-post-type=\"page\">\t\t\t\t\t\t<section class=\"elementor-section elementor-top-section elementor-element elementor-element-35782905 elementor-section-boxed elementor-section-height-default elementor-section-height-default\" data-id=\"35782905\" data-element_type=\"section\">\t\t\t\t\t\t<div class=\"elementor-container elementor-column-gap-default\">\t\t\t\t\t<div class=\"elementor-column elementor-col-100 elementor-top-column elementor-element elementor-element-6817cd3b\" data-id=\"6817cd3b\" data-element_type=\"column\">\t\t\t<div class=\"elementor-widget-wrap elementor-element-populated\">\t\t\t\t\t\t<div class=\"elementor-element elementor-element-54a371f elementor-widget elementor-widget-text-editor\" data-id=\"54a371f\" data-element_type=\"widget\" data-widget_type=\"text-editor.default\">\t\t\t\t<div class=\"elementor-widget-container\">\t\t\t\t\t\t\t\t\t<p>Vi er klar over, at en stor \u00c5benbaring bliver sendt til verden. Selvom vi ikke selv har f\u00e5et denne \u00c5benbaring, er vi forbundet med den. Det er fordi Gud har bedt os om at g\u00f8re dette, gennem de Vises Netv\u00e6rk, at tage os af denne, jeres lovende verden, og give den visdom, opmuntring, styrke og form\u00e5l, som den m\u00e5 have nu, s\u00e5 den kan overvinde sine tendenser og forberede sig p\u00e5 sin udfordrende fremtid. Ligesom vi blev hjulpet til at f\u00e5 vores frihed i vores egne verdener, p\u00e5 forskellige tidspunkter og i forskellige situationer, p\u00e5hviler det os at hj\u00e6lpe jer p\u00e5 lignende m\u00e5de, for det er en af m\u00e5derne, hvorp\u00e5 visdom og styrke deles i universet. Den har en lang herkomst. Vi kender ikke dens \u00e6ldgamle historie, og dog er vi en del af dens udtryk. <\/p>\r<p>Det, at vi kommer til jer med disse Briefinger, er forbundet med denne \u00c5benbaring til verden. S\u00e5 heldige I er at have en \u00c5benbaring til verden fra Gud. Der er s\u00e5 f\u00e5 verdener i universet, hvor dette overhovedet kunne finde sted p\u00e5 nogen offentlig m\u00e5de. I en fri nation er det muligt og forekommer, og sker dog alligevel meget sj\u00e6ldent. <\/p>\r<p>Vi ved ikke alt det, denne \u00c5benbaring vil tale om, men vi ved, at den er en del af jeres forberedelse p\u00e5 de ting, vi taler om. Vi ved, at den er en styrkens og bemyndigelsens gave til menneskeheden. <\/p>\r<p>Alligevel er vi kaldet til at bevidne livets realiteter i universet og meningen med de ting, som vi taler om her, ting af allerst\u00f8rste vigtighed for jer og for jeres fremtid. Det er alt sammen en del af en St\u00f8rre Koordinering, at bringe menneskeheden dette store l\u00f8fte og denne store assistance.<\/p>\r<p>Nu er vi langt fra jeres verden, s\u00e5 vi kan ikke bevidne, hvad der foreg\u00e5r. Dog er vi stadig en del af denne St\u00f8rre Koordinering. Det er det, vi i vores lille gruppe har forpligtet os til, de af os, der endnu er tilbage. <\/p>\r<p>Vi forst\u00e5r, at der er en Budbringer af denne store \u00c5benbaring, og at det er denne Budbringer, vi blev henvist til at sende Briefingerne fra Menneskehedens Allierede til. Vores kontakt med ham blev gjort mulig af de H\u00f8jere Magter, kontakt skabt p\u00e5 en s\u00e5dan m\u00e5de, at den ikke kunne forstyrres eller spores med nogen teknologi.\r<\/p><p>Det er del af den m\u00e5de, hvorp\u00e5 det Guddommelige arbejder i universet, for at fremme visdom, frihed og Kundskab, hvor end det er muligt og i den grad det er muligt. Vi kan kun bede, p\u00e5 den m\u00e5de som vi beder, for, at denne store \u00c5benbaring m\u00e5 m\u00f8de og n\u00e5 tilstr\u00e6kkeligt mange mennesker i jeres verden, s\u00e5 I kan f\u00e5 dens fulde gavn og virkning.\r<\/p><p>Dette fuldbyrder vores opgave, som er at tale om de ting, vi taler om, og at bringe jer Visdom og Kundskab fra universet, som vi har m\u00e5ttet l\u00e6re, gennem store pr\u00f8velser og stor n\u00f8dvendighed.\r<\/p><p>Vi forst\u00e5r, at dette vil v\u00e6re meget forvirrende for mange mennesker, alle disse ting, vi taler om her nu. Og vi har ikke talt om \u00c5benbaringen fra Gud f\u00f8r, fordi vi f\u00f8lte, at det ville v\u00e6re for meget for folk at pr\u00f8ve at forst\u00e5, sammen med alt det, vi har til opgave at udtrykke, den visdom, vi har til opgave at give jer.\r<\/p><p>Men nu, hvor vi er langt v\u00e6k, kan vi tale om andre ting. Det er n\u00f8dvendigt, at vi er vidner til dette, til denne \u00c5benbaring fra det Guddommelige, som I er s\u00e5 heldige at have i jeres midte. Hvis I bare kunne se, hvor heldige I var med den frihed, I har i dag, og som i sig selv er resultatet af s\u00e5 megen menneskelig given og opofrelse. Hvis I kunne forst\u00e5, hvor sj\u00e6lden en begivenhed dette er, ville jeres taknemmelighed flyde over, og I ville forst\u00e5 dens store vigtighed.\r<\/p><p>Vi m\u00e5 igen tale om realiteten af frihed fra hvor vi st\u00e5r og fra hvad vi ved, for vi bliver bedt om at bevidne disse ting udfra vores erfaring, ikke blot udfra vores ideologi eller den m\u00e5de, vi t\u00e6nker p\u00e5 disse ting p\u00e5. Vi ved, at frihed ikke er en rettighed i universet. Den er noget, der er sj\u00e6ldent og dyrebart. Den m\u00e5 etableres og sikres med st\u00f8rste beslutsomhed.\r<\/p><p>Vi har gjort os fortjent til denne frihed, at tjene p\u00e5 denne m\u00e5de, at kunne tjene en anden race p\u00e5 denne m\u00e5de \u2013 p\u00e5 en m\u00e5de, som folk i jeres verden kan h\u00f8re, og som g\u00f8res tilg\u00e6ngelig som vidnesbyrd. S\u00e5 sj\u00e6ldent dette reelt er.\r<\/p><p>Vi blev hjulpet p\u00e5 samme m\u00e5de, da vi \u00e9n gang kunne sikre vores frihed i vores nationer, for de St\u00f8rre Magter har kunnet tjene os direkte. Udviklingen af frihed og stabiliteten af frihed er en vedvarende udfordring, der kr\u00e6ver stor modenhed, visdom og tilbageholdenhed. Selvom vi m\u00e5ske ikke er oplyste samfund, som I t\u00e6nker p\u00e5 det, er vi tilstr\u00e6kkeligt frie til at have denne mulighed og blive tjent p\u00e5 denne m\u00e5de.\r<\/p><p>Men menneskeheden har endnu ikke denne frihed, ikke p\u00e5 nuv\u00e6rende tidspunkt, for en Ny \u00c5benbaring til jeres verden vil blive kraftigt modarbejdet og anf\u00e6gtet. Som helhed er det jeres races udvikling, der for\u00e5rsager dette.\r<\/p><p>Men nu, hvor I st\u00e5r p\u00e5 t\u00e6rsklen til livet i universet, kunne I ikke f\u00e5 en st\u00f8rre fordel eller en st\u00f8rre styrke. For som vi har sagt gentagne gange, vil ingen race komme og etablere frihed for jer. Ingen race vil komme og h\u00f8jne jeres teknologi for jer. Ingen race vil komme og styre jeres verden for jer. Ikke for jer. Det er den sandhed, der m\u00e5 erkendes, ellers vil I ikke forst\u00e5, hvad I st\u00e5r overfor.\r<\/p><p class=\"image-quote float-right\"><img decoding=\"async\" src=\"https:\/\/www.alliesofhumanity.org\/wp-content\/uploads\/2020\/12\/quote-book4-briefing5-1.png\" alt=\"\" \/><\/p><blockquote id=\"quote-2\" class=\"text-quote float-right bg-red\">Vi ved, at frihed ikke er en rettighed i universet. Den er noget, der er sj\u00e6ldent og dyrebart. Den m\u00e5 etableres og sikres med st\u00f8rste beslutsomhed.<\/blockquote><p>Det er s\u00e5 sj\u00e6ldent, at en race kan tjene en anden p\u00e5 de m\u00e5der, som vi g\u00f8r her, for normalt er m\u00e5derne at st\u00f8tte p\u00e5 meget hemmelige, meget subtile, hinsides regeringers overv\u00e5gning. Det er noget meget v\u00e6rdifuldt, vi taler om.\r<\/p><p>Med hensyn til frie samfund er der noget andet, vi m\u00e5 fort\u00e6lle jer. Frie samfund anerkender den gavnlige teknologis gr\u00e6nser. Skulle I tage teknologien for langt, hinsides jeres basale behov, hinsides dens grundl\u00e6ggende fordele for jeres samfund, tiltr\u00e6kker I andre kr\u00e6fter. Jeres isolation i universet vil begynde at aftage. Nu st\u00e5r I d\u00e9r med kr\u00e6fter, der er meget sv\u00e6re at skjule.\r<\/p><p>For selvom vores racer er frie p\u00e5 de m\u00e5der, som vi har talt om, er der til enhver tid alligevel andre \u00f8jne, der iagttager os. Skulle vi demonstrere ekstraordin\u00e6re evner eller ekstraordin\u00e6r teknologi, indbyder det til mere og mere granskning og overtalelse. Andre vil p\u00e5 enhver m\u00e5de s\u00f8ge at f\u00e5 det fra os, undtagen gennem direkte erobring. Det er grunden til, at de kr\u00e6fter, vi m\u00e5tte have, m\u00e5 udtrykkes meget subtilt, endda holdes ude af offentlighedens s\u00f8gelys, blandt de Vise, der vejleder vores verdener.\r<\/p><p>Det er sandheden om livet i universet, at st\u00f8rre magt, st\u00f8rre styrke og demonstrationen p\u00e5 den, m\u00e5 skjules, hvis man s\u00f8ger muligheden for frihed og selvbestemmelse.\r<\/p><p>Der er seere i andre nationer, som fors\u00f8ger at se ind til vores anliggender, fors\u00f8ger at skelne, hvad vi foretager os, hvad vi har, vores styrker og vores svagheder. Det kan vi kun til en vis grad modvirke. For n\u00e5r f\u00f8rst universets \u00f8jne er rettet mod \u00e9n, vil de forts\u00e6tte med at iagttage. Det vil v\u00e6re tilf\u00e6ldet, enten med teknologi, eller p\u00e5 mere subtile m\u00e5der.\r<\/p><p>S\u00e5 de Vise, der styrer vores verdener, deler ikke alle ting, de ved, med offentligheden, for offentligheden er ikke st\u00e6rk nok til at holde p\u00e5 dette med diskretion. Det er for meget at forlange af en hel race. I, der tror, at frihed er friheden til at vide alt, har ingen id\u00e9 om, hvad I t\u00e6nker p\u00e5, eller hvad dette vil sige i st\u00f8rre kr\u00e6fters n\u00e6rv\u00e6r.\r<\/p><p>Forst\u00e5 derfor, at ud over at opfylde en races reelle autentiske behov, b\u00f8r teknologien ikke g\u00e5 videre. Den giver jer kr\u00e6fter, I ikke kan bruge og m\u00e5 skjule. Den \u00e5bner for skarpsindighed udefra og indbyder til intervention og manipulation og stadig st\u00f8rre granskning. T\u00e6nk derfor ikke, at uendelig udvikling af teknologi er en v\u00e6rdig og \u00e6del str\u00e6ben. Den er kun gavnlig p\u00e5 visse m\u00e5der, til et vist punkt. Herudover skaber den farer og risici.\r<\/p><p>Skulle I have indsigtens kraft eller en teknologisk kraft, som andre nationer ikke har, vil de s\u00f8ge den hos jer. Det er derfor, de Vise m\u00e5 forblive skjulte, en stor og varig sandhed i universet.\r<\/p><p class=\"image-quote float-left\"><img decoding=\"async\" src=\"https:\/\/www.alliesofhumanity.org\/wp-content\/uploads\/2020\/12\/quote-book4-briefing5-2.png\" alt=\"\" \/><\/p><blockquote id=\"quote-4\" class=\"text-quote float-left bg-gray\">St\u00f8rre magt, st\u00f8rre styrke og demonstrationen p\u00e5 den, m\u00e5 skjules, hvis man s\u00f8ger muligheden for frihed og selvbestemmelse.\r\n<\/blockquote><p>Med magt f\u00f8lger dette ansvar, denne diskretion, denne skelneevne, denne forsigtighed, dette at v\u00e6re meget forsigtig med sit sind og sine handlinger og tanker, i lyset af deres indvirkning p\u00e5 andre, og hvad de kan byde ind udefra. Vi i vores gruppe var alle elever i denne store L\u00e6re, som I nu har mulighed for at l\u00e6re, af ren og sk\u00e6r n\u00f8dvendighed.\r<\/p><p>Vores frie nationer m\u00e5 v\u00e6re optaget af stabilitet og sikkerhed, for frie nationer sameksisterer ikke godt med store nationer, der ikke er frie, st\u00f8rre nationer, der er mere teknologisk og milit\u00e6rt magtfulde. Vi m\u00e5 vogte ikke kun vores gr\u00e6nser, men vores tanker. Dette er de Vises byrde alle steder.\r<\/p><p>Vi forst\u00e5r, at den Nye \u00c5benbaring til verden kan l\u00e6re folk disse ting og give dette til den menneskelige familie. Hvis dette er sandt, er det et meget godt tegn.\r<\/p><p>Det er muligt, at der vil v\u00e6re dem iblandt jer, der med dette bliver virkeligt vise. Jeres opgave er at sikre jeres folks og jeres verdens frihed, at holde Kundskab i live i jeres verden, at holde visdom i live i jeres verden, hvor den altid vil synes at v\u00e6re truet og angrebet af andre, der gerne vil bruge alting til personlig magt og nytte. Det er en sandhed i jeres verden, s\u00e5vel som en sandhed i det St\u00f8rre F\u00e6llesskab. Alt det, vi fort\u00e6ller jer her i dag, er en sandhed i jeres verden, for det er en sandhed overalt. Det er en sandhed i Adskillelsens rige.\r<\/p><p>Med denne store og n\u00f8gterne l\u00e6re, bringer vi opmuntring, for den menneskelige familie har et stort potentiale. Bevidstheden om det Guddommelige og Kundskabens kraft i individet, er ikke blevet udslettet i jeres verden. Det er ikke blevet glemt. Det v\u00e6rds\u00e6ttes stadig af mange, og i nogle dele af jeres verden, praktiseres det endnu af mange. Dette er et fremragende tegn i universet, hvor meget f\u00e5 fremadskridende racer har dette potentiale.\r<\/p><p>Vi ved, at Kundskab i dig kan reagere p\u00e5 disse ting og genlyde, da den er et st\u00f8rre sandhedsdom\u00e6ne, da det ogs\u00e5 i dit liv var meningen, at du skulle v\u00e6re en del af den St\u00f8rre Koordinering. Selvom det m\u00e5ske virker som en fjern mulighed for dig nu, er dette grundl\u00e6ggende for, hvem du er, og hvorfor du er i verden p\u00e5 dette tidspunkt, for den alene rummer styrken og visionen og resonansen, der kan g\u00f8re dig i stand til at reagere og opfatte din situation korrekt og gavnligt. Den vil kalde dig ud af et almindeligt og skuffende liv og ind i et langt st\u00f8rre rige af tjeneste og mening, som den har gjort for os.\r<\/p><p>Vi kan ikke vende tilbage til vores hjemmeverdener, f\u00f8r vores mission er fuldf\u00f8rt. Det har taget mange \u00e5r for den at finde sted, endda s\u00e5 vidt. Der har v\u00e6ret mange udfordringer og tilbageslag. Vi har mistet medlemmer af vores gruppe. Vi har m\u00e5ttet flygte til fjerne og sikre havne. For den Intervention, der deltager i jeres verden, blev bevidste om os, efter at vores f\u00f8rste r\u00e6kke Briefinger blev leveret, hvor deres s\u00f8gen efter os begyndte. Vi tror ikke, at de forventede vores tilstedev\u00e6relse og ville helt sikkert f\u00f8le sig udfordret og truet af vores budskab.\r<\/p><p>Dog er vores mission endnu ikke fuldf\u00f8rt, for selvom vi ikke l\u00e6ngere befinder os i jeres n\u00e6rhed, er der stadig Visdom fra universet, vi kan give jer. I har brug for denne visdom nu, og I vil f\u00e5 brug for den i stadigt stigende grad, idet I g\u00e5r fremad.\r<\/p><p class=\"image-quote float-right\"><img decoding=\"async\" src=\"https:\/\/www.alliesofhumanity.org\/wp-content\/uploads\/2020\/12\/quote-book4-briefing5-3.png\" alt=\"\" \/><\/p><blockquote id=\"quote-6\" class=\"text-quote float-right bg-red\">Jeres opgave er at sikre jeres folks og jeres verdens frihed, at holde Kundskab i live i jeres verden, at holde visdom i live i jeres verden, hvor den altid vil synes at v\u00e6re truet og angrebet af andre, der gerne vil bruge alting til personlig magt og nytte.<\/blockquote>\t\t\t\t\t\t\t\t<\/div>\t\t\t\t<\/div>\t\t\t\t\t<\/div>\t\t<\/div>\t\t\t\t\t<\/div>\t\t<\/section>\t\t\t\t<\/div><p>\t\t<\/p>","protected":false},"excerpt":{"rendered":"<p>Vi er klar over, at en stor \u00c5benbaring bliver sendt til verden. Selvom vi ikke selv har f\u00e5et denne \u00c5benbaring, er vi forbundet med den. Det er fordi Gud har bedt os om at g\u00f8re dette, gennem de Vises Netv\u00e6rk, at tage os af denne, jeres lovende verden, og give den visdom, opmuntring, styrke og [&hellip;]<\/p>\n","protected":false},"author":23,"featured_media":0,"parent":19407,"menu_order":5,"comment_status":"closed","ping_status":"closed","template":"page.php","meta":{"_acf_changed":false,"footnotes":""},"class_list":["post-19414","page","type-page","status-publish","hentry"],"acf":[],"yoast_head":"<!-- This site is optimized with the Yoast SEO plugin v26.5 - https:\/\/yoast.com\/wordpress\/plugins\/seo\/ -->\n<title>Den Store Koordinering - For At Sikre Frihed i Vores Verden<\/title>\n<meta name=\"description\" content=\"Din opgave er at sikre frihed i din verden, at holde (\u00c5ndelig) Kundskab i live i din verden, at holde visdom i live i din verden.\" \/>\n<meta name=\"robots\" content=\"index, follow, max-snippet:-1, max-image-preview:large, max-video-preview:-1\" \/>\n<link rel=\"canonical\" href=\"https:\/\/www.alliesofhumanity.org\/da\/the-briefings\/book-four\/secure-freedom\/\" \/>\n<meta property=\"og:locale\" content=\"da_DK\" \/>\n<meta property=\"og:type\" content=\"article\" \/>\n<meta property=\"og:title\" content=\"Den Store Koordinering - For At Sikre Frihed i Vores Verden\" \/>\n<meta property=\"og:description\" content=\"Din opgave er at sikre frihed i din verden, at holde (\u00c5ndelig) Kundskab i live i din verden, at holde visdom i live i din verden.\" \/>\n<meta property=\"og:url\" content=\"https:\/\/www.alliesofhumanity.org\/da\/the-briefings\/book-four\/secure-freedom\/\" \/>\n<meta property=\"og:site_name\" content=\"The Allies of Humanity\" \/>\n<meta property=\"article:publisher\" content=\"https:\/\/www.facebook.com\/alliesofhumanity\/\" \/>\n<meta property=\"article:modified_time\" content=\"2024-06-01T23:58:33+00:00\" \/>\n<meta property=\"og:image\" content=\"https:\/\/www.alliesofhumanity.org\/wp-content\/uploads\/2021\/01\/og-socialmedia-aoh.jpg\" \/>\n\t<meta property=\"og:image:width\" content=\"1200\" \/>\n\t<meta property=\"og:image:height\" content=\"630\" \/>\n\t<meta property=\"og:image:type\" content=\"image\/jpeg\" \/>\n<meta name=\"twitter:card\" content=\"summary_large_image\" \/>\n<meta name=\"twitter:title\" content=\"Den Store Koordinering - For At Sikre Frihed i Vores Verden\" \/>\n<meta name=\"twitter:site\" content=\"@earthallies\" \/>\n<meta name=\"twitter:label1\" content=\"Estimeret l\u00e6setid\" \/>\n\t<meta name=\"twitter:data1\" content=\"11 minutter\" \/>\n<script type=\"application\/ld+json\" class=\"yoast-schema-graph\">{\"@context\":\"https:\/\/schema.org\",\"@graph\":[{\"@type\":\"WebPage\",\"@id\":\"https:\/\/www.alliesofhumanity.org\/da\/the-briefings\/book-four\/secure-freedom\/\",\"url\":\"https:\/\/www.alliesofhumanity.org\/da\/the-briefings\/book-four\/secure-freedom\/\",\"name\":\"Den Store Koordinering - For At Sikre Frihed i Vores Verden\",\"isPartOf\":{\"@id\":\"https:\/\/www.alliesofhumanity.org\/da\/#website\"},\"datePublished\":\"2021-10-03T16:39:13+00:00\",\"dateModified\":\"2024-06-01T23:58:33+00:00\",\"description\":\"Din opgave er at sikre frihed i din verden, at holde (\u00c5ndelig) Kundskab i live i din verden, at holde visdom i live i din verden.\",\"breadcrumb\":{\"@id\":\"https:\/\/www.alliesofhumanity.org\/da\/the-briefings\/book-four\/secure-freedom\/#breadcrumb\"},\"inLanguage\":\"da-DK\",\"potentialAction\":[{\"@type\":\"ReadAction\",\"target\":[\"https:\/\/www.alliesofhumanity.org\/da\/the-briefings\/book-four\/secure-freedom\/\"]}]},{\"@type\":\"BreadcrumbList\",\"@id\":\"https:\/\/www.alliesofhumanity.org\/da\/the-briefings\/book-four\/secure-freedom\/#breadcrumb\",\"itemListElement\":[{\"@type\":\"ListItem\",\"position\":1,\"name\":\"Briefingerne\",\"item\":\"https:\/\/www.alliesofhumanity.org\/da\/the-briefings\/\"},{\"@type\":\"ListItem\",\"position\":2,\"name\":\"Bog Fire\",\"item\":\"https:\/\/www.alliesofhumanity.org\/da\/the-briefings\/book-four\/\"},{\"@type\":\"ListItem\",\"position\":3,\"name\":\"Femte Briefing: Den Store Koordinering\"}]},{\"@type\":\"WebSite\",\"@id\":\"https:\/\/www.alliesofhumanity.org\/da\/#website\",\"url\":\"https:\/\/www.alliesofhumanity.org\/da\/\",\"name\":\"The Allies of Humanity\",\"description\":\"\",\"potentialAction\":[{\"@type\":\"SearchAction\",\"target\":{\"@type\":\"EntryPoint\",\"urlTemplate\":\"https:\/\/www.alliesofhumanity.org\/da\/?s={search_term_string}\"},\"query-input\":{\"@type\":\"PropertyValueSpecification\",\"valueRequired\":true,\"valueName\":\"search_term_string\"}}],\"inLanguage\":\"da-DK\"}]}<\/script>\n<!-- \/ Yoast SEO plugin. -->","yoast_head_json":{"title":"Den Store Koordinering - For At Sikre Frihed i Vores Verden","description":"Din opgave er at sikre frihed i din verden, at holde (\u00c5ndelig) Kundskab i live i din verden, at holde visdom i live i din verden.","robots":{"index":"index","follow":"follow","max-snippet":"max-snippet:-1","max-image-preview":"max-image-preview:large","max-video-preview":"max-video-preview:-1"},"canonical":"https:\/\/www.alliesofhumanity.org\/da\/the-briefings\/book-four\/secure-freedom\/","og_locale":"da_DK","og_type":"article","og_title":"Den Store Koordinering - For At Sikre Frihed i Vores Verden","og_description":"Din opgave er at sikre frihed i din verden, at holde (\u00c5ndelig) Kundskab i live i din verden, at holde visdom i live i din verden.","og_url":"https:\/\/www.alliesofhumanity.org\/da\/the-briefings\/book-four\/secure-freedom\/","og_site_name":"The Allies of Humanity","article_publisher":"https:\/\/www.facebook.com\/alliesofhumanity\/","article_modified_time":"2024-06-01T23:58:33+00:00","og_image":[{"width":1200,"height":630,"url":"https:\/\/www.alliesofhumanity.org\/wp-content\/uploads\/2021\/01\/og-socialmedia-aoh.jpg","type":"image\/jpeg"}],"twitter_card":"summary_large_image","twitter_title":"Den Store Koordinering - For At Sikre Frihed i Vores Verden","twitter_site":"@earthallies","twitter_misc":{"Estimeret l\u00e6setid":"11 minutter"},"schema":{"@context":"https:\/\/schema.org","@graph":[{"@type":"WebPage","@id":"https:\/\/www.alliesofhumanity.org\/da\/the-briefings\/book-four\/secure-freedom\/","url":"https:\/\/www.alliesofhumanity.org\/da\/the-briefings\/book-four\/secure-freedom\/","name":"Den Store Koordinering - For At Sikre Frihed i Vores Verden","isPartOf":{"@id":"https:\/\/www.alliesofhumanity.org\/da\/#website"},"datePublished":"2021-10-03T16:39:13+00:00","dateModified":"2024-06-01T23:58:33+00:00","description":"Din opgave er at sikre frihed i din verden, at holde (\u00c5ndelig) Kundskab i live i din verden, at holde visdom i live i din verden.","breadcrumb":{"@id":"https:\/\/www.alliesofhumanity.org\/da\/the-briefings\/book-four\/secure-freedom\/#breadcrumb"},"inLanguage":"da-DK","potentialAction":[{"@type":"ReadAction","target":["https:\/\/www.alliesofhumanity.org\/da\/the-briefings\/book-four\/secure-freedom\/"]}]},{"@type":"BreadcrumbList","@id":"https:\/\/www.alliesofhumanity.org\/da\/the-briefings\/book-four\/secure-freedom\/#breadcrumb","itemListElement":[{"@type":"ListItem","position":1,"name":"Briefingerne","item":"https:\/\/www.alliesofhumanity.org\/da\/the-briefings\/"},{"@type":"ListItem","position":2,"name":"Bog Fire","item":"https:\/\/www.alliesofhumanity.org\/da\/the-briefings\/book-four\/"},{"@type":"ListItem","position":3,"name":"Femte Briefing: Den Store Koordinering"}]},{"@type":"WebSite","@id":"https:\/\/www.alliesofhumanity.org\/da\/#website","url":"https:\/\/www.alliesofhumanity.org\/da\/","name":"The Allies of Humanity","description":"","potentialAction":[{"@type":"SearchAction","target":{"@type":"EntryPoint","urlTemplate":"https:\/\/www.alliesofhumanity.org\/da\/?s={search_term_string}"},"query-input":{"@type":"PropertyValueSpecification","valueRequired":true,"valueName":"search_term_string"}}],"inLanguage":"da-DK"}]}},"_links":{"self":[{"href":"https:\/\/www.alliesofhumanity.org\/da\/wp-json\/wp\/v2\/pages\/19414","targetHints":{"allow":["GET"]}}],"collection":[{"href":"https:\/\/www.alliesofhumanity.org\/da\/wp-json\/wp\/v2\/pages"}],"about":[{"href":"https:\/\/www.alliesofhumanity.org\/da\/wp-json\/wp\/v2\/types\/page"}],"author":[{"embeddable":true,"href":"https:\/\/www.alliesofhumanity.org\/da\/wp-json\/wp\/v2\/users\/23"}],"replies":[{"embeddable":true,"href":"https:\/\/www.alliesofhumanity.org\/da\/wp-json\/wp\/v2\/comments?post=19414"}],"version-history":[{"count":12,"href":"https:\/\/www.alliesofhumanity.org\/da\/wp-json\/wp\/v2\/pages\/19414\/revisions"}],"predecessor-version":[{"id":23001,"href":"https:\/\/www.alliesofhumanity.org\/da\/wp-json\/wp\/v2\/pages\/19414\/revisions\/23001"}],"up":[{"embeddable":true,"href":"https:\/\/www.alliesofhumanity.org\/da\/wp-json\/wp\/v2\/pages\/19407"}],"wp:attachment":[{"href":"https:\/\/www.alliesofhumanity.org\/da\/wp-json\/wp\/v2\/media?parent=19414"}],"curies":[{"name":"wp","href":"https:\/\/api.w.org\/{rel}","templated":true}]}}