{"id":19412,"date":"2021-10-03T17:35:47","date_gmt":"2021-10-03T16:35:47","guid":{"rendered":"https:\/\/www.alliesofhumanity.org\/book-four\/higher-powers\/"},"modified":"2024-06-02T00:55:37","modified_gmt":"2024-06-01T23:55:37","slug":"higher-powers","status":"publish","type":"page","link":"https:\/\/www.alliesofhumanity.org\/da\/the-briefings\/book-four\/higher-powers\/","title":{"rendered":"Fjerde Briefing: H\u00f8jere Magter"},"content":{"rendered":"\t\t<div data-elementor-type=\"wp-page\" data-elementor-id=\"19412\" class=\"elementor elementor-19412 elementor-2537\" data-elementor-post-type=\"page\">\t\t\t\t\t\t<section class=\"elementor-section elementor-top-section elementor-element elementor-element-cbb1285 elementor-section-boxed elementor-section-height-default elementor-section-height-default\" data-id=\"cbb1285\" data-element_type=\"section\">\t\t\t\t\t\t<div class=\"elementor-container elementor-column-gap-default\">\t\t\t\t\t<div class=\"elementor-column elementor-col-100 elementor-top-column elementor-element elementor-element-3380586a\" data-id=\"3380586a\" data-element_type=\"column\">\t\t\t<div class=\"elementor-widget-wrap elementor-element-populated\">\t\t\t\t\t\t<div class=\"elementor-element elementor-element-c32f833 elementor-widget elementor-widget-text-editor\" data-id=\"c32f833\" data-element_type=\"widget\" data-widget_type=\"text-editor.default\">\t\t\t\t<div class=\"elementor-widget-container\">\t\t\t\t\t\t\t\t\t<p>Der er to realiteter i universet; den ene overlapper den anden. Den f\u00f8rste og mest prim\u00e6re i jeres oplevelse er realiteten af Adskillelse og evolution\u00e6r forandring, planetarisk forandring \u2013 fra primitivt liv, primitive sociale organisationer, tidlige nationer, st\u00f8rre nationer, verdensnationer og endelig fremkomsten i et St\u00f8rre F\u00e6llesskab af st\u00f8rre nationer. <\/p>\r<p>Dette overlappes af de Guddommeliges arbejde over hele universet, udf\u00f8rt af de h\u00f8jere magter, de Englelige Magter, der overv\u00e5ger alle racer, selv i ufrie nationer, og som leder efter muligheder for at dyrke Kundskab i individer, der er tilstr\u00e6kkeligt frie og i stand til at reagere. Dette skaber de Vises store Netv\u00e6rk, som derefter kan st\u00f8tte fremkomsten af frie nationer, der stadig har potentialet til denne store bedrift.<\/p>\r<p>I det fysiske univers er der kun de kr\u00e6fter, der blev sat i gang ved tidens begyndelse. Der er ingen Guddommelig Plan, der organiserer alt, kontrollerer alt, for det fysiske univers er i det store og hele kaotisk og styret af himmelske kr\u00e6fter, geologiske kr\u00e6fter og, i verdener, hvor livet har kunnet tage fat, biologiske kr\u00e6fter. De blev alle sat i gang ved tidens begyndelse af det Guddommelige, og de fungerer nu af sig selv. <\/p>\r<p>Den Guddommelige Intervention foreg\u00e5r gennem de H\u00f8jere Magter, gennem de Vises Netv\u00e6rk og gennem nationer, der har v\u00e6ret i stand til at holde individuel bevidsthed og Kundskab i live, p\u00e5 trods af alle de farer og konflikter, der normalt finder sted i en verdens evolution og sociale udvikling.<\/p>\r<p>Det Guddommelige har forposter mange, mange steder. Og der er grupper af de Vise, der arbejder mange, mange steder, endda i stor hemmelighed. Frie nationer tillader disse grupper atter at komme op til overfladen og blive effektive i samfundet. Men de sande Vise er individer, der netv\u00e6rker i sm\u00e5 grupper, netv\u00e6rker i deres egne nationer eller netv\u00e6rker mellem nationer, forbundet gennem de H\u00f8jere Magter.<\/p>\r<p>S\u00e5 t\u00e6nk ikke, at der er en oplyst race, der vil komme og oplyse menneskeheden, eller at menneskeheden selv vil blive en oplyst race. Det g\u00e5r langt ud over dens evner. Men at v\u00e6re en fri race, hvor Kundskab kan n\u00e6res og \u00e5bent st\u00f8ttes, er den store bedrift. Det er den store udfordring og det krav, der ligger foran jer nu.\r<\/p><p>Der er to slags friheder. Der er praktisk frihed til at leve jeres liv uden overdreven tilbageholdenhed eller dominans, praktisk frihed til at leve med stabilitet og sikkerhed, uden den konstante trussel om krig eller anmassende korruption. Det er den grundl\u00e6ggende frihed, og den er s\u00e5 vigtig. Den er det f\u00f8rste, der m\u00e5 etableres.\r<\/p><p class=\"image-quote float-right\"><img decoding=\"async\" src=\"https:\/\/www.alliesofhumanity.org\/wp-content\/uploads\/2020\/12\/quote-book4-briefing4-1.png\" alt=\"\" \/><\/p><blockquote id=\"quote-2\" class=\"text-quote float-right bg-red\">Den Guddommelige Intervention foreg\u00e5r gennem de H\u00f8jere Magter, gennem de Vises Netv\u00e6rk og gennem nationer, der har v\u00e6ret i stand til at holde individuel bevidsthed og Kundskab i live.<\/blockquote><p>S\u00e5 er der individets h\u00f8jere \u00e5ndelige frihed til at begynde vedkommendes tilbagevenden til det Guddommelige og f\u00e5 adgang til den dybere Kundskab, som Gud har skabt i alle individer, i alle racer i universet, som lever i Adskillelse i fysisk virkelighed.\r<\/p><p>Denne st\u00f8rre frihed er individers kald, og den er begr\u00e6nset af de grundl\u00e6ggende friheder, de m\u00e5tte have i deres respektive verdener og kulturer. Men denne st\u00f8rre frihed er den ultimative frihed, fordi Himlens Magt kan bev\u00e6ge sig gennem disse individer, i tjeneste til andre og, gennem de Vises store Netv\u00e6rk, n\u00e6re frihed og Kundskab i hele det St\u00f8rre F\u00e6llesskab.\r<\/p><p>I m\u00e5 forst\u00e5, at det Guddommeliges Arbejde i jeres verden er forbundet med det Guddommeliges Arbejde i alle verdener. Der er ingen speciel plan for jeres verden, som kun er et lille sted i et st\u00f8rre univers. Guds Plan er forenet og veletableret. Og Kundskab lever i dig som individ, hvilket er s\u00e5dan du forbinder dig med det Guddommelige N\u00e6rv\u00e6r og Magt, og s\u00e5dan du begynder at f\u00e5 din indre frihed, som endda overskrider dit ydre milj\u00f8s begr\u00e6nsninger.\r<\/p><p>Hvor end denne grundl\u00e6ggende frihed over tid kan opbygges og etableres og opretholdes, repr\u00e6senterer en st\u00f8rre mulighed for, at denne h\u00f8jere frihed kan fremmes og underst\u00f8ttes, samt den st\u00f8rre frihed, den vil have i sit udtryk i p\u00e5g\u00e6ldende verden, p\u00e5g\u00e6ldende nation, p\u00e5g\u00e6ldende kultur. For frihed i universet er ikke friheden til at fremme jeres Adskillelse. Den er friheden til at vende tilbage til sin Kilde og v\u00e6re i denne fysiske virkeligheds tjeneste.\r<\/p><p>Som du kan se her, m\u00e5 selv dine mest grundl\u00e6ggende forestillinger om fred, frihed og ansvar nu omdefineres og s\u00e6ttes i en st\u00f8rre sammenh\u00e6ng, ellers vil du blive ved med at t\u00e6nke, at din fred og din frihed og dit ansvar kun er for dig eller kun for din familie. Det er ikke det, disse ting vil sige i det St\u00f8rre F\u00e6llesskab, og de vil ikke v\u00e6re effektive, ej heller meningsfulde i den verden, du nu begynder at tr\u00e6de ind i, hvor milj\u00f8forringelse, tabet af f\u00f8devareproduktion og klimaforandring i jeres verden vil g\u00f8re livet meget vanskeligere og kr\u00e6ve st\u00f8rre deltagelse og samarbejde, hvis det skal lykkes jer.\r<\/p><p>Selv de ting, der truer jer udefra, hvor de her i denne verden kan underminere jer, kan skabe st\u00f8rre frihed i den sandeste forstand, hvis denne mulighed bliver anerkendt og gjort krav p\u00e5 af tilstr\u00e6kkeligt mange mennesker. Des st\u00f8rre udfordring, desto st\u00f8rre mulighed.\r<\/p><p>Lige nu er menneskeheden alt for svag, alt for splittet, alt for uorganiseret til p\u00e5 nogen m\u00e5de at kunne opretholde sig selv som en fri og suver\u00e6n race i universet. Det, der vil opbygge denne styrke, dette samarbejde, denne frihed og dette ansvar, er de store udfordringer, som I nu st\u00e5r overfor: udfordringen ved nedbrydning og sammenbrud indefra og udfordringen ved intervention og undertvingelse udefra. Kun disse store og p\u00e5tr\u00e6ngende udfordringer vil generere de betingelser, som frihed, styrke og ansvar stiller, som vi taler om her.\r<\/p><p class=\"image-quote float-left\"><img decoding=\"async\" src=\"https:\/\/www.alliesofhumanity.org\/wp-content\/uploads\/2020\/12\/quote-book4-briefing4-2.png\" alt=\"\" \/><\/p><blockquote id=\"quote-4\" class=\"text-quote float-left bg-gray\">I m\u00e5 forst\u00e5, at det Guddommeliges Arbejde i jeres verden er forbundet med det Guddommeliges Arbejde i alle verdener.<\/blockquote><p>Ikke alle vil v\u00e6re i stand til at reagere p\u00e5 denne udfordring, men selv hvis et lille mindretal af mennesker i jeres verden kan g\u00f8re det, kan det f\u00f8re til et st\u00f8rre udfald. Verden er, p\u00e5 godt og ondt, styret af et lille antal mennesker. I dette tilf\u00e6lde kunne et lille antal mennesker redde hele menneskeheden fra sammenbrud og opl\u00f8sning.\r<\/p><p>Ja, det er en k\u00e6mpe udfordring. Ja, det ser ud til at v\u00e6re uretf\u00e6rdigt i forhold til jeres forst\u00e5else. Det virker endda grusomt i forhold til jeres forst\u00e5else. Men det er det, det betyder at udvikle sig i universet: at blive en moden race og ikke en race i puberteten, der sl\u00e5s og k\u00e6mper indbyrdes om privilegier og rigdom og muligheder.\r<\/p><p>Vi har m\u00e5ttet udvikle os under den smerte og udfordring, som Intervention og nedbrydningen af vores verdener udgjorde. Det er del af livet, at blive voksen, at blive ansvarlig, ikke kun for sin egen skyld, men for \u00e9ns verdens velbefindende \u2013 nu drevet af n\u00f8dvendighed, nu drevet af udfordring, nu drevet af stor trussel. Alle disse ting er grundlaget for den styrke, den visdom og det samarbejde, som I f\u00e5r brug for uner den store forandring, der er p\u00e5 vej i verden.\r<\/p><p>Vi bringer derfor ikke fred, som I t\u00e6nker p\u00e5 den. Vi bringer udfordring. Vi bringer ansvar. Vi bringer klarhed. Vi bringer visdom. Vi bringer styrke. Vi bringer kaldet p\u00e5 alle disse ting.\r<\/p><p>Hvis I blot kunne se eller have en fornemmelse af, hvor jeres liv er p\u00e5 vej hen og graden af Intervention i jeres verden i dag, vil det enten sl\u00e5 jer, eller I vil rejse jer, for at im\u00f8dekomme disse ting. Det er den usete mulighed her.\r<\/p><p class=\"image-quote float-right\"><img decoding=\"async\" src=\"https:\/\/www.alliesofhumanity.org\/wp-content\/uploads\/2020\/12\/quote-book4-briefing4-3.png\" alt=\"\" \/><\/p><blockquote id=\"quote-6\" class=\"text-quote float-right bg-black\">Verden er, p\u00e5 godt og ondt, styret af et lille antal mennesker. I dette tilf\u00e6lde kunne et lille antal mennesker redde hele menneskeheden fra sammenbrud og opl\u00f8sning.\r\n<\/blockquote><p>Gud ved, at dette er den st\u00f8rste t\u00e6rskel for den menneskelige familie, den st\u00f8rste t\u00e6rskel, I nogensinde har st\u00e5et overfor og nogensinde vil st\u00e5 overfor \u2013 en verden i tilbagegang og fremkomst i det St\u00f8rre F\u00e6llesskab, to ting, der almindeligvis ledsager hinanden. Gud har sendt et Nyt Budskab til verden. Vi kender til dette. Det er en del af det, der har kaldt os hertil, for at opmuntre den menneskelige familie. Det vil vi tale om herefter, for det er grundl\u00e6ggende for jeres succes og for jeres frihed.\r<\/p>\t\t\t\t\t\t\t\t<\/div>\t\t\t\t<\/div>\t\t\t\t\t<\/div>\t\t<\/div>\t\t\t\t\t<\/div>\t\t<\/section>\t\t\t\t<\/div><p>\t\t<\/p>","protected":false},"excerpt":{"rendered":"<p>Der er to realiteter i universet; den ene overlapper den anden. Den f\u00f8rste og mest prim\u00e6re i jeres oplevelse er realiteten af Adskillelse og evolution\u00e6r forandring, planetarisk forandring \u2013 fra primitivt liv, primitive sociale organisationer, tidlige nationer, st\u00f8rre nationer, verdensnationer og endelig fremkomsten i et St\u00f8rre F\u00e6llesskab af st\u00f8rre nationer. Dette overlappes af de Guddommeliges [&hellip;]<\/p>\n","protected":false},"author":23,"featured_media":0,"parent":19407,"menu_order":4,"comment_status":"closed","ping_status":"closed","template":"page.php","meta":{"_acf_changed":false,"footnotes":""},"class_list":["post-19412","page","type-page","status-publish","hentry"],"acf":[],"yoast_head":"<!-- This site is optimized with the Yoast SEO plugin v26.5 - https:\/\/yoast.com\/wordpress\/plugins\/seo\/ -->\n<title>H\u00f8jere Magter - Guddommeligt Arbejde Over Hele Universet<\/title>\n<meta name=\"description\" content=\"Guddommelig Intervention sker gennem H\u00f8jere Magter, gennem de Vises Netv\u00e6rk og gennem nationer, hvor \u00c5ndelighed er holdt i live.\" \/>\n<meta name=\"robots\" content=\"index, follow, max-snippet:-1, max-image-preview:large, max-video-preview:-1\" \/>\n<link rel=\"canonical\" href=\"https:\/\/www.alliesofhumanity.org\/da\/the-briefings\/book-four\/higher-powers\/\" \/>\n<meta property=\"og:locale\" content=\"da_DK\" \/>\n<meta property=\"og:type\" content=\"article\" \/>\n<meta property=\"og:title\" content=\"H\u00f8jere Magter - Guddommeligt Arbejde Over Hele Universet\" \/>\n<meta property=\"og:description\" content=\"Guddommelig Intervention sker gennem H\u00f8jere Magter, gennem de Vises Netv\u00e6rk og gennem nationer, hvor \u00c5ndelighed er holdt i live.\" \/>\n<meta property=\"og:url\" content=\"https:\/\/www.alliesofhumanity.org\/da\/the-briefings\/book-four\/higher-powers\/\" \/>\n<meta property=\"og:site_name\" content=\"The Allies of Humanity\" \/>\n<meta property=\"article:publisher\" content=\"https:\/\/www.facebook.com\/alliesofhumanity\/\" \/>\n<meta property=\"article:modified_time\" content=\"2024-06-01T23:55:37+00:00\" \/>\n<meta property=\"og:image\" content=\"https:\/\/www.alliesofhumanity.org\/wp-content\/uploads\/2021\/01\/og-socialmedia-aoh.jpg\" \/>\n\t<meta property=\"og:image:width\" content=\"1200\" \/>\n\t<meta property=\"og:image:height\" content=\"630\" \/>\n\t<meta property=\"og:image:type\" content=\"image\/jpeg\" \/>\n<meta name=\"twitter:card\" content=\"summary_large_image\" \/>\n<meta name=\"twitter:title\" content=\"H\u00f8jere Magter - Guddommeligt Arbejde Over Hele Universet\" \/>\n<meta name=\"twitter:site\" content=\"@earthallies\" \/>\n<meta name=\"twitter:label1\" content=\"Estimeret l\u00e6setid\" \/>\n\t<meta name=\"twitter:data1\" content=\"7 minutter\" \/>\n<script type=\"application\/ld+json\" class=\"yoast-schema-graph\">{\"@context\":\"https:\/\/schema.org\",\"@graph\":[{\"@type\":\"WebPage\",\"@id\":\"https:\/\/www.alliesofhumanity.org\/da\/the-briefings\/book-four\/higher-powers\/\",\"url\":\"https:\/\/www.alliesofhumanity.org\/da\/the-briefings\/book-four\/higher-powers\/\",\"name\":\"H\u00f8jere Magter - Guddommeligt Arbejde Over Hele Universet\",\"isPartOf\":{\"@id\":\"https:\/\/www.alliesofhumanity.org\/da\/#website\"},\"datePublished\":\"2021-10-03T16:35:47+00:00\",\"dateModified\":\"2024-06-01T23:55:37+00:00\",\"description\":\"Guddommelig Intervention sker gennem H\u00f8jere Magter, gennem de Vises Netv\u00e6rk og gennem nationer, hvor \u00c5ndelighed er holdt i live.\",\"breadcrumb\":{\"@id\":\"https:\/\/www.alliesofhumanity.org\/da\/the-briefings\/book-four\/higher-powers\/#breadcrumb\"},\"inLanguage\":\"da-DK\",\"potentialAction\":[{\"@type\":\"ReadAction\",\"target\":[\"https:\/\/www.alliesofhumanity.org\/da\/the-briefings\/book-four\/higher-powers\/\"]}]},{\"@type\":\"BreadcrumbList\",\"@id\":\"https:\/\/www.alliesofhumanity.org\/da\/the-briefings\/book-four\/higher-powers\/#breadcrumb\",\"itemListElement\":[{\"@type\":\"ListItem\",\"position\":1,\"name\":\"Briefingerne\",\"item\":\"https:\/\/www.alliesofhumanity.org\/da\/the-briefings\/\"},{\"@type\":\"ListItem\",\"position\":2,\"name\":\"Bog Fire\",\"item\":\"https:\/\/www.alliesofhumanity.org\/da\/the-briefings\/book-four\/\"},{\"@type\":\"ListItem\",\"position\":3,\"name\":\"Fjerde Briefing: H\u00f8jere Magter\"}]},{\"@type\":\"WebSite\",\"@id\":\"https:\/\/www.alliesofhumanity.org\/da\/#website\",\"url\":\"https:\/\/www.alliesofhumanity.org\/da\/\",\"name\":\"The Allies of Humanity\",\"description\":\"\",\"potentialAction\":[{\"@type\":\"SearchAction\",\"target\":{\"@type\":\"EntryPoint\",\"urlTemplate\":\"https:\/\/www.alliesofhumanity.org\/da\/?s={search_term_string}\"},\"query-input\":{\"@type\":\"PropertyValueSpecification\",\"valueRequired\":true,\"valueName\":\"search_term_string\"}}],\"inLanguage\":\"da-DK\"}]}<\/script>\n<!-- \/ Yoast SEO plugin. -->","yoast_head_json":{"title":"H\u00f8jere Magter - Guddommeligt Arbejde Over Hele Universet","description":"Guddommelig Intervention sker gennem H\u00f8jere Magter, gennem de Vises Netv\u00e6rk og gennem nationer, hvor \u00c5ndelighed er holdt i live.","robots":{"index":"index","follow":"follow","max-snippet":"max-snippet:-1","max-image-preview":"max-image-preview:large","max-video-preview":"max-video-preview:-1"},"canonical":"https:\/\/www.alliesofhumanity.org\/da\/the-briefings\/book-four\/higher-powers\/","og_locale":"da_DK","og_type":"article","og_title":"H\u00f8jere Magter - Guddommeligt Arbejde Over Hele Universet","og_description":"Guddommelig Intervention sker gennem H\u00f8jere Magter, gennem de Vises Netv\u00e6rk og gennem nationer, hvor \u00c5ndelighed er holdt i live.","og_url":"https:\/\/www.alliesofhumanity.org\/da\/the-briefings\/book-four\/higher-powers\/","og_site_name":"The Allies of Humanity","article_publisher":"https:\/\/www.facebook.com\/alliesofhumanity\/","article_modified_time":"2024-06-01T23:55:37+00:00","og_image":[{"width":1200,"height":630,"url":"https:\/\/www.alliesofhumanity.org\/wp-content\/uploads\/2021\/01\/og-socialmedia-aoh.jpg","type":"image\/jpeg"}],"twitter_card":"summary_large_image","twitter_title":"H\u00f8jere Magter - Guddommeligt Arbejde Over Hele Universet","twitter_site":"@earthallies","twitter_misc":{"Estimeret l\u00e6setid":"7 minutter"},"schema":{"@context":"https:\/\/schema.org","@graph":[{"@type":"WebPage","@id":"https:\/\/www.alliesofhumanity.org\/da\/the-briefings\/book-four\/higher-powers\/","url":"https:\/\/www.alliesofhumanity.org\/da\/the-briefings\/book-four\/higher-powers\/","name":"H\u00f8jere Magter - Guddommeligt Arbejde Over Hele Universet","isPartOf":{"@id":"https:\/\/www.alliesofhumanity.org\/da\/#website"},"datePublished":"2021-10-03T16:35:47+00:00","dateModified":"2024-06-01T23:55:37+00:00","description":"Guddommelig Intervention sker gennem H\u00f8jere Magter, gennem de Vises Netv\u00e6rk og gennem nationer, hvor \u00c5ndelighed er holdt i live.","breadcrumb":{"@id":"https:\/\/www.alliesofhumanity.org\/da\/the-briefings\/book-four\/higher-powers\/#breadcrumb"},"inLanguage":"da-DK","potentialAction":[{"@type":"ReadAction","target":["https:\/\/www.alliesofhumanity.org\/da\/the-briefings\/book-four\/higher-powers\/"]}]},{"@type":"BreadcrumbList","@id":"https:\/\/www.alliesofhumanity.org\/da\/the-briefings\/book-four\/higher-powers\/#breadcrumb","itemListElement":[{"@type":"ListItem","position":1,"name":"Briefingerne","item":"https:\/\/www.alliesofhumanity.org\/da\/the-briefings\/"},{"@type":"ListItem","position":2,"name":"Bog Fire","item":"https:\/\/www.alliesofhumanity.org\/da\/the-briefings\/book-four\/"},{"@type":"ListItem","position":3,"name":"Fjerde Briefing: H\u00f8jere Magter"}]},{"@type":"WebSite","@id":"https:\/\/www.alliesofhumanity.org\/da\/#website","url":"https:\/\/www.alliesofhumanity.org\/da\/","name":"The Allies of Humanity","description":"","potentialAction":[{"@type":"SearchAction","target":{"@type":"EntryPoint","urlTemplate":"https:\/\/www.alliesofhumanity.org\/da\/?s={search_term_string}"},"query-input":{"@type":"PropertyValueSpecification","valueRequired":true,"valueName":"search_term_string"}}],"inLanguage":"da-DK"}]}},"_links":{"self":[{"href":"https:\/\/www.alliesofhumanity.org\/da\/wp-json\/wp\/v2\/pages\/19412","targetHints":{"allow":["GET"]}}],"collection":[{"href":"https:\/\/www.alliesofhumanity.org\/da\/wp-json\/wp\/v2\/pages"}],"about":[{"href":"https:\/\/www.alliesofhumanity.org\/da\/wp-json\/wp\/v2\/types\/page"}],"author":[{"embeddable":true,"href":"https:\/\/www.alliesofhumanity.org\/da\/wp-json\/wp\/v2\/users\/23"}],"replies":[{"embeddable":true,"href":"https:\/\/www.alliesofhumanity.org\/da\/wp-json\/wp\/v2\/comments?post=19412"}],"version-history":[{"count":14,"href":"https:\/\/www.alliesofhumanity.org\/da\/wp-json\/wp\/v2\/pages\/19412\/revisions"}],"predecessor-version":[{"id":22997,"href":"https:\/\/www.alliesofhumanity.org\/da\/wp-json\/wp\/v2\/pages\/19412\/revisions\/22997"}],"up":[{"embeddable":true,"href":"https:\/\/www.alliesofhumanity.org\/da\/wp-json\/wp\/v2\/pages\/19407"}],"wp:attachment":[{"href":"https:\/\/www.alliesofhumanity.org\/da\/wp-json\/wp\/v2\/media?parent=19412"}],"curies":[{"name":"wp","href":"https:\/\/api.w.org\/{rel}","templated":true}]}}