{"id":19410,"date":"2021-09-30T21:50:39","date_gmt":"2021-09-30T20:50:39","guid":{"rendered":"https:\/\/www.alliesofhumanity.org\/book-four\/free-nations-universe\/"},"modified":"2024-06-02T00:51:23","modified_gmt":"2024-06-01T23:51:23","slug":"free-nations-universe","status":"publish","type":"page","link":"https:\/\/www.alliesofhumanity.org\/da\/the-briefings\/book-four\/free-nations-universe\/","title":{"rendered":"Tredje Briefing: Frihed i Universet"},"content":{"rendered":"\t\t<div data-elementor-type=\"wp-page\" data-elementor-id=\"19410\" class=\"elementor elementor-19410 elementor-2536\" data-elementor-post-type=\"page\">\t\t\t\t\t\t<section class=\"elementor-section elementor-top-section elementor-element elementor-element-3bf3954f elementor-section-boxed elementor-section-height-default elementor-section-height-default\" data-id=\"3bf3954f\" data-element_type=\"section\">\t\t\t\t\t\t<div class=\"elementor-container elementor-column-gap-default\">\t\t\t\t\t<div class=\"elementor-column elementor-col-100 elementor-top-column elementor-element elementor-element-5b3ac6af\" data-id=\"5b3ac6af\" data-element_type=\"column\">\t\t\t<div class=\"elementor-widget-wrap elementor-element-populated\">\t\t\t\t\t\t<div class=\"elementor-element elementor-element-2f29e16 elementor-widget elementor-widget-text-editor\" data-id=\"2f29e16\" data-element_type=\"widget\" data-widget_type=\"text-editor.default\">\t\t\t\t<div class=\"elementor-widget-container\">\t\t\t\t\t\t\t\t\t<p>Nu vil vi give jer et perspektiv p\u00e5, hvordan frihed ser ud, n\u00e5r f\u00f8rst den er etableret. For at v\u00e6re fri, m\u00e5 en verden have en forenet regering. Regeringen kan best\u00e5 af repr\u00e6sentanter fra forskellige grupper og regioner i en verden, men verden m\u00e5 v\u00e6re forenet. Den kan ikke best\u00e5 af et kludet\u00e6ppe af stridende stammer ej heller af store nationer, for det vil kun byde intervention og manipulation velkommen. De nationer, der er frie, fremmer individuel kreativitet og v\u00e6rdien af Kundskab i individet, men denne Kundskab m\u00e5 dirigeres derhen, hvor den kan tjene verdens st\u00f8rre interesser og ikke blot individets interesser. Her anerkendes og v\u00e6rds\u00e6ttes \u00e6gte talent h\u00f8jt, men det m\u00e5 dirigeres. Talentet er ikke kun givet for den enkelte. Det er en del af nationens rigdom. <\/p>\r<p>I mods\u00e6tning til ufrie nationer, hvor menneskers liv blot er katalogiseret og dirigeret, hvor individuelt talent sj\u00e6ldent udnyttes, hvor status i samfundet er baseret p\u00e5 familieafstamning eller regionale behov alene, er individet i de frie nationer v\u00e6rdsat og deres f\u00e6rdigheder og deres visdom dyrket, for denne visdom og f\u00e6rdighed er n\u00f8dvendig for verdens stabilitet og velv\u00e6re. De sendes i tjeneste, hvor de kan v\u00e6re til st\u00f8rst gavn. Men dette baseres p\u00e5 helhedens behov, ikke blot p\u00e5 individets \u00f8nsker. <\/p>\r<p>En verden best\u00e5ende af omflakkende individer vil aldrig kunne etablere frihed i det St\u00f8rre F\u00e6llesskab. Her m\u00e5 individualiteten tjene, men den tjener if\u00f8lge individet, hvilket er \u00e9n af de ting, der adskiller en fri nation fra en nation, der ikke er fri. <\/p>\r<p>I en fri nation tolereres uenighed, men kun til et vist punkt. Hvis der konstant er opr\u00f8r, kan nationen ikke v\u00e6re stabil; den kan ikke p\u00e5tage sig den st\u00f8rre frihed til endda at beskytte de friheder, den tilbyder sine borgere. Den m\u00e5 have denne stabilitet og denne sikkerhed udefra.<\/p>\r<p>I er endnu ikke klar over, at I lever i det St\u00f8rre F\u00e6llesskab og er underlagt dets p\u00e5virkninger, s\u00e5 m\u00e5ske virker det meget anderledes for jer, fra hvor I st\u00e5r lige nu. Men det er noget, I m\u00e5 begynde at forst\u00e5 og tage under overvejelse. For at v\u00e6re en forenet kraft, m\u00e5 der v\u00e6re forst\u00e5else for det store behov, der kr\u00e6ver denne frihed og en vilje til at deltage og endda til at ofre visse personlige friheder for denne friheds skyld.\r<\/p><p>Den frihed, som I i \u00f8jeblikket nyder, er stort set kun for at tjene individets luner eller \u00f8nsker, men i det St\u00f8rre F\u00e6llesskab er det ikke det, frihed betyder.\r<\/p><p>Frie samfund m\u00e5 s\u00e5 vidt muligt bevare deres oprindelige ressourcer og kun engagere sig i kommers med andre frie nationer for essentielle ting. Derfor kan plyndringen af deres verdener ikke finde sted, ikke tillades, hvis der fremadrettet skal v\u00e6re nogen stabilitet og sikkerhed.\r<\/p><p>Her m\u00e5 der v\u00e6re stor tilbageholdenhed. For visdom forlanger altid stor tilbageholdenhed. Og frihed betyder altid, at du m\u00e5 v\u00e6re opm\u00e6rksom p\u00e5 de ting, du reelt ikke er fri til at g\u00f8re.\r<\/p><p>Det er verdens frihed. Det er frihed for alle verdens nationer, der sikrer individernes rettigheder i det St\u00f8rre F\u00e6llesskab. Men disse rettigheder m\u00e5 n\u00f8dvendigvis indskr\u00e6nkes.\r<\/p><p>For at frie nationer kan forblive frie, m\u00e5 de kunne forpurre eller modst\u00e5 alle de fristelser, der vil blive p\u00e5f\u00f8rt dem, is\u00e6r hvis deres verdener for andre anses for at have v\u00e6rdi. Her m\u00e5 I se, at for de ufrie nationer ser frihed ud som en stor trussel. De er bange for, at de friheder, som de frie nationer har, kan p\u00e5virke deres egne befolkninger p\u00e5 en eller anden m\u00e5de og f\u00f8re til opr\u00f8r, utilfredshed og uenighed.\r<\/p><p>Ting som kunst og musik og dans, som I nyder i dag, vil blive anset for at v\u00e6re en stor trussel for de kulturer, der ikke er frie. Individuelle friheder, som den frie nation kan give sine borgere, vil af de nationer, der ikke er frie, blive anset for at v\u00e6re en trussel.\r<\/p><p class=\"image-quote float-right\"><img decoding=\"async\" src=\"https:\/\/www.alliesofhumanity.org\/wp-content\/uploads\/2020\/12\/quote-book4-briefing3-1.png\" alt=\"\" \/><\/p><blockquote id=\"quote-2\" class=\"text-quote float-right bg-gray\">Frie samfund m\u00e5 s\u00e5 vidt muligt bevare deres oprindelige ressourcer og kun engagere sig i kommers med andre frie nationer for essentielle ting.<\/blockquote><p>Som en konsekvens transmitterer frie nationer ikke noget ud i universet. De afsl\u00f8rer ikke, hvordan livet er i deres verdener, hvis de kan undg\u00e5 det. De engagerer sig ikke i st\u00f8rre handelsnetv\u00e6rk, som altid er meget kontrollerende og manipulerende og g\u00f8r i meget h\u00f8jere grad ens egen verden s\u00e5rbar for overtalelseskr\u00e6fter.\r<\/p><p>Her m\u00e5 frie nationer stort set v\u00e6re selvforsynede. De m\u00e5 v\u00e6re meget forenede. Og de m\u00e5 v\u00e6re meget diskrete. Det er de tre store betingelser i universet, som frihed stiller. Og I kan ikke slippe udenom dem. Der er ingen undtagelse her.\r<\/p><p>Da frie nationer er diskrete, rejser de ikke rundt i universet og fors\u00f8ger at plante deres flag eller \u00f8ve deres indflydelse eller fors\u00f8ger at intervenere i andres anliggender. De kan tale for frihed og ansvar, som vi g\u00f8r gennem disse Briefinger, men de intervenerer ikke. At intervenere er at overtr\u00e6de sin egen diskretion. At intervenere er at g\u00f8re sig kendt i det st\u00f8rre univers, og frie nationer \u00f8nsker ikke at g\u00f8re sig kendte. Deres isolation er afg\u00f8rende for deres s\u00e6rlige pr\u00e6stationer.\r<\/p><p>I frie nationer v\u00e6rds\u00e6ttes og underst\u00f8ttes Kundskabens kraft i individet, selv indenfor p\u00e5g\u00e6ldende samfunds frihedsindskr\u00e6nkninger. I ufrie nationer er denne enten ukendt eller brutalt undertrykt. Og de Vises sammenkomster i ufrie nationer m\u00e5 finde sted i stor hemmelighed, for at overleve, hvilket ofte er tilf\u00e6ldet.\r<\/p><p>Folk i jeres verden t\u00e6nker, at universet m\u00e5 v\u00e6re bedre end selve verden \u2013 mere oph\u00f8jet, mere frit, mere \u00e5ndeligt, mere etisk \u2013 noget at s\u00f8ge, noget at opmuntre til, noget at byde velkommen i denne verden. Det er m\u00e5ske normalt, at racer, der lever i isolation, forventer dette. Det samme var g\u00e6ldende i vores verdener, indtil vores fremkomst i det St\u00f8rre F\u00e6llesskab begyndte, og vi m\u00e5tte se Intervention i \u00f8jnene.\r<\/p><p>Vi fort\u00e6ller jer disse ting, fordi I m\u00e5 forst\u00e5, hvad frihedsrejsen egentlig drejer sig om. Den drejer sig ikke om individuel lykke. Den drejer sig om jeres races frihed. Den drejer sig ikke om individuelle forf\u00f8lgelser eller udskejelser. Den drejer sig om jeres verdens stabilitet og sikkerhed. Her er frihed ikke en rettighed i universet. Den er et stort privilegium og en stor pr\u00e6station, som oprigtigt og konsekvent m\u00e5 fortjenes og beskyttes mod alle udfordringer.\r<\/p><p>Det g\u00e5r ikke at have et romantisk syn p\u00e5 livet i universet, hvis I vil have noget h\u00e5b om at overleve i det. Det er den store n\u00f8gternhed, som visdom bringer. Hav ikke fantasifulde forestillinger om v\u00e6rdien af Kontakt, eller om hvad andre racer kan l\u00e6re jer om frihed med deres intervention i jeres verden, for det er en fatal fejltagelse og en tragisk en.\r<\/p><p class=\"image-quote float-left\"><img decoding=\"async\" src=\"https:\/\/www.alliesofhumanity.org\/wp-content\/uploads\/2020\/12\/quote-book4-briefing3-2.png\" alt=\"\" \/><\/p><blockquote id=\"quote-4\" class=\"text-quote float-left bg-red\">Her m\u00e5 frie nationer stort set v\u00e6re selvforsynede. De m\u00e5 v\u00e6re meget forenede. Og de m\u00e5 v\u00e6re meget diskrete. Det er de tre store betingelser i universet, som frihed stiller.<\/blockquote><p>Vi ved, gennem de Vises Netv\u00e6rk, hvor meget der er givet til denne verden for at opretholde og underst\u00f8tte de tr\u00e5de af frihed og visdom, der stadig eksisterer her. Meget er investeret her i jeres verden, med dette form\u00e5l. Selvom I eskalerer og g\u00f8r fremskridt i jeres teknologiske udvikling, er der lagt stor v\u00e6gt p\u00e5 jeres verden for dens potentiale her, dens potentiale for at v\u00e6re en fri race i universet, et potentiale som I m\u00e5 gribe og udvikle, gennem jeres egen vilje og gennem samarbejde med hinanden.\r<\/p><p>Vi kan ikke give jer denne frihed, og der er ingen anden race i universet, der kan give jer denne frihed, ej heller at komme her og etablere den for jer. Hvilken som helst race, der lover dette, bedrager jer reelt og befinder sig her af andre grunde, af deres egne grunde.\r<\/p><p>Dog er det til vores fordel at have endnu en fri race i denne sektor af rummet. Det ville vi byde velkommen, selvom vi ikke s\u00f8ger nogen formelle forbindelser. I er ikke parate til formelle forbindelser. Og I vil muligvis ikke v\u00e6re parate i lang tid fremover. I er ikke st\u00e6rke nok. I er ikke samlede nok. I er ikke modne nok og henfalder stadigt til konflikter og krig og destruktiv konkurrence.\r<\/p><p>Hvis vi kan st\u00f8tte fremkomsten af Kundskab i verdener som jeres, vil vi g\u00f8re det i henhold til det Guddommeliges foreskrifter, gennem Kundskabens Netv\u00e6rk, ikke gennem regeringers netv\u00e6rk. Selv ikke vores egne regeringer ved, hvad vi foretager os her. Selvom de i teorien ville st\u00f8tte det, er det ikke klogt for dem at have denne viden, for da ville de m\u00e5tte v\u00e6re ansvarlige for vores handlinger.\r<\/p><p>I de fleste tilf\u00e6lde har frie nationer v\u00e6ret n\u00f8dt til at lave ikke-interventionsaftaler med de st\u00f8rre nationer omkring sig, for at holde disse st\u00f8rre nationer ude af de frie nationers sf\u00e6re og aktiviteter. Vi overtr\u00e6der denne aftale med vores lille tilstedev\u00e6relse i jeres verdens tjeneste. For vi styres af H\u00f8jere Magter, som I kun ved lidt om, men som I m\u00e5 blive uddannede om, og det er det n\u00e6ste vi vil tale om.\r<\/p>\t\t\t\t\t\t\t\t<\/div>\t\t\t\t<\/div>\t\t\t\t\t<\/div><p class=\"image-quote float-right\"><img decoding=\"async\" src=\"https:\/\/www.alliesofhumanity.org\/wp-content\/uploads\/2020\/12\/quote-book4-briefing3-3.png\" alt=\"\" \/><\/p><blockquote id=\"quote-6\" class=\"text-quote float-right bg-black\">Frie nationer v\u00e6ret n\u00f8dt til at lave ikke-interventionsaftaler med de st\u00f8rre nationer omkring sig, for at holde disse st\u00f8rre nationer ude af de frie nationers sf\u00e6re og aktiviteter.<\/blockquote>\t\t<\/div>\t\t\t\t\t<\/div>\t\t<\/section>\t\t\t\t<\/div><p>\t\t<\/p>","protected":false},"excerpt":{"rendered":"<p>Nu vil vi give jer et perspektiv p\u00e5, hvordan frihed ser ud, n\u00e5r f\u00f8rst den er etableret. For at v\u00e6re fri, m\u00e5 en verden have en forenet regering. Regeringen kan best\u00e5 af repr\u00e6sentanter fra forskellige grupper og regioner i en verden, men verden m\u00e5 v\u00e6re forenet. Den kan ikke best\u00e5 af et kludet\u00e6ppe af stridende [&hellip;]<\/p>\n","protected":false},"author":23,"featured_media":0,"parent":19407,"menu_order":3,"comment_status":"closed","ping_status":"closed","template":"page.php","meta":{"_acf_changed":false,"footnotes":""},"class_list":["post-19410","page","type-page","status-publish","hentry"],"acf":[],"yoast_head":"<!-- This site is optimized with the Yoast SEO plugin v26.5 - https:\/\/yoast.com\/wordpress\/plugins\/seo\/ -->\n<title>Frihed i Universet - Hvordan Frie Racer Forbliver Frie<\/title>\n<meta name=\"description\" content=\"For frie nationer at forblive frie, m\u00e5 de kunne hindre eller modst\u00e5 alle de fristelser, der vil blive p\u00e5f\u00f8rt dem. L\u00e6r hvorfor ....\" \/>\n<meta name=\"robots\" content=\"index, follow, max-snippet:-1, max-image-preview:large, max-video-preview:-1\" \/>\n<link rel=\"canonical\" href=\"https:\/\/www.alliesofhumanity.org\/da\/the-briefings\/book-four\/free-nations-universe\/\" \/>\n<meta property=\"og:locale\" content=\"da_DK\" \/>\n<meta property=\"og:type\" content=\"article\" \/>\n<meta property=\"og:title\" content=\"Frihed i Universet - Hvordan Frie Racer Forbliver Frie\" \/>\n<meta property=\"og:description\" content=\"For frie nationer at forblive frie, m\u00e5 de kunne hindre eller modst\u00e5 alle de fristelser, der vil blive p\u00e5f\u00f8rt dem. L\u00e6r hvorfor ....\" \/>\n<meta property=\"og:url\" content=\"https:\/\/www.alliesofhumanity.org\/da\/the-briefings\/book-four\/free-nations-universe\/\" \/>\n<meta property=\"og:site_name\" content=\"The Allies of Humanity\" \/>\n<meta property=\"article:publisher\" content=\"https:\/\/www.facebook.com\/alliesofhumanity\/\" \/>\n<meta property=\"article:modified_time\" content=\"2024-06-01T23:51:23+00:00\" \/>\n<meta property=\"og:image\" content=\"https:\/\/www.alliesofhumanity.org\/wp-content\/uploads\/2021\/01\/og-socialmedia-aoh.jpg\" \/>\n\t<meta property=\"og:image:width\" content=\"1200\" \/>\n\t<meta property=\"og:image:height\" content=\"630\" \/>\n\t<meta property=\"og:image:type\" content=\"image\/jpeg\" \/>\n<meta name=\"twitter:card\" content=\"summary_large_image\" \/>\n<meta name=\"twitter:title\" content=\"Frihed i Universet - Hvordan Frie Racer Forbliver Frie\" \/>\n<meta name=\"twitter:site\" content=\"@earthallies\" \/>\n<meta name=\"twitter:label1\" content=\"Estimeret l\u00e6setid\" \/>\n\t<meta name=\"twitter:data1\" content=\"8 minutter\" \/>\n<script type=\"application\/ld+json\" class=\"yoast-schema-graph\">{\"@context\":\"https:\/\/schema.org\",\"@graph\":[{\"@type\":\"WebPage\",\"@id\":\"https:\/\/www.alliesofhumanity.org\/da\/the-briefings\/book-four\/free-nations-universe\/\",\"url\":\"https:\/\/www.alliesofhumanity.org\/da\/the-briefings\/book-four\/free-nations-universe\/\",\"name\":\"Frihed i Universet - Hvordan Frie Racer Forbliver Frie\",\"isPartOf\":{\"@id\":\"https:\/\/www.alliesofhumanity.org\/da\/#website\"},\"datePublished\":\"2021-09-30T20:50:39+00:00\",\"dateModified\":\"2024-06-01T23:51:23+00:00\",\"description\":\"For frie nationer at forblive frie, m\u00e5 de kunne hindre eller modst\u00e5 alle de fristelser, der vil blive p\u00e5f\u00f8rt dem. L\u00e6r hvorfor ....\",\"breadcrumb\":{\"@id\":\"https:\/\/www.alliesofhumanity.org\/da\/the-briefings\/book-four\/free-nations-universe\/#breadcrumb\"},\"inLanguage\":\"da-DK\",\"potentialAction\":[{\"@type\":\"ReadAction\",\"target\":[\"https:\/\/www.alliesofhumanity.org\/da\/the-briefings\/book-four\/free-nations-universe\/\"]}]},{\"@type\":\"BreadcrumbList\",\"@id\":\"https:\/\/www.alliesofhumanity.org\/da\/the-briefings\/book-four\/free-nations-universe\/#breadcrumb\",\"itemListElement\":[{\"@type\":\"ListItem\",\"position\":1,\"name\":\"Briefingerne\",\"item\":\"https:\/\/www.alliesofhumanity.org\/da\/the-briefings\/\"},{\"@type\":\"ListItem\",\"position\":2,\"name\":\"Bog Fire\",\"item\":\"https:\/\/www.alliesofhumanity.org\/da\/the-briefings\/book-four\/\"},{\"@type\":\"ListItem\",\"position\":3,\"name\":\"Tredje Briefing: Frihed i Universet\"}]},{\"@type\":\"WebSite\",\"@id\":\"https:\/\/www.alliesofhumanity.org\/da\/#website\",\"url\":\"https:\/\/www.alliesofhumanity.org\/da\/\",\"name\":\"The Allies of Humanity\",\"description\":\"\",\"potentialAction\":[{\"@type\":\"SearchAction\",\"target\":{\"@type\":\"EntryPoint\",\"urlTemplate\":\"https:\/\/www.alliesofhumanity.org\/da\/?s={search_term_string}\"},\"query-input\":{\"@type\":\"PropertyValueSpecification\",\"valueRequired\":true,\"valueName\":\"search_term_string\"}}],\"inLanguage\":\"da-DK\"}]}<\/script>\n<!-- \/ Yoast SEO plugin. -->","yoast_head_json":{"title":"Frihed i Universet - Hvordan Frie Racer Forbliver Frie","description":"For frie nationer at forblive frie, m\u00e5 de kunne hindre eller modst\u00e5 alle de fristelser, der vil blive p\u00e5f\u00f8rt dem. L\u00e6r hvorfor ....","robots":{"index":"index","follow":"follow","max-snippet":"max-snippet:-1","max-image-preview":"max-image-preview:large","max-video-preview":"max-video-preview:-1"},"canonical":"https:\/\/www.alliesofhumanity.org\/da\/the-briefings\/book-four\/free-nations-universe\/","og_locale":"da_DK","og_type":"article","og_title":"Frihed i Universet - Hvordan Frie Racer Forbliver Frie","og_description":"For frie nationer at forblive frie, m\u00e5 de kunne hindre eller modst\u00e5 alle de fristelser, der vil blive p\u00e5f\u00f8rt dem. L\u00e6r hvorfor ....","og_url":"https:\/\/www.alliesofhumanity.org\/da\/the-briefings\/book-four\/free-nations-universe\/","og_site_name":"The Allies of Humanity","article_publisher":"https:\/\/www.facebook.com\/alliesofhumanity\/","article_modified_time":"2024-06-01T23:51:23+00:00","og_image":[{"width":1200,"height":630,"url":"https:\/\/www.alliesofhumanity.org\/wp-content\/uploads\/2021\/01\/og-socialmedia-aoh.jpg","type":"image\/jpeg"}],"twitter_card":"summary_large_image","twitter_title":"Frihed i Universet - Hvordan Frie Racer Forbliver Frie","twitter_site":"@earthallies","twitter_misc":{"Estimeret l\u00e6setid":"8 minutter"},"schema":{"@context":"https:\/\/schema.org","@graph":[{"@type":"WebPage","@id":"https:\/\/www.alliesofhumanity.org\/da\/the-briefings\/book-four\/free-nations-universe\/","url":"https:\/\/www.alliesofhumanity.org\/da\/the-briefings\/book-four\/free-nations-universe\/","name":"Frihed i Universet - Hvordan Frie Racer Forbliver Frie","isPartOf":{"@id":"https:\/\/www.alliesofhumanity.org\/da\/#website"},"datePublished":"2021-09-30T20:50:39+00:00","dateModified":"2024-06-01T23:51:23+00:00","description":"For frie nationer at forblive frie, m\u00e5 de kunne hindre eller modst\u00e5 alle de fristelser, der vil blive p\u00e5f\u00f8rt dem. L\u00e6r hvorfor ....","breadcrumb":{"@id":"https:\/\/www.alliesofhumanity.org\/da\/the-briefings\/book-four\/free-nations-universe\/#breadcrumb"},"inLanguage":"da-DK","potentialAction":[{"@type":"ReadAction","target":["https:\/\/www.alliesofhumanity.org\/da\/the-briefings\/book-four\/free-nations-universe\/"]}]},{"@type":"BreadcrumbList","@id":"https:\/\/www.alliesofhumanity.org\/da\/the-briefings\/book-four\/free-nations-universe\/#breadcrumb","itemListElement":[{"@type":"ListItem","position":1,"name":"Briefingerne","item":"https:\/\/www.alliesofhumanity.org\/da\/the-briefings\/"},{"@type":"ListItem","position":2,"name":"Bog Fire","item":"https:\/\/www.alliesofhumanity.org\/da\/the-briefings\/book-four\/"},{"@type":"ListItem","position":3,"name":"Tredje Briefing: Frihed i Universet"}]},{"@type":"WebSite","@id":"https:\/\/www.alliesofhumanity.org\/da\/#website","url":"https:\/\/www.alliesofhumanity.org\/da\/","name":"The Allies of Humanity","description":"","potentialAction":[{"@type":"SearchAction","target":{"@type":"EntryPoint","urlTemplate":"https:\/\/www.alliesofhumanity.org\/da\/?s={search_term_string}"},"query-input":{"@type":"PropertyValueSpecification","valueRequired":true,"valueName":"search_term_string"}}],"inLanguage":"da-DK"}]}},"_links":{"self":[{"href":"https:\/\/www.alliesofhumanity.org\/da\/wp-json\/wp\/v2\/pages\/19410","targetHints":{"allow":["GET"]}}],"collection":[{"href":"https:\/\/www.alliesofhumanity.org\/da\/wp-json\/wp\/v2\/pages"}],"about":[{"href":"https:\/\/www.alliesofhumanity.org\/da\/wp-json\/wp\/v2\/types\/page"}],"author":[{"embeddable":true,"href":"https:\/\/www.alliesofhumanity.org\/da\/wp-json\/wp\/v2\/users\/23"}],"replies":[{"embeddable":true,"href":"https:\/\/www.alliesofhumanity.org\/da\/wp-json\/wp\/v2\/comments?post=19410"}],"version-history":[{"count":12,"href":"https:\/\/www.alliesofhumanity.org\/da\/wp-json\/wp\/v2\/pages\/19410\/revisions"}],"predecessor-version":[{"id":22991,"href":"https:\/\/www.alliesofhumanity.org\/da\/wp-json\/wp\/v2\/pages\/19410\/revisions\/22991"}],"up":[{"embeddable":true,"href":"https:\/\/www.alliesofhumanity.org\/da\/wp-json\/wp\/v2\/pages\/19407"}],"wp:attachment":[{"href":"https:\/\/www.alliesofhumanity.org\/da\/wp-json\/wp\/v2\/media?parent=19410"}],"curies":[{"name":"wp","href":"https:\/\/api.w.org\/{rel}","templated":true}]}}