{"id":19408,"date":"2021-09-30T21:48:16","date_gmt":"2021-09-30T20:48:16","guid":{"rendered":"https:\/\/www.alliesofhumanity.org\/book-four\/exercise-restraint\/"},"modified":"2024-05-30T20:35:22","modified_gmt":"2024-05-30T19:35:22","slug":"exercise-restraint","status":"publish","type":"page","link":"https:\/\/www.alliesofhumanity.org\/da\/the-briefings\/book-four\/exercise-restraint\/","title":{"rendered":"Anden Briefing: Vigtigheden af Tilbageholdelse"},"content":{"rendered":"\t\t<div data-elementor-type=\"wp-page\" data-elementor-id=\"19408\" class=\"elementor elementor-19408 elementor-2534\" data-elementor-post-type=\"page\">\t\t\t\t\t\t<section class=\"elementor-section elementor-top-section elementor-element elementor-element-414c4fd5 elementor-section-boxed elementor-section-height-default elementor-section-height-default\" data-id=\"414c4fd5\" data-element_type=\"section\">\t\t\t\t\t\t<div class=\"elementor-container elementor-column-gap-default\">\t\t\t\t\t<div class=\"elementor-column elementor-col-100 elementor-top-column elementor-element elementor-element-674426c7\" data-id=\"674426c7\" data-element_type=\"column\">\t\t\t<div class=\"elementor-widget-wrap elementor-element-populated\">\t\t\t\t\t\t<div class=\"elementor-element elementor-element-598920f elementor-widget elementor-widget-text-editor\" data-id=\"598920f\" data-element_type=\"widget\" data-widget_type=\"text-editor.default\">\t\t\t\t<div class=\"elementor-widget-container\">\t\t\t\t\t\t\t\t\t<p>I m\u00e5 udvise stor tilbageholdenhed i universet. T\u00e6nk ikke, at I kan tage ud og engagere jer med nogen, I synes er interessante, eller at rejse til andre racers verdener, eller at I vil finde store m\u00f8desteder, hvor mange racer m\u00f8des for rekreation eller for sociale form\u00e5l, for det er bestemt ikke tilf\u00e6ldet. Vi har kunnet se jeres film, der skildrer livet i universet. Desv\u00e6rre er de i allerh\u00f8jeste grad ukorrekte og farligt vildledende. Realiteten er meget anderledes og meget besindende. I bliver n\u00f8dt til at udvise stor tilbageholdenhed. Hvis I er fast besluttede p\u00e5 at f\u00e5 avanceret teknologi fra andre racer, vil de med tiden f\u00e5 kontrol over jer og jeres verden. Dette m\u00e5 I afholde jer fra. <\/p>\r<p>Hvis I fors\u00f8ger at rejse eller erobre territorium udenfor dette solsystem, vil I m\u00f8de stor modstand og konflikt. I m\u00e5 afholde jer fra at s\u00f8ge disse ting.<\/p>\r<p>I vil ikke kunne tage udenfor dette solsystem for at lede efter en anden verden som jeres egen, hvis I skulle \u00f8del\u00e6gge den i for h\u00f8j grad, for s\u00e5danne verdener er sj\u00e6ldne og ejes og bevogtes af andre, der er langt st\u00e6rkere end I. I m\u00e5 afholde jer fra at ville eller forvente disse ting.<\/p>\r<p>Hvis I tror, at der er andre verdener, der afventer jeres udforskning, skulle I \u00f8del\u00e6gge denne verden gennem krig eller tilbagegang, vil I opdage, at I ikke har styrken eller indflydelsen i det St\u00f8rre F\u00e6llesskab til at f\u00e5 adgang til dem, eller have en m\u00e5de at n\u00e5 dem p\u00e5, i betragtning af jeres nuv\u00e6rende teknologiske udvikling. I m\u00e5 afholde jer fra at t\u00e6nke disse ting \u2013 at tro, at en anden verden vil v\u00e6re der for at blive indtaget, for det vil ikke v\u00e6re tilf\u00e6ldet.<\/p>\r<p>I kan t\u00e6nke, at I kan \u00f8del\u00e6gge jeres verden, og at teknologi vil redde jer fra konsekvenserne. Men, hvis I g\u00f8r det, vil jeres verden underminere den menneskelige civilisation og sv\u00e6kke jer til det punkt, hvor I ikke ville kunne modst\u00e5 fremmed intervention eller l\u00f8fterne om fred, magt og teknologi, som endog i dag bliver pr\u00e6senteret for jeres nationers ledere og for visse af jeres religi\u00f8se institutioners ledere.\r<\/p><p>I m\u00e5 afholde jer fra at t\u00e6nke, at I kan plyndre denne verden og have noget som helst h\u00e5b om frihed og suver\u00e6nitet i universet, eller t\u00e6nke, at I kan forts\u00e6tte krig og konkurrence, \u00f8del\u00e6ggende konkurrence, til fordel for jeres nation. For det vil kun f\u00f8re til yderligere sv\u00e6kkelse af den menneskelige familie \u2013 opsplitte den menneskelige familie endnu mere, og vil i endnu h\u00f8jere grad \u00f8del\u00e6gge muligheden for fremtidigt samarbejde, et samarbejde, der vil v\u00e6re s\u00e5 n\u00f8dvendig for jeres fremtid og for jeres velv\u00e6re.\r<\/p><p>I m\u00e5 tilbageholde disse forestillinger om, at krig er fordelagtig for jer, at den vil give jer profit eller fortrin her, for den vil kun s\u00e5 kimen til jeres fald og styrke de racer, der s\u00f8ger at etablere sig her, som denne verdens overherrer.\r<\/p><p class=\"image-quote float-right\"><img decoding=\"async\" src=\"https:\/\/www.alliesofhumanity.org\/wp-content\/uploads\/2020\/12\/quote-book4-briefing2-1.png\" alt=\"\" \/><\/p><blockquote id=\"quote-2\" class=\"text-quote float-right bg-black\">I bliver n\u00f8dt til at udvise stor tilbageholdenhed. Hvis I er fast besluttede p\u00e5 at f\u00e5 avanceret teknologi fra andre racer, vil de med tiden f\u00e5 kontrol over jer og jeres verden. Dette m\u00e5 I afholde jer fra. <\/blockquote><p>Vend jeres \u00f8jne mod himlen. Det er der jeres fremtid og jeres sk\u00e6bne ligger. Se op p\u00e5 himlen om natten og vid, at den er fuld af intelligent liv. Mens der er utallige golde og ubeboelige verdener derude, er antallet af racer i jeres lokalunivers, i denne sektor, som er en lille region af rummet, enormt. For I bor i en meget befolket del af galaksen, hvor regler for engagement l\u00e6nge har v\u00e6ret etableret, og hvor krig er blevet undertrykt. Det er b\u00e5de en fordel og en ulempe for jer. Som vi har talt om i vores tidligere Briefinger, er I beskyttede mod direkte erobring, men muligheden for og realiteten af Intervention og overtalelse er enorm.\r<\/p><p>I bliver n\u00f8dt til at f\u00e5 st\u00f8rre f\u00e6rdigheder her og forberedelse: opm\u00e6rksomhed, beslutsomhed, f\u00e6rdighed, tilbageholdenhed. Lige nu er universet for jer blot baggrunden for jeres store problemer p\u00e5 Jorden. Men dette univers\u2019 realitet er den st\u00f8rste drivkraft i jeres verden og jeres evolution. Det driver jer, p\u00e5 grund af den store udfordring det udg\u00f8r, samt den store mulighed og det store krav om samlethed og samarbejde, som det vil fremme, hvis det kan ses og kendes og reageres p\u00e5.\r<\/p><p>Intervention af denne art har aldrig f\u00f8r fundet sted i verden, for I var endnu for primitive og jeres teknologi endnu for uudviklet til, at I kunne v\u00e6re funktionsdygtige kandidater til fremmed kontrol og overtalelse. Selvom verden er blevet bes\u00f8gt mange gange i l\u00f8bet af jeres lange historie, har Intervention af denne art aldrig rigtig v\u00e6ret fors\u00f8gt.\r<\/p><p>Men nu har I skabt international kommunikation, global kommers, global handel. I har skabt en grundl\u00e6ggende infrastruktur, som andre kan benytte og profitere gennem. Dette, plus bevidstheden om, at menneskeheden kan blive for st\u00e6rk for intervention, har genereret Interventionen i jeres verden i dag, som har accelereret siden den sidste store verdenskonflikt og nu accelererer i mange forskellige omr\u00e5der af jeres liv.\r<\/p><p>Hvis set korrekt, er det en udfordring, der kan g\u00f8re jer i stand til at h\u00e6ve jer over jeres konflikter og konstante uenighed i jeres verden. Af ren og sk\u00e6r n\u00f8dvendighed, m\u00e5 alle nationers ressourcer forenes, for at beskytte denne verden.\r<\/p><p>Jeres forst\u00e5else af universet m\u00e5 \u00e6ndre sig og blive virkelighedsn\u00e6rt. Erkendelsen af jeres prek\u00e6re situation m\u00e5 anerkendes og v\u00e6re grundl\u00e6ggende for jer.\r<\/p><p>I m\u00e5 beskytte milj\u00f8et i denne verden \u2013 dens klima, dens ressourcer \u2013 ellers vil I blive forarmede og fortvivlede p\u00e5 et niveau, der aldrig f\u00f8r er set i denne verden. Dog er disse ting sket utallige gange i universet, med uundg\u00e5elige og forudsigelige resultater.\r<\/p><p class=\"image-quote float-left\"><img decoding=\"async\" src=\"https:\/\/www.alliesofhumanity.org\/wp-content\/uploads\/2020\/12\/quote-book4-briefing2-2.png\" alt=\"\" \/><\/p><blockquote id=\"quote-4\" class=\"text-quote float-left bg-red\">I bliver n\u00f8dt til at f\u00e5 st\u00f8rre f\u00e6rdigheder her og forberedelse: opm\u00e6rksomhed, beslutsomhed, f\u00e6rdighed, tilbageholdenhed. Lige nu er universet for jer blot baggrunden for jeres store problemer p\u00e5 Jorden.<\/blockquote><p>Vores kulturer er gamle nok til at have en historie, der inkluderer lokale begivenheder i denne del af galaksen. Vi har kunnet se og vide ting, som I endnu ikke kan se eller vide direkte. Vi kan kun give jer denne visdom, dette st\u00f8rre perspektiv. T\u00e6nk ikke, at det bare er et perspektiv, for det er sandheden om jeres virkelighed. Det er det, der kommer. Det er det, der allerede er her.\r<\/p>\t\t\t\t\t\t\t\t<\/div>\t\t\t\t<\/div>\t\t\t\t\t<\/div>\t\t<\/div>\t\t\t\t\t<\/div>\t\t<\/section>\t\t\t\t<\/div><p>\t\t<\/p>","protected":false},"excerpt":{"rendered":"<p>I m\u00e5 udvise stor tilbageholdenhed i universet. T\u00e6nk ikke, at I kan tage ud og engagere jer med nogen, I synes er interessante, eller at rejse til andre racers verdener, eller at I vil finde store m\u00f8desteder, hvor mange racer m\u00f8des for rekreation eller for sociale form\u00e5l, for det er bestemt ikke tilf\u00e6ldet. Vi har [&hellip;]<\/p>\n","protected":false},"author":23,"featured_media":0,"parent":19407,"menu_order":2,"comment_status":"closed","ping_status":"closed","template":"page.php","meta":{"_acf_changed":false,"footnotes":""},"class_list":["post-19408","page","type-page","status-publish","hentry"],"acf":[],"yoast_head":"<!-- This site is optimized with the Yoast SEO plugin v26.5 - https:\/\/yoast.com\/wordpress\/plugins\/seo\/ -->\n<title>Udenjordisk Kontakt og Vigtigheden af Tilbageholdenhed<\/title>\n<meta name=\"description\" content=\"Hvis vi er fast besluttede p\u00e5 at have avanceret teknologi fra ET racer, vil de med tiden f\u00e5 kontrol over menneskeheden og vores verden. L\u00e6r hvorfor ....\" \/>\n<meta name=\"robots\" content=\"index, follow, max-snippet:-1, max-image-preview:large, max-video-preview:-1\" \/>\n<link rel=\"canonical\" href=\"https:\/\/www.alliesofhumanity.org\/da\/the-briefings\/book-four\/exercise-restraint\/\" \/>\n<meta property=\"og:locale\" content=\"da_DK\" \/>\n<meta property=\"og:type\" content=\"article\" \/>\n<meta property=\"og:title\" content=\"Udenjordisk Kontakt og Vigtigheden af Tilbageholdenhed\" \/>\n<meta property=\"og:description\" content=\"Hvis vi er fast besluttede p\u00e5 at have avanceret teknologi fra ET racer, vil de med tiden f\u00e5 kontrol over menneskeheden og vores verden. L\u00e6r hvorfor ....\" \/>\n<meta property=\"og:url\" content=\"https:\/\/www.alliesofhumanity.org\/da\/the-briefings\/book-four\/exercise-restraint\/\" \/>\n<meta property=\"og:site_name\" content=\"The Allies of Humanity\" \/>\n<meta property=\"article:publisher\" content=\"https:\/\/www.facebook.com\/alliesofhumanity\/\" \/>\n<meta property=\"article:modified_time\" content=\"2024-05-30T19:35:22+00:00\" \/>\n<meta property=\"og:image\" content=\"https:\/\/www.alliesofhumanity.org\/wp-content\/uploads\/2021\/01\/og-socialmedia-aoh.jpg\" \/>\n\t<meta property=\"og:image:width\" content=\"1200\" \/>\n\t<meta property=\"og:image:height\" content=\"630\" \/>\n\t<meta property=\"og:image:type\" content=\"image\/jpeg\" \/>\n<meta name=\"twitter:card\" content=\"summary_large_image\" \/>\n<meta name=\"twitter:title\" content=\"Udenjordisk Kontakt og Vigtigheden af Tilbageholdenhed\" \/>\n<meta name=\"twitter:site\" content=\"@earthallies\" \/>\n<meta name=\"twitter:label1\" content=\"Estimeret l\u00e6setid\" \/>\n\t<meta name=\"twitter:data1\" content=\"5 minutter\" \/>\n<script type=\"application\/ld+json\" class=\"yoast-schema-graph\">{\"@context\":\"https:\/\/schema.org\",\"@graph\":[{\"@type\":\"WebPage\",\"@id\":\"https:\/\/www.alliesofhumanity.org\/da\/the-briefings\/book-four\/exercise-restraint\/\",\"url\":\"https:\/\/www.alliesofhumanity.org\/da\/the-briefings\/book-four\/exercise-restraint\/\",\"name\":\"Udenjordisk Kontakt og Vigtigheden af Tilbageholdenhed\",\"isPartOf\":{\"@id\":\"https:\/\/www.alliesofhumanity.org\/da\/#website\"},\"datePublished\":\"2021-09-30T20:48:16+00:00\",\"dateModified\":\"2024-05-30T19:35:22+00:00\",\"description\":\"Hvis vi er fast besluttede p\u00e5 at have avanceret teknologi fra ET racer, vil de med tiden f\u00e5 kontrol over menneskeheden og vores verden. L\u00e6r hvorfor ....\",\"breadcrumb\":{\"@id\":\"https:\/\/www.alliesofhumanity.org\/da\/the-briefings\/book-four\/exercise-restraint\/#breadcrumb\"},\"inLanguage\":\"da-DK\",\"potentialAction\":[{\"@type\":\"ReadAction\",\"target\":[\"https:\/\/www.alliesofhumanity.org\/da\/the-briefings\/book-four\/exercise-restraint\/\"]}]},{\"@type\":\"BreadcrumbList\",\"@id\":\"https:\/\/www.alliesofhumanity.org\/da\/the-briefings\/book-four\/exercise-restraint\/#breadcrumb\",\"itemListElement\":[{\"@type\":\"ListItem\",\"position\":1,\"name\":\"Briefingerne\",\"item\":\"https:\/\/www.alliesofhumanity.org\/da\/the-briefings\/\"},{\"@type\":\"ListItem\",\"position\":2,\"name\":\"Bog Fire\",\"item\":\"https:\/\/www.alliesofhumanity.org\/da\/the-briefings\/book-four\/\"},{\"@type\":\"ListItem\",\"position\":3,\"name\":\"Anden Briefing: Vigtigheden af Tilbageholdelse\"}]},{\"@type\":\"WebSite\",\"@id\":\"https:\/\/www.alliesofhumanity.org\/da\/#website\",\"url\":\"https:\/\/www.alliesofhumanity.org\/da\/\",\"name\":\"The Allies of Humanity\",\"description\":\"\",\"potentialAction\":[{\"@type\":\"SearchAction\",\"target\":{\"@type\":\"EntryPoint\",\"urlTemplate\":\"https:\/\/www.alliesofhumanity.org\/da\/?s={search_term_string}\"},\"query-input\":{\"@type\":\"PropertyValueSpecification\",\"valueRequired\":true,\"valueName\":\"search_term_string\"}}],\"inLanguage\":\"da-DK\"}]}<\/script>\n<!-- \/ Yoast SEO plugin. -->","yoast_head_json":{"title":"Udenjordisk Kontakt og Vigtigheden af Tilbageholdenhed","description":"Hvis vi er fast besluttede p\u00e5 at have avanceret teknologi fra ET racer, vil de med tiden f\u00e5 kontrol over menneskeheden og vores verden. L\u00e6r hvorfor ....","robots":{"index":"index","follow":"follow","max-snippet":"max-snippet:-1","max-image-preview":"max-image-preview:large","max-video-preview":"max-video-preview:-1"},"canonical":"https:\/\/www.alliesofhumanity.org\/da\/the-briefings\/book-four\/exercise-restraint\/","og_locale":"da_DK","og_type":"article","og_title":"Udenjordisk Kontakt og Vigtigheden af Tilbageholdenhed","og_description":"Hvis vi er fast besluttede p\u00e5 at have avanceret teknologi fra ET racer, vil de med tiden f\u00e5 kontrol over menneskeheden og vores verden. L\u00e6r hvorfor ....","og_url":"https:\/\/www.alliesofhumanity.org\/da\/the-briefings\/book-four\/exercise-restraint\/","og_site_name":"The Allies of Humanity","article_publisher":"https:\/\/www.facebook.com\/alliesofhumanity\/","article_modified_time":"2024-05-30T19:35:22+00:00","og_image":[{"width":1200,"height":630,"url":"https:\/\/www.alliesofhumanity.org\/wp-content\/uploads\/2021\/01\/og-socialmedia-aoh.jpg","type":"image\/jpeg"}],"twitter_card":"summary_large_image","twitter_title":"Udenjordisk Kontakt og Vigtigheden af Tilbageholdenhed","twitter_site":"@earthallies","twitter_misc":{"Estimeret l\u00e6setid":"5 minutter"},"schema":{"@context":"https:\/\/schema.org","@graph":[{"@type":"WebPage","@id":"https:\/\/www.alliesofhumanity.org\/da\/the-briefings\/book-four\/exercise-restraint\/","url":"https:\/\/www.alliesofhumanity.org\/da\/the-briefings\/book-four\/exercise-restraint\/","name":"Udenjordisk Kontakt og Vigtigheden af Tilbageholdenhed","isPartOf":{"@id":"https:\/\/www.alliesofhumanity.org\/da\/#website"},"datePublished":"2021-09-30T20:48:16+00:00","dateModified":"2024-05-30T19:35:22+00:00","description":"Hvis vi er fast besluttede p\u00e5 at have avanceret teknologi fra ET racer, vil de med tiden f\u00e5 kontrol over menneskeheden og vores verden. L\u00e6r hvorfor ....","breadcrumb":{"@id":"https:\/\/www.alliesofhumanity.org\/da\/the-briefings\/book-four\/exercise-restraint\/#breadcrumb"},"inLanguage":"da-DK","potentialAction":[{"@type":"ReadAction","target":["https:\/\/www.alliesofhumanity.org\/da\/the-briefings\/book-four\/exercise-restraint\/"]}]},{"@type":"BreadcrumbList","@id":"https:\/\/www.alliesofhumanity.org\/da\/the-briefings\/book-four\/exercise-restraint\/#breadcrumb","itemListElement":[{"@type":"ListItem","position":1,"name":"Briefingerne","item":"https:\/\/www.alliesofhumanity.org\/da\/the-briefings\/"},{"@type":"ListItem","position":2,"name":"Bog Fire","item":"https:\/\/www.alliesofhumanity.org\/da\/the-briefings\/book-four\/"},{"@type":"ListItem","position":3,"name":"Anden Briefing: Vigtigheden af Tilbageholdelse"}]},{"@type":"WebSite","@id":"https:\/\/www.alliesofhumanity.org\/da\/#website","url":"https:\/\/www.alliesofhumanity.org\/da\/","name":"The Allies of Humanity","description":"","potentialAction":[{"@type":"SearchAction","target":{"@type":"EntryPoint","urlTemplate":"https:\/\/www.alliesofhumanity.org\/da\/?s={search_term_string}"},"query-input":{"@type":"PropertyValueSpecification","valueRequired":true,"valueName":"search_term_string"}}],"inLanguage":"da-DK"}]}},"_links":{"self":[{"href":"https:\/\/www.alliesofhumanity.org\/da\/wp-json\/wp\/v2\/pages\/19408","targetHints":{"allow":["GET"]}}],"collection":[{"href":"https:\/\/www.alliesofhumanity.org\/da\/wp-json\/wp\/v2\/pages"}],"about":[{"href":"https:\/\/www.alliesofhumanity.org\/da\/wp-json\/wp\/v2\/types\/page"}],"author":[{"embeddable":true,"href":"https:\/\/www.alliesofhumanity.org\/da\/wp-json\/wp\/v2\/users\/23"}],"replies":[{"embeddable":true,"href":"https:\/\/www.alliesofhumanity.org\/da\/wp-json\/wp\/v2\/comments?post=19408"}],"version-history":[{"count":9,"href":"https:\/\/www.alliesofhumanity.org\/da\/wp-json\/wp\/v2\/pages\/19408\/revisions"}],"predecessor-version":[{"id":22987,"href":"https:\/\/www.alliesofhumanity.org\/da\/wp-json\/wp\/v2\/pages\/19408\/revisions\/22987"}],"up":[{"embeddable":true,"href":"https:\/\/www.alliesofhumanity.org\/da\/wp-json\/wp\/v2\/pages\/19407"}],"wp:attachment":[{"href":"https:\/\/www.alliesofhumanity.org\/da\/wp-json\/wp\/v2\/media?parent=19408"}],"curies":[{"name":"wp","href":"https:\/\/api.w.org\/{rel}","templated":true}]}}