{"id":19407,"date":"2021-09-30T21:45:16","date_gmt":"2021-09-30T20:45:16","guid":{"rendered":"https:\/\/www.alliesofhumanity.org\/book-four\/"},"modified":"2024-05-28T03:32:04","modified_gmt":"2024-05-28T02:32:04","slug":"book-four","status":"publish","type":"page","link":"https:\/\/www.alliesofhumanity.org\/da\/the-briefings\/book-four\/","title":{"rendered":"Bog Fire"},"content":{"rendered":"<h5>Alle Menneskehedens Allieredes Briefinger er tilg\u00e6ngelige gratis online. Indled rejsen med de Allierede Bog Fire.<\/h5>\n<p>Menneskehedens Allierede er en gruppe individer fra flere forskellige verdener, som er kommet til Jordens n\u00e6rhed for at observere den fremmede Intervention, der finder sted i vores verden, og for at rapportere om i denne Interventions aktiviteter og dens implikationer for den menneskelige race.<\/p>\n<p>Gennem deres Briefinger afsl\u00f8rer de allierede virkeligheden i den kontakt, der finder sted i verden i dag &#8211; hvem de bes\u00f8gende er, hvorfor de er her, og den st\u00f8rre dagsorden bag deres aktiviteter. P\u00e5 den m\u00e5de udfylder Briefingerne mange af de afg\u00f8rende huller i vores forst\u00e5else af virkeligheden omkring udenjordiske bes\u00f8g og UFO-f\u00e6nomenet, som har v\u00e6ret i forskningens og unders\u00f8gelsernes fokus i over syv \u00e5rtier.<\/p>\n<p>Disse Briefinger er en del af en st\u00f8rre kommunikation fra de racer i vores lokale univers, som st\u00f8tter menneskehedens frihed og suver\u00e6nitet, idet den tr\u00e6der ind i et &#8220;St\u00f8rre F\u00e6llesskab&#8221; af liv. Dette er et autentisk budskab fra en udenjordisk kilde, der advarer os om farerne ved Intervention udefra og opfordrer os indtr\u00e6ngende til at forberede os p\u00e5 udfordringerne ved livet i universet.<\/p>\n<p>Klik <a href=\"http:\/\/community.newmessage.org\/who-we-are-and-what-we-represent\" target=\"_blank\" rel=\"noopener\">her<\/a> for at diskutere Briefingerne p\u00e5 vores F\u00e6llesskabs Side.<\/p>\n<p><!--\nGet a copy of the book:\n\n\n<ul>\n \t\n\n<li>Print version: <a href=\"https:\/\/newknowledgelibrary.org\/books\/allies-of-humanity-book-four-english-print-book\/\" target=\"_blank\" rel=\"noopener\">New Knowledge Library<\/a>\u00a0or\u00a0<a href=\"https:\/\/www.amazon.com\/Allies-Humanity-Book-Four-Universe\/dp\/B07XV9C7GK\/ref=tmm_pap_swatch_0\" target=\"_blank\" rel=\"noopener\">Amazon<\/a>.<\/li>\n\n\n \t\n\n<li>Ebook format: <a href=\"https:\/\/newknowledgelibrary.org\/e-books\/allies-of-humanity-book-four-english-e-book\/\" target=\"_blank\" rel=\"noopener\">New Knowledge Library<\/a>, <a href=\"https:\/\/www.amazon.com\/dp\/B07XT8V7X6\/\" target=\"_blank\" rel=\"noopener\">Kindle version for just $0.99 from Amazon<\/a>, <a href=\"https:\/\/books.apple.com\/book\/the-allies-of-humanity-book-four\/id1480031070\" target=\"_blank\" rel=\"noopener\">Apple Books<\/a>\u00a0or\u00a0<a href=\"https:\/\/play.google.com\/store\/books\/details\/Marshall_Vian_Summers_The_Allies_of_Humanity_Book?id=VVOvDwAAQBAJ\" target=\"_blank\" rel=\"noopener\">Google Play<\/a>.<\/li>\n\n\n<\/ul>\n\n\n\n\n\n<hr \/>\n\n\n--><\/p>\n<h5>Begynd at L\u00e6se Briefingerne Online Nu!<\/h5>\n<p>Indholdsfortegnelse:<\/p>\n<p><a href=\"\/da\/ah4-a-message-from-marshall-vian-summers\">Et Budskab fra Marshall Vian Summers<\/a><\/p>\n<p><a href=\"\/da\/allies-free-races\">F\u00f8rste briefing: Hvem Vi Er og Hvad Vi Repr\u00e6senterer<\/a><\/p>\n<p><a href=\"\/da\/exercise-restraint\">Anden Briefing: Vigtigheden af Tilbageholdenhed<\/a><\/p>\n<p><a href=\"\/da\/free-nations-universe\">Tredje Briefing: Frihed i Universet<\/a><\/p>\n<p><a href=\"\/da\/higher-powers\">Fjerde Briefing: H\u00f8jere Magter<\/a><\/p>\n<p><a href=\"\/da\/secure-freedom\">Femte Briefing: Den Store Koordinering<\/a><\/p>\n<p><a href=\"\/da\/networks-wise\">Sjette Briefing: De Viises Netv\u00e6rk<\/a><\/p>\n<p><a href=\"\/da\/briefings\/12-point-summary-of-the-allies-of-humanity-briefings\">12-Punkts Opsummering af Menneskehedens Allieredes Briefinger<\/a><\/p>\n<hr \/>\n<p>The Society for det Nye Budskab leverer nu alle fire bind af <i>Menneskehedens Allieredes<\/i> online uden bekostning. Det g\u00f8r vi, s\u00e5 dette budskab kan n\u00e5 s\u00e5 mange mennesker som muligt, b\u00e5de p\u00e5 gr\u00e6srodsniveau og i politiske, \u00f8konomiske og religi\u00f8se magtpositioner.<\/p>\n","protected":false},"excerpt":{"rendered":"<p>Alle Menneskehedens Allieredes Briefinger er tilg\u00e6ngelige gratis online. Indled rejsen med de Allierede Bog Fire. Menneskehedens Allierede er en gruppe individer fra flere forskellige verdener, som er kommet til Jordens n\u00e6rhed for at observere den fremmede Intervention, der finder sted i vores verden, og for at rapportere om i denne Interventions aktiviteter og dens implikationer [&hellip;]<\/p>\n","protected":false},"author":25,"featured_media":0,"parent":19421,"menu_order":4,"comment_status":"closed","ping_status":"closed","template":"page-book-start.php","meta":{"_acf_changed":false,"footnotes":""},"class_list":["post-19407","page","type-page","status-publish","hentry"],"acf":[],"yoast_head":"<!-- This site is optimized with the Yoast SEO plugin v26.5 - https:\/\/yoast.com\/wordpress\/plugins\/seo\/ -->\n<title>Menneskehedens Allierede Bog Fire: Frihed i Universet<\/title>\n<meta name=\"description\" content=\"Hvordan menneskeheden kan opn\u00e5 og bevare sin frihed i universet, i lyset af kontakt med udenjordisk fremmed liv.\" \/>\n<meta name=\"robots\" content=\"index, follow, max-snippet:-1, max-image-preview:large, max-video-preview:-1\" \/>\n<link rel=\"canonical\" href=\"https:\/\/www.alliesofhumanity.org\/da\/the-briefings\/book-four\/\" \/>\n<meta property=\"og:locale\" content=\"da_DK\" \/>\n<meta property=\"og:type\" content=\"article\" \/>\n<meta property=\"og:title\" content=\"Menneskehedens Allierede Bog Fire: Frihed i Universet\" \/>\n<meta property=\"og:description\" content=\"Hvordan menneskeheden kan opn\u00e5 og bevare sin frihed i universet, i lyset af kontakt med udenjordisk fremmed liv.\" \/>\n<meta property=\"og:url\" content=\"https:\/\/www.alliesofhumanity.org\/da\/the-briefings\/book-four\/\" \/>\n<meta property=\"og:site_name\" content=\"The Allies of Humanity\" \/>\n<meta property=\"article:publisher\" content=\"https:\/\/www.facebook.com\/alliesofhumanity\/\" \/>\n<meta property=\"article:modified_time\" content=\"2024-05-28T02:32:04+00:00\" \/>\n<meta property=\"og:image\" content=\"https:\/\/www.alliesofhumanity.org\/wp-content\/uploads\/2021\/01\/og-socialmedia-aoh.jpg\" \/>\n\t<meta property=\"og:image:width\" content=\"1200\" \/>\n\t<meta property=\"og:image:height\" content=\"630\" \/>\n\t<meta property=\"og:image:type\" content=\"image\/jpeg\" \/>\n<meta name=\"twitter:card\" content=\"summary_large_image\" \/>\n<meta name=\"twitter:title\" content=\"Menneskehedens Allierede Bog Fire: Frihed i Universet\" \/>\n<meta name=\"twitter:site\" content=\"@earthallies\" \/>\n<meta name=\"twitter:label1\" content=\"Estimeret l\u00e6setid\" \/>\n\t<meta name=\"twitter:data1\" content=\"2 minutter\" \/>\n<script type=\"application\/ld+json\" class=\"yoast-schema-graph\">{\"@context\":\"https:\/\/schema.org\",\"@graph\":[{\"@type\":\"WebPage\",\"@id\":\"https:\/\/www.alliesofhumanity.org\/da\/the-briefings\/book-four\/\",\"url\":\"https:\/\/www.alliesofhumanity.org\/da\/the-briefings\/book-four\/\",\"name\":\"Menneskehedens Allierede Bog Fire: Frihed i Universet\",\"isPartOf\":{\"@id\":\"https:\/\/www.alliesofhumanity.org\/da\/#website\"},\"datePublished\":\"2021-09-30T20:45:16+00:00\",\"dateModified\":\"2024-05-28T02:32:04+00:00\",\"description\":\"Hvordan menneskeheden kan opn\u00e5 og bevare sin frihed i universet, i lyset af kontakt med udenjordisk fremmed liv.\",\"breadcrumb\":{\"@id\":\"https:\/\/www.alliesofhumanity.org\/da\/the-briefings\/book-four\/#breadcrumb\"},\"inLanguage\":\"da-DK\",\"potentialAction\":[{\"@type\":\"ReadAction\",\"target\":[\"https:\/\/www.alliesofhumanity.org\/da\/the-briefings\/book-four\/\"]}]},{\"@type\":\"BreadcrumbList\",\"@id\":\"https:\/\/www.alliesofhumanity.org\/da\/the-briefings\/book-four\/#breadcrumb\",\"itemListElement\":[{\"@type\":\"ListItem\",\"position\":1,\"name\":\"Briefingerne\",\"item\":\"https:\/\/www.alliesofhumanity.org\/da\/the-briefings\/\"},{\"@type\":\"ListItem\",\"position\":2,\"name\":\"Bog Fire\"}]},{\"@type\":\"WebSite\",\"@id\":\"https:\/\/www.alliesofhumanity.org\/da\/#website\",\"url\":\"https:\/\/www.alliesofhumanity.org\/da\/\",\"name\":\"The Allies of Humanity\",\"description\":\"\",\"potentialAction\":[{\"@type\":\"SearchAction\",\"target\":{\"@type\":\"EntryPoint\",\"urlTemplate\":\"https:\/\/www.alliesofhumanity.org\/da\/?s={search_term_string}\"},\"query-input\":{\"@type\":\"PropertyValueSpecification\",\"valueRequired\":true,\"valueName\":\"search_term_string\"}}],\"inLanguage\":\"da-DK\"}]}<\/script>\n<!-- \/ Yoast SEO plugin. -->","yoast_head_json":{"title":"Menneskehedens Allierede Bog Fire: Frihed i Universet","description":"Hvordan menneskeheden kan opn\u00e5 og bevare sin frihed i universet, i lyset af kontakt med udenjordisk fremmed liv.","robots":{"index":"index","follow":"follow","max-snippet":"max-snippet:-1","max-image-preview":"max-image-preview:large","max-video-preview":"max-video-preview:-1"},"canonical":"https:\/\/www.alliesofhumanity.org\/da\/the-briefings\/book-four\/","og_locale":"da_DK","og_type":"article","og_title":"Menneskehedens Allierede Bog Fire: Frihed i Universet","og_description":"Hvordan menneskeheden kan opn\u00e5 og bevare sin frihed i universet, i lyset af kontakt med udenjordisk fremmed liv.","og_url":"https:\/\/www.alliesofhumanity.org\/da\/the-briefings\/book-four\/","og_site_name":"The Allies of Humanity","article_publisher":"https:\/\/www.facebook.com\/alliesofhumanity\/","article_modified_time":"2024-05-28T02:32:04+00:00","og_image":[{"width":1200,"height":630,"url":"https:\/\/www.alliesofhumanity.org\/wp-content\/uploads\/2021\/01\/og-socialmedia-aoh.jpg","type":"image\/jpeg"}],"twitter_card":"summary_large_image","twitter_title":"Menneskehedens Allierede Bog Fire: Frihed i Universet","twitter_site":"@earthallies","twitter_misc":{"Estimeret l\u00e6setid":"2 minutter"},"schema":{"@context":"https:\/\/schema.org","@graph":[{"@type":"WebPage","@id":"https:\/\/www.alliesofhumanity.org\/da\/the-briefings\/book-four\/","url":"https:\/\/www.alliesofhumanity.org\/da\/the-briefings\/book-four\/","name":"Menneskehedens Allierede Bog Fire: Frihed i Universet","isPartOf":{"@id":"https:\/\/www.alliesofhumanity.org\/da\/#website"},"datePublished":"2021-09-30T20:45:16+00:00","dateModified":"2024-05-28T02:32:04+00:00","description":"Hvordan menneskeheden kan opn\u00e5 og bevare sin frihed i universet, i lyset af kontakt med udenjordisk fremmed liv.","breadcrumb":{"@id":"https:\/\/www.alliesofhumanity.org\/da\/the-briefings\/book-four\/#breadcrumb"},"inLanguage":"da-DK","potentialAction":[{"@type":"ReadAction","target":["https:\/\/www.alliesofhumanity.org\/da\/the-briefings\/book-four\/"]}]},{"@type":"BreadcrumbList","@id":"https:\/\/www.alliesofhumanity.org\/da\/the-briefings\/book-four\/#breadcrumb","itemListElement":[{"@type":"ListItem","position":1,"name":"Briefingerne","item":"https:\/\/www.alliesofhumanity.org\/da\/the-briefings\/"},{"@type":"ListItem","position":2,"name":"Bog Fire"}]},{"@type":"WebSite","@id":"https:\/\/www.alliesofhumanity.org\/da\/#website","url":"https:\/\/www.alliesofhumanity.org\/da\/","name":"The Allies of Humanity","description":"","potentialAction":[{"@type":"SearchAction","target":{"@type":"EntryPoint","urlTemplate":"https:\/\/www.alliesofhumanity.org\/da\/?s={search_term_string}"},"query-input":{"@type":"PropertyValueSpecification","valueRequired":true,"valueName":"search_term_string"}}],"inLanguage":"da-DK"}]}},"_links":{"self":[{"href":"https:\/\/www.alliesofhumanity.org\/da\/wp-json\/wp\/v2\/pages\/19407","targetHints":{"allow":["GET"]}}],"collection":[{"href":"https:\/\/www.alliesofhumanity.org\/da\/wp-json\/wp\/v2\/pages"}],"about":[{"href":"https:\/\/www.alliesofhumanity.org\/da\/wp-json\/wp\/v2\/types\/page"}],"author":[{"embeddable":true,"href":"https:\/\/www.alliesofhumanity.org\/da\/wp-json\/wp\/v2\/users\/25"}],"replies":[{"embeddable":true,"href":"https:\/\/www.alliesofhumanity.org\/da\/wp-json\/wp\/v2\/comments?post=19407"}],"version-history":[{"count":4,"href":"https:\/\/www.alliesofhumanity.org\/da\/wp-json\/wp\/v2\/pages\/19407\/revisions"}],"predecessor-version":[{"id":22966,"href":"https:\/\/www.alliesofhumanity.org\/da\/wp-json\/wp\/v2\/pages\/19407\/revisions\/22966"}],"up":[{"embeddable":true,"href":"https:\/\/www.alliesofhumanity.org\/da\/wp-json\/wp\/v2\/pages\/19421"}],"wp:attachment":[{"href":"https:\/\/www.alliesofhumanity.org\/da\/wp-json\/wp\/v2\/media?parent=19407"}],"curies":[{"name":"wp","href":"https:\/\/api.w.org\/{rel}","templated":true}]}}