{"id":19392,"date":"2021-09-30T20:05:02","date_gmt":"2021-09-30T19:05:02","guid":{"rendered":"https:\/\/www.alliesofhumanity.org\/book-three\/"},"modified":"2024-05-19T02:10:45","modified_gmt":"2024-05-19T01:10:45","slug":"book-three","status":"publish","type":"page","link":"https:\/\/www.alliesofhumanity.org\/da\/the-briefings\/book-three\/","title":{"rendered":"Bog Tre"},"content":{"rendered":"<h5>Alle Menneskehedens Allieredes Briefinger er gratis tilg\u00e6ngelige online. Indled rejsen med de Allierede Bog Tre.<br \/>\n<\/h5>\n<p>Menneskehedens Allierede Bog Tre pr\u00e6senterer det tredje s\u00e6t briefinger fra en uden-planetarisk kilde, hvis erkl\u00e6rede form\u00e5l er at forberede den menneskelige familie p\u00e5 livets realiteter i vores lokale univers og at advare os om en fremmed Intervention, der nu finder sted p\u00e5 Jorden.<\/p>\n<p>Menneskehedens Allierede h\u00e6vder at repr\u00e6sentere en gruppe af \u201dfrie verdener\u201d i vores lokale region i rummet, som ikke \u00f8nsker at intervenere eller dominere andre verdener, men i stedet s\u00f8ger at st\u00f8tte frihed og suver\u00e6nitet i opdukkende verdener som vores egen. Her adskiller de allierede sig fra de kommercielle kr\u00e6fters Intervention i vores verden, som de kalder \u201dkollektiverne,\u201d hvis aktiviteter repr\u00e6senterer en m\u00f8rk dagsorden, der er blevet holdt hemmelig her i over et halvt \u00e5rhundrede. Menneskehedens Allieredes Briefinger afsl\u00f8rer de fire hoved-aktiviteter i disse fremmedes dagsorden og giver os et klart billede af, hvem der bes\u00f8ger vores verden, hvorfor de er her, og hvad de ultimativt vil.<\/p>\n<p>Briefingerne giver os ogs\u00e5 et indblik i livet udenfor vores verden, et indblik, som vi ellers aldrig ville have haft, og som afsl\u00f8rer karakteren af den handel, rejsen og interaktion, der finder sted mellem verdener, og de udfordringer, menneskeheden vil st\u00e5 overfor i vores lokale milj\u00f8 i rummet. Med dette g\u00f8r de Allierede det klart, at vi er i den uheldige situation, at v\u00e6re en indf\u00f8dt verden, der bliver opdaget af st\u00e6rke kr\u00e6fter udefra. Historien har l\u00e6rt os om de farer og tragedier, som indf\u00f8dte folk stod overfor, da de m\u00f8dte kr\u00e6fter udefra for f\u00f8rste gang. Nu er vi alle indf\u00f8dte i en ny verden, der st\u00e5r overfor truslen om Intervention.<\/p>\n<p>De Allieredes Briefinger giver os de n\u00f8gleoplysninger, vi har brug for til at forst\u00e5 interventionen, beskytte os selv mod dens aktiviteter og i sidste ende v\u00e6rne vores verden mod dens dagsorden. Med dette f\u00e5r vi ogs\u00e5 en ny vision for menneskehedens fremtid i rummet og en m\u00e5de til at dyrke en st\u00f8rre forenethed og frihed i vores verden, idet vi tr\u00e6der ind i et st\u00f8rre univers af intelligent liv.<\/p>\n<p><!--\nGet a copy of the book:\n\n\n<ul>\n \t\n\n<li>Print version: not available currently.<\/li>\n\n\n \t\n\n<li>Ebook format: <a href=\"https:\/\/newknowledgelibrary.org\/e-books\/the-allies-of-humanity-book-three-english-ebook\/\" target=\"_blank\" rel=\"noopener\">New Knowledge Library<\/a>, <a href=\"https:\/\/www.amazon.com\/Allies-Humanity-Book-Three-ebook\/dp\/B0078VIQTG\" target=\"_blank\" rel=\"noopener\">Kindle version on Amazon<\/a>, <a href=\"https:\/\/books.apple.com\/us\/book\/the-allies-of-humanity-book-three\/id894110421\" target=\"_blank\" rel=\"noopener\">Apple Books<\/a> or <a href=\"https:\/\/play.google.com\/store\/books\/details\/Marshall_Vian_Summers_The_Allies_of_Humanity_Book?id=7Uu_YwzD4HMC\" target=\"_blank\" rel=\"noopener\">Google Play<\/a>.<\/li>\n\n\n<\/ul>\n\n\n\n\n\n<hr \/>\n\n\n--><\/p>\n<h5>Begynd at l\u00e6se Briefingerne online nu!<\/h5>\n<p>Indholdsfortegnelse:<\/p>\n<p><a href=\"\/da\/contact-with-extraterestrial-races\">F\u00f8rste Briefing: Kontaktens Realitet<\/a><\/p>\n<p><a href=\"\/da\/requirements-freedom-universe\">Anden Briefing: De Krav Frihed stiller i Universet<\/a><\/p>\n<p><a href=\"\/da\/alien-intervention\">Tredje Briefing: Interventionens Redskaber<br \/>\n<\/a><\/p>\n<p><a href=\"\/da\/hidden-powers\">Fjerde Briefing: Skjulte Kr\u00e6fter<br \/>\n<\/a><\/p>\n<p><a href=\"\/da\/voices-universe-messages-space\">Femte Briefing: Mange Stemmer i Universet<\/a><\/p>\n<p><a href=\"\/da\/Life-Beyond-Earth\">Sjette Briefing: St\u00f8rre F\u00e6llesskabs Realiteter<br \/>\n<\/a><\/p>\n<p><a href=\"\/da\/questions-about-aliens\">Syvende Briefing: Sp\u00f8rgsm\u00e5l og Svar<\/a><\/p>\n<p>Nu g\u00f8r The Society for Det Nye Budskab alle Menneskehedens Allieredes fire bind tilg\u00e6ngelige online uden omkostninger. Det g\u00f8r vi, for at budskabet kan n\u00e5 ud til s\u00e5 mange mennesker som muligt, b\u00e5de p\u00e5 gr\u00e6srodsniveau og i politiske, \u00f8konomiske og religi\u00f8se magtpositioner.<\/p>\n","protected":false},"excerpt":{"rendered":"<p>Alle Menneskehedens Allieredes Briefinger er gratis tilg\u00e6ngelige online. Indled rejsen med de Allierede Bog Tre. Menneskehedens Allierede Bog Tre pr\u00e6senterer det tredje s\u00e6t briefinger fra en uden-planetarisk kilde, hvis erkl\u00e6rede form\u00e5l er at forberede den menneskelige familie p\u00e5 livets realiteter i vores lokale univers og at advare os om en fremmed Intervention, der nu finder [&hellip;]<\/p>\n","protected":false},"author":25,"featured_media":0,"parent":19421,"menu_order":3,"comment_status":"closed","ping_status":"closed","template":"page-book-start.php","meta":{"_acf_changed":false,"footnotes":""},"class_list":["post-19392","page","type-page","status-publish","hentry"],"acf":[],"yoast_head":"<!-- This site is optimized with the Yoast SEO plugin v26.5 - https:\/\/yoast.com\/wordpress\/plugins\/seo\/ -->\n<title>Menneskehedens Allierede Bog Tre: Et Budskab til Jorden<\/title>\n<meta name=\"description\" content=\"Menneskehedens Allierede taler om livets realiteter - handel og kommers, interaktioner - der findes i vores nabolag i rummet.\" \/>\n<meta name=\"robots\" content=\"index, follow, max-snippet:-1, max-image-preview:large, max-video-preview:-1\" \/>\n<link rel=\"canonical\" href=\"https:\/\/www.alliesofhumanity.org\/da\/the-briefings\/book-three\/\" \/>\n<meta property=\"og:locale\" content=\"da_DK\" \/>\n<meta property=\"og:type\" content=\"article\" \/>\n<meta property=\"og:title\" content=\"Menneskehedens Allierede Bog Tre: Et Budskab til Jorden\" \/>\n<meta property=\"og:description\" content=\"Menneskehedens Allierede taler om livets realiteter - handel og kommers, interaktioner - der findes i vores nabolag i rummet.\" \/>\n<meta property=\"og:url\" content=\"https:\/\/www.alliesofhumanity.org\/da\/the-briefings\/book-three\/\" \/>\n<meta property=\"og:site_name\" content=\"The Allies of Humanity\" \/>\n<meta property=\"article:publisher\" content=\"https:\/\/www.facebook.com\/alliesofhumanity\/\" \/>\n<meta property=\"article:modified_time\" content=\"2024-05-19T01:10:45+00:00\" \/>\n<meta property=\"og:image\" content=\"https:\/\/www.alliesofhumanity.org\/wp-content\/uploads\/2021\/01\/og-socialmedia-aoh.jpg\" \/>\n\t<meta property=\"og:image:width\" content=\"1200\" \/>\n\t<meta property=\"og:image:height\" content=\"630\" \/>\n\t<meta property=\"og:image:type\" content=\"image\/jpeg\" \/>\n<meta name=\"twitter:card\" content=\"summary_large_image\" \/>\n<meta name=\"twitter:title\" content=\"Menneskehedens Allierede Bog Tre: Et Budskab til Jorden\" \/>\n<meta name=\"twitter:site\" content=\"@earthallies\" \/>\n<meta name=\"twitter:label1\" content=\"Estimeret l\u00e6setid\" \/>\n\t<meta name=\"twitter:data1\" content=\"2 minutter\" \/>\n<script type=\"application\/ld+json\" class=\"yoast-schema-graph\">{\"@context\":\"https:\/\/schema.org\",\"@graph\":[{\"@type\":\"WebPage\",\"@id\":\"https:\/\/www.alliesofhumanity.org\/da\/the-briefings\/book-three\/\",\"url\":\"https:\/\/www.alliesofhumanity.org\/da\/the-briefings\/book-three\/\",\"name\":\"Menneskehedens Allierede Bog Tre: Et Budskab til Jorden\",\"isPartOf\":{\"@id\":\"https:\/\/www.alliesofhumanity.org\/da\/#website\"},\"datePublished\":\"2021-09-30T19:05:02+00:00\",\"dateModified\":\"2024-05-19T01:10:45+00:00\",\"description\":\"Menneskehedens Allierede taler om livets realiteter - handel og kommers, interaktioner - der findes i vores nabolag i rummet.\",\"breadcrumb\":{\"@id\":\"https:\/\/www.alliesofhumanity.org\/da\/the-briefings\/book-three\/#breadcrumb\"},\"inLanguage\":\"da-DK\",\"potentialAction\":[{\"@type\":\"ReadAction\",\"target\":[\"https:\/\/www.alliesofhumanity.org\/da\/the-briefings\/book-three\/\"]}]},{\"@type\":\"BreadcrumbList\",\"@id\":\"https:\/\/www.alliesofhumanity.org\/da\/the-briefings\/book-three\/#breadcrumb\",\"itemListElement\":[{\"@type\":\"ListItem\",\"position\":1,\"name\":\"Briefingerne\",\"item\":\"https:\/\/www.alliesofhumanity.org\/da\/the-briefings\/\"},{\"@type\":\"ListItem\",\"position\":2,\"name\":\"Bog Tre\"}]},{\"@type\":\"WebSite\",\"@id\":\"https:\/\/www.alliesofhumanity.org\/da\/#website\",\"url\":\"https:\/\/www.alliesofhumanity.org\/da\/\",\"name\":\"The Allies of Humanity\",\"description\":\"\",\"potentialAction\":[{\"@type\":\"SearchAction\",\"target\":{\"@type\":\"EntryPoint\",\"urlTemplate\":\"https:\/\/www.alliesofhumanity.org\/da\/?s={search_term_string}\"},\"query-input\":{\"@type\":\"PropertyValueSpecification\",\"valueRequired\":true,\"valueName\":\"search_term_string\"}}],\"inLanguage\":\"da-DK\"}]}<\/script>\n<!-- \/ Yoast SEO plugin. -->","yoast_head_json":{"title":"Menneskehedens Allierede Bog Tre: Et Budskab til Jorden","description":"Menneskehedens Allierede taler om livets realiteter - handel og kommers, interaktioner - der findes i vores nabolag i rummet.","robots":{"index":"index","follow":"follow","max-snippet":"max-snippet:-1","max-image-preview":"max-image-preview:large","max-video-preview":"max-video-preview:-1"},"canonical":"https:\/\/www.alliesofhumanity.org\/da\/the-briefings\/book-three\/","og_locale":"da_DK","og_type":"article","og_title":"Menneskehedens Allierede Bog Tre: Et Budskab til Jorden","og_description":"Menneskehedens Allierede taler om livets realiteter - handel og kommers, interaktioner - der findes i vores nabolag i rummet.","og_url":"https:\/\/www.alliesofhumanity.org\/da\/the-briefings\/book-three\/","og_site_name":"The Allies of Humanity","article_publisher":"https:\/\/www.facebook.com\/alliesofhumanity\/","article_modified_time":"2024-05-19T01:10:45+00:00","og_image":[{"width":1200,"height":630,"url":"https:\/\/www.alliesofhumanity.org\/wp-content\/uploads\/2021\/01\/og-socialmedia-aoh.jpg","type":"image\/jpeg"}],"twitter_card":"summary_large_image","twitter_title":"Menneskehedens Allierede Bog Tre: Et Budskab til Jorden","twitter_site":"@earthallies","twitter_misc":{"Estimeret l\u00e6setid":"2 minutter"},"schema":{"@context":"https:\/\/schema.org","@graph":[{"@type":"WebPage","@id":"https:\/\/www.alliesofhumanity.org\/da\/the-briefings\/book-three\/","url":"https:\/\/www.alliesofhumanity.org\/da\/the-briefings\/book-three\/","name":"Menneskehedens Allierede Bog Tre: Et Budskab til Jorden","isPartOf":{"@id":"https:\/\/www.alliesofhumanity.org\/da\/#website"},"datePublished":"2021-09-30T19:05:02+00:00","dateModified":"2024-05-19T01:10:45+00:00","description":"Menneskehedens Allierede taler om livets realiteter - handel og kommers, interaktioner - der findes i vores nabolag i rummet.","breadcrumb":{"@id":"https:\/\/www.alliesofhumanity.org\/da\/the-briefings\/book-three\/#breadcrumb"},"inLanguage":"da-DK","potentialAction":[{"@type":"ReadAction","target":["https:\/\/www.alliesofhumanity.org\/da\/the-briefings\/book-three\/"]}]},{"@type":"BreadcrumbList","@id":"https:\/\/www.alliesofhumanity.org\/da\/the-briefings\/book-three\/#breadcrumb","itemListElement":[{"@type":"ListItem","position":1,"name":"Briefingerne","item":"https:\/\/www.alliesofhumanity.org\/da\/the-briefings\/"},{"@type":"ListItem","position":2,"name":"Bog Tre"}]},{"@type":"WebSite","@id":"https:\/\/www.alliesofhumanity.org\/da\/#website","url":"https:\/\/www.alliesofhumanity.org\/da\/","name":"The Allies of Humanity","description":"","potentialAction":[{"@type":"SearchAction","target":{"@type":"EntryPoint","urlTemplate":"https:\/\/www.alliesofhumanity.org\/da\/?s={search_term_string}"},"query-input":{"@type":"PropertyValueSpecification","valueRequired":true,"valueName":"search_term_string"}}],"inLanguage":"da-DK"}]}},"_links":{"self":[{"href":"https:\/\/www.alliesofhumanity.org\/da\/wp-json\/wp\/v2\/pages\/19392","targetHints":{"allow":["GET"]}}],"collection":[{"href":"https:\/\/www.alliesofhumanity.org\/da\/wp-json\/wp\/v2\/pages"}],"about":[{"href":"https:\/\/www.alliesofhumanity.org\/da\/wp-json\/wp\/v2\/types\/page"}],"author":[{"embeddable":true,"href":"https:\/\/www.alliesofhumanity.org\/da\/wp-json\/wp\/v2\/users\/25"}],"replies":[{"embeddable":true,"href":"https:\/\/www.alliesofhumanity.org\/da\/wp-json\/wp\/v2\/comments?post=19392"}],"version-history":[{"count":4,"href":"https:\/\/www.alliesofhumanity.org\/da\/wp-json\/wp\/v2\/pages\/19392\/revisions"}],"predecessor-version":[{"id":22919,"href":"https:\/\/www.alliesofhumanity.org\/da\/wp-json\/wp\/v2\/pages\/19392\/revisions\/22919"}],"up":[{"embeddable":true,"href":"https:\/\/www.alliesofhumanity.org\/da\/wp-json\/wp\/v2\/pages\/19421"}],"wp:attachment":[{"href":"https:\/\/www.alliesofhumanity.org\/da\/wp-json\/wp\/v2\/media?parent=19392"}],"curies":[{"name":"wp","href":"https:\/\/api.w.org\/{rel}","templated":true}]}}