{"id":19355,"date":"2021-09-22T21:39:31","date_gmt":"2021-09-22T20:39:31","guid":{"rendered":"https:\/\/www.alliesofhumanity.org\/book-one\/final-words\/"},"modified":"2024-05-10T17:33:26","modified_gmt":"2024-05-10T16:33:26","slug":"final-words","status":"publish","type":"page","link":"https:\/\/www.alliesofhumanity.org\/da\/the-briefings\/book-one\/final-words\/","title":{"rendered":"Slutord"},"content":{"rendered":"\t\t<div data-elementor-type=\"wp-page\" data-elementor-id=\"19355\" class=\"elementor elementor-19355 elementor-2181\" data-elementor-post-type=\"page\">\t\t\t\t\t\t<section class=\"elementor-section elementor-top-section elementor-element elementor-element-54dadb56 elementor-section-boxed elementor-section-height-default elementor-section-height-default\" data-id=\"54dadb56\" data-element_type=\"section\">\t\t\t\t\t\t<div class=\"elementor-container elementor-column-gap-default\">\t\t\t\t\t<div class=\"elementor-column elementor-col-100 elementor-top-column elementor-element elementor-element-31c5ce98\" data-id=\"31c5ce98\" data-element_type=\"column\">\t\t\t<div class=\"elementor-widget-wrap elementor-element-populated\">\t\t\t\t\t\t<div class=\"elementor-element elementor-element-7d4c35aa elementor-widget elementor-widget-text-editor\" data-id=\"7d4c35aa\" data-element_type=\"widget\" data-widget_type=\"text-editor.default\">\t\t\t\t<div class=\"elementor-widget-container\">\t\t\t\t\t\t\t\t\t<h1 style=\"text-align: center;\">Slutord<\/h1>\r\r<p>Menneskeheden st\u00e5r ved en ny begyndelse. Den ser en meget alvorlig situation i \u00f8jnene. Behovet for en ny uddannelse og forst\u00e5else er altafg\u00f8rende. Vi er her for at tjene dette behov efter anmodning fra De Usete. De s\u00e6tter deres lid til, at vi deler vores visdom, for vi lever i det fysiske univers, som I g\u00f8r. Vi er ikke englelige v\u00e6sener. Vi er ikke perfekte. Vi har ikke opn\u00e5et m\u00e6gtige h\u00f8jder af \u00e5ndelig bevidsthed og pr\u00e6station. Og derfor har vi tiltro til, at vores budskab til jer om det St\u00f8rre F\u00e6llesskab vil v\u00e6re mere relevant og lettere blive modtaget. De Usete ved langt mere end vi g\u00f8r om livet i universet og mere om de fremskridts- og pr\u00e6stationsniveauer, der er tilg\u00e6ngelige og praktiseres mange steder. Og dog har de bedt os om at tale om det fysiske livs virkelighed, fordi vi er fuldst\u00e6ndigt engagerede der. Og gennem vores egne pr\u00f8velser og fejltagelser har vi l\u00e6rt vigtigheden og betydningen af det, vi deler med jer.<\/p>\r<p>S\u00e5ledes kommer vi som Menneskehedens Allierede, for det er det, vi er. V\u00e6r taknemmelige over, at I har allierede, der kan hj\u00e6lpe jer og kan uddanne jer og kan st\u00f8tte jer i jeres styrke, jeres frihed og jeres pr\u00e6stationer. For uden denne assistance, ville udsigten til, at I overlevede den form for fremmed infiltration, som I aktuelt oplever, v\u00e6re meget indskr\u00e6nket. Jo, der ville v\u00e6re nogle f\u00e5 enkeltpersoner, der ville komme til at erkende situationen, som den faktisk foreligger, men deres antal ville ikke v\u00e6re stort nok og deres stemmer ville forblive uh\u00f8rte.<\/p>\r<p>I dette kan vi kun bede om jeres tillid. Vi h\u00e5ber, gennem vores ords visdom og gennem de muligheder, I f\u00e5r, for at l\u00e6re deres betydning og relevans, at vi med tiden kan opn\u00e5 denne tillid. For I har allierede i det St\u00f8rre F\u00e6llesskab. I har fremragende venner hinsides denne verden, der har lidt gennem de udfordringer, som I st\u00e5r overfor nu, og som har haft succes. Da vi selv blev assisterede, m\u00e5 vi s\u00e5ledes nu assistere andre. Det er vores hellige pagt. Det er til denne pagt, vi er solidt forpligtede.<\/p>\r\t\t\t\t\t\t\t\t<\/div>\t\t\t\t<\/div>\t\t\t\t\t<\/div>\t\t<\/div>\t\t\t\t\t<\/div>\t\t<\/section>\t\t\t\t<\/div><p>\t\t<\/p>","protected":false},"excerpt":{"rendered":"<p>Slutord Menneskeheden st\u00e5r ved en ny begyndelse. Den ser en meget alvorlig situation i \u00f8jnene. Behovet for en ny uddannelse og forst\u00e5else er altafg\u00f8rende. Vi er her for at tjene dette behov efter anmodning fra De Usete. De s\u00e6tter deres lid til, at vi deler vores visdom, for vi lever i det fysiske univers, som [&hellip;]<\/p>\n","protected":false},"author":23,"featured_media":0,"parent":19335,"menu_order":7,"comment_status":"closed","ping_status":"closed","template":"page.php","meta":{"_acf_changed":false,"footnotes":""},"class_list":["post-19355","page","type-page","status-publish","hentry"],"acf":[],"yoast_head":"<!-- This site is optimized with the Yoast SEO plugin v26.5 - https:\/\/yoast.com\/wordpress\/plugins\/seo\/ -->\n<title>Menneskehedens Allieredes Briefinger, Bog 1: Afsluttende Ord<\/title>\n<meta name=\"description\" content=\"Menneskeheden st\u00e5r ved en ny begyndelse. Den konfronteres med en alvorlig situation. ET Kontakt finder sted. Behovene, udfordringerne og mulighederne er store\" \/>\n<meta name=\"robots\" content=\"index, follow, max-snippet:-1, max-image-preview:large, max-video-preview:-1\" \/>\n<link rel=\"canonical\" href=\"https:\/\/www.alliesofhumanity.org\/da\/the-briefings\/book-one\/final-words\/\" \/>\n<meta property=\"og:locale\" content=\"da_DK\" \/>\n<meta property=\"og:type\" content=\"article\" \/>\n<meta property=\"og:title\" content=\"Menneskehedens Allieredes Briefinger, Bog 1: Afsluttende Ord\" \/>\n<meta property=\"og:description\" content=\"Menneskeheden st\u00e5r ved en ny begyndelse. Den konfronteres med en alvorlig situation. ET Kontakt finder sted. Behovene, udfordringerne og mulighederne er store\" \/>\n<meta property=\"og:url\" content=\"https:\/\/www.alliesofhumanity.org\/da\/the-briefings\/book-one\/final-words\/\" \/>\n<meta property=\"og:site_name\" content=\"The Allies of Humanity\" \/>\n<meta property=\"article:publisher\" content=\"https:\/\/www.facebook.com\/alliesofhumanity\/\" \/>\n<meta property=\"article:modified_time\" content=\"2024-05-10T16:33:26+00:00\" \/>\n<meta property=\"og:image\" content=\"https:\/\/www.alliesofhumanity.org\/wp-content\/uploads\/2021\/01\/og-socialmedia-aoh.jpg\" \/>\n\t<meta property=\"og:image:width\" content=\"1200\" \/>\n\t<meta property=\"og:image:height\" content=\"630\" \/>\n\t<meta property=\"og:image:type\" content=\"image\/jpeg\" \/>\n<meta name=\"twitter:card\" content=\"summary_large_image\" \/>\n<meta name=\"twitter:title\" content=\"Menneskehedens Allieredes Briefinger, Bog 1: Afsluttende Ord\" \/>\n<meta name=\"twitter:site\" content=\"@earthallies\" \/>\n<meta name=\"twitter:label1\" content=\"Estimeret l\u00e6setid\" \/>\n\t<meta name=\"twitter:data1\" content=\"2 minutter\" \/>\n<script type=\"application\/ld+json\" class=\"yoast-schema-graph\">{\"@context\":\"https:\/\/schema.org\",\"@graph\":[{\"@type\":\"WebPage\",\"@id\":\"https:\/\/www.alliesofhumanity.org\/da\/the-briefings\/book-one\/final-words\/\",\"url\":\"https:\/\/www.alliesofhumanity.org\/da\/the-briefings\/book-one\/final-words\/\",\"name\":\"Menneskehedens Allieredes Briefinger, Bog 1: Afsluttende Ord\",\"isPartOf\":{\"@id\":\"https:\/\/www.alliesofhumanity.org\/da\/#website\"},\"datePublished\":\"2021-09-22T20:39:31+00:00\",\"dateModified\":\"2024-05-10T16:33:26+00:00\",\"description\":\"Menneskeheden st\u00e5r ved en ny begyndelse. Den konfronteres med en alvorlig situation. ET Kontakt finder sted. Behovene, udfordringerne og mulighederne er store\",\"breadcrumb\":{\"@id\":\"https:\/\/www.alliesofhumanity.org\/da\/the-briefings\/book-one\/final-words\/#breadcrumb\"},\"inLanguage\":\"da-DK\",\"potentialAction\":[{\"@type\":\"ReadAction\",\"target\":[\"https:\/\/www.alliesofhumanity.org\/da\/the-briefings\/book-one\/final-words\/\"]}]},{\"@type\":\"BreadcrumbList\",\"@id\":\"https:\/\/www.alliesofhumanity.org\/da\/the-briefings\/book-one\/final-words\/#breadcrumb\",\"itemListElement\":[{\"@type\":\"ListItem\",\"position\":1,\"name\":\"Briefingerne\",\"item\":\"https:\/\/www.alliesofhumanity.org\/da\/the-briefings\/\"},{\"@type\":\"ListItem\",\"position\":2,\"name\":\"Bog Et\",\"item\":\"https:\/\/www.alliesofhumanity.org\/da\/the-briefings\/book-one\/\"},{\"@type\":\"ListItem\",\"position\":3,\"name\":\"Slutord\"}]},{\"@type\":\"WebSite\",\"@id\":\"https:\/\/www.alliesofhumanity.org\/da\/#website\",\"url\":\"https:\/\/www.alliesofhumanity.org\/da\/\",\"name\":\"The Allies of Humanity\",\"description\":\"\",\"potentialAction\":[{\"@type\":\"SearchAction\",\"target\":{\"@type\":\"EntryPoint\",\"urlTemplate\":\"https:\/\/www.alliesofhumanity.org\/da\/?s={search_term_string}\"},\"query-input\":{\"@type\":\"PropertyValueSpecification\",\"valueRequired\":true,\"valueName\":\"search_term_string\"}}],\"inLanguage\":\"da-DK\"}]}<\/script>\n<!-- \/ Yoast SEO plugin. -->","yoast_head_json":{"title":"Menneskehedens Allieredes Briefinger, Bog 1: Afsluttende Ord","description":"Menneskeheden st\u00e5r ved en ny begyndelse. Den konfronteres med en alvorlig situation. ET Kontakt finder sted. Behovene, udfordringerne og mulighederne er store","robots":{"index":"index","follow":"follow","max-snippet":"max-snippet:-1","max-image-preview":"max-image-preview:large","max-video-preview":"max-video-preview:-1"},"canonical":"https:\/\/www.alliesofhumanity.org\/da\/the-briefings\/book-one\/final-words\/","og_locale":"da_DK","og_type":"article","og_title":"Menneskehedens Allieredes Briefinger, Bog 1: Afsluttende Ord","og_description":"Menneskeheden st\u00e5r ved en ny begyndelse. Den konfronteres med en alvorlig situation. ET Kontakt finder sted. Behovene, udfordringerne og mulighederne er store","og_url":"https:\/\/www.alliesofhumanity.org\/da\/the-briefings\/book-one\/final-words\/","og_site_name":"The Allies of Humanity","article_publisher":"https:\/\/www.facebook.com\/alliesofhumanity\/","article_modified_time":"2024-05-10T16:33:26+00:00","og_image":[{"width":1200,"height":630,"url":"https:\/\/www.alliesofhumanity.org\/wp-content\/uploads\/2021\/01\/og-socialmedia-aoh.jpg","type":"image\/jpeg"}],"twitter_card":"summary_large_image","twitter_title":"Menneskehedens Allieredes Briefinger, Bog 1: Afsluttende Ord","twitter_site":"@earthallies","twitter_misc":{"Estimeret l\u00e6setid":"2 minutter"},"schema":{"@context":"https:\/\/schema.org","@graph":[{"@type":"WebPage","@id":"https:\/\/www.alliesofhumanity.org\/da\/the-briefings\/book-one\/final-words\/","url":"https:\/\/www.alliesofhumanity.org\/da\/the-briefings\/book-one\/final-words\/","name":"Menneskehedens Allieredes Briefinger, Bog 1: Afsluttende Ord","isPartOf":{"@id":"https:\/\/www.alliesofhumanity.org\/da\/#website"},"datePublished":"2021-09-22T20:39:31+00:00","dateModified":"2024-05-10T16:33:26+00:00","description":"Menneskeheden st\u00e5r ved en ny begyndelse. Den konfronteres med en alvorlig situation. ET Kontakt finder sted. Behovene, udfordringerne og mulighederne er store","breadcrumb":{"@id":"https:\/\/www.alliesofhumanity.org\/da\/the-briefings\/book-one\/final-words\/#breadcrumb"},"inLanguage":"da-DK","potentialAction":[{"@type":"ReadAction","target":["https:\/\/www.alliesofhumanity.org\/da\/the-briefings\/book-one\/final-words\/"]}]},{"@type":"BreadcrumbList","@id":"https:\/\/www.alliesofhumanity.org\/da\/the-briefings\/book-one\/final-words\/#breadcrumb","itemListElement":[{"@type":"ListItem","position":1,"name":"Briefingerne","item":"https:\/\/www.alliesofhumanity.org\/da\/the-briefings\/"},{"@type":"ListItem","position":2,"name":"Bog Et","item":"https:\/\/www.alliesofhumanity.org\/da\/the-briefings\/book-one\/"},{"@type":"ListItem","position":3,"name":"Slutord"}]},{"@type":"WebSite","@id":"https:\/\/www.alliesofhumanity.org\/da\/#website","url":"https:\/\/www.alliesofhumanity.org\/da\/","name":"The Allies of Humanity","description":"","potentialAction":[{"@type":"SearchAction","target":{"@type":"EntryPoint","urlTemplate":"https:\/\/www.alliesofhumanity.org\/da\/?s={search_term_string}"},"query-input":{"@type":"PropertyValueSpecification","valueRequired":true,"valueName":"search_term_string"}}],"inLanguage":"da-DK"}]}},"_links":{"self":[{"href":"https:\/\/www.alliesofhumanity.org\/da\/wp-json\/wp\/v2\/pages\/19355","targetHints":{"allow":["GET"]}}],"collection":[{"href":"https:\/\/www.alliesofhumanity.org\/da\/wp-json\/wp\/v2\/pages"}],"about":[{"href":"https:\/\/www.alliesofhumanity.org\/da\/wp-json\/wp\/v2\/types\/page"}],"author":[{"embeddable":true,"href":"https:\/\/www.alliesofhumanity.org\/da\/wp-json\/wp\/v2\/users\/23"}],"replies":[{"embeddable":true,"href":"https:\/\/www.alliesofhumanity.org\/da\/wp-json\/wp\/v2\/comments?post=19355"}],"version-history":[{"count":8,"href":"https:\/\/www.alliesofhumanity.org\/da\/wp-json\/wp\/v2\/pages\/19355\/revisions"}],"predecessor-version":[{"id":22843,"href":"https:\/\/www.alliesofhumanity.org\/da\/wp-json\/wp\/v2\/pages\/19355\/revisions\/22843"}],"up":[{"embeddable":true,"href":"https:\/\/www.alliesofhumanity.org\/da\/wp-json\/wp\/v2\/pages\/19335"}],"wp:attachment":[{"href":"https:\/\/www.alliesofhumanity.org\/da\/wp-json\/wp\/v2\/media?parent=19355"}],"curies":[{"name":"wp","href":"https:\/\/api.w.org\/{rel}","templated":true}]}}