{"id":19335,"date":"2021-09-22T18:24:18","date_gmt":"2021-09-22T17:24:18","guid":{"rendered":"https:\/\/www.alliesofhumanity.org\/book-one\/"},"modified":"2024-05-07T02:59:37","modified_gmt":"2024-05-07T01:59:37","slug":"book-one","status":"publish","type":"page","link":"https:\/\/www.alliesofhumanity.org\/da\/the-briefings\/book-one\/","title":{"rendered":"Bog Et"},"content":{"rendered":"<h5>Alle Menneskehedens Allieredes Briefinger er tilg\u00e6ngelige gratis online. Indled rejsen med de Allieredes Bog Et.<\/h5>\n<p>For mere end 20 \u00e5r siden samledes en gruppe af individer fra flere forskellige verdener p\u00e5 et diskret sted i vores solsystem n\u00e6r Jorden, med det form\u00e5l at observere den fremmede intervention, der finder sted her. Fra deres skjulte udsigtspunkt, kunne de bestemme disse v\u00e6sners identitet og organisation og hensigter og overv\u00e5ge deres aktiviteter. Denne gruppe af observat\u00f8rer kalder sig for \u201dMenneskehedens Allierede.\u201d<\/p>\n<p>F\u00e5 et eksemplar af bogen:<\/p>\n<ul>\n<li>Udskrevet version: <a href=\"https:\/\/newknowledgelibrary.org\/books\/menneskehedens-allierede-allies-humanity-danish-print-book\/\" target=\"_blank\" rel=\"noopener\">New Knowledge Library<\/a> eller <a href=\"https:\/\/www.amazon.com\/gp\/product\/1942293887\/\" target=\"_blank\" rel=\"noopener\">Amazon<\/a>.<\/li>\n<li>Ebogs-format: <a href=\"https:\/\/newknowledgelibrary.org\/e-books\/menneskehedens-allierede-allies-of-humanity-book-one-danish-ebook\/\" target=\"_blank\" rel=\"noopener\">New Knowledge Library<\/a>, <a href=\"https:\/\/www.amazon.com\/gp\/product\/B08MQQRSTK\/\" target=\"_blank\" rel=\"noopener\">Kindle version from Amazon<\/a>, <a href=\"https:\/\/books.apple.com\/dk\/book\/menneskehedens-allierede-bog-et-ah1-danish\/id1538796586\" target=\"_blank\" rel=\"noopener\">Apple Books<\/a> eller <a href=\"https:\/\/play.google.com\/store\/books\/details\/Marshall_Vian_Summers_Menneskehedens_Allierede_Bog?id=quAGEAAAQBAJ\" target=\"_blank\" rel=\"noopener\">Google Play<\/a>.<\/li>\n<\/ul>\n<hr \/>\n<h5>Begynd at L\u00e6se Briefingerne Online Nu!<\/h5>\n<p>Indholdsfortegnelse:<\/p>\n<p><a href=\"\/da\/alien-races-earth\">F\u00f8rste briefing: Den Udenjordiske Tilstedev\u00e6relse i Verden i Dag<\/a><\/p>\n<p><a href=\"\/da\/human-freedom\">Anden Briefing: Udfordringen for Menneskelig Frihed<br \/>\n<\/a><\/p>\n<p><a href=\"\/da\/the-visitors\">Tredje Briefing: En Stor Advarsel<\/a><\/p>\n<p><a href=\"\/da\/false-second-coming\">Fjerde Briefing: Manipulation af Religi\u00f8se Traditioner og Overbevisninger<\/a><\/p>\n<p><a href=\"\/da\/threshold-alien-presence\">Femte Briefing: T\u00e6rskel: Et Nyt L\u00f8fte for Menneskeheden<\/a><\/p>\n<p><a href=\"\/da\/questions-about-aliens\">Sjette Briefing: Sp\u00f8rgm\u00e5l og Svar<\/a><\/p>\n<p><a href=\"\/da\/final-words\">Slutord<\/a><\/p>\n<p>The Society for Det Nye Budskab leverer nu alle <i>Menneskehedens Allieredes<\/i> fire bind, uden omkostninger for dig. Det g\u00f8r vi for at dette budskab kan n\u00e5 s\u00e5 mange mennesker som muligt, b\u00e5de p\u00e5 gr\u00e6srodsniveau og i politiske, \u00f8konomiske og religi\u00f8se magtstillinger.<\/p>\n","protected":false},"excerpt":{"rendered":"<p>Alle Menneskehedens Allieredes Briefinger er tilg\u00e6ngelige gratis online. Indled rejsen med de Allieredes Bog Et. For mere end 20 \u00e5r siden samledes en gruppe af individer fra flere forskellige verdener p\u00e5 et diskret sted i vores solsystem n\u00e6r Jorden, med det form\u00e5l at observere den fremmede intervention, der finder sted her. Fra deres skjulte udsigtspunkt, [&hellip;]<\/p>\n","protected":false},"author":25,"featured_media":0,"parent":19421,"menu_order":1,"comment_status":"closed","ping_status":"closed","template":"page-book-start.php","meta":{"_acf_changed":false,"footnotes":""},"class_list":["post-19335","page","type-page","status-publish","hentry"],"acf":[],"yoast_head":"<!-- This site is optimized with the Yoast SEO plugin v26.5 - https:\/\/yoast.com\/wordpress\/plugins\/seo\/ -->\n<title>Menneskehedens Allieredes Briefinger, Bog 1: Om Menneskehedens Allierede<\/title>\n<meta name=\"description\" content=\"En gruppe enkeltindivider fra flere forskellige verdener samledes p\u00e5 et diskret sted n\u00e6r Jorden, for at observere og rapportere om ET Interventionen\" \/>\n<meta name=\"robots\" content=\"index, follow, max-snippet:-1, max-image-preview:large, max-video-preview:-1\" \/>\n<link rel=\"canonical\" href=\"https:\/\/www.alliesofhumanity.org\/da\/the-briefings\/book-one\/\" \/>\n<meta property=\"og:locale\" content=\"da_DK\" \/>\n<meta property=\"og:type\" content=\"article\" \/>\n<meta property=\"og:title\" content=\"Menneskehedens Allieredes Briefinger, Bog 1: Om Menneskehedens Allierede\" \/>\n<meta property=\"og:description\" content=\"En gruppe enkeltindivider fra flere forskellige verdener samledes p\u00e5 et diskret sted n\u00e6r Jorden, for at observere og rapportere om ET Interventionen\" \/>\n<meta property=\"og:url\" content=\"https:\/\/www.alliesofhumanity.org\/da\/the-briefings\/book-one\/\" \/>\n<meta property=\"og:site_name\" content=\"The Allies of Humanity\" \/>\n<meta property=\"article:publisher\" content=\"https:\/\/www.facebook.com\/alliesofhumanity\/\" \/>\n<meta property=\"article:modified_time\" content=\"2024-05-07T01:59:37+00:00\" \/>\n<meta property=\"og:image\" content=\"https:\/\/www.alliesofhumanity.org\/wp-content\/uploads\/2021\/01\/og-socialmedia-aoh.jpg\" \/>\n\t<meta property=\"og:image:width\" content=\"1200\" \/>\n\t<meta property=\"og:image:height\" content=\"630\" \/>\n\t<meta property=\"og:image:type\" content=\"image\/jpeg\" \/>\n<meta name=\"twitter:card\" content=\"summary_large_image\" \/>\n<meta name=\"twitter:title\" content=\"Menneskehedens Allieredes Briefinger, Bog 1: Om Menneskehedens Allierede\" \/>\n<meta name=\"twitter:site\" content=\"@earthallies\" \/>\n<meta name=\"twitter:label1\" content=\"Estimeret l\u00e6setid\" \/>\n\t<meta name=\"twitter:data1\" content=\"1 minut\" \/>\n<script type=\"application\/ld+json\" class=\"yoast-schema-graph\">{\"@context\":\"https:\/\/schema.org\",\"@graph\":[{\"@type\":\"WebPage\",\"@id\":\"https:\/\/www.alliesofhumanity.org\/da\/the-briefings\/book-one\/\",\"url\":\"https:\/\/www.alliesofhumanity.org\/da\/the-briefings\/book-one\/\",\"name\":\"Menneskehedens Allieredes Briefinger, Bog 1: Om Menneskehedens Allierede\",\"isPartOf\":{\"@id\":\"https:\/\/www.alliesofhumanity.org\/da\/#website\"},\"datePublished\":\"2021-09-22T17:24:18+00:00\",\"dateModified\":\"2024-05-07T01:59:37+00:00\",\"description\":\"En gruppe enkeltindivider fra flere forskellige verdener samledes p\u00e5 et diskret sted n\u00e6r Jorden, for at observere og rapportere om ET Interventionen\",\"breadcrumb\":{\"@id\":\"https:\/\/www.alliesofhumanity.org\/da\/the-briefings\/book-one\/#breadcrumb\"},\"inLanguage\":\"da-DK\",\"potentialAction\":[{\"@type\":\"ReadAction\",\"target\":[\"https:\/\/www.alliesofhumanity.org\/da\/the-briefings\/book-one\/\"]}]},{\"@type\":\"BreadcrumbList\",\"@id\":\"https:\/\/www.alliesofhumanity.org\/da\/the-briefings\/book-one\/#breadcrumb\",\"itemListElement\":[{\"@type\":\"ListItem\",\"position\":1,\"name\":\"Briefingerne\",\"item\":\"https:\/\/www.alliesofhumanity.org\/da\/the-briefings\/\"},{\"@type\":\"ListItem\",\"position\":2,\"name\":\"Bog Et\"}]},{\"@type\":\"WebSite\",\"@id\":\"https:\/\/www.alliesofhumanity.org\/da\/#website\",\"url\":\"https:\/\/www.alliesofhumanity.org\/da\/\",\"name\":\"The Allies of Humanity\",\"description\":\"\",\"potentialAction\":[{\"@type\":\"SearchAction\",\"target\":{\"@type\":\"EntryPoint\",\"urlTemplate\":\"https:\/\/www.alliesofhumanity.org\/da\/?s={search_term_string}\"},\"query-input\":{\"@type\":\"PropertyValueSpecification\",\"valueRequired\":true,\"valueName\":\"search_term_string\"}}],\"inLanguage\":\"da-DK\"}]}<\/script>\n<!-- \/ Yoast SEO plugin. -->","yoast_head_json":{"title":"Menneskehedens Allieredes Briefinger, Bog 1: Om Menneskehedens Allierede","description":"En gruppe enkeltindivider fra flere forskellige verdener samledes p\u00e5 et diskret sted n\u00e6r Jorden, for at observere og rapportere om ET Interventionen","robots":{"index":"index","follow":"follow","max-snippet":"max-snippet:-1","max-image-preview":"max-image-preview:large","max-video-preview":"max-video-preview:-1"},"canonical":"https:\/\/www.alliesofhumanity.org\/da\/the-briefings\/book-one\/","og_locale":"da_DK","og_type":"article","og_title":"Menneskehedens Allieredes Briefinger, Bog 1: Om Menneskehedens Allierede","og_description":"En gruppe enkeltindivider fra flere forskellige verdener samledes p\u00e5 et diskret sted n\u00e6r Jorden, for at observere og rapportere om ET Interventionen","og_url":"https:\/\/www.alliesofhumanity.org\/da\/the-briefings\/book-one\/","og_site_name":"The Allies of Humanity","article_publisher":"https:\/\/www.facebook.com\/alliesofhumanity\/","article_modified_time":"2024-05-07T01:59:37+00:00","og_image":[{"width":1200,"height":630,"url":"https:\/\/www.alliesofhumanity.org\/wp-content\/uploads\/2021\/01\/og-socialmedia-aoh.jpg","type":"image\/jpeg"}],"twitter_card":"summary_large_image","twitter_title":"Menneskehedens Allieredes Briefinger, Bog 1: Om Menneskehedens Allierede","twitter_site":"@earthallies","twitter_misc":{"Estimeret l\u00e6setid":"1 minut"},"schema":{"@context":"https:\/\/schema.org","@graph":[{"@type":"WebPage","@id":"https:\/\/www.alliesofhumanity.org\/da\/the-briefings\/book-one\/","url":"https:\/\/www.alliesofhumanity.org\/da\/the-briefings\/book-one\/","name":"Menneskehedens Allieredes Briefinger, Bog 1: Om Menneskehedens Allierede","isPartOf":{"@id":"https:\/\/www.alliesofhumanity.org\/da\/#website"},"datePublished":"2021-09-22T17:24:18+00:00","dateModified":"2024-05-07T01:59:37+00:00","description":"En gruppe enkeltindivider fra flere forskellige verdener samledes p\u00e5 et diskret sted n\u00e6r Jorden, for at observere og rapportere om ET Interventionen","breadcrumb":{"@id":"https:\/\/www.alliesofhumanity.org\/da\/the-briefings\/book-one\/#breadcrumb"},"inLanguage":"da-DK","potentialAction":[{"@type":"ReadAction","target":["https:\/\/www.alliesofhumanity.org\/da\/the-briefings\/book-one\/"]}]},{"@type":"BreadcrumbList","@id":"https:\/\/www.alliesofhumanity.org\/da\/the-briefings\/book-one\/#breadcrumb","itemListElement":[{"@type":"ListItem","position":1,"name":"Briefingerne","item":"https:\/\/www.alliesofhumanity.org\/da\/the-briefings\/"},{"@type":"ListItem","position":2,"name":"Bog Et"}]},{"@type":"WebSite","@id":"https:\/\/www.alliesofhumanity.org\/da\/#website","url":"https:\/\/www.alliesofhumanity.org\/da\/","name":"The Allies of Humanity","description":"","potentialAction":[{"@type":"SearchAction","target":{"@type":"EntryPoint","urlTemplate":"https:\/\/www.alliesofhumanity.org\/da\/?s={search_term_string}"},"query-input":{"@type":"PropertyValueSpecification","valueRequired":true,"valueName":"search_term_string"}}],"inLanguage":"da-DK"}]}},"_links":{"self":[{"href":"https:\/\/www.alliesofhumanity.org\/da\/wp-json\/wp\/v2\/pages\/19335","targetHints":{"allow":["GET"]}}],"collection":[{"href":"https:\/\/www.alliesofhumanity.org\/da\/wp-json\/wp\/v2\/pages"}],"about":[{"href":"https:\/\/www.alliesofhumanity.org\/da\/wp-json\/wp\/v2\/types\/page"}],"author":[{"embeddable":true,"href":"https:\/\/www.alliesofhumanity.org\/da\/wp-json\/wp\/v2\/users\/25"}],"replies":[{"embeddable":true,"href":"https:\/\/www.alliesofhumanity.org\/da\/wp-json\/wp\/v2\/comments?post=19335"}],"version-history":[{"count":3,"href":"https:\/\/www.alliesofhumanity.org\/da\/wp-json\/wp\/v2\/pages\/19335\/revisions"}],"predecessor-version":[{"id":22725,"href":"https:\/\/www.alliesofhumanity.org\/da\/wp-json\/wp\/v2\/pages\/19335\/revisions\/22725"}],"up":[{"embeddable":true,"href":"https:\/\/www.alliesofhumanity.org\/da\/wp-json\/wp\/v2\/pages\/19421"}],"wp:attachment":[{"href":"https:\/\/www.alliesofhumanity.org\/da\/wp-json\/wp\/v2\/media?parent=19335"}],"curies":[{"name":"wp","href":"https:\/\/api.w.org\/{rel}","templated":true}]}}