{"id":19332,"date":"2021-09-21T20:24:14","date_gmt":"2021-09-21T19:24:14","guid":{"rendered":"https:\/\/www.alliesofhumanity.org\/the-allies\/"},"modified":"2024-10-10T02:49:06","modified_gmt":"2024-10-10T01:49:06","slug":"the-allies","status":"publish","type":"page","link":"https:\/\/www.alliesofhumanity.org\/da\/the-allies\/","title":{"rendered":"De Allierede"},"content":{"rendered":"\t\t<div data-elementor-type=\"wp-page\" data-elementor-id=\"19332\" class=\"elementor elementor-19332 elementor-758\" data-elementor-post-type=\"page\">\t\t\t\t\t\t<section class=\"elementor-section elementor-top-section elementor-element elementor-element-13aff578 elementor-section-full_width elementor-section-height-default elementor-section-height-default\" data-id=\"13aff578\" data-element_type=\"section\">\t\t\t\t\t\t<div class=\"elementor-container elementor-column-gap-default\">\t\t\t\t\t<div class=\"elementor-column elementor-col-100 elementor-top-column elementor-element elementor-element-73bd0eae\" data-id=\"73bd0eae\" data-element_type=\"column\">\t\t\t<div class=\"elementor-widget-wrap elementor-element-populated\">\t\t\t\t\t\t<div class=\"elementor-element elementor-element-0581c07 elementor-widget elementor-widget-text-editor\" data-id=\"0581c07\" data-element_type=\"widget\" data-widget_type=\"text-editor.default\">\t\t\t\t<div class=\"elementor-widget-container\">\t\t\t\t\t\t\t\t\t<h5>Menneskehedens Allierede pr\u00e6senteres for at forberede folk p\u00e5 en helt ny virkelighed, der i det store og hele er skjult og uerkendt i verden i dag. De giver et nyt perspektiv, der bemyndiger folk til at se den st\u00f8rste udfordring og mulighed i \u00f8jnene, som vi som race nogensinde er st\u00f8dt p\u00e5.<\/h5><p>De Allieredes Briefinger indeholder en r\u00e6kke kritiske, hvis ikke alarmerende, udsagn om den voksende extraterrestriale Intervention og integration ind i den menneskelige race, og om de extraterrestriales aktiviteter og skjulte dagsorden.<\/p><p>Form\u00e5let med de Allieredes Briefinger er ikke at s\u00f8rge for h\u00e5rde fysiske beviser om virkeligheden af denne ET-visitation i vores verden, hvilken allerede er veldokumenteret i mange andre fine b\u00f8ger og forskningsjournaler om emnet. Form\u00e5let med de Allieredes Briefinger er at adressere de dramatiske og langtr\u00e6kkende implikationer af dette f\u00e6nomen, at udfordre vores menneskelige tendenser og formodninger desvedr\u00f8rende og varsko den menneskelige familie om den store t\u00e6rskel, vi nu st\u00e5r ved.<\/p><p>Briefingerne yder et glimt ind i virkeligheden af intelligent liv i universet og hvad Kontakt virkeligt vil sige. For mange vil det, der afsl\u00f8res i de Allieredes Briefinger, v\u00e6re helt nyt. For andre vil det v\u00e6re en bekr\u00e6ftelse p\u00e5 ting, som de l\u00e6nge har m\u00e6rket og vidst.<\/p><p>Sk\u00f8nt denne bog leverer et uops\u00e6tteligt budskab, handler den ogs\u00e5 om at bev\u00e6ge sig i retning af en h\u00f8jere bevidsthed, der kaldes <a href=\"https:\/\/www.newmessage.org\/wiki\/Knowledge_Quotes\"><em>\u201cKundskab,\u201d<\/em><\/a> hvilket inkluderer en st\u00f8rre telepatisk evne blandt mennesker og mellem racer. I lyset af dette, blev de Allieredes Briefinger transmitteret til forfatteren fra en multiracial, extraterrestrial gruppe af enkeltindivider, der refererer til sig selv, som \u201cMenneskehedens Allierede.\u201d<\/p><p>De beskriver sig selv som fysiske v\u00e6sener fra andre verdener, der har samlet sig i vores solsystem n\u00e6r Jorden, med det form\u00e5l at observere den kommunikation og de aktiviteter, som de fremmede racer, der er her og som blander sig i menneskelige anliggender, foretager sig. De understreger, at de selv ikke er fysisk til stede i vores verden, men yder manglende visdom, ikke teknologi eller indblanding.<\/p><p>De Allieredes Briefinger blev givet til forfatteren over en et-\u00e5rs periode. De byder p\u00e5 perspektiv og vision omkring et komplekst emne, der \u2013 til trods for \u00e5rtier med voksende bevismateriale &#8211; fortsat undrer forskere. Og dog er dette perspektiv hverken romantisk, spekulativt eller idealistisk i sin tilgang til emnet. Tv\u00e6rtimod er det ligeud realistisk og kompromisl\u00f8st, s\u00e5 kompromisl\u00f8st, at det kan v\u00e6re ret udfordrende, selv for en l\u00e6ser, der er velbevandret i emnet.<\/p><p class=\"float-left bleed-left\"><img decoding=\"async\" src=\"https:\/\/www.alliesofhumanity.org\/wp-content\/uploads\/2020\/06\/960x540-aoh-book-1.jpg\" alt=\"\" \/><\/p><p>Af denne grund, for at modtage det, denne bog har at byde p\u00e5, m\u00e5 du, i det mindste midlertidigt, suspendere mange af dine overbevisninger, dine antagelser og sp\u00f8rgsm\u00e5l, som du kan have med hensyn til den extraterrestriale Kontakt, og endda med hensyn til, hvordan denne bog blev modtaget. Indholdet i denne bog er som et budskab sendt hertil som flaskepost udefra verden. Derfor b\u00f8r vi ikke v\u00e6re s\u00e5 optaget af flasken men af selve budskabet.<\/p><p>For virkeligt at forst\u00e5 dette udfordrende budskab, m\u00e5 vi konfrontere og s\u00e6tte sp\u00f8rgsm\u00e5lstegn ved mange af de fremherskende antagelser og tendenser med hensyn til Kontaktens mulighed og virkelighed. Disse inkluderer:<\/p><ul><li>forn\u00e6gtelse,<\/li><li>h\u00e5befuld forventning,<\/li><li>misfortolkning af beviser for at bekr\u00e6fte vores overbevisninger,<\/li><li>\u00f8nsket og forventningen om frelse fra de \u201cbes\u00f8gende\u201d,<\/li><li>troen p\u00e5, at ET-teknologi vil redde os,<\/li><li>f\u00f8lelsen af h\u00e5bl\u00f8shed og underdanighed overfor det, vi antager, at v\u00e6re en overlegen kraft,<\/li><li>kravet om afsl\u00f8ring af regering men ikke afsl\u00f8ring af ET,<\/li><li>ford\u00f8mmelse af menneskelige ledere og institutioner, mens vi ukritisk fastholder accepten af &#8220;bes\u00f8gende&#8221;,<\/li><li>antagelsen om, at da de ikke har angrebet eller invaderet os, m\u00e5 de v\u00e6re her for det gode,<\/li><li>antagelsen om, at avanceret teknologi er ensbetydende med avanceret etik og spiritualitet,<\/li><li>overbevisningen om, at dette f\u00e6nomen er et mysterium, n\u00e5r det faktisk er en begribelig begivenhed,<\/li><li>overbevisningen om, at ET&#8217;er p\u00e5 en eller anden m\u00e5de har krav p\u00e5 menneskeheden og p\u00e5 denne planet,<\/li><li>og overbevisningen om, at menneskeheden er uforbederlig og ikke selv vil kunne klare det.<\/li><\/ul><p>De Allieredes Briefinger udfordrer disse antagelser og tendenser og spr\u00e6nger mange af de myter, vi i \u00f8jeblikket har om, hvem der bes\u00f8ger os og hvorfor de er her.<\/p><p>Menneskehedens Allieredes Briefinger giver os et st\u00f8rre perspektiv og en dybere forst\u00e5else af vores sk\u00e6bne indenfor et st\u00f8rre panorama af intelligent liv i universet. For at n\u00e5 dette, taler de Allierede ikke til vores analytiske forstand, men til Kundskab, den dybere del af vores v\u00e6sen, hvor sandheden, selvom den er form\u00f8rket, direkte kan skelnes og opleves.<\/p><p><em>Menneskehedens Allierede<\/em> vil tage mange sp\u00f8rgsm\u00e5l op, der vil kr\u00e6ve yderligere unders\u00f8gelse og kontemplation. Dens fokus er ikke at opgive navne, datoer og steder, men at give et perspektiv p\u00e5 ET-tilstedev\u00e6relsen i verden og p\u00e5 livet i universet, som vi, som mennesker, ellers ikke vil kunne have. <\/p><p>Da vi stadigt lever isoleret p\u00e5 vores verdens overflade, kan vi endnu ikke se og vide, hvad der foreg\u00e5r, med hensyn til intelligent liv hinsides vores gr\u00e6nser. Til dette har vi brug for hj\u00e6lp, hj\u00e6lp af en meget ekstraordin\u00e6r slags. I begyndelsen vil vi muligvis ikke genkende denne hj\u00e6lp. Og dog er den her.<\/p><p class=\"float-right bleed-right\"><img decoding=\"async\" src=\"https:\/\/www.alliesofhumanity.org\/wp-content\/uploads\/2020\/06\/960x540-aoh-book-2.jpg\" alt=\"\" \/><\/p><p>De Allieredes erkl\u00e6rede hensigt er at advare os om farerne ved at dukke op i et St\u00f8rre F\u00e6llesskab af intelligent liv, og at assistere os over denne store t\u00e6rskel, p\u00e5 en s\u00e5dan m\u00e5de, at menneskelig frihed, suver\u00e6nitet og selvbestemmelse kan bevares. <\/p><p>De Allierede er her for at r\u00e5de os med hensyn til menneskehedens behov for at etablere vores egne \u201dRegler for Engagement\u201d i denne tid, der er uden fortilf\u00e6lde. If\u00f8lge de Allierede, vil vi, hvis vi er kloge, forberedte og forenede, kunne indtage vores sk\u00e6bnebestemte plads, som en moden og fri race i Det St\u00f8rre F\u00e6llesskab.<\/p><p>Efter udgivelsen af <em>Menneskehedens Allierede Bog Et<\/em> i 2001, har de Allierede leveret en anden serie af Briefinger for at f\u00e6rdigg\u00f8re deres livsvigtige budskab til menneskeheden. <em>Menneskehedens Allieredes Bog To<\/em>, udgivet i 2005, pr\u00e6senterer forbl\u00f8ffende ny information om interaktioner mellem racer i vores lokale univers, og om de racers natur, der blander sig i menneskelige anliggender, og deres hensigt og mest skjulte aktiviteter.<\/p><p>De Allierede indledte igen en kommunikation i 2008, hvor de yderligere beskrev det komplekse milj\u00f8, hvori menneskeheden fremkommer. Det tredje s\u00e6t Briefinger blev udgivet i 2012.<\/p><p>Takket v\u00e6re de l\u00e6sere, der m\u00e6rkede uops\u00e6tteligheden i de Allieredes Briefinger og oversatte Briefingerne til andre sprog, er der en tiltagende global opm\u00e6rksomhed omkring virkeligheden af Intervention.<\/p><p>Vi p\u00e5 New Knowledge Library anser disse to serier af Briefinger for at indeholde det, der kunne v\u00e6re et af de vigtigste budskaber, der kommunikeres i verden i dag.<\/p><p><em>Menneskehedens Allierede<\/em> er ikke blot endnu en bog, der spekulerer over UFO\/ET-f\u00e6nomenet. Det er et \u00e6gte forvandlende budskab, der direkte sigter efter den fremmede Interventions underliggende form\u00e5l, for at rejse den bevidsthed, der er n\u00f8dvendig for os, s\u00e5 vi kan se de udfordringer og muligheder i \u00f8jnene, der ligger forude.<\/p><p><a title=\"Go to newmessage.org\" href=\"https:\/\/www.newmessage.org\/worldwide-community\/society\" target=\"_blank\" rel=\"noopener noreferrer\">The Society for the New Message<\/a><\/p>\t\t\t\t\t\t\t\t<\/div>\t\t\t\t<\/div>\t\t\t\t\t<\/div>\t\t<\/div>\t\t\t\t\t<\/div>\t\t<\/section>\t\t\t\t<\/div><p>\t\t<\/p>","protected":false},"excerpt":{"rendered":"<p>Menneskehedens Allierede pr\u00e6senteres for at forberede folk p\u00e5 en helt ny virkelighed, der i det store og hele er skjult og uerkendt i verden i dag. De giver et nyt perspektiv, der bemyndiger folk til at se den st\u00f8rste udfordring og mulighed i \u00f8jnene, som vi som race nogensinde er st\u00f8dt p\u00e5. De Allieredes Briefinger [&hellip;]<\/p>\n","protected":false},"author":25,"featured_media":0,"parent":0,"menu_order":1,"comment_status":"closed","ping_status":"closed","template":"page.php","meta":{"_acf_changed":false,"footnotes":""},"class_list":["post-19332","page","type-page","status-publish","hentry"],"acf":[],"yoast_head":"<!-- This site is optimized with the Yoast SEO plugin v26.5 - https:\/\/yoast.com\/wordpress\/plugins\/seo\/ -->\n<title>Introduktion til Menneskehedens Allierede: Afsl\u00f8ring af ET Interventionen<\/title>\n<meta name=\"description\" content=\"De Allieredes Briefinger indeholder et antal kritiske, hvis ikke alarmerende, erkl\u00e6ringer om den voksende udenjordiske intervention, samt dens dagsorden.\" \/>\n<meta name=\"robots\" content=\"index, follow, max-snippet:-1, max-image-preview:large, max-video-preview:-1\" \/>\n<link rel=\"canonical\" href=\"https:\/\/www.alliesofhumanity.org\/da\/the-allies\/\" \/>\n<meta property=\"og:locale\" content=\"da_DK\" \/>\n<meta property=\"og:type\" content=\"article\" \/>\n<meta property=\"og:title\" content=\"Introduktion til Menneskehedens Allierede: Afsl\u00f8ring af ET Interventionen\" \/>\n<meta property=\"og:description\" content=\"De Allieredes Briefinger indeholder et antal kritiske, hvis ikke alarmerende, erkl\u00e6ringer om den voksende udenjordiske intervention, samt dens dagsorden.\" \/>\n<meta property=\"og:url\" content=\"https:\/\/www.alliesofhumanity.org\/da\/the-allies\/\" \/>\n<meta property=\"og:site_name\" content=\"The Allies of Humanity\" \/>\n<meta property=\"article:publisher\" content=\"https:\/\/www.facebook.com\/alliesofhumanity\/\" \/>\n<meta property=\"article:modified_time\" content=\"2024-10-10T01:49:06+00:00\" \/>\n<meta property=\"og:image\" content=\"https:\/\/www.alliesofhumanity.org\/wp-content\/uploads\/2021\/01\/og-socialmedia-aoh.jpg\" \/>\n\t<meta property=\"og:image:width\" content=\"1200\" \/>\n\t<meta property=\"og:image:height\" content=\"630\" \/>\n\t<meta property=\"og:image:type\" content=\"image\/jpeg\" \/>\n<meta name=\"twitter:card\" content=\"summary_large_image\" \/>\n<meta name=\"twitter:title\" content=\"Introduktion til Menneskehedens Allierede: Afsl\u00f8ring af ET Interventionen\" \/>\n<meta name=\"twitter:site\" content=\"@earthallies\" \/>\n<meta name=\"twitter:label1\" content=\"Estimeret l\u00e6setid\" \/>\n\t<meta name=\"twitter:data1\" content=\"6 minutter\" \/>\n<script type=\"application\/ld+json\" class=\"yoast-schema-graph\">{\"@context\":\"https:\/\/schema.org\",\"@graph\":[{\"@type\":\"WebPage\",\"@id\":\"https:\/\/www.alliesofhumanity.org\/da\/the-allies\/\",\"url\":\"https:\/\/www.alliesofhumanity.org\/da\/the-allies\/\",\"name\":\"Introduktion til Menneskehedens Allierede: Afsl\u00f8ring af ET Interventionen\",\"isPartOf\":{\"@id\":\"https:\/\/www.alliesofhumanity.org\/da\/#website\"},\"datePublished\":\"2021-09-21T19:24:14+00:00\",\"dateModified\":\"2024-10-10T01:49:06+00:00\",\"description\":\"De Allieredes Briefinger indeholder et antal kritiske, hvis ikke alarmerende, erkl\u00e6ringer om den voksende udenjordiske intervention, samt dens dagsorden.\",\"inLanguage\":\"da-DK\",\"potentialAction\":[{\"@type\":\"ReadAction\",\"target\":[\"https:\/\/www.alliesofhumanity.org\/da\/the-allies\/\"]}]},{\"@type\":\"WebSite\",\"@id\":\"https:\/\/www.alliesofhumanity.org\/da\/#website\",\"url\":\"https:\/\/www.alliesofhumanity.org\/da\/\",\"name\":\"The Allies of Humanity\",\"description\":\"\",\"potentialAction\":[{\"@type\":\"SearchAction\",\"target\":{\"@type\":\"EntryPoint\",\"urlTemplate\":\"https:\/\/www.alliesofhumanity.org\/da\/?s={search_term_string}\"},\"query-input\":{\"@type\":\"PropertyValueSpecification\",\"valueRequired\":true,\"valueName\":\"search_term_string\"}}],\"inLanguage\":\"da-DK\"}]}<\/script>\n<!-- \/ Yoast SEO plugin. -->","yoast_head_json":{"title":"Introduktion til Menneskehedens Allierede: Afsl\u00f8ring af ET Interventionen","description":"De Allieredes Briefinger indeholder et antal kritiske, hvis ikke alarmerende, erkl\u00e6ringer om den voksende udenjordiske intervention, samt dens dagsorden.","robots":{"index":"index","follow":"follow","max-snippet":"max-snippet:-1","max-image-preview":"max-image-preview:large","max-video-preview":"max-video-preview:-1"},"canonical":"https:\/\/www.alliesofhumanity.org\/da\/the-allies\/","og_locale":"da_DK","og_type":"article","og_title":"Introduktion til Menneskehedens Allierede: Afsl\u00f8ring af ET Interventionen","og_description":"De Allieredes Briefinger indeholder et antal kritiske, hvis ikke alarmerende, erkl\u00e6ringer om den voksende udenjordiske intervention, samt dens dagsorden.","og_url":"https:\/\/www.alliesofhumanity.org\/da\/the-allies\/","og_site_name":"The Allies of Humanity","article_publisher":"https:\/\/www.facebook.com\/alliesofhumanity\/","article_modified_time":"2024-10-10T01:49:06+00:00","og_image":[{"width":1200,"height":630,"url":"https:\/\/www.alliesofhumanity.org\/wp-content\/uploads\/2021\/01\/og-socialmedia-aoh.jpg","type":"image\/jpeg"}],"twitter_card":"summary_large_image","twitter_title":"Introduktion til Menneskehedens Allierede: Afsl\u00f8ring af ET Interventionen","twitter_site":"@earthallies","twitter_misc":{"Estimeret l\u00e6setid":"6 minutter"},"schema":{"@context":"https:\/\/schema.org","@graph":[{"@type":"WebPage","@id":"https:\/\/www.alliesofhumanity.org\/da\/the-allies\/","url":"https:\/\/www.alliesofhumanity.org\/da\/the-allies\/","name":"Introduktion til Menneskehedens Allierede: Afsl\u00f8ring af ET Interventionen","isPartOf":{"@id":"https:\/\/www.alliesofhumanity.org\/da\/#website"},"datePublished":"2021-09-21T19:24:14+00:00","dateModified":"2024-10-10T01:49:06+00:00","description":"De Allieredes Briefinger indeholder et antal kritiske, hvis ikke alarmerende, erkl\u00e6ringer om den voksende udenjordiske intervention, samt dens dagsorden.","inLanguage":"da-DK","potentialAction":[{"@type":"ReadAction","target":["https:\/\/www.alliesofhumanity.org\/da\/the-allies\/"]}]},{"@type":"WebSite","@id":"https:\/\/www.alliesofhumanity.org\/da\/#website","url":"https:\/\/www.alliesofhumanity.org\/da\/","name":"The Allies of Humanity","description":"","potentialAction":[{"@type":"SearchAction","target":{"@type":"EntryPoint","urlTemplate":"https:\/\/www.alliesofhumanity.org\/da\/?s={search_term_string}"},"query-input":{"@type":"PropertyValueSpecification","valueRequired":true,"valueName":"search_term_string"}}],"inLanguage":"da-DK"}]}},"_links":{"self":[{"href":"https:\/\/www.alliesofhumanity.org\/da\/wp-json\/wp\/v2\/pages\/19332","targetHints":{"allow":["GET"]}}],"collection":[{"href":"https:\/\/www.alliesofhumanity.org\/da\/wp-json\/wp\/v2\/pages"}],"about":[{"href":"https:\/\/www.alliesofhumanity.org\/da\/wp-json\/wp\/v2\/types\/page"}],"author":[{"embeddable":true,"href":"https:\/\/www.alliesofhumanity.org\/da\/wp-json\/wp\/v2\/users\/25"}],"replies":[{"embeddable":true,"href":"https:\/\/www.alliesofhumanity.org\/da\/wp-json\/wp\/v2\/comments?post=19332"}],"version-history":[{"count":1,"href":"https:\/\/www.alliesofhumanity.org\/da\/wp-json\/wp\/v2\/pages\/19332\/revisions"}],"predecessor-version":[{"id":19334,"href":"https:\/\/www.alliesofhumanity.org\/da\/wp-json\/wp\/v2\/pages\/19332\/revisions\/19334"}],"wp:attachment":[{"href":"https:\/\/www.alliesofhumanity.org\/da\/wp-json\/wp\/v2\/media?parent=19332"}],"curies":[{"name":"wp","href":"https:\/\/api.w.org\/{rel}","templated":true}]}}